{"id":14,"date":"2019-09-02T12:08:56","date_gmt":"2019-09-02T12:08:56","guid":{"rendered":"http:\/\/blogs.uo.edu.cu\/apc\/?page_id=14"},"modified":"2019-09-02T15:32:05","modified_gmt":"2019-09-02T15:32:05","slug":"comite-cientifico","status":"publish","type":"page","link":"https:\/\/blogs.uo.edu.cu\/apc\/comite-cientifico\/","title":{"rendered":"Consejo Cient\u00edfico"},"content":{"rendered":"<table width=\"707\">\n<tbody>\n<tr>\n<td width=\"40\"><strong>No.<\/strong><\/td>\n<td width=\"298\"><strong>Nombre y Apellidos<\/strong><\/td>\n<td width=\"369\"><strong>Centro de Trabajo<\/strong><\/td>\n<\/tr>\n<tr>\n<td width=\"40\">1<\/td>\n<td width=\"298\">Dr. C. Idelba Perera Vel\u00e1zquez&nbsp;&nbsp;&nbsp;&nbsp;&nbsp;&nbsp;&nbsp;&nbsp;<\/td>\n<td width=\"369\">Directora Escuela Primaria \u201cMariana Grajales\u201d.<\/td>\n<\/tr>\n<tr>\n<td width=\"40\">2<\/td>\n<td width=\"298\">Dr. C. Mar\u00eda de la Caridad Aldana&nbsp;&nbsp;&nbsp;<\/td>\n<td width=\"369\">DPE Metod\u00f3loga Provincial de F\u00edsica<\/td>\n<\/tr>\n<tr>\n<td width=\"40\">3<\/td>\n<td width=\"298\">Dr. C. Maribel As\u00edn Cala&nbsp;&nbsp;&nbsp;&nbsp;&nbsp;&nbsp;&nbsp;&nbsp;&nbsp;&nbsp;&nbsp;&nbsp;&nbsp;&nbsp;&nbsp;&nbsp;&nbsp;&nbsp;&nbsp;&nbsp; &nbsp;<\/td>\n<td width=\"369\">Universidad de Oriente<\/td>\n<\/tr>\n<tr>\n<td width=\"40\">4<\/td>\n<td width=\"298\">Dr. C. Rebeca Rober Hechavarr\u00eda&nbsp;&nbsp;&nbsp;&nbsp;&nbsp;<\/td>\n<td width=\"369\">Universidad de Oriente<\/td>\n<\/tr>\n<tr>\n<td width=\"40\">5<\/td>\n<td width=\"298\">MsC. Juan Jos\u00e9 Mora Joa&nbsp;&nbsp;&nbsp;&nbsp;&nbsp;&nbsp;&nbsp;&nbsp;&nbsp;&nbsp;&nbsp;&nbsp;&nbsp;&nbsp;&nbsp;&nbsp;&nbsp;&nbsp;&nbsp;&nbsp;<\/td>\n<td width=\"369\">Municipio Tercer Frente<\/td>\n<\/tr>\n<tr>\n<td width=\"40\">6<\/td>\n<td width=\"298\">Dr. C. Mar\u00eda Elena \u00c1lvarez L\u00f3pez&nbsp;&nbsp;&nbsp;&nbsp;&nbsp;&nbsp;&nbsp;<\/td>\n<td width=\"369\">Facultad de Estomatolog\u00eda<\/td>\n<\/tr>\n<tr>\n<td width=\"40\">7<\/td>\n<td width=\"298\">Dr. C. Clemente Couso Ceoani&nbsp;&nbsp;&nbsp;&nbsp;&nbsp;&nbsp;&nbsp;&nbsp;&nbsp;&nbsp;&nbsp;&nbsp;<\/td>\n<td width=\"369\">Universidad de Ciencias M\u00e9dicas<\/td>\n<\/tr>\n<tr>\n<td width=\"40\">8<\/td>\n<td width=\"298\">MsC. Blanca H. Rodr\u00edguez Pascual&nbsp;&nbsp;&nbsp;&nbsp;&nbsp;&nbsp;<\/td>\n<td width=\"369\">DPE<\/td>\n<\/tr>\n<tr>\n<td width=\"40\">9<\/td>\n<td width=\"298\">Dr. C. Jos\u00e9 Joaquin P\u00e9rez Reralta&nbsp;&nbsp;&nbsp;&nbsp;&nbsp;&nbsp;&nbsp;&nbsp;<\/td>\n<td width=\"369\">Universidad de Oriente<\/td>\n<\/tr>\n<tr>\n<td width=\"40\">10<\/td>\n<td width=\"298\">Dr. C. Gustavo Cervante Montero&nbsp;&nbsp;&nbsp;&nbsp;&nbsp;&nbsp;&nbsp;<\/td>\n<td width=\"369\">Universidad de Oriente<\/td>\n<\/tr>\n<tr>\n<td width=\"40\">11<\/td>\n<td width=\"298\">MsC. Carmen Juana Burgal Cintra&nbsp;&nbsp;&nbsp;&nbsp;&nbsp;&nbsp;&nbsp;&nbsp;<\/td>\n<td width=\"369\">Facultad de Enfermer\u00eda-Tecnolog\u00eda de la Salud<\/td>\n<\/tr>\n<tr>\n<td width=\"40\">12<\/td>\n<td width=\"298\">Dr. C. En\u00e9rida Cabot Serpa&nbsp;&nbsp;&nbsp; &nbsp;&nbsp;&nbsp;&nbsp;&nbsp;&nbsp;&nbsp;&nbsp;&nbsp;&nbsp;&nbsp;&nbsp;&nbsp;<\/td>\n<td width=\"369\">MINFAR<\/td>\n<\/tr>\n<tr>\n<td width=\"40\">13<\/td>\n<td width=\"298\">MsC. Irina Lozada Sotelo&nbsp;&nbsp;&nbsp;&nbsp;&nbsp;&nbsp;&nbsp;&nbsp;&nbsp;&nbsp;&nbsp;&nbsp;&nbsp;&nbsp;&nbsp;&nbsp;&nbsp;&nbsp;&nbsp;&nbsp;&nbsp;&nbsp;&nbsp;&nbsp;&nbsp;<\/td>\n<td width=\"369\">Maestra del 26 de julio<\/td>\n<\/tr>\n<tr>\n<td width=\"40\">14<\/td>\n<td width=\"298\">Dr. C. Rosa Mar\u00eda Heredia Heredia&nbsp;&nbsp;&nbsp;&nbsp;&nbsp;&nbsp;&nbsp;&nbsp;&nbsp;<\/td>\n<td width=\"369\">Universidad de Oriente<\/td>\n<\/tr>\n<tr>\n<td width=\"40\">15<\/td>\n<td width=\"298\">MsC. Nidia Garc\u00eda Sarmiento&nbsp;&nbsp;&nbsp;&nbsp;&nbsp;&nbsp;&nbsp;&nbsp;&nbsp;&nbsp;&nbsp;&nbsp;&nbsp;&nbsp;&nbsp;&nbsp;&nbsp;&nbsp;&nbsp;<\/td>\n<td width=\"369\">Universidad de Oriente<\/td>\n<\/tr>\n<tr>\n<td width=\"40\">16<\/td>\n<td width=\"298\">Dr. C. Magalis Aldana&nbsp; S\u00e1nchez&nbsp;&nbsp;&nbsp;&nbsp;&nbsp;&nbsp;&nbsp;&nbsp;&nbsp;&nbsp;&nbsp;&nbsp;&nbsp;&nbsp;&nbsp;&nbsp;&nbsp;&nbsp;&nbsp;&nbsp;&nbsp;&nbsp;&nbsp;&nbsp;&nbsp;&nbsp;&nbsp;&nbsp;&nbsp;&nbsp;<\/td>\n<td width=\"369\">Universidad de Oriente<\/td>\n<\/tr>\n<tr>\n<td width=\"40\">17<\/td>\n<td width=\"298\">MsC. Ileana Douriet Duany&nbsp;&nbsp;&nbsp;&nbsp;&nbsp;&nbsp;&nbsp;&nbsp;&nbsp;&nbsp;&nbsp;&nbsp;&nbsp;&nbsp;&nbsp;&nbsp;&nbsp;&nbsp;&nbsp;&nbsp;&nbsp;&nbsp;<\/td>\n<td width=\"369\">MINTUR<\/td>\n<\/tr>\n<tr>\n<td width=\"40\">18<\/td>\n<td width=\"298\">Dr. C. Isabel Alberterys G\u00f3mez&nbsp;&nbsp;&nbsp;&nbsp;&nbsp;&nbsp;&nbsp;&nbsp;&nbsp;&nbsp;&nbsp;&nbsp;&nbsp;&nbsp;&nbsp;&nbsp;<\/td>\n<td width=\"369\">MINTUR<\/td>\n<\/tr>\n<tr>\n<td width=\"40\">19<\/td>\n<td width=\"298\">MsC. Vilma In\u00e9s Peregr\u00edn Rodr\u00edguez&nbsp;&nbsp;&nbsp;&nbsp;&nbsp;&nbsp;&nbsp;<\/td>\n<td width=\"369\">Cultura<\/td>\n<\/tr>\n<tr>\n<td width=\"40\">20<\/td>\n<td width=\"298\">Dr. C. Victor T\u00e9llez Rivera&nbsp;&nbsp;&nbsp;&nbsp;&nbsp;&nbsp;&nbsp;&nbsp;&nbsp;&nbsp;&nbsp;&nbsp;&nbsp;&nbsp;&nbsp;&nbsp;&nbsp;&nbsp;&nbsp;&nbsp;&nbsp;&nbsp;&nbsp;&nbsp;&nbsp;&nbsp;<\/td>\n<td width=\"369\">Universidad de Oriente<\/td>\n<\/tr>\n<tr>\n<td width=\"40\">21<\/td>\n<td width=\"298\">MsC. Manuel de Jes\u00fas Leyva Soto&nbsp;&nbsp;&nbsp;&nbsp;&nbsp;&nbsp;&nbsp;&nbsp;&nbsp;&nbsp;&nbsp;&nbsp;&nbsp;&nbsp;&nbsp;&nbsp;&nbsp;&nbsp;&nbsp;&nbsp;&nbsp;&nbsp;&nbsp;&nbsp;&nbsp;&nbsp;&nbsp;&nbsp;&nbsp;&nbsp;&nbsp;&nbsp;&nbsp;&nbsp;&nbsp;<\/td>\n<td width=\"369\">INDER<\/td>\n<\/tr>\n<\/tbody>\n<\/table>\n<p>&nbsp;<\/p>\n","protected":false},"excerpt":{"rendered":"<p>No. Nombre y Apellidos Centro de Trabajo 1 Dr. C. Idelba Perera Vel\u00e1zquez&nbsp;&nbsp;&nbsp;&nbsp;&nbsp;&nbsp;&nbsp;&nbsp; Directora Escuela Primaria \u201cMariana Grajales\u201d. 2 Dr. C. Mar\u00eda de la Caridad Aldana&nbsp;&nbsp;&nbsp; DPE Metod\u00f3loga Provincial de F\u00edsica 3 Dr. C. Maribel As\u00edn Cala&nbsp;&nbsp;&nbsp;&nbsp;&nbsp;&nbsp;&nbsp;&nbsp;&nbsp;&nbsp;&nbsp;&nbsp;&nbsp;&nbsp;&nbsp;&nbsp;&nbsp;&nbsp;&nbsp;&nbsp; &nbsp; Universidad de &hellip; <a href=\"https:\/\/blogs.uo.edu.cu\/apc\/comite-cientifico\/\">Sigue leyendo <span class=\"meta-nav\">&rarr;<\/span><\/a><\/p>\n","protected":false},"author":1,"featured_media":0,"parent":0,"menu_order":0,"comment_status":"closed","ping_status":"closed","template":"","meta":{"ngg_post_thumbnail":0,"footnotes":""},"class_list":["post-14","page","type-page","status-publish","hentry"],"_links":{"self":[{"href":"https:\/\/blogs.uo.edu.cu\/apc\/wp-json\/wp\/v2\/pages\/14","targetHints":{"allow":["GET"]}}],"collection":[{"href":"https:\/\/blogs.uo.edu.cu\/apc\/wp-json\/wp\/v2\/pages"}],"about":[{"href":"https:\/\/blogs.uo.edu.cu\/apc\/wp-json\/wp\/v2\/types\/page"}],"author":[{"embeddable":true,"href":"https:\/\/blogs.uo.edu.cu\/apc\/wp-json\/wp\/v2\/users\/1"}],"replies":[{"embeddable":true,"href":"https:\/\/blogs.uo.edu.cu\/apc\/wp-json\/wp\/v2\/comments?post=14"}],"version-history":[{"count":3,"href":"https:\/\/blogs.uo.edu.cu\/apc\/wp-json\/wp\/v2\/pages\/14\/revisions"}],"predecessor-version":[{"id":34,"href":"https:\/\/blogs.uo.edu.cu\/apc\/wp-json\/wp\/v2\/pages\/14\/revisions\/34"}],"wp:attachment":[{"href":"https:\/\/blogs.uo.edu.cu\/apc\/wp-json\/wp\/v2\/media?parent=14"}],"curies":[{"name":"wp","href":"https:\/\/api.w.org\/{rel}","templated":true}]}}