{"id":18,"date":"2019-09-02T12:09:32","date_gmt":"2019-09-02T12:09:32","guid":{"rendered":"http:\/\/blogs.uo.edu.cu\/apc\/?page_id=18"},"modified":"2019-11-05T16:02:22","modified_gmt":"2019-11-05T16:02:22","slug":"proyectos-apc","status":"publish","type":"page","link":"https:\/\/blogs.uo.edu.cu\/apc\/proyectos-apc\/","title":{"rendered":"Acerca de la APC"},"content":{"rendered":"<p style=\"text-align: justify;\"><strong>Estructura organizacional<\/strong><\/p>\n<p style=\"text-align: justify;\">Los \u00f3rganos de gobierno de la Asociaci\u00f3n son los siguientes: Asamblea General de Miembros, Junta Directiva Nacional, Comit\u00e9 Ejecutivo, Junta directiva de la Filial y Grupo APC.<\/p>\n<p style=\"text-align: justify;\">La Asamblea General de Miembros se integra por la Junta Directiva Nacional, los presidentes de las filiales, los jefes de secciones y otros invitados que se designen.<\/p>\n<p style=\"text-align: justify;\">La Junta Directiva Nacional es la m\u00e1xima representai\u00f3n de la Asociaci\u00f3n entre una y otra Asamblea General y sus acuerdos ser\u00e1n de obligado cumplimiento entre las sesiones de la Asamblea general de Miembros.<\/p>\n<p style=\"text-align: justify;\">La Junta Directiva Nacional est\u00e1 constituida por el Presidente, responsabilidad que ocupa en \u00e9stos momentos la Dra. en Ciencias Filos\u00f3ficas y Profesor Titular Lesbia C\u00e1novas , un vicepresidente primero y un vicepresidente cient\u00edfico, un secretario, un tesorero y seis miembros sin cargo que que cumplen diferentes tareas.<\/p>\n<p style=\"text-align: justify;\"><strong>El Comit\u00e9 Ejecutivo es el \u00f3rgano directivo que funciona entre junta y junta.<\/strong><\/p>\n<p style=\"text-align: justify;\">La APC se constituye por t\u00e9rmino ilimitado y su sede nacional radica en la Ciudad de la Habana, aunque posee filiales en cada una de las provincias del pa\u00eds y en el municipio especial de Isla de la Juventud. \u00c9stas a su vez se subdividen en grupos APC, que abarcan todos los municipios y centros asociados.<\/p>\n<p style=\"text-align: justify;\"><strong>Objetivos<\/strong><\/p>\n<p style=\"text-align: justify;\">La asociaci\u00f3n tiene como fin fundamental agrupar a todos los profesionales dedicados a la docencia, la investigaci\u00f3n o el trabajo pr\u00e1ctico en las ciencias pedag\u00f3gicas. As\u00ed tambi\u00e9n a todas aquellas personalidades que se destaquen por sus m\u00e9ritos y dedicaci\u00f3n en la pedagog\u00eda, consolidando su uni\u00f3n bajo los principios de la \u00e9tica pedag\u00f3gica y la fidelidad al ideario de la Revoluci\u00f3n y de las tradiciones del magisterio cubano. Para ello traza los siguientes objetivos:<\/p>\n<p style=\"text-align: justify;\">a)Coadyuvar al desarrollo de la ciencias pedag\u00f3gicas en nuestro pa\u00eds, cooperando en la definici\u00f3n y soluci\u00f3n de sus problemas principales.<\/p>\n<p style=\"text-align: justify;\">b)Promover el desarrollo de las investigaciones cient\u00edficas en el \u00e1rea de las ciencias pedag\u00f3gicas, y apoyar la pol\u00edtica cient\u00edfico-investigativa orientada por el Partido Comunista de Cuba (PCC) y ejecutada por el estado cubano, a trav\u00e9s de los organismos especializados.<\/p>\n<p style=\"text-align: justify;\">c)Promover el intercambio de conocimientos y la divulgaci\u00f3n de las investigaciones cient\u00edficas entre los estudiosos de las ciencias pedag\u00f3gicas, mediante la publicaci\u00f3n de trabajos cient\u00edficos, la organizaci\u00f3n de jornadas y conferencias pedag\u00f3gicas, concursos y otros eventos.<\/p>\n<p style=\"text-align: justify;\">d)Contribuir a la divulgaci\u00f3n de las ideas y experiencias educativas de avanzada, y al desarrollo de la creatividad y maestr\u00eda pedag\u00f3gica de los docentes.<\/p>\n<p style=\"text-align: justify;\">e)Propiciar el intercambio y la colaboraci\u00f3n con otras asociaciones an\u00e1logas tanto nacionales como internacionales de Am\u00e9rica Latina y de otras partes del mundo.<\/p>\n<p style=\"text-align: justify;\">f)Desarrollar v\u00ednculos cient\u00edficos que favorezcan el intercambio de informaci\u00f3n en las ciencias pedag\u00f3gicas.<\/p>\n<p style=\"text-align: justify;\"><strong>Funciones y tareas<\/strong><\/p>\n<p style=\"text-align: justify;\">Para cumplir su cometido, la APC se traza las siguientes funciones y tareas:<\/p>\n<p style=\"text-align: justify;\">a)Promover entre sus miembros el estudio e investigaci\u00f3n de los problemas principales presentes en la esfera de la educaci\u00f3n, as\u00ed como el intercambio y la divulgaci\u00f3n de trabajos cient\u00edficos.<\/p>\n<p style=\"text-align: justify;\">b)Crear secciones cient\u00edficas, consejos o grupos de trabajo, permanentes o temporales, para el estudio de cuestiones correspondientes al campo de su actividad.<\/p>\n<p style=\"text-align: justify;\">c)Contribuir a enriquecer el quehacer pedag\u00f3gico de los maestros y profesores, y al desarrollo en ellos del esp\u00edritu de investigaci\u00f3n.<\/p>\n<p style=\"text-align: justify;\">d)Promover y patrocinar la celebraci\u00f3n de eventos y reuniones cient\u00edficas de car\u00e1cter nacional e internacional que contribuyan a divulgar las actividad cient\u00edfico-investigativa en las ciencias pedag\u00f3gicas.<\/p>\n<p style=\"text-align: justify;\">e)Celebrar regularmente los congresos, simposios y otras reuniones.<\/p>\n<p style=\"text-align: justify;\">f)Promover el intercambio internacional de conocimientos, mediante la colaboraci\u00f3n con otras asociaciones y el intercambio de especialistas.<\/p>\n<p style=\"text-align: justify;\">g)Propiciar y estimular el estudio, la investigaci\u00f3n y la aplicaci\u00f3n del pensamiento y el quehacer de pedag\u00f3gos cubanos, incluyendo los contempor\u00e1neos.<\/p>\n<p style=\"text-align: justify;\">h)Estimular profesionalmente a los educadores en activo y jubilados, tomando como base sus aportes docentes y educativos.<\/p>\n<p style=\"text-align: justify;\"><strong>Asociados<\/strong><\/p>\n<p style=\"text-align: justify;\">Los asociados comprenden dos categor\u00edas: miembros asociados y miembros de honor. Para el ingreso como miembro asociado se requiere:<\/p>\n<p style=\"text-align: justify;\">a)Poseer una calificaci\u00f3n id\u00f3nea para trabajar como educador o investigador de las ciencias pedag\u00f3gicas y otras afines.<\/p>\n<p style=\"text-align: justify;\">b)Poseer un aval de su colectivo laboral sobre la calidad de su trabajo, su creatividad y los principios \u00e9ticos que cumple en su labor.<\/p>\n<p style=\"text-align: justify;\">c)Demostrar inter\u00e9s por seguir aportando sus experiencias, en caso de ser jubilado.<\/p>\n<p style=\"text-align: justify;\">d)Poseer condiciones destacadas en la labor cient\u00edfica y querer participar en las actividades de la asociaci\u00f3n, en caso de los alumnos de los \u00faltimos a\u00f1os de las carreras pedag\u00f3gicas.<\/p>\n<p style=\"text-align: justify;\">Para solicitar el ingreso se debe llenar una planilla de inscripci\u00f3n, acompa\u00f1ada del curr\u00edculum y el aval del interesado. Se abona tambi\u00e9n una cuota de ingreso por una sola vez y una m\u00f3dica cuota mensual.<\/p>\n<p style=\"text-align: justify;\"><strong>Actividades<\/strong><\/p>\n<p style=\"text-align: justify;\">La APC no s\u00f3lo propicia la realizaci\u00f3n o participaci\u00f3n en investigaciones de car\u00e1cter pedag\u00f3gico a sus asociados, sino que desarrolla una amplia gama de actividades de superaci\u00f3n.<\/p>\n<p style=\"text-align: justify;\">Estas actividades incluyen desde las acciones que se desarrollan a nivel de la base, hasta eventos, cursos y simposios; que tienen lugar a nivel municipal, provincial o nacional\u00b8 En muchas de ellas participan pedag\u00f3gos de Am\u00e9rica Latina y del resto del mundo.<\/p>\n<p style=\"text-align: justify;\">La impartici\u00f3n de postgrados, cursos, seminarios y otras formas de superaci\u00f3n a sus asociados, es un objetivo importante de la APC.<\/p>\n<p style=\"text-align: justify;\">La direcci\u00f3n nacional de la asociaci\u00f3n mantiene adem\u00e1s un sitio WEB, con art\u00edculos de car\u00e1cter pedag\u00f3gico.<br \/>\nLas filiales provinciales desarrollan revistas digitales, que muestran en sus art\u00edculos el pensamiento pedag\u00f3gico cubano que tuvieron ilustres antecedentes en las ideas de F\u00e9lix Varela, Jos\u00e9 de la Luz y Caballero, Enrique Jos\u00e9 Varona y otros destacados maestros. Tambi\u00e9n se producen folletos y boletines, que mantienen actualizados a los asociados en los \u00faltimos adelantos de las ciencias pedag\u00f3gicas.<\/p>\n<p style=\"text-align: justify;\">Otra importante direcci\u00f3n de trabajo de la APC es la estimulaci\u00f3n de los docentes de todos los organismos, tipos y niveles de ense\u00f1anza. La obra de cientos de educadores e investigadores es recogida por la asociaci\u00f3n, divulgada a trav\u00e9s de sus propios medios y de los medios masivos de comunicaci\u00f3n y estimulada a trav\u00e9s de numerosos premios desde el nivel nacional al provincial y municipal, llegando incluso hasta la m\u00e1s modesta escuela o centro docente.<\/p>\n<p style=\"text-align: justify;\"><strong>Educadores destacados del siglo XX en Cuba<\/strong><\/p>\n<p style=\"text-align: justify;\">La asociaci\u00f3n desarrolla la investigaci\u00f3n \u201cEducadores destacados del Siglo XX en Cuba\u201d. Este estudio busca reconocer la obra pedag\u00f3gica de centenares de docentes de todo el pa\u00eds, que integran el diccionario nacional, provincial y municipal. Se pretende as\u00ed, que no quede ninguno de los mejores maestros, profesores e investigadores, sin que se conozca su obra en Cuba. Esta investigaci\u00f3n puede servir de inspiraci\u00f3n y ejemplo a muchos educadores del mundo.<\/p>\n<p style=\"text-align: justify;\">Todos los a\u00f1os, la APC Nacional convoca a sus filiales provinciales y grupos de base a incluir nuevos educadores en este selecto grupo, los cuales son propuestos y aprobados despu\u00e9s de una rigurosa investigaci\u00f3n sobre todos los aspectos de su obra pedag\u00f3gica.<\/p>\n<p style=\"text-align: justify;\">En esta galer\u00eda aparecen no s\u00f3lo maestros y profesores del Ministerio de Educaci\u00f3n, sino tambi\u00e9n docentes del Ministerio de Educaci\u00f3n Superior, del INDER, del Ministerio de Salud P\u00fablica, del Ministerio de Cultura y otros organismos vinculados a la ense\u00f1anza.<\/p>\n<p style=\"text-align: justify;\">En la Multimedia Inolvidables maestros del Siglo XX en Cuba, editada en el 2005 se refleja, entre otros, el desarrollo alcanzado por Antonio Blanco P\u00e9rez, quientiene varias obras impoirtantes para la Pedagog\u00eda cubana, entre ellas: Introducci\u00f3n a la Sociolog\u00eda de la Educaci\u00f3n, Filosof\u00eda de la Educaci\u00f3n, Selecci\u00f3n de Lecturas, libros de texto en uso para los Programas de Maestr\u00eda y Doctorado en Ciencias Pedag\u00f3gicas y de la Educaci\u00f3n del MINED, as\u00ed como coautor de cuatro textos sobre Ciencias Pedag\u00f3gicas y de la Educaci\u00f3n, una veintena de publicaciones en Cuba, Brasil y Bolivia sobre Sociolog\u00eda de la Educaci\u00f3n, Filosof\u00eda de la Educaci\u00f3n y Metodolog\u00eda de la Investigaci\u00f3n.<\/p>\n","protected":false},"excerpt":{"rendered":"<p>Estructura organizacional Los \u00f3rganos de gobierno de la Asociaci\u00f3n son los siguientes: Asamblea General de Miembros, Junta Directiva Nacional, Comit\u00e9 Ejecutivo, Junta directiva de la Filial y Grupo APC. La Asamblea General de Miembros se integra por la Junta Directiva &hellip; <a href=\"https:\/\/blogs.uo.edu.cu\/apc\/proyectos-apc\/\">Sigue leyendo <span class=\"meta-nav\">&rarr;<\/span><\/a><\/p>\n","protected":false},"author":1,"featured_media":0,"parent":0,"menu_order":0,"comment_status":"closed","ping_status":"closed","template":"","meta":{"ngg_post_thumbnail":0,"footnotes":""},"class_list":["post-18","page","type-page","status-publish","hentry"],"_links":{"self":[{"href":"https:\/\/blogs.uo.edu.cu\/apc\/wp-json\/wp\/v2\/pages\/18","targetHints":{"allow":["GET"]}}],"collection":[{"href":"https:\/\/blogs.uo.edu.cu\/apc\/wp-json\/wp\/v2\/pages"}],"about":[{"href":"https:\/\/blogs.uo.edu.cu\/apc\/wp-json\/wp\/v2\/types\/page"}],"author":[{"embeddable":true,"href":"https:\/\/blogs.uo.edu.cu\/apc\/wp-json\/wp\/v2\/users\/1"}],"replies":[{"embeddable":true,"href":"https:\/\/blogs.uo.edu.cu\/apc\/wp-json\/wp\/v2\/comments?post=18"}],"version-history":[{"count":4,"href":"https:\/\/blogs.uo.edu.cu\/apc\/wp-json\/wp\/v2\/pages\/18\/revisions"}],"predecessor-version":[{"id":97,"href":"https:\/\/blogs.uo.edu.cu\/apc\/wp-json\/wp\/v2\/pages\/18\/revisions\/97"}],"wp:attachment":[{"href":"https:\/\/blogs.uo.edu.cu\/apc\/wp-json\/wp\/v2\/media?parent=18"}],"curies":[{"name":"wp","href":"https:\/\/api.w.org\/{rel}","templated":true}]}}