{"id":20,"date":"2019-09-02T12:09:51","date_gmt":"2019-09-02T12:09:51","guid":{"rendered":"http:\/\/blogs.uo.edu.cu\/apc\/?page_id=20"},"modified":"2019-09-02T15:37:28","modified_gmt":"2019-09-02T15:37:28","slug":"convocatorias","status":"publish","type":"page","link":"https:\/\/blogs.uo.edu.cu\/apc\/convocatorias\/","title":{"rendered":"Convocatorias"},"content":{"rendered":"<p><strong>B\u00fasquedas investigativas. Encuentro entre educadores de Cuba y Estados Unidos 2019. <a href=\"http:\/\/blogs.uo.edu.cu\/apc\/wp-content\/uploads\/sites\/41\/2019\/09\/Convocatoria-B\u00fasquedas-investigativas-entre-.educadores-cubanos-y-norteamericanos-.pdf\" target=\"_blank\" rel=\"noopener\"><em>(descargar convocatoria)<\/em><\/a><br \/>\n<\/strong><\/p>\n<p><strong>Evento Internacional, Educaci\u00f3n y sociedad. <a href=\"http:\/\/blogs.uo.edu.cu\/apc\/wp-content\/uploads\/sites\/41\/2019\/09\/Convocatoria-Educaci\u00f3n-y-Sociedad-.pdf\" target=\"_blank\" rel=\"noopener\"><em>(descargar convocatoria)<\/em><\/a><br \/>\n<\/strong><\/p>\n<p><strong>Intercambio cient\u00edfico entre educadores de Latinoam\u00e9rica<\/strong>. <a href=\"http:\/\/blogs.uo.edu.cu\/apc\/wp-content\/uploads\/sites\/41\/2019\/09\/convocatoria-Intercambio-cient\u00edfico-entre-educadores-de-Latinoamerica-.pdf\" target=\"_blank\" rel=\"noopener\"><strong><em>(descargar convocatoria)<\/em><\/strong><\/a><\/p>\n<p><strong>Evento Provincial &nbsp;\u201cJuan Bautista Sagarra Blez\u201d. <a href=\"http:\/\/blogs.uo.edu.cu\/apc\/wp-content\/uploads\/sites\/41\/2019\/09\/Evento-Provincial-\u201cJuan-Bautista-Sagarra-Blez\u201d-.pdf\" target=\"_blank\" rel=\"noopener\"><em>(descargar convocatoria)<\/em><\/a><br \/>\n<\/strong><\/p>\n","protected":false},"excerpt":{"rendered":"<p>B\u00fasquedas investigativas. Encuentro entre educadores de Cuba y Estados Unidos 2019. (descargar convocatoria) Evento Internacional, Educaci\u00f3n y sociedad. (descargar convocatoria) Intercambio cient\u00edfico entre educadores de Latinoam\u00e9rica. (descargar convocatoria) Evento Provincial &nbsp;\u201cJuan Bautista Sagarra Blez\u201d. (descargar convocatoria)<\/p>\n","protected":false},"author":1,"featured_media":0,"parent":0,"menu_order":0,"comment_status":"closed","ping_status":"closed","template":"","meta":{"ngg_post_thumbnail":0,"footnotes":""},"class_list":["post-20","page","type-page","status-publish","hentry"],"_links":{"self":[{"href":"https:\/\/blogs.uo.edu.cu\/apc\/wp-json\/wp\/v2\/pages\/20","targetHints":{"allow":["GET"]}}],"collection":[{"href":"https:\/\/blogs.uo.edu.cu\/apc\/wp-json\/wp\/v2\/pages"}],"about":[{"href":"https:\/\/blogs.uo.edu.cu\/apc\/wp-json\/wp\/v2\/types\/page"}],"author":[{"embeddable":true,"href":"https:\/\/blogs.uo.edu.cu\/apc\/wp-json\/wp\/v2\/users\/1"}],"replies":[{"embeddable":true,"href":"https:\/\/blogs.uo.edu.cu\/apc\/wp-json\/wp\/v2\/comments?post=20"}],"version-history":[{"count":3,"href":"https:\/\/blogs.uo.edu.cu\/apc\/wp-json\/wp\/v2\/pages\/20\/revisions"}],"predecessor-version":[{"id":40,"href":"https:\/\/blogs.uo.edu.cu\/apc\/wp-json\/wp\/v2\/pages\/20\/revisions\/40"}],"wp:attachment":[{"href":"https:\/\/blogs.uo.edu.cu\/apc\/wp-json\/wp\/v2\/media?parent=20"}],"curies":[{"name":"wp","href":"https:\/\/api.w.org\/{rel}","templated":true}]}}