{"id":43,"date":"2018-05-24T18:51:29","date_gmt":"2018-05-24T18:51:29","guid":{"rendered":"http:\/\/localhost\/cvcenit\/?page_id=40"},"modified":"2018-06-28T14:45:56","modified_gmt":"2018-06-28T14:45:56","slug":"contacto","status":"publish","type":"page","link":"https:\/\/blogs.uo.edu.cu\/cvcenit\/?page_id=43","title":{"rendered":"Contacto"},"content":{"rendered":"<p style=\"text-align: left\">\n<p>La Comunidad Virtual del observatorio cultural C\u00e9nit est\u00e1 integrada por un equipo de investigadores-promotores del trabajo sociocultural universitario coordinado por el Dr.C Alberto P\u00e9rez Mart\u00ednez y constituye un ente subordinado a la Direcci\u00f3n de Extensi\u00f3n Universitaria de la Universidad de Oriente que radica en las oficinas de esta instancia en la Sede Antonio Maceo.<br \/>\nPuede utilizar el siguiente formulario para enviarnos sus opiniones, sugerencias y solicitud de suscripci\u00f3n a la CV C\u00e9nit. Gracias.<\/p>\n<p>[contact-form-7 id=\u00bb752&#8243; title=\u00bbFormulario de contacto\u00bb]<\/p>\n","protected":false},"excerpt":{"rendered":"<p>La Comunidad Virtual del observatorio cultural C\u00e9nit est\u00e1 integrada por un equipo de investigadores-promotores del trabajo sociocultural universitario coordinado por el Dr.C Alberto P\u00e9rez Mart\u00ednez y constituye un ente subordinado a la Direcci\u00f3n de Extensi\u00f3n Universitaria de la Universidad de&hellip;<\/p>\n<p class=\"more-link-p\"><a class=\"more-link\" href=\"https:\/\/blogs.uo.edu.cu\/cvcenit\/?page_id=43\">Read more &rarr;<\/a><\/p>\n","protected":false},"author":1,"featured_media":0,"parent":0,"menu_order":0,"comment_status":"closed","ping_status":"closed","template":"","meta":{"footnotes":""},"class_list":["post-43","page","type-page","status-publish","hentry"],"_links":{"self":[{"href":"https:\/\/blogs.uo.edu.cu\/cvcenit\/index.php?rest_route=\/wp\/v2\/pages\/43","targetHints":{"allow":["GET"]}}],"collection":[{"href":"https:\/\/blogs.uo.edu.cu\/cvcenit\/index.php?rest_route=\/wp\/v2\/pages"}],"about":[{"href":"https:\/\/blogs.uo.edu.cu\/cvcenit\/index.php?rest_route=\/wp\/v2\/types\/page"}],"author":[{"embeddable":true,"href":"https:\/\/blogs.uo.edu.cu\/cvcenit\/index.php?rest_route=\/wp\/v2\/users\/1"}],"replies":[{"embeddable":true,"href":"https:\/\/blogs.uo.edu.cu\/cvcenit\/index.php?rest_route=%2Fwp%2Fv2%2Fcomments&post=43"}],"version-history":[{"count":5,"href":"https:\/\/blogs.uo.edu.cu\/cvcenit\/index.php?rest_route=\/wp\/v2\/pages\/43\/revisions"}],"predecessor-version":[{"id":763,"href":"https:\/\/blogs.uo.edu.cu\/cvcenit\/index.php?rest_route=\/wp\/v2\/pages\/43\/revisions\/763"}],"wp:attachment":[{"href":"https:\/\/blogs.uo.edu.cu\/cvcenit\/index.php?rest_route=%2Fwp%2Fv2%2Fmedia&parent=43"}],"curies":[{"name":"wp","href":"https:\/\/api.w.org\/{rel}","templated":true}]}}