{"id":570,"date":"2018-06-08T00:27:14","date_gmt":"2018-06-08T00:27:14","guid":{"rendered":"http:\/\/localhost\/cvcenit\/?page_id=570"},"modified":"2018-06-25T19:48:36","modified_gmt":"2018-06-25T19:48:36","slug":"compartir","status":"publish","type":"page","link":"https:\/\/blogs.uo.edu.cu\/cvcenit\/?page_id=570","title":{"rendered":"Compartir"},"content":{"rendered":"<p style=\"text-align: justify\">El miembro de la red de colaboradores (experto o especialista) podr\u00e1 socializar sus resultados e indagaciones sean originales o publicados con anterioridad. Los trabajos deber\u00e1n ajustarse a las normas definidas por el sitio (ver debajo) y ser enviados a: albertoperez@uo.edu.cu. En caso de haberse publicado anteriormente el autor deber\u00e1 referenciar la(s) fuente(s) de la forma m\u00e1s completa posible.<br \/>\nYa recepcionado el trabajo la administraci\u00f3n del sitio notificar\u00e1 su recepci\u00f3n al autor e inmediatamente se seleccionar\u00e1n los \u00e1rbitros (2) que resulten m\u00e1s afines a la tem\u00e1tica.<br \/>\nEl grupo de \u00e1rbitros del OC C\u00e9nit est\u00e1 constituido por especialistas, en su mayor\u00eda miembros de consejos cient\u00edficos de facultades o \u00e1reas. Los \u00e1rbitros estructurados casu\u00edsticamente por pares tienen como funci\u00f3n evaluar la pertinencia y factibilidad de la propuesta. Estos deber\u00e1n emitir su aval, sea positivo o negativo.<br \/>\nDe ser positivo el aval, pudiera incluir recomendaciones puntuales a tener en cuenta antes de publicar el documento, las cuales deber\u00e1n ser atendidas por el autor al cual se le reenviar\u00e1 copia del dictamen.<br \/>\nEn caso de no existir consenso entre los \u00e1rbitros ser\u00e1 necesario someter el trabajo a la consideraci\u00f3n de un tercer especialista.<br \/>\nUna vez resueltas estas mediaciones se proceder\u00e1 a la publicaci\u00f3n de la propuesta que haya sido avalada positivamente.<\/p>\n<p style=\"text-align: justify\"><a href=\"http:\/\/blogs.uo.edu.cu\/cvcenit\/wp-content\/uploads\/sites\/9\/2018\/06\/Normas-de-presentaci\u00f3n-de-originales.pdf\" target=\"_blank\" rel=\"noopener\">Normas de presentaci\u00f3n de originales<\/a><\/p>\n","protected":false},"excerpt":{"rendered":"<p>El miembro de la red de colaboradores (experto o especialista) podr\u00e1 socializar sus resultados e indagaciones sean originales o publicados con anterioridad. Los trabajos deber\u00e1n ajustarse a las normas definidas por el sitio (ver debajo) y ser enviados a: albertoperez@uo.edu.cu.&hellip;<\/p>\n<p class=\"more-link-p\"><a class=\"more-link\" href=\"https:\/\/blogs.uo.edu.cu\/cvcenit\/?page_id=570\">Read more &rarr;<\/a><\/p>\n","protected":false},"author":1,"featured_media":0,"parent":0,"menu_order":0,"comment_status":"open","ping_status":"open","template":"","meta":{"footnotes":""},"class_list":["post-570","page","type-page","status-publish","hentry"],"_links":{"self":[{"href":"https:\/\/blogs.uo.edu.cu\/cvcenit\/index.php?rest_route=\/wp\/v2\/pages\/570","targetHints":{"allow":["GET"]}}],"collection":[{"href":"https:\/\/blogs.uo.edu.cu\/cvcenit\/index.php?rest_route=\/wp\/v2\/pages"}],"about":[{"href":"https:\/\/blogs.uo.edu.cu\/cvcenit\/index.php?rest_route=\/wp\/v2\/types\/page"}],"author":[{"embeddable":true,"href":"https:\/\/blogs.uo.edu.cu\/cvcenit\/index.php?rest_route=\/wp\/v2\/users\/1"}],"replies":[{"embeddable":true,"href":"https:\/\/blogs.uo.edu.cu\/cvcenit\/index.php?rest_route=%2Fwp%2Fv2%2Fcomments&post=570"}],"version-history":[{"count":1,"href":"https:\/\/blogs.uo.edu.cu\/cvcenit\/index.php?rest_route=\/wp\/v2\/pages\/570\/revisions"}],"predecessor-version":[{"id":751,"href":"https:\/\/blogs.uo.edu.cu\/cvcenit\/index.php?rest_route=\/wp\/v2\/pages\/570\/revisions\/751"}],"wp:attachment":[{"href":"https:\/\/blogs.uo.edu.cu\/cvcenit\/index.php?rest_route=%2Fwp%2Fv2%2Fmedia&parent=570"}],"curies":[{"name":"wp","href":"https:\/\/api.w.org\/{rel}","templated":true}]}}