{"id":190,"date":"2020-10-27T21:10:28","date_gmt":"2020-10-27T21:10:28","guid":{"rendered":"http:\/\/blogs.uo.edu.cu\/doctoradoce\/?page_id=190"},"modified":"2021-04-26T16:13:48","modified_gmt":"2021-04-26T16:13:48","slug":"videos","status":"publish","type":"page","link":"https:\/\/blogs.uo.edu.cu\/doctoradoce\/videos\/","title":{"rendered":"Videos"},"content":{"rendered":"\n<p><a href=\"https:\/\/www.youtube.com\/channel\/UCB_vpheN_P_OWZ0lsXT5jfw\/videos\">Canal en YouTube<\/a><\/p>\n\n\n\n<figure class=\"wp-block-image size-large\"><a href=\"https:\/\/www.youtube.com\/channel\/UCB_vpheN_P_OWZ0lsXT5jfw\/videos\" target=\"_blank\" rel=\"noopener\"><img loading=\"lazy\" decoding=\"async\" width=\"106\" height=\"38\" src=\"https:\/\/blogs.uo.edu.cu\/doctoradoce\/wp-content\/uploads\/sites\/52\/2021\/04\/Youtube-2.png\" alt=\"\" class=\"wp-image-424\" \/><\/a><\/figure>\n\n\n\n<p><a href=\"https:\/\/www.youtube.com\/channel\/UCB_vpheN_P_OWZ0lsXT5jfw\/videos\" target=\"_blank\" rel=\"noreferrer noopener\">Vea en Youtube:<\/a><\/p>\n\n\n\n<ul class=\"wp-block-list\"><li><a href=\"https:\/\/www.youtube.com\/channel\/UCB_vpheN_P_OWZ0lsXT5jfw\/videos\" target=\"_blank\" rel=\"noreferrer noopener\">Egresados del Programa de Formaci\u00f3n Doctoral en Ciencias de la Educaci\u00f3n<\/a><\/li><li><a href=\"https:\/\/www.youtube.com\/channel\/UCB_vpheN_P_OWZ0lsXT5jfw\/videos\" target=\"_blank\" rel=\"noreferrer noopener\">Aplicaci\u00f3n para Android DoctoradoCE<\/a><br><\/li><\/ul>\n\n\n\n<figure class=\"wp-block-image size-large\"><a href=\"https:\/\/www.youtube.com\/channel\/UCB_vpheN_P_OWZ0lsXT5jfw\/videos\" target=\"_blank\" rel=\"noopener\"><img loading=\"lazy\" decoding=\"async\" width=\"118\" height=\"69\" src=\"https:\/\/blogs.uo.edu.cu\/doctoradoce\/wp-content\/uploads\/sites\/52\/2021\/04\/miniaturaEgresados.jpg\" alt=\"\" class=\"wp-image-429\" \/><\/a><\/figure>\n\n\n\n<figure class=\"wp-block-image size-large\"><a href=\"https:\/\/www.youtube.com\/channel\/UCB_vpheN_P_OWZ0lsXT5jfw\/videos\" target=\"_blank\" rel=\"noopener\"><img loading=\"lazy\" decoding=\"async\" width=\"119\" height=\"70\" src=\"https:\/\/blogs.uo.edu.cu\/doctoradoce\/wp-content\/uploads\/sites\/52\/2021\/04\/miniatura-video-Doctorado.apk_-4.png\" alt=\"\" class=\"wp-image-420\" \/><\/a><\/figure>\n","protected":false},"excerpt":{"rendered":"<p>Canal en YouTube Vea en Youtube: Egresados del Programa de Formaci\u00f3n Doctoral en Ciencias de la Educaci\u00f3n Aplicaci\u00f3n para Android DoctoradoCE<\/p>\n","protected":false},"author":938,"featured_media":0,"parent":0,"menu_order":0,"comment_status":"closed","ping_status":"closed","template":"","meta":{"ngg_post_thumbnail":0,"footnotes":""},"class_list":["post-190","page","type-page","status-publish","hentry"],"_links":{"self":[{"href":"https:\/\/blogs.uo.edu.cu\/doctoradoce\/wp-json\/wp\/v2\/pages\/190","targetHints":{"allow":["GET"]}}],"collection":[{"href":"https:\/\/blogs.uo.edu.cu\/doctoradoce\/wp-json\/wp\/v2\/pages"}],"about":[{"href":"https:\/\/blogs.uo.edu.cu\/doctoradoce\/wp-json\/wp\/v2\/types\/page"}],"author":[{"embeddable":true,"href":"https:\/\/blogs.uo.edu.cu\/doctoradoce\/wp-json\/wp\/v2\/users\/938"}],"replies":[{"embeddable":true,"href":"https:\/\/blogs.uo.edu.cu\/doctoradoce\/wp-json\/wp\/v2\/comments?post=190"}],"version-history":[{"count":49,"href":"https:\/\/blogs.uo.edu.cu\/doctoradoce\/wp-json\/wp\/v2\/pages\/190\/revisions"}],"predecessor-version":[{"id":432,"href":"https:\/\/blogs.uo.edu.cu\/doctoradoce\/wp-json\/wp\/v2\/pages\/190\/revisions\/432"}],"wp:attachment":[{"href":"https:\/\/blogs.uo.edu.cu\/doctoradoce\/wp-json\/wp\/v2\/media?parent=190"}],"curies":[{"name":"wp","href":"https:\/\/api.w.org\/{rel}","templated":true}]}}