{"id":2,"date":"2020-10-12T15:35:32","date_gmt":"2020-10-12T15:35:32","guid":{"rendered":"http:\/\/blogs.uo.edu.cu\/doctoradoce\/?page_id=2"},"modified":"2022-05-08T14:25:25","modified_gmt":"2022-05-08T14:25:25","slug":"boletines","status":"publish","type":"page","link":"https:\/\/blogs.uo.edu.cu\/doctoradoce\/boletines\/","title":{"rendered":"Boletines"},"content":{"rendered":"\n<p><strong>BOLET\u00cdN DIGITAL MENSUAL DEL DOCTORADO EN CIENCIAS DE LA EDUCACI\u00d3N:<\/strong><\/p>\n\n\n\n<figure class=\"wp-block-image size-large\"><img loading=\"lazy\" decoding=\"async\" width=\"248\" height=\"224\" src=\"https:\/\/blogs.uo.edu.cu\/doctoradoce\/wp-content\/uploads\/sites\/52\/2021\/04\/boletin-copia.jpg\" alt=\"\" class=\"wp-image-442\" \/><\/figure>\n\n\n<hr>\n<p style=\"text-align: center\"><a href=\"https:\/\/drive.google.com\/drive\/folders\/1arn51n3t20_Nk8ZvjSLvxb53fhOc-rjq?usp=sharing\" target=\"_blank\" rel=\"noopener\">BOLET\u00cdN No. 01 DCECEPED-19<\/a><br data-rich-text-line-break=\"true\"><a href=\"https:\/\/drive.google.com\/drive\/folders\/1arn51n3t20_Nk8ZvjSLvxb53fhOc-rjq?usp=sharing\" target=\"_blank\" rel=\"noopener\">BOLET\u00cdN No. 02 DCECEPED-19<\/a><br data-rich-text-line-break=\"true\"><a href=\"https:\/\/drive.google.com\/drive\/folders\/1arn51n3t20_Nk8ZvjSLvxb53fhOc-rjq?usp=sharing\" target=\"_blank\" rel=\"noopener\">BOLET\u00cdN No. 03 DCECEPED-19<\/a><br data-rich-text-line-break=\"true\"><a href=\"https:\/\/drive.google.com\/drive\/folders\/1arn51n3t20_Nk8ZvjSLvxb53fhOc-rjq?usp=sharing\" target=\"_blank\" rel=\"noopener\">BOLET\u00cdN No. 04 DCECEPED-19<\/a><br data-rich-text-line-break=\"true\"><a href=\"https:\/\/drive.google.com\/drive\/folders\/1arn51n3t20_Nk8ZvjSLvxb53fhOc-rjq?usp=sharing\" target=\"_blank\" rel=\"noopener\">BOLET\u00cdN No. 05 DCECEPED-19<\/a><br data-rich-text-line-break=\"true\"><a href=\"https:\/\/drive.google.com\/drive\/folders\/1arn51n3t20_Nk8ZvjSLvxb53fhOc-rjq?usp=sharing\" target=\"_blank\" rel=\"noopener\">BOLET\u00cdN No. 06 DCECEPED-20<\/a><br data-rich-text-line-break=\"true\"><a href=\"https:\/\/drive.google.com\/drive\/folders\/1arn51n3t20_Nk8ZvjSLvxb53fhOc-rjq?usp=sharing\" target=\"_blank\" rel=\"noopener\">BOLET\u00cdN No. 07 DCECEPED-20<\/a><br data-rich-text-line-break=\"true\"><a href=\"https:\/\/drive.google.com\/drive\/folders\/1arn51n3t20_Nk8ZvjSLvxb53fhOc-rjq?usp=sharing\" target=\"_blank\" rel=\"noopener\">BOLET\u00cdN No. 08 DCECEPED-21<\/a><br data-rich-text-line-break=\"true\"><a href=\"https:\/\/drive.google.com\/drive\/folders\/1arn51n3t20_Nk8ZvjSLvxb53fhOc-rjq?usp=sharing\" target=\"_blank\" rel=\"noopener\">BOLET\u00cdN No. 09 DCECEPED-21<\/a><br><a href=\"https:\/\/drive.google.com\/drive\/folders\/1arn51n3t20_Nk8ZvjSLvxb53fhOc-rjq?usp=sharing\" target=\"_blank\" rel=\"noopener\">BOLET\u00cdN No. 10 DCECEPED-22<\/a><br><a href=\"https:\/\/drive.google.com\/drive\/folders\/1arn51n3t20_Nk8ZvjSLvxb53fhOc-rjq?usp=sharing\" target=\"_blank\" rel=\"noopener\">BOLET\u00cdN No. 11 DCECEPED-22<\/a><\/p>\n\n\n<p><\/p>\n","protected":false},"excerpt":{"rendered":"<p>BOLET\u00cdN DIGITAL MENSUAL DEL DOCTORADO EN CIENCIAS DE LA EDUCACI\u00d3N: BOLET\u00cdN No. 01 DCECEPED-19BOLET\u00cdN No. 02 DCECEPED-19BOLET\u00cdN No. 03 DCECEPED-19BOLET\u00cdN No. 04 DCECEPED-19BOLET\u00cdN No. 05 DCECEPED-19BOLET\u00cdN No. 06 DCECEPED-20BOLET\u00cdN No. 07 DCECEPED-20BOLET\u00cdN No. 08 DCECEPED-21BOLET\u00cdN No. 09 DCECEPED-21BOLET\u00cdN No. 10 <a href=\"https:\/\/blogs.uo.edu.cu\/doctoradoce\/boletines\/\" class=\"read-more\">Leer m\u00e1s&#8230;<\/a><\/p>\n","protected":false},"author":938,"featured_media":0,"parent":0,"menu_order":0,"comment_status":"closed","ping_status":"closed","template":"","meta":{"ngg_post_thumbnail":0,"footnotes":""},"class_list":["post-2","page","type-page","status-publish","hentry"],"_links":{"self":[{"href":"https:\/\/blogs.uo.edu.cu\/doctoradoce\/wp-json\/wp\/v2\/pages\/2","targetHints":{"allow":["GET"]}}],"collection":[{"href":"https:\/\/blogs.uo.edu.cu\/doctoradoce\/wp-json\/wp\/v2\/pages"}],"about":[{"href":"https:\/\/blogs.uo.edu.cu\/doctoradoce\/wp-json\/wp\/v2\/types\/page"}],"author":[{"embeddable":true,"href":"https:\/\/blogs.uo.edu.cu\/doctoradoce\/wp-json\/wp\/v2\/users\/938"}],"replies":[{"embeddable":true,"href":"https:\/\/blogs.uo.edu.cu\/doctoradoce\/wp-json\/wp\/v2\/comments?post=2"}],"version-history":[{"count":26,"href":"https:\/\/blogs.uo.edu.cu\/doctoradoce\/wp-json\/wp\/v2\/pages\/2\/revisions"}],"predecessor-version":[{"id":601,"href":"https:\/\/blogs.uo.edu.cu\/doctoradoce\/wp-json\/wp\/v2\/pages\/2\/revisions\/601"}],"wp:attachment":[{"href":"https:\/\/blogs.uo.edu.cu\/doctoradoce\/wp-json\/wp\/v2\/media?parent=2"}],"curies":[{"name":"wp","href":"https:\/\/api.w.org\/{rel}","templated":true}]}}