{"id":247,"date":"2020-10-30T03:17:42","date_gmt":"2020-10-30T03:17:42","guid":{"rendered":"http:\/\/blogs.uo.edu.cu\/doctoradoce\/?page_id=247"},"modified":"2021-05-16T02:22:53","modified_gmt":"2021-05-16T02:22:53","slug":"comite-de-doctorado","status":"publish","type":"page","link":"https:\/\/blogs.uo.edu.cu\/doctoradoce\/comite-de-doctorado\/","title":{"rendered":"Comit\u00e9 de Doctorado"},"content":{"rendered":"\n<p><\/p>\n\n\n<h4><a href=\"http:\/\/blogs.uo.edu.cu\/doctoradoce\/wp-content\/uploads\/sites\/52\/2021\/05\/Sintesis-Irela-M-Paz-Dominguez.pdf\" target=\"_blank\" rel=\"noopener\">Dr. C. Irela Margarita Paz Dom\u00ednguez. Coordinadora del Programa<\/a><br><a href=\"http:\/\/blogs.uo.edu.cu\/doctoradoce\/wp-content\/uploads\/sites\/52\/2021\/05\/Sintesis-Lizette-Perez-Martinez.pdf\" target=\"_blank\" rel=\"noopener\">Dr. C. Lizette de la Concepci\u00f3n P\u00e9rez Mart\u00ednez<\/a> <br>Dr. C. Rosa Ana Jaime Ojea. Coordinadora L\u00ednea 1<br><a href=\"http:\/\/blogs.uo.edu.cu\/doctoradoce\/wp-content\/uploads\/sites\/52\/2021\/05\/Sintesis-Carlos-Hernandez-Hechavarria.pdf\" target=\"_blank\" rel=\"noopener\">Dr. C. Carlos Manuel Hern\u00e1ndez Hechavarr\u00eda. Coordinador L\u00ednea 2<\/a><br><a href=\"http:\/\/blogs.uo.edu.cu\/doctoradoce\/wp-content\/uploads\/sites\/52\/2021\/05\/Sintesis-Yaritza-Tardo-Fenandez.pdf\" target=\"_blank\" rel=\"noopener\">Dr. C. Yaritza Tardo Fern\u00e1ndez. Coordinadora L\u00ednea 3<\/a> <br><a href=\"http:\/\/blogs.uo.edu.cu\/doctoradoce\/wp-content\/uploads\/sites\/52\/2021\/05\/Sintesis-biografica.-MM.pdf\" target=\"_blank\" rel=\"noopener\">Dr. C. Mar\u00eda Margarita Santiesteban Laba\u00f1ino. Coordinadora L\u00ednea 4<\/a><br><a href=\"http:\/\/blogs.uo.edu.cu\/doctoradoce\/wp-content\/uploads\/sites\/52\/2021\/05\/Sintesis-Martha-B-Vinent-Mendo.pdf\" target=\"_blank\" rel=\"noopener\">Dr. C. Martha Beatriz Vinent Mendo<\/a> <br><a href=\"http:\/\/blogs.uo.edu.cu\/doctoradoce\/wp-content\/uploads\/sites\/52\/2021\/05\/Susana-Cisneros-Garbey.pdf\" target=\"_blank\" rel=\"noopener\">Dr. C. Susana Cisneros Garbey<\/a><br><a href=\"http:\/\/blogs.uo.edu.cu\/doctoradoce\/wp-content\/uploads\/sites\/52\/2021\/05\/Sintesis-y-foto-ME.pdf\" target=\"_blank\" rel=\"noopener\">Dr. C. Mar\u00eda Elena Pardo G\u00f3mez<\/a><br>Dr. C. Blanca Cort\u00f3n Romero<\/h4>\n\n\n<p><\/p>\n","protected":false},"excerpt":{"rendered":"<p>Dr. C. Irela Margarita Paz Dom\u00ednguez. Coordinadora del ProgramaDr. C. Lizette de la Concepci\u00f3n P\u00e9rez Mart\u00ednez Dr. C. Rosa Ana Jaime Ojea. Coordinadora L\u00ednea 1Dr. C. Carlos Manuel Hern\u00e1ndez Hechavarr\u00eda. Coordinador L\u00ednea 2Dr. C. Yaritza Tardo Fern\u00e1ndez. Coordinadora L\u00ednea 3 <a href=\"https:\/\/blogs.uo.edu.cu\/doctoradoce\/comite-de-doctorado\/\" class=\"read-more\">Leer m\u00e1s&#8230;<\/a><\/p>\n","protected":false},"author":938,"featured_media":0,"parent":0,"menu_order":0,"comment_status":"closed","ping_status":"closed","template":"","meta":{"ngg_post_thumbnail":0,"footnotes":""},"class_list":["post-247","page","type-page","status-publish","hentry"],"_links":{"self":[{"href":"https:\/\/blogs.uo.edu.cu\/doctoradoce\/wp-json\/wp\/v2\/pages\/247","targetHints":{"allow":["GET"]}}],"collection":[{"href":"https:\/\/blogs.uo.edu.cu\/doctoradoce\/wp-json\/wp\/v2\/pages"}],"about":[{"href":"https:\/\/blogs.uo.edu.cu\/doctoradoce\/wp-json\/wp\/v2\/types\/page"}],"author":[{"embeddable":true,"href":"https:\/\/blogs.uo.edu.cu\/doctoradoce\/wp-json\/wp\/v2\/users\/938"}],"replies":[{"embeddable":true,"href":"https:\/\/blogs.uo.edu.cu\/doctoradoce\/wp-json\/wp\/v2\/comments?post=247"}],"version-history":[{"count":9,"href":"https:\/\/blogs.uo.edu.cu\/doctoradoce\/wp-json\/wp\/v2\/pages\/247\/revisions"}],"predecessor-version":[{"id":507,"href":"https:\/\/blogs.uo.edu.cu\/doctoradoce\/wp-json\/wp\/v2\/pages\/247\/revisions\/507"}],"wp:attachment":[{"href":"https:\/\/blogs.uo.edu.cu\/doctoradoce\/wp-json\/wp\/v2\/media?parent=247"}],"curies":[{"name":"wp","href":"https:\/\/api.w.org\/{rel}","templated":true}]}}