{"id":272,"date":"2021-04-09T15:04:56","date_gmt":"2021-04-09T15:04:56","guid":{"rendered":"https:\/\/blogs.uo.edu.cu\/doctoradoce\/?page_id=272"},"modified":"2022-07-18T16:02:33","modified_gmt":"2022-07-18T16:02:33","slug":"defensas-de-doctorado-con-elementos-de-telepresencialidad","status":"publish","type":"page","link":"https:\/\/blogs.uo.edu.cu\/doctoradoce\/defensas-de-doctorado-con-elementos-de-telepresencialidad\/","title":{"rendered":"Defensas de doctorado con elementos de telepresencialidad"},"content":{"rendered":"<p><strong>DEFENSAS 2021 &#8211; 2022<\/strong><\/p>\n<hr>\n<p><strong>2022:<br \/>\nJulio:<\/strong><br \/>\n1 Lenny Cecilia Mariscal San Mart\u00edn, Ecuador 8\/Julio\/2022, 09:00 am<br \/>\n2 Ana Rita Casta\u00f1eda &#8211; de Liendo, Caracas, Venezuela 13\/Julio\/2022, 09:00 am<br \/>\n3 Lizandra Rivero Cruz, Cuba, 14\/Julio\/2022, 09:00 am<br \/>\n4 Yaisent Almanza Arias, Cuba, 15\/Julio\/2022, 09:00 am<br \/>\n5 Eglis Maylin Lamour Moreno, 18\/Julio\/2022, 09:00 am<br \/>\n<img loading=\"lazy\" decoding=\"async\" class=\"alignleft size-medium wp-image-652\" src=\"http:\/\/blogs.uo.edu.cu\/doctoradoce\/wp-content\/uploads\/sites\/52\/2022\/07\/Screenshot_20220713-120718_Jitsi-Meet-300x138.jpg\" alt=\"\" width=\"300\" height=\"138\" srcset=\"https:\/\/blogs.uo.edu.cu\/doctoradoce\/wp-content\/uploads\/sites\/52\/2022\/07\/Screenshot_20220713-120718_Jitsi-Meet-300x138.jpg 300w, https:\/\/blogs.uo.edu.cu\/doctoradoce\/wp-content\/uploads\/sites\/52\/2022\/07\/Screenshot_20220713-120718_Jitsi-Meet-1024x473.jpg 1024w, https:\/\/blogs.uo.edu.cu\/doctoradoce\/wp-content\/uploads\/sites\/52\/2022\/07\/Screenshot_20220713-120718_Jitsi-Meet-768x354.jpg 768w, https:\/\/blogs.uo.edu.cu\/doctoradoce\/wp-content\/uploads\/sites\/52\/2022\/07\/Screenshot_20220713-120718_Jitsi-Meet-1536x709.jpg 1536w, https:\/\/blogs.uo.edu.cu\/doctoradoce\/wp-content\/uploads\/sites\/52\/2022\/07\/Screenshot_20220713-120718_Jitsi-Meet-360x166.jpg 360w, https:\/\/blogs.uo.edu.cu\/doctoradoce\/wp-content\/uploads\/sites\/52\/2022\/07\/Screenshot_20220713-120718_Jitsi-Meet.jpg 1560w\" sizes=\"auto, (max-width: 300px) 100vw, 300px\" \/><img loading=\"lazy\" decoding=\"async\" class=\"alignleft  wp-image-651\" src=\"http:\/\/blogs.uo.edu.cu\/doctoradoce\/wp-content\/uploads\/sites\/52\/2022\/07\/IMG-20220713-WA0008-300x225.jpg\" alt=\"\" width=\"181\" height=\"136\" srcset=\"https:\/\/blogs.uo.edu.cu\/doctoradoce\/wp-content\/uploads\/sites\/52\/2022\/07\/IMG-20220713-WA0008-300x225.jpg 300w, https:\/\/blogs.uo.edu.cu\/doctoradoce\/wp-content\/uploads\/sites\/52\/2022\/07\/IMG-20220713-WA0008-1024x767.jpg 1024w, https:\/\/blogs.uo.edu.cu\/doctoradoce\/wp-content\/uploads\/sites\/52\/2022\/07\/IMG-20220713-WA0008-768x575.jpg 768w, https:\/\/blogs.uo.edu.cu\/doctoradoce\/wp-content\/uploads\/sites\/52\/2022\/07\/IMG-20220713-WA0008-360x270.jpg 360w, https:\/\/blogs.uo.edu.cu\/doctoradoce\/wp-content\/uploads\/sites\/52\/2022\/07\/IMG-20220713-WA0008.jpg 1080w\" sizes=\"auto, (max-width: 181px) 100vw, 181px\" \/><\/p>\n<p>&nbsp;<\/p>\n<p>&nbsp;<\/p>\n<p>&nbsp;<\/p>\n<p>&nbsp;<\/p>\n<p><img loading=\"lazy\" decoding=\"async\" class=\"alignleft size-medium wp-image-664\" src=\"http:\/\/blogs.uo.edu.cu\/doctoradoce\/wp-content\/uploads\/sites\/52\/2022\/07\/img01-1-300x158.jpg\" alt=\"\" width=\"300\" height=\"158\" srcset=\"https:\/\/blogs.uo.edu.cu\/doctoradoce\/wp-content\/uploads\/sites\/52\/2022\/07\/img01-1-300x158.jpg 300w, https:\/\/blogs.uo.edu.cu\/doctoradoce\/wp-content\/uploads\/sites\/52\/2022\/07\/img01-1-1024x541.jpg 1024w, https:\/\/blogs.uo.edu.cu\/doctoradoce\/wp-content\/uploads\/sites\/52\/2022\/07\/img01-1-768x406.jpg 768w, https:\/\/blogs.uo.edu.cu\/doctoradoce\/wp-content\/uploads\/sites\/52\/2022\/07\/img01-1-360x190.jpg 360w, https:\/\/blogs.uo.edu.cu\/doctoradoce\/wp-content\/uploads\/sites\/52\/2022\/07\/img01-1.jpg 1238w\" sizes=\"auto, (max-width: 300px) 100vw, 300px\" \/><\/p>\n<p><img loading=\"lazy\" decoding=\"async\" class=\"alignleft  wp-image-668\" src=\"http:\/\/blogs.uo.edu.cu\/doctoradoce\/wp-content\/uploads\/sites\/52\/2022\/07\/img02-300x211.jpg\" alt=\"\" width=\"222\" height=\"156\" srcset=\"https:\/\/blogs.uo.edu.cu\/doctoradoce\/wp-content\/uploads\/sites\/52\/2022\/07\/img02-300x211.jpg 300w, https:\/\/blogs.uo.edu.cu\/doctoradoce\/wp-content\/uploads\/sites\/52\/2022\/07\/img02-768x540.jpg 768w, https:\/\/blogs.uo.edu.cu\/doctoradoce\/wp-content\/uploads\/sites\/52\/2022\/07\/img02-360x253.jpg 360w, https:\/\/blogs.uo.edu.cu\/doctoradoce\/wp-content\/uploads\/sites\/52\/2022\/07\/img02.jpg 917w\" sizes=\"auto, (max-width: 222px) 100vw, 222px\" \/><\/p>\n<p>&nbsp;<\/p>\n<p>&nbsp;<\/p>\n<p>&nbsp;<\/p>\n<p>&nbsp;<\/p>\n<p>&nbsp;<\/p>\n<p>================================================<\/p>\n<hr>\n<hr>\n<hr>\n<hr>\n<hr>\n<p><strong>Enlace a la sala: <a href=\"https:\/\/meet.jit.si\/DefensaC.delaEducacion\" target=\"_blank\" rel=\"noopener\">https:\/\/meet.jit.si\/DefensaC.delaEducacion<\/a><br \/>\n<\/strong><\/p>\n<hr>\n<hr>\n<hr>\n<hr>\n<hr>\n<p>================================================<\/p>\n<p><strong>2021:<br \/>\n<\/strong>1 Edicta Gregoria Gonz\u00e1lez Leal, Caracas 23 \/Junio\/ 2021, 09:00 am<br \/>\n2 Daisy Sof\u00eda Rodr\u00edguez Ugueto, Caracas 25\/Junio\/ 2021, 09:00 am<br \/>\n3 Claudia Ermaly Izquierdo Mart\u00ednez, Caracas 28\/Junio\/ 2021, 09:00 am<br \/>\n4 Mar\u00eda Auxiliadora Espinoza De Cardona, Caracas 29\/Junio\/ 2021, 01:00 pm<br \/>\n5 Jos\u00e9 Gregorio Mart\u00ednez, Cuman\u00e1 30\/Junio\/ 2021, 09:00 am<br \/>\n6 Silvia Jos\u00e9 Salazar Cova, Cuman\u00e1 1\/Julio\/ 2021, 09:00 am<br \/>\n7 Miraida Josefina Linares, Cuman\u00e1 15\/Octubre\/ 2021, 09:00 am<\/p>\n<hr>\n<p><img loading=\"lazy\" decoding=\"async\" class=\"alignleft  wp-image-539\" src=\"http:\/\/blogs.uo.edu.cu\/doctoradoce\/wp-content\/uploads\/sites\/52\/2021\/07\/IMG-20210630-WA0000-300x224.jpg\" alt=\"Directivos\" width=\"374\" height=\"279\" srcset=\"https:\/\/blogs.uo.edu.cu\/doctoradoce\/wp-content\/uploads\/sites\/52\/2021\/07\/IMG-20210630-WA0000-300x224.jpg 300w, https:\/\/blogs.uo.edu.cu\/doctoradoce\/wp-content\/uploads\/sites\/52\/2021\/07\/IMG-20210630-WA0000-768x574.jpg 768w, https:\/\/blogs.uo.edu.cu\/doctoradoce\/wp-content\/uploads\/sites\/52\/2021\/07\/IMG-20210630-WA0000-360x270.jpg 360w, https:\/\/blogs.uo.edu.cu\/doctoradoce\/wp-content\/uploads\/sites\/52\/2021\/07\/IMG-20210630-WA0000.jpg 1008w\" sizes=\"auto, (max-width: 374px) 100vw, 374px\" \/><\/p>\n<p>&nbsp;<\/p>\n<p>&nbsp;<\/p>\n<p>&nbsp;<\/p>\n<p>&nbsp;<\/p>\n<p>&nbsp;<\/p>\n<p>De izquierda a derecha:<br \/>\nLa secretaria de la UNES, el Dr.C. Eyler Guerra P\u00e9rez (Coordinador Nacional de la Misi\u00f3n Sucre), el rector de la UNES General de Divisi\u00f3n Dr. Giuseppe Cacciopo y el Dr.C. Osmany Justis Katt (Observador Institucional en Caracas)<\/p>\n<hr>\n<p><img loading=\"lazy\" decoding=\"async\" class=\" wp-image-526\" src=\"http:\/\/blogs.uo.edu.cu\/doctoradoce\/wp-content\/uploads\/sites\/52\/2021\/06\/Screenshot_20210617-121023_WhatsApp-300x169.jpg\" alt=\"UNES\" width=\"373\" height=\"210\" srcset=\"https:\/\/blogs.uo.edu.cu\/doctoradoce\/wp-content\/uploads\/sites\/52\/2021\/06\/Screenshot_20210617-121023_WhatsApp-300x169.jpg 300w, https:\/\/blogs.uo.edu.cu\/doctoradoce\/wp-content\/uploads\/sites\/52\/2021\/06\/Screenshot_20210617-121023_WhatsApp-1024x576.jpg 1024w, https:\/\/blogs.uo.edu.cu\/doctoradoce\/wp-content\/uploads\/sites\/52\/2021\/06\/Screenshot_20210617-121023_WhatsApp-768x432.jpg 768w, https:\/\/blogs.uo.edu.cu\/doctoradoce\/wp-content\/uploads\/sites\/52\/2021\/06\/Screenshot_20210617-121023_WhatsApp-360x203.jpg 360w, https:\/\/blogs.uo.edu.cu\/doctoradoce\/wp-content\/uploads\/sites\/52\/2021\/06\/Screenshot_20210617-121023_WhatsApp.jpg 1276w\" sizes=\"auto, (max-width: 373px) 100vw, 373px\" \/><\/p>\n<p>Evidencias de la reuni\u00f3n en aras de garantizar las defensas doctorales en la RBV, UNES. De izquierda a derecha: asistente del Vicerrector, Eyler Coordinador Nacional de la Misi\u00f3n Sucre, Anabel Villaroel Viceministra, Jos\u00e9 Mu\u00f1oz Vicerrector de la UNES y las doctorandas Daisy Sof\u00eda y Edicta Gregoria.<\/p>\n<hr>\n<p><img loading=\"lazy\" decoding=\"async\" class=\" wp-image-533\" src=\"http:\/\/blogs.uo.edu.cu\/doctoradoce\/wp-content\/uploads\/sites\/52\/2021\/06\/20210617_175752-300x183.jpg\" alt=\"UNEFA\" width=\"374\" height=\"228\" srcset=\"https:\/\/blogs.uo.edu.cu\/doctoradoce\/wp-content\/uploads\/sites\/52\/2021\/06\/20210617_175752-300x183.jpg 300w, https:\/\/blogs.uo.edu.cu\/doctoradoce\/wp-content\/uploads\/sites\/52\/2021\/06\/20210617_175752-768x470.jpg 768w, https:\/\/blogs.uo.edu.cu\/doctoradoce\/wp-content\/uploads\/sites\/52\/2021\/06\/20210617_175752-360x220.jpg 360w, https:\/\/blogs.uo.edu.cu\/doctoradoce\/wp-content\/uploads\/sites\/52\/2021\/06\/20210617_175752.jpg 929w\" sizes=\"auto, (max-width: 374px) 100vw, 374px\" \/><\/p>\n<p>Evidencias de la reuni\u00f3n en aras de garantizar las defensas doctorales en la RBV, Cuman\u00e1, UNEFA.<br \/>\nEn la foto: el observador institucional Omar Silva Ramos y los doctorandos Silvia, Bertha, Miraida y Jos\u00e9 Gregorio.<\/p>\n<hr>\n<p><strong>DEFENSAS EFECTUADAS EN ABRIL DEL 2021:<\/strong><\/p>\n<hr>\n<p><strong>Hefritts Alberto Rojas<\/strong><br \/>\nPrueba de conexi\u00f3n:lunes 19\/04\/2021 9:00 am<br \/>\nDefensa: 21 de abril 9:00 am<\/p>\n<hr>\n<p><strong>Ermel Viacheslav Tapia Sosa<\/strong><br \/>\nPrueba de conexi\u00f3n: lunes 19\/04\/2021 9:30 am<br \/>\nDefensa: 22 de abril 9:00 am<\/p>\n<hr>\n<p><strong>Enlace a la sala:<\/strong><br \/>\n<a href=\"https:\/\/meet.jit.si\/DefensaC.delaEducacion\">https:\/\/meet.jit.si\/DefensaC.delaEducacion<\/a><\/p>\n<hr>\n<p>En los m\u00f3viles se recomienda tener instalado el Jitsi Meet:<br \/>\nEnlace en Google Play:<br \/>\n<a href=\"https:\/\/play.google.com\/store\/apps\/details?id=org.jitsi.meet&amp;hl=es&amp;gl=US\">https:\/\/play.google.com\/store\/apps\/details?id=org.jitsi.meet&amp;hl=es&amp;gl=US<\/a><\/p>\n<hr>\n<p>&nbsp;<\/p>\n<p>&nbsp;<\/p>\n","protected":false},"excerpt":{"rendered":"<p>DEFENSAS 2021 &#8211; 2022 2022: Julio: 1 Lenny Cecilia Mariscal San Mart\u00edn, Ecuador 8\/Julio\/2022, 09:00 am 2 Ana Rita Casta\u00f1eda &#8211; de Liendo, Caracas, Venezuela 13\/Julio\/2022, 09:00 am 3 Lizandra Rivero Cruz, Cuba, 14\/Julio\/2022, 09:00 am 4 Yaisent Almanza Arias, <a href=\"https:\/\/blogs.uo.edu.cu\/doctoradoce\/defensas-de-doctorado-con-elementos-de-telepresencialidad\/\" class=\"read-more\">Leer m\u00e1s&#8230;<\/a><\/p>\n","protected":false},"author":938,"featured_media":0,"parent":0,"menu_order":0,"comment_status":"closed","ping_status":"closed","template":"","meta":{"ngg_post_thumbnail":0,"footnotes":""},"class_list":["post-272","page","type-page","status-publish","hentry"],"_links":{"self":[{"href":"https:\/\/blogs.uo.edu.cu\/doctoradoce\/wp-json\/wp\/v2\/pages\/272","targetHints":{"allow":["GET"]}}],"collection":[{"href":"https:\/\/blogs.uo.edu.cu\/doctoradoce\/wp-json\/wp\/v2\/pages"}],"about":[{"href":"https:\/\/blogs.uo.edu.cu\/doctoradoce\/wp-json\/wp\/v2\/types\/page"}],"author":[{"embeddable":true,"href":"https:\/\/blogs.uo.edu.cu\/doctoradoce\/wp-json\/wp\/v2\/users\/938"}],"replies":[{"embeddable":true,"href":"https:\/\/blogs.uo.edu.cu\/doctoradoce\/wp-json\/wp\/v2\/comments?post=272"}],"version-history":[{"count":43,"href":"https:\/\/blogs.uo.edu.cu\/doctoradoce\/wp-json\/wp\/v2\/pages\/272\/revisions"}],"predecessor-version":[{"id":672,"href":"https:\/\/blogs.uo.edu.cu\/doctoradoce\/wp-json\/wp\/v2\/pages\/272\/revisions\/672"}],"wp:attachment":[{"href":"https:\/\/blogs.uo.edu.cu\/doctoradoce\/wp-json\/wp\/v2\/media?parent=272"}],"curies":[{"name":"wp","href":"https:\/\/api.w.org\/{rel}","templated":true}]}}