{"id":627,"date":"2022-06-28T13:07:07","date_gmt":"2022-06-28T13:07:07","guid":{"rendered":"https:\/\/blogs.uo.edu.cu\/doctoradoce\/?page_id=627"},"modified":"2022-06-28T13:08:54","modified_gmt":"2022-06-28T13:08:54","slug":"ultimas-entradas","status":"publish","type":"page","link":"https:\/\/blogs.uo.edu.cu\/doctoradoce\/ultimas-entradas\/","title":{"rendered":"\u00daltimas entradas"},"content":{"rendered":"<ul class=\"wp-block-latest-posts__list wp-block-latest-posts\"><li><a class=\"wp-block-latest-posts__post-title\" href=\"https:\/\/blogs.uo.edu.cu\/doctoradoce\/2024\/06\/18\/tabla-resumen-de-la-asignacion-de-creditos-para-las-actividades-de-cada-componente-del-programa-de-doctorado-en-ciencias-de-la-educacion\/\">Tabla resumen de la asignaci\u00f3n de cr\u00e9ditos para las actividades de cada componente del Programa de Doctorado en Ciencias de la Educaci\u00f3n<\/a><\/li>\n<li><a class=\"wp-block-latest-posts__post-title\" href=\"https:\/\/blogs.uo.edu.cu\/doctoradoce\/2022\/06\/21\/la-educacion-inclusiva-en-la-agenda-2030\/\">La educaci\u00f3n inclusiva en la agenda 2030.<\/a><\/li>\n<li><a class=\"wp-block-latest-posts__post-title\" href=\"https:\/\/blogs.uo.edu.cu\/doctoradoce\/2022\/04\/25\/certificado-auip\/\">Certificado AUIP<\/a><\/li>\n<li><a class=\"wp-block-latest-posts__post-title\" href=\"https:\/\/blogs.uo.edu.cu\/doctoradoce\/2021\/09\/10\/nota-informativa-21-09-09\/\">Nota informativa 21-09-09<\/a><\/li>\n<li><a class=\"wp-block-latest-posts__post-title\" href=\"https:\/\/blogs.uo.edu.cu\/doctoradoce\/2021\/06\/14\/nota-informativa-21-06-14\/\">Nota informativa 21-06-14<\/a><\/li>\n<\/ul>","protected":false},"excerpt":{"rendered":"","protected":false},"author":938,"featured_media":0,"parent":0,"menu_order":0,"comment_status":"closed","ping_status":"closed","template":"","meta":{"ngg_post_thumbnail":0,"footnotes":""},"class_list":["post-627","page","type-page","status-publish","hentry"],"_links":{"self":[{"href":"https:\/\/blogs.uo.edu.cu\/doctoradoce\/wp-json\/wp\/v2\/pages\/627","targetHints":{"allow":["GET"]}}],"collection":[{"href":"https:\/\/blogs.uo.edu.cu\/doctoradoce\/wp-json\/wp\/v2\/pages"}],"about":[{"href":"https:\/\/blogs.uo.edu.cu\/doctoradoce\/wp-json\/wp\/v2\/types\/page"}],"author":[{"embeddable":true,"href":"https:\/\/blogs.uo.edu.cu\/doctoradoce\/wp-json\/wp\/v2\/users\/938"}],"replies":[{"embeddable":true,"href":"https:\/\/blogs.uo.edu.cu\/doctoradoce\/wp-json\/wp\/v2\/comments?post=627"}],"version-history":[{"count":2,"href":"https:\/\/blogs.uo.edu.cu\/doctoradoce\/wp-json\/wp\/v2\/pages\/627\/revisions"}],"predecessor-version":[{"id":639,"href":"https:\/\/blogs.uo.edu.cu\/doctoradoce\/wp-json\/wp\/v2\/pages\/627\/revisions\/639"}],"wp:attachment":[{"href":"https:\/\/blogs.uo.edu.cu\/doctoradoce\/wp-json\/wp\/v2\/media?parent=627"}],"curies":[{"name":"wp","href":"https:\/\/api.w.org\/{rel}","templated":true}]}}