{"id":2368,"date":"2022-01-05T19:26:48","date_gmt":"2022-01-05T18:26:48","guid":{"rendered":"https:\/\/blogs.uo.edu.cu\/doctoradocienciasambientales\/?page_id=2368"},"modified":"2024-01-23T17:19:14","modified_gmt":"2024-01-23T16:19:14","slug":"estudiantes-2","status":"publish","type":"page","link":"https:\/\/blogs.uo.edu.cu\/doctoradocienciasambientales\/estudiantes-2\/","title":{"rendered":"Estudiantes"},"content":{"rendered":"\t\t<div data-elementor-type=\"wp-page\" data-elementor-id=\"2368\" class=\"elementor elementor-2368\" data-elementor-settings=\"{&quot;ha_cmc_init_switcher&quot;:&quot;no&quot;}\">\n\t\t\t\t\t\t<section class=\"elementor-section elementor-top-section elementor-element elementor-element-ef599d5 elementor-section-boxed elementor-section-height-default elementor-section-height-default\" data-id=\"ef599d5\" data-element_type=\"section\" data-e-type=\"section\" data-settings=\"{&quot;_ha_eqh_enable&quot;:false}\">\n\t\t\t\t\t\t<div class=\"elementor-container elementor-column-gap-default\">\n\t\t\t\t\t<div class=\"elementor-column elementor-col-100 elementor-top-column elementor-element elementor-element-ce34fe4\" data-id=\"ce34fe4\" data-element_type=\"column\" data-e-type=\"column\">\n\t\t\t<div class=\"elementor-widget-wrap elementor-element-populated\">\n\t\t\t\t\t\t<div class=\"elementor-element elementor-element-01fd417 elementor-widget elementor-widget-heading\" data-id=\"01fd417\" data-element_type=\"widget\" data-e-type=\"widget\" data-widget_type=\"heading.default\">\n\t\t\t\t<div class=\"elementor-widget-container\">\n\t\t\t\t\t<h2 class=\"elementor-heading-title elementor-size-default\">Perfil de ingreso de los doctorandos. Requisitos y prioridades<\/h2>\t\t\t\t<\/div>\n\t\t\t\t<\/div>\n\t\t\t\t\t<\/div>\n\t\t<\/div>\n\t\t\t\t\t<\/div>\n\t\t<\/section>\n\t\t\t\t<section class=\"elementor-section elementor-top-section elementor-element elementor-element-7e285ae elementor-section-boxed elementor-section-height-default elementor-section-height-default\" data-id=\"7e285ae\" data-element_type=\"section\" data-e-type=\"section\" data-settings=\"{&quot;_ha_eqh_enable&quot;:false}\">\n\t\t\t\t\t\t<div class=\"elementor-container elementor-column-gap-default\">\n\t\t\t\t\t<div class=\"elementor-column elementor-col-100 elementor-top-column elementor-element elementor-element-bd3312c\" data-id=\"bd3312c\" data-element_type=\"column\" data-e-type=\"column\">\n\t\t\t<div class=\"elementor-widget-wrap elementor-element-populated\">\n\t\t\t\t\t\t<div class=\"elementor-element elementor-element-a1b1311 elementor-widget elementor-widget-text-editor\" data-id=\"a1b1311\" data-element_type=\"widget\" data-e-type=\"widget\" data-widget_type=\"text-editor.default\">\n\t\t\t\t<div class=\"elementor-widget-container\">\n\t\t\t\t\t\t\t\t\t<p>Actualmente el programa tiene mayor alcance en la regi\u00f3n oriental, con participantes de las Universidades de Oriente, Las Tunas y Guant\u00e1namo, en esta \u00faltima se ha creado un aula con una matr\u00edcula que beneficia a varias entidades locales (GeoCuba, Recursos Hidr\u00e1ulicos, CITMA, Empresa Agroforestal, Copextel). En la matr\u00edcula hay profesionales de Las Tunas, Bayamo y Santiago de Cuba de entidades pertenecientes al CITMA, Empresa para la Conservaci\u00f3n de la Flora y Fauna, Administraci\u00f3n Portuaria y Materia Prima. Actualmente se gestionala incorporaci\u00f3n de profesionales de Camag\u00fcey, donde existe un levantamiento de al menos 74 profesionales.<\/p>\n<p>Se trabaja de forma integrada con las Escuelas de Formaci\u00f3n Doctoral (EFD) de las diferentes Universidades, y en conciliaci\u00f3n con las<br>delegaciones del CITMA, INRH y GeoCuba para garantizar la sostenibilidad del programa. Los doctorandos que seg\u00fan el sistema de selecci\u00f3n no cumplen los requisitos al momento, quedan con el diagn\u00f3stico realizado por el programa, para futuras convocatorias. El pron\u00f3stico actual dematr\u00edcula es de 25 por a\u00f1o.<\/p>\n<h1>Particularidades para el ingreso y conducci\u00f3n de doctorandos extranjeros<\/h1>\n<p>Se tienen en cuenta las normativas establecidas por la Comisi\u00f3n Nacional de Grados Cient\u00edficos para los doctorandos extranjeros.<\/p>\n<h2><\/h2>\n<h2>Requisitos<\/h2>\n<ul>\n<li>Seg\u00fan establece el decreto Ley 372\/19 para que un solicitante sea admitido por el PD debe ser graduado universitario. El Comit\u00e9 de Doctorado se reserva el derecho de evaluar solicitudes.<\/li>\n<li>La aceptaci\u00f3n del solicitante como matr\u00edcula del PD estar\u00e1 condicionada por el resultado de las entrevistas realizadas por el Comit\u00e9 Doctoral.<\/li>\n<li>El Comit\u00e9 de Doctorado valorar\u00e1 de forma positiva el desempe\u00f1o profesional del solicitante, su trayectoria y desempe\u00f1o en el campo de las Ciencias ambientales.<\/li>\n<\/ul>\n<p>Ser\u00e1 importante la solicitud de matr\u00edcula oficial los siguientes documentos:<\/p>\n<ul>\n<li>Hoja de Matr\u00edcula con sus documentos adjuntos. (Anexo 1)<\/li>\n<li>Modelo 2 de datos personales (Anexo 3)<\/li>\n<li>Plan de formaci\u00f3n general y anual del doctorando (Se incorporan anualmente evidencias del control)<\/li>\n<li>Fotocopia legalizada del certificado o t\u00edtulo de graduado universitario.<\/li>\n<li><em>Curriculum vitae&nbsp;<\/em>con exposici\u00f3n de los m\u00e9ritos acad\u00e9micos y profesionales, as\u00ed como la relaci\u00f3n de los trabajos y publicaciones sobre temas conexos con el campo de las Ciencias Ambientales, debidamente acreditados.<\/li>\n<li>Carta de apoyo institucional que explicite el compromiso con el proceso de formaci\u00f3n del doctorando y el inter\u00e9s de la instituci\u00f3n a la que pertenece.<\/li>\n<li>Propuesta de tema a desarrollar conducente a la culminaci\u00f3n exitosa de su doctorado con memoria adjunta de 200 a 350<br>palabras (opcional).<\/li>\n<li>Solicitud personal de ingreso al PD.<\/li>\n<\/ul>\n<h2>Ejercicios para el ingreso<\/h2>\n<p>A partir de las solicitudes de los interesados en los formatos establecidos y con los documentos de avales y fotocopias de certificados<br> y\/o t\u00edtulos debidamente legalizados, que se presenten, los doctorandos ser\u00e1n citados en las dos semanas siguientes para la realizaci\u00f3n de las entrevistas previstas y la presentaci\u00f3n del tema de investigaci\u00f3n, el que debe estar relacionado con alguna de las l\u00edneas de investigaci\u00f3n<br>declaradas en el programa; el solicitante debe dar muestras del manejo de las herramientas inform\u00e1ticas.<\/p>\n<p>Una vez que el solicitante es aprobado por el CD, se completa su expediente y pasa a la CGC-UO para su aprobaci\u00f3n por la jefa de la<br>Instituci\u00f3n Autorizada. A partir de dicha autorizaci\u00f3n son doctorandos y se consideran matr\u00edcula del programa; momento en el que comienza suformaci\u00f3n doctoral.<\/p>\n<h1>Caracter\u00edsticas de los egresados<\/h1>\n<p>Los egresados del Doctorado son cient\u00edficos responsables y rigurosos, capaces de producir conocimientos innovadores para establecer<br>metodolog\u00edas, desarrollar tecnolog\u00edas, ofrecer productos y\/o servicios de avanzada, con impacto ambiental positivo acorto, mediano y largo<br>plazo,&nbsp;<span style=\"color: var( --e-global-color-text );font-family: var( --e-global-typography-text-font-family ), Sans-serif;font-weight: var( --e-global-typography-text-font-weight )\">Los egresados tienen capacidad para liderar proyectos de&nbsp;<\/span><span style=\"color: var( --e-global-color-text );font-family: var( --e-global-typography-text-font-family ), Sans-serif;font-weight: var( --e-global-typography-text-font-weight )\">investigaci\u00f3n o de desarrollo con beneficio social directo, as\u00ed como&nbsp;<\/span><span style=\"color: var( --e-global-color-text );font-family: var( --e-global-typography-text-font-family ), Sans-serif;font-weight: var( --e-global-typography-text-font-weight )\">habilidades para el trabajo en equipos interdisciplinarios. Mostrar\u00e1n&nbsp;<\/span><span style=\"color: var( --e-global-color-text );font-family: var( --e-global-typography-text-font-family ), Sans-serif;font-weight: var( --e-global-typography-text-font-weight )\">competencias y valores propios de un profesional comprometido con la&nbsp;<\/span><span style=\"color: var( --e-global-color-text );font-family: var( --e-global-typography-text-font-family ), Sans-serif;font-weight: var( --e-global-typography-text-font-weight )\">patria y el proceso revolucionario cubano, dotado de un alto sentido&nbsp;<\/span><span style=\"color: var( --e-global-color-text );font-family: var( --e-global-typography-text-font-family ), Sans-serif;font-weight: var( --e-global-typography-text-font-weight )\">\u00e9tico y humanista.<\/span><\/p>\n<p>De manera general deben ser capaces de:<\/p>\n<ul>\n<li>Comprender la aplicaci\u00f3n de las ciencias b\u00e1sicas y m\u00e9todos de investigaci\u00f3n interdisciplinarios en el campo de las Ciencias<br>Ambientales.<\/li>\n<li>Analizar cr\u00edticamente, con rigor y apego al m\u00e9todo cient\u00edfico los resultados y datos con herramientas avanzadas de estad\u00edstica y de procesamiento de datos, en general, conociendo las nuevas tendencias y dominio de software utilitarios espec\u00edficos de la especialidad m\u00e1s usados.<\/li>\n<li>Dise\u00f1ar experimentos, desde la identificaci\u00f3n de los problemas hasta la interpretaci\u00f3n de los resultados.<\/li>\n<li>Demostrar habilidades comunicativas tanto para presentaciones orales como escritas, considerando el rigor del lenguaje acad\u00e9mico.<\/li>\n<li>Dialogar en \u00e1mbitos cient\u00edficos y acad\u00e9micos defendiendo y argumentando cient\u00edficamente sus resultados o criterios con \u00e9tica, honestidad y responsabilidad.<\/li>\n<li>Tomar decisiones con criterio cient\u00edfico y pensamiento cr\u00edtico durante la pr\u00e1ctica investigativa o como gestor de procesos, con un amplio conocimiento del marco legal vigente.<\/li>\n<li>Dirigir y\/o asesorar investigaciones y grupos de investigaciones que contribuyan al desarrollo de la ciencia a nivel universal, y en<br>particular al desarrollo cient\u00edfico del pa\u00eds.<\/li>\n<\/ul>\n<h1>Potencial de ingreso al programa y pron\u00f3stico de la matr\u00edcula<\/h1>\n<p>Se prev\u00e9 una matr\u00edcula alta a partir de las potencialidades de la propia instituci\u00f3n y de las universidades e instituciones de la regi\u00f3n centro oriental del pa\u00eds. Adem\u00e1s, se extender\u00e1 la convocatoria a universidades de Am\u00e9rica Latina y el Caribe una vez acreditado el programa con las que se tienen convenios de colaboraci\u00f3n, y para las que resultar\u00eda atractivo este doctorado colaborativo.<\/p>\n<p>Cada convocatoria del programa, la que se libra con una frecuencia anual, selecciona los doctorandos de acuerdo con los requisitos<br>establecidos, iniciando con un m\u00ednimo de 7 y hasta 25 doctorandos. De manera particular este programa de doctorado se ha dise\u00f1ado para formar doctores en el Campo de las Ciencias Ambientales, fundamentalmente de la regi\u00f3n centro oriental de Cuba, sin excluir la posible incorporaci\u00f3n de doctorandos del resto del pa\u00eds y el extranjero.<\/p>\n<p>Existe una masa cr\u00edtica de interesados en el Doctorado en Ciencias Ambientales en universidades e instituciones ecuatorianas, peruanas,<br>mexicanas, angolanas; as\u00ed como intereses para doble titulaci\u00f3n de Universidades de Alicante- Espa\u00f1a, Instituto Polit\u00e9cnico de Portalegre-<br>Portugal, Universidad de C\u00e1diz-Espa\u00f1a y el Centro de Estudios Tecnol\u00f3gicos CEFET Angra dos Reis-Brasil.<\/p>\n<p>&nbsp;A continuaci\u00f3n, se especifica la situaci\u00f3n de la matr\u00edcula actual.<\/p>\n<p>Existen 7 doctorandos egresados del programa, de ellos 6 internos y 1 externo. Obtienen doble titulaci\u00f3n en universidades belgas 4 doctorandos.<\/p>\n<p><\/p>\t\t\t\t\t\t\t\t<\/div>\n\t\t\t\t<\/div>\n\t\t\t\t\t<\/div>\n\t\t<\/div>\n\t\t\t\t\t<\/div>\n\t\t<\/section>\n\t\t\t\t<section class=\"elementor-section elementor-top-section elementor-element elementor-element-2baa375 elementor-section-boxed elementor-section-height-default elementor-section-height-default\" data-id=\"2baa375\" data-element_type=\"section\" data-e-type=\"section\" data-settings=\"{&quot;_ha_eqh_enable&quot;:false}\">\n\t\t\t\t\t\t<div class=\"elementor-container elementor-column-gap-default\">\n\t\t\t\t\t<div class=\"elementor-column elementor-col-100 elementor-top-column elementor-element elementor-element-6887f1b\" data-id=\"6887f1b\" data-element_type=\"column\" data-e-type=\"column\">\n\t\t\t<div class=\"elementor-widget-wrap elementor-element-populated\">\n\t\t\t\t\t\t<div class=\"elementor-element elementor-element-89bf3ac ha-column-alignment-left ha-column-icon-right ha-row-alignment-left ha-row-icon-right ha-data-table-responsive-scroll-no elementor-widget elementor-widget-ha-data-table happy-addon ha-data-table\" data-id=\"89bf3ac\" data-element_type=\"widget\" data-e-type=\"widget\" data-widget_type=\"ha-data-table.default\">\n\t\t\t\t<div class=\"elementor-widget-container\">\n\t\t\t\t\t\n\t\t<table class=\"ha-table\">\n\t\t\t<thead class=\"ha-table__head\">\n\t\t\t\t<tr class=\"ha-table__head-column\">\n\t\t\t\t\t\t\t\t\t\t\t<th class=\"ha-table__head-column-cell elementor-repeater-item-d49b0c1\">\n\t\t\t\t\t\t\t<div class=\"ha-table__head-column-cell-wrap\">\n\t\t\t\t\t\t\t\t<div class=\"ha-table__head-column-cell-text\">Temas<\/div>\n\t\t\t\t\t\t\t\t\t\n\t\t\t\t\t\t\t\t\t\t\t\t\t\t\t\t<\/div>\n\t\t\t\t\t\t<\/th>\n\t\t\t\t\t\t\t\t\t\t\t<th class=\"ha-table__head-column-cell elementor-repeater-item-ece895d\">\n\t\t\t\t\t\t\t<div class=\"ha-table__head-column-cell-wrap\">\n\t\t\t\t\t\t\t\t<div class=\"ha-table__head-column-cell-text\">A\u00f1o de defensa y Tribunal<\/div>\n\t\t\t\t\t\t\t\t\t\n\t\t\t\t\t\t\t\t\t\t\t\t\t\t\t\t<\/div>\n\t\t\t\t\t\t<\/th>\n\t\t\t\t\t\t\t\t\t<\/tr>\n\t\t\t<\/thead>\n\n\t\t\t<tbody class=\"ha-table__body\">\n\t\t\t\t\t\t\t\t\t<tr class=\"ha-table__body-row\">\n\t\t\t\t\t\t\t\t\t\t\t\t\t\t<td class=\"ha-table__body-row-cell elementor-repeater-item-f561900\">\n\t\t\t\t\t\t\t\t\t<div class=\"ha-table__body-row-cell-wrap\">\n\t\t\t\t\t\t\t\t\t\t<div class=\"ha-table__body-row-cell-text\">\n\t\t\t\t\t\t\t\t\t\t\tAval CITMA Junio 2012\t\t\t\t\t\t\t\t\t\t<\/div>\n\n\t\t\t\t\t\t\t\t\t\t\n\t\t\t\t\t\t\t\t\t\t\t\t\t\t\t\t\t\t\t<\/div>\n\t\t\t\t\t\t\t\t<\/td>\n\t\t\t\t\t\t\t\t\t\t\t\t\t\t\t<td class=\"ha-table__body-row-cell elementor-repeater-item-a901f8c\">\n\t\t\t\t\t\t\t\t\t<div class=\"ha-table__body-row-cell-wrap\">\n\t\t\t\t\t\t\t\t\t\t<div class=\"ha-table__body-row-cell-text\">\n\t\t\t\t\t\t\t\t\t\t\t\tDefendi\u00f3 en 2015 Tribunal Ciencias Biol\u00f3gicas\t\t\t\t\t\t\t\t\t\t<\/div>\n\n\t\t\t\t\t\t\t\t\t\t\n\t\t\t\t\t\t\t\t\t\t\t\t\t\t\t\t\t\t\t<\/div>\n\t\t\t\t\t\t\t\t<\/td>\n\t\t\t\t\t\t\t\t\t\t\t\t<\/tr>\n\t\t\t\t\t\t\t\t\t<tr class=\"ha-table__body-row\">\n\t\t\t\t\t\t\t\t\t\t\t\t\t\t<td class=\"ha-table__body-row-cell elementor-repeater-item-65b1a2b\">\n\t\t\t\t\t\t\t\t\t<div class=\"ha-table__body-row-cell-wrap\">\n\t\t\t\t\t\t\t\t\t\t<div class=\"ha-table__body-row-cell-text\">\n\t\t\t\t\t\t\t\t\t\t\tAval CITMA Junio 2005\t\t\t\t\t\t\t\t\t\t<\/div>\n\n\t\t\t\t\t\t\t\t\t\t\n\t\t\t\t\t\t\t\t\t\t\t\t\t\t\t\t\t\t\t<\/div>\n\t\t\t\t\t\t\t\t<\/td>\n\t\t\t\t\t\t\t\t\t\t\t\t\t\t\t<td class=\"ha-table__body-row-cell elementor-repeater-item-b3bba7f\">\n\t\t\t\t\t\t\t\t\t<div class=\"ha-table__body-row-cell-wrap\">\n\t\t\t\t\t\t\t\t\t\t<div class=\"ha-table__body-row-cell-text\">\n\t\t\t\t\t\t\t\t\t\t\tDoctorado Joint UHAsselt Defendi\u00f3 en 2016 Tribunal Ciencias de la Salud\t\t\t\t\t\t\t\t\t\t<\/div>\n\n\t\t\t\t\t\t\t\t\t\t\n\t\t\t\t\t\t\t\t\t\t\t\t\t\t\t\t\t\t\t<\/div>\n\t\t\t\t\t\t\t\t<\/td>\n\t\t\t\t\t\t\t\t\t\t\t\t<\/tr>\n\t\t\t\t\t\t\t\t\t<tr class=\"ha-table__body-row\">\n\t\t\t\t\t\t\t\t\t\t\t\t\t\t<td class=\"ha-table__body-row-cell elementor-repeater-item-e8b0a97\">\n\t\t\t\t\t\t\t\t\t<div class=\"ha-table__body-row-cell-wrap\">\n\t\t\t\t\t\t\t\t\t\t<div class=\"ha-table__body-row-cell-text\">\n\t\t\t\t\t\t\t\t\t\t\tAval CITMA Junio 2008\t\t\t\t\t\t\t\t\t\t<\/div>\n\n\t\t\t\t\t\t\t\t\t\t\n\t\t\t\t\t\t\t\t\t\t\t\t\t\t\t\t\t\t\t<\/div>\n\t\t\t\t\t\t\t\t<\/td>\n\t\t\t\t\t\t\t\t\t\t\t\t\t\t\t<td class=\"ha-table__body-row-cell elementor-repeater-item-940e071\">\n\t\t\t\t\t\t\t\t\t<div class=\"ha-table__body-row-cell-wrap\">\n\t\t\t\t\t\t\t\t\t\t<div class=\"ha-table__body-row-cell-text\">\n\t\t\t\t\t\t\t\t\t\t\tDoctorado Joint UHAsselt Defendi\u00f3 en 2016  Tribunal Ciencias de la Salud\t\t\t\t\t\t\t\t\t\t<\/div>\n\n\t\t\t\t\t\t\t\t\t\t\n\t\t\t\t\t\t\t\t\t\t\t\t\t\t\t\t\t\t\t<\/div>\n\t\t\t\t\t\t\t\t<\/td>\n\t\t\t\t\t\t\t\t\t\t\t\t<\/tr>\n\t\t\t\t\t\t\t\t\t<tr class=\"ha-table__body-row\">\n\t\t\t\t\t\t\t\t\t\t\t\t\t\t<td class=\"ha-table__body-row-cell elementor-repeater-item-cb37f6c\">\n\t\t\t\t\t\t\t\t\t<div class=\"ha-table__body-row-cell-wrap\">\n\t\t\t\t\t\t\t\t\t\t<div class=\"ha-table__body-row-cell-text\">\n\t\t\t\t\t\t\t\t\t\t\tAval CITMA Junio 2014 \t\t\t\t\t\t\t\t\t\t<\/div>\n\n\t\t\t\t\t\t\t\t\t\t\n\t\t\t\t\t\t\t\t\t\t\t\t\t\t\t\t\t\t\t<\/div>\n\t\t\t\t\t\t\t\t<\/td>\n\t\t\t\t\t\t\t\t\t\t\t\t\t\t\t<td class=\"ha-table__body-row-cell elementor-repeater-item-dee1d8d\">\n\t\t\t\t\t\t\t\t\t<div class=\"ha-table__body-row-cell-wrap\">\n\t\t\t\t\t\t\t\t\t\t<div class=\"ha-table__body-row-cell-text\">\n\t\t\t\t\t\t\t\t\t\t\t\tDefensa exitosa 2017 Tribunal Ad Hoc Ciencias T\u00e9cnicas\t\t\t\t\t\t\t\t\t\t<\/div>\n\n\t\t\t\t\t\t\t\t\t\t\n\t\t\t\t\t\t\t\t\t\t\t\t\t\t\t\t\t\t\t<\/div>\n\t\t\t\t\t\t\t\t<\/td>\n\t\t\t\t\t\t\t\t\t\t\t\t<\/tr>\n\t\t\t\t\t\t\t\t\t<tr class=\"ha-table__body-row\">\n\t\t\t\t\t\t\t\t\t\t\t\t\t\t<td class=\"ha-table__body-row-cell elementor-repeater-item-42d8f92\">\n\t\t\t\t\t\t\t\t\t<div class=\"ha-table__body-row-cell-wrap\">\n\t\t\t\t\t\t\t\t\t\t<div class=\"ha-table__body-row-cell-text\">\n\t\t\t\t\t\t\t\t\t\t\tAval CITMA Junio 2014\t\t\t\t\t\t\t\t\t\t<\/div>\n\n\t\t\t\t\t\t\t\t\t\t\n\t\t\t\t\t\t\t\t\t\t\t\t\t\t\t\t\t\t\t<\/div>\n\t\t\t\t\t\t\t\t<\/td>\n\t\t\t\t\t\t\t\t\t\t\t\t\t\t\t<td class=\"ha-table__body-row-cell elementor-repeater-item-39cad46\">\n\t\t\t\t\t\t\t\t\t<div class=\"ha-table__body-row-cell-wrap\">\n\t\t\t\t\t\t\t\t\t\t<div class=\"ha-table__body-row-cell-text\">\n\t\t\t\t\t\t\t\t\t\t\tDefendi\u00f3 en 2017 Tribunal de Ciencias Agr\u00edcolas\t\t\t\t\t\t\t\t\t\t<\/div>\n\n\t\t\t\t\t\t\t\t\t\t\n\t\t\t\t\t\t\t\t\t\t\t\t\t\t\t\t\t\t\t<\/div>\n\t\t\t\t\t\t\t\t<\/td>\n\t\t\t\t\t\t\t\t\t\t\t\t<\/tr>\n\t\t\t\t\t\t\t\t\t<tr class=\"ha-table__body-row\">\n\t\t\t\t\t\t\t\t\t\t\t\t\t\t<td class=\"ha-table__body-row-cell elementor-repeater-item-22bf84c\">\n\t\t\t\t\t\t\t\t\t<div class=\"ha-table__body-row-cell-wrap\">\n\t\t\t\t\t\t\t\t\t\t<div class=\"ha-table__body-row-cell-text\">\n\t\t\t\t\t\t\t\t\t\t\tAval CITMA Junio 2014\t\t\t\t\t\t\t\t\t\t<\/div>\n\n\t\t\t\t\t\t\t\t\t\t\n\t\t\t\t\t\t\t\t\t\t\t\t\t\t\t\t\t\t\t<\/div>\n\t\t\t\t\t\t\t\t<\/td>\n\t\t\t\t\t\t\t\t\t\t\t\t\t\t\t<td class=\"ha-table__body-row-cell elementor-repeater-item-d2b9705\">\n\t\t\t\t\t\t\t\t\t<div class=\"ha-table__body-row-cell-wrap\">\n\t\t\t\t\t\t\t\t\t\t<div class=\"ha-table__body-row-cell-text\">\n\t\t\t\t\t\t\t\t\t\t\tDoctorado Joint ULeuven Defendi\u00f3 en 2018 Tribunal Ciencias Biom\u00e9dicas\t\t\t\t\t\t\t\t\t\t<\/div>\n\n\t\t\t\t\t\t\t\t\t\t\n\t\t\t\t\t\t\t\t\t\t\t\t\t\t\t\t\t\t\t<\/div>\n\t\t\t\t\t\t\t\t<\/td>\n\t\t\t\t\t\t\t\t\t\t\t\t<\/tr>\n\t\t\t\t\t\t\t\t\t<tr class=\"ha-table__body-row\">\n\t\t\t\t\t\t\t\t\t\t\t\t\t\t<td class=\"ha-table__body-row-cell elementor-repeater-item-f52da09\">\n\t\t\t\t\t\t\t\t\t<div class=\"ha-table__body-row-cell-wrap\">\n\t\t\t\t\t\t\t\t\t\t<div class=\"ha-table__body-row-cell-text\">\n\t\t\t\t\t\t\t\t\t\t\tAval CITMA Junio 2016\t\t\t\t\t\t\t\t\t\t<\/div>\n\n\t\t\t\t\t\t\t\t\t\t\n\t\t\t\t\t\t\t\t\t\t\t\t\t\t\t\t\t\t\t<\/div>\n\t\t\t\t\t\t\t\t<\/td>\n\t\t\t\t\t\t\t\t\t\t\t\t\t\t\t<td class=\"ha-table__body-row-cell elementor-repeater-item-3b864af\">\n\t\t\t\t\t\t\t\t\t<div class=\"ha-table__body-row-cell-wrap\">\n\t\t\t\t\t\t\t\t\t\t<div class=\"ha-table__body-row-cell-text\">\n\t\t\t\t\t\t\t\t\t\t\tDoctorado Joint UHAsselt Defendi\u00f3 en 2019 Tribunal Ciencias Biol\u00f3gicas\t\t\t\t\t\t\t\t\t\t<\/div>\n\n\t\t\t\t\t\t\t\t\t\t\n\t\t\t\t\t\t\t\t\t\t\t\t\t\t\t\t\t\t\t<\/div>\n\t\t\t\t\t\t\t\t<\/td>\n\t\t\t\t\t\t\t\t\t\t\t\t<\/tr>\n\t\t\t\t\t\t\t<\/tbody>\n\t\t<\/table>\n\n\t\t\t\t\t\t<\/div>\n\t\t\t\t<\/div>\n\t\t\t\t\t<\/div>\n\t\t<\/div>\n\t\t\t\t\t<\/div>\n\t\t<\/section>\n\t\t\t\t<section class=\"elementor-section elementor-top-section elementor-element elementor-element-3c67476 elementor-section-boxed elementor-section-height-default elementor-section-height-default\" data-id=\"3c67476\" data-element_type=\"section\" data-e-type=\"section\" data-settings=\"{&quot;_ha_eqh_enable&quot;:false}\">\n\t\t\t\t\t\t<div class=\"elementor-container elementor-column-gap-default\">\n\t\t\t\t\t<div class=\"elementor-column elementor-col-100 elementor-top-column elementor-element elementor-element-0df933d\" data-id=\"0df933d\" data-element_type=\"column\" data-e-type=\"column\">\n\t\t\t<div class=\"elementor-widget-wrap elementor-element-populated\">\n\t\t\t\t\t\t<div class=\"elementor-element elementor-element-5616ad8 elementor-widget elementor-widget-text-editor\" data-id=\"5616ad8\" data-element_type=\"widget\" data-e-type=\"widget\" data-widget_type=\"text-editor.default\">\n\t\t\t\t<div class=\"elementor-widget-container\">\n\t\t\t\t\t\t\t\t\t<p>Actualmente el programa tiene mayor alcance en la regi\u00f3n oriental, \ncon participantes de las Universidades de Oriente, Las Tunas y \nGuant\u00e1namo, en esta \u00faltima se ha creado un aula con una matr\u00edcula que \nbeneficia a varias entidades locales (GeoCuba, Recursos Hidr\u00e1ulicos, \nCITMA, Empresa Agroforestal, Copextel). En la matr\u00edcula hay \nprofesionales de Las Tunas, Bayamo y Santiago de Cuba de entidades \npertenecientes al CITMA, Empresa para la Conservaci\u00f3n de la Flora y \nFauna, Administraci\u00f3n Portuaria y Materia Prima. Actualmente se gestiona\n la incorporaci\u00f3n de profesionales de Camag\u00fcey, donde existe un \nlevantamiento de al menos 74 profesionales.<\/p>\n\n\n\n<p>Se trabaja de forma integrada con las Escuelas de Formaci\u00f3n Doctoral \n(EFD) de las diferentes Universidades, y en conciliaci\u00f3n con las \ndelegaciones del CITMA, INRH y GeoCuba para garantizar la sostenibilidad\n del programa. Los doctorandos que seg\u00fan el sistema de selecci\u00f3n no \ncumplen los requisitos al momento, quedan con el diagn\u00f3stico realizado \npor el programa, para futuras convocatorias. El pron\u00f3stico actual de \nmatr\u00edcula es de 25 por a\u00f1o.<\/p>\n\n\n\n<h1>Particularidades para el ingreso y conducci\u00f3n de doctorandos extranjeros<\/h1>\n\n\n\n<p>Se tienen en cuenta las normativas establecidas por la Comisi\u00f3n Nacional de Grados Cient\u00edficos para los doctorandos extranjeros.<\/p><p><\/p>\t\t\t\t\t\t\t\t<\/div>\n\t\t\t\t<\/div>\n\t\t\t\t\t<\/div>\n\t\t<\/div>\n\t\t\t\t\t<\/div>\n\t\t<\/section>\n\t\t\t\t<\/div>\n\t\t","protected":false},"excerpt":{"rendered":"<p>\/*! elementor &#8211; v3.18.0 &#8211; 20-12-2023 *\/ .elementor-heading-title{padding:0;margin:0;line-height:1}.elementor-widget-heading .elementor-heading-title[class*=elementor-size-]&gt;a{color:inherit;font-size:inherit;line-height:inherit}.elementor-widget-heading .elementor-heading-title.elementor-size-small{font-size:15px}.elementor-widget-heading .elementor-heading-title.elementor-size-medium{font-size:19px}.elementor-widget-heading .elementor-heading-title.elementor-size-large{font-size:29px}.elementor-widget-heading .elementor-heading-title.elementor-size-xl{font-size:39px}.elementor-widget-heading .elementor-heading-title.elementor-size-xxl{font-size:59px} Perfil de ingreso de los doctorandos. &hellip; <\/p>\n","protected":false},"author":937,"featured_media":0,"parent":0,"menu_order":0,"comment_status":"closed","ping_status":"closed","template":"elementor_header_footer","meta":{"_uag_custom_page_level_css":"","ngg_post_thumbnail":0,"footnotes":""},"class_list":["post-2368","page","type-page","status-publish","hentry"],"uagb_featured_image_src":{"full":false,"thumbnail":false,"medium":false,"medium_large":false,"large":false,"1536x1536":false,"2048x2048":false,"education-zone-banner":false,"education-zone-image-full":false,"education-zone-image":false,"education-zone-recent-post":false,"education-zone-search-result":false,"education-zone-featured-course":false,"education-zone-testimonial":false,"education-zone-blog-full":false},"uagb_author_info":{"display_name":"doctoradocienciasambientales","author_link":"https:\/\/blogs.uo.edu.cu\/doctoradocienciasambientales\/author\/doctoradocienciasambientales\/"},"uagb_comment_info":0,"uagb_excerpt":"\/*! elementor &#8211; v3.18.0 &#8211; 20-12-2023 *\/ .elementor-heading-title{padding:0;margin:0;line-height:1}.elementor-widget-heading .elementor-heading-title[class*=elementor-size-]&gt;a{color:inherit;font-size:inherit;line-height:inherit}.elementor-widget-heading .elementor-heading-title.elementor-size-small{font-size:15px}.elementor-widget-heading .elementor-heading-title.elementor-size-medium{font-size:19px}.elementor-widget-heading .elementor-heading-title.elementor-size-large{font-size:29px}.elementor-widget-heading .elementor-heading-title.elementor-size-xl{font-size:39px}.elementor-widget-heading .elementor-heading-title.elementor-size-xxl{font-size:59px} Perfil de ingreso de los doctorandos. &hellip;","_links":{"self":[{"href":"https:\/\/blogs.uo.edu.cu\/doctoradocienciasambientales\/wp-json\/wp\/v2\/pages\/2368","targetHints":{"allow":["GET"]}}],"collection":[{"href":"https:\/\/blogs.uo.edu.cu\/doctoradocienciasambientales\/wp-json\/wp\/v2\/pages"}],"about":[{"href":"https:\/\/blogs.uo.edu.cu\/doctoradocienciasambientales\/wp-json\/wp\/v2\/types\/page"}],"author":[{"embeddable":true,"href":"https:\/\/blogs.uo.edu.cu\/doctoradocienciasambientales\/wp-json\/wp\/v2\/users\/937"}],"replies":[{"embeddable":true,"href":"https:\/\/blogs.uo.edu.cu\/doctoradocienciasambientales\/wp-json\/wp\/v2\/comments?post=2368"}],"version-history":[{"count":24,"href":"https:\/\/blogs.uo.edu.cu\/doctoradocienciasambientales\/wp-json\/wp\/v2\/pages\/2368\/revisions"}],"predecessor-version":[{"id":2821,"href":"https:\/\/blogs.uo.edu.cu\/doctoradocienciasambientales\/wp-json\/wp\/v2\/pages\/2368\/revisions\/2821"}],"wp:attachment":[{"href":"https:\/\/blogs.uo.edu.cu\/doctoradocienciasambientales\/wp-json\/wp\/v2\/media?parent=2368"}],"curies":[{"name":"wp","href":"https:\/\/api.w.org\/{rel}","templated":true}]}}