{"id":2442,"date":"2022-03-02T18:39:55","date_gmt":"2022-03-02T17:39:55","guid":{"rendered":"https:\/\/blogs.uo.edu.cu\/doctoradocienciasambientales\/?page_id=2442"},"modified":"2024-02-06T17:08:55","modified_gmt":"2024-02-06T16:08:55","slug":"grupo-antonio-nunez-jimenez","status":"publish","type":"page","link":"https:\/\/blogs.uo.edu.cu\/doctoradocienciasambientales\/grupo-antonio-nunez-jimenez\/","title":{"rendered":"Grupo Antonio N\u00fa\u00f1ez Jim\u00e9nez"},"content":{"rendered":"\n<p>Listado de Tema, Tutores y Oponentes<\/p>\n\n\n\n<figure class=\"wp-block-table is-style-stripes\"><table><tbody><tr><td><strong>Autor<\/strong> <strong>y<\/strong> <strong>Tutores<\/strong><\/td><td><strong>Tema<\/strong><\/td><td><strong>Oponentes<\/strong><\/td><\/tr><tr><td>Karina Silveira Martineaux &#8211; <br><em>Dr.C. Angel L. Brito\/ Dr.C. Ronney Mancebo<\/em><\/td><td>Gesti\u00f3n integrada de residuos s\u00f3lidos urbanos y obtenci\u00f3n de fuentes sostenibles de energ\u00eda<\/td><td><em>Dra.C. Maritza Mari\u00f1o Cala<\/em><\/td><\/tr><tr><td>Daniel Vuelta Lorenzo &#8211; <br><em>Dra.C. Siannah M\u00e1s Diego<\/em><\/td><td>Efectos de los hongos micorr\u00edzicos arbusculares en combinaci\u00f3n con la irrigaci\u00f3n con ATM en el control biol\u00f3gico de <em>M. incognita<\/em><\/td><td><em>Dra.C. Albys Ferrer Dubois<\/em><\/td><\/tr><tr><td>Belyani Vargas Bati &#8211; <br><em>Dra.C. Yohannia Pupo<\/em><\/td><td>Bioestimulantes a partir de tres especies del g\u00e9nero <em>Cleome<\/em>: validaci\u00f3n, producci\u00f3n y comercializaci\u00f3n<\/td><td><em>Dra.C. Yil\u00e1n Fung Boix<\/em><\/td><\/tr><tr><td>Emilio Veit\u00eda Cand\u00f3 &#8211; <br><em>Dra.C. Liliana Gomez Luna<\/em><\/td><td>Evaluaci\u00f3n de cianobacterias diaz\u00f3trofas nativas en la respuesta agron\u00f3mica de variedades de arroz (<em>Oriza sativa<\/em> L.)<\/td><td><em>Dr.C. Claudio Carracedo Gonz\u00e1lez<\/em><\/td><\/tr><tr><td>Calixto Mass\u00f3 Bizet &#8211; <br><em>Dr.C. Alejandro Zapata\/ Dr.C. Happy Salas<\/em><\/td><td>Valores de los bienes, servicios y da\u00f1os ecosist\u00e9micos en la bah\u00eda de Santiago de Cuba<\/td><td><em>Dra.C. Rosario Le\u00f3n Robaina<\/em><\/td><\/tr><tr><td>Euclides Fornaris Gomez &#8211; <br><em>Dr.C. Orlando Joel Reyes Dom\u00ednguez\/ Dra.C. Luz Margarita Figueredo Cardona<\/em><\/td><td>Din\u00e1mica funcional de las principales formaciones boscosas de la Sierra Maestra<\/td><td><em>Dr.C Arturo Salmer\u00f3n<\/em><em><\/em><\/td><\/tr><tr><td>Alberto Beyris Mazar &#8211; <br><em>Dr.C. Abelardo Planas Fajardo<\/em><\/td><td>Modelaci\u00f3n del uso del suelo en reservas de la biosfera<\/td><td><em>Dr.C. Alexis P\u00e9rez Figueredo<\/em><\/td><\/tr><tr><td>Jos\u00e9 Carlos Rodr\u00edguez Tito  &#8211;<em>Dra.C. Liliana Gomez\/ Dra.C. Ann Cuypers<\/em><\/td><td>Presencia de cianobacterias t\u00f3xicas y cianotoxinas en embalses de agua del oriente cubano: factores ambientales asociados<\/td><td><em>Dr.C. Alexis P\u00e9rez Figueredo\/ Dra.C. Alina Gonz\u00e1lez Mara\u00f1\u00f3n<\/em><em><\/em><\/td><\/tr><tr><td>Giraldo Acosta Alcolea &#8211; <br><em>Dr.C. \u00a0Dra.C. Yilian Rodr\u00edguez Clavijo\/ Dra.C. Anieska Baz\u00e1n<\/em><\/td><td>Modelo de gesti\u00f3n integrada de agroecosistemas en el \u00e1rea protegida de recursos manejados Baconao<\/td><td><em>Dra.C. Luz Margarita Figueredo<\/em><\/td><\/tr><tr><td>Arianna Gonz\u00e1lez Rodr\u00edguez- <em>Dra.C. Luz Margarita Figueredo\/<\/em> <em>Dr.C. Nicasio Vi\u00f1a<\/em><\/td><td>Matorrales cact\u00e1ceos de Cuba: Integridad, Vulnerabilidad y Resiliencia en el contexto ambiental actual<\/td><td><em>Dr.C. Arturo Salmer\u00f3n<\/em><\/td><\/tr><\/tbody><\/table><\/figure>\n","protected":false},"excerpt":{"rendered":"<p>Listado de Tema, Tutores y Oponentes Autor y Tutores Tema Oponentes Karina Silveira Martineaux &#8211; Dr.C. Angel L. Brito\/ Dr.C. &hellip; <\/p>\n","protected":false},"author":937,"featured_media":0,"parent":0,"menu_order":0,"comment_status":"closed","ping_status":"closed","template":"","meta":{"_uag_custom_page_level_css":"","ngg_post_thumbnail":0,"footnotes":""},"class_list":["post-2442","page","type-page","status-publish","hentry"],"uagb_featured_image_src":{"full":false,"thumbnail":false,"medium":false,"medium_large":false,"large":false,"1536x1536":false,"2048x2048":false,"education-zone-banner":false,"education-zone-image-full":false,"education-zone-image":false,"education-zone-recent-post":false,"education-zone-search-result":false,"education-zone-featured-course":false,"education-zone-testimonial":false,"education-zone-blog-full":false},"uagb_author_info":{"display_name":"doctoradocienciasambientales","author_link":"https:\/\/blogs.uo.edu.cu\/doctoradocienciasambientales\/author\/doctoradocienciasambientales\/"},"uagb_comment_info":0,"uagb_excerpt":"Listado de Tema, Tutores y Oponentes Autor y Tutores Tema Oponentes Karina Silveira Martineaux &#8211; Dr.C. Angel L. Brito\/ Dr.C. &hellip;","_links":{"self":[{"href":"https:\/\/blogs.uo.edu.cu\/doctoradocienciasambientales\/wp-json\/wp\/v2\/pages\/2442","targetHints":{"allow":["GET"]}}],"collection":[{"href":"https:\/\/blogs.uo.edu.cu\/doctoradocienciasambientales\/wp-json\/wp\/v2\/pages"}],"about":[{"href":"https:\/\/blogs.uo.edu.cu\/doctoradocienciasambientales\/wp-json\/wp\/v2\/types\/page"}],"author":[{"embeddable":true,"href":"https:\/\/blogs.uo.edu.cu\/doctoradocienciasambientales\/wp-json\/wp\/v2\/users\/937"}],"replies":[{"embeddable":true,"href":"https:\/\/blogs.uo.edu.cu\/doctoradocienciasambientales\/wp-json\/wp\/v2\/comments?post=2442"}],"version-history":[{"count":4,"href":"https:\/\/blogs.uo.edu.cu\/doctoradocienciasambientales\/wp-json\/wp\/v2\/pages\/2442\/revisions"}],"predecessor-version":[{"id":2902,"href":"https:\/\/blogs.uo.edu.cu\/doctoradocienciasambientales\/wp-json\/wp\/v2\/pages\/2442\/revisions\/2902"}],"wp:attachment":[{"href":"https:\/\/blogs.uo.edu.cu\/doctoradocienciasambientales\/wp-json\/wp\/v2\/media?parent=2442"}],"curies":[{"name":"wp","href":"https:\/\/api.w.org\/{rel}","templated":true}]}}