{"id":2643,"date":"2022-09-02T16:28:41","date_gmt":"2022-09-02T14:28:41","guid":{"rendered":"https:\/\/blogs.uo.edu.cu\/doctoradocienciasambientales\/?page_id=2643"},"modified":"2024-01-23T18:20:35","modified_gmt":"2024-01-23T17:20:35","slug":"objetivos-del-programa","status":"publish","type":"page","link":"https:\/\/blogs.uo.edu.cu\/doctoradocienciasambientales\/objetivos-del-programa\/","title":{"rendered":"Objetivos del Programa"},"content":{"rendered":"\n<h2 class=\"wp-block-heading\">Objetivo general<\/h2>\n\n\n\n<ul class=\"wp-block-list\">\n<li>Formar investigadores y l\u00edderes cient\u00edficos con una profunda formaci\u00f3n \u00e9tico-humanista, cr\u00edticos e independientes, que tributen a las \u00e1reas del conocimiento de las Ciencias T\u00e9cnicas, Biol\u00f3gicas y Agropecuarias, preparados para el abordaje de investigaciones inter y transdisciplinares, con s\u00f3lidos conocimientos te\u00f3ricos y habilidades pr\u00e1cticas en el \u00e1mbito de las Ciencias Ambientales, que contribuyan a la gesti\u00f3n integrada de ecosistemas y recursos enfocada a la mitigaci\u00f3n de impactos, con \u00e9nfasis en la adaptaci\u00f3n y mitigaci\u00f3n del cambio clim\u00e1tico, la gesti\u00f3n de riesgos y el desarrollo de tecnolog\u00edas para dar soluci\u00f3n a problemas ambientales complejos, garantizando la sostenibilidad de los ecosistemas y asentamientos humanos,\u00a0en funci\u00f3n de un\u00a0desarrollo resiliente.<\/li>\n<\/ul>\n\n\n\n<hr class=\"wp-block-separator has-alpha-channel-opacity is-style-default\" \/>\n\n\n\n<h2 class=\"wp-block-heading\">Objetivos espec\u00edficos del Programa<\/h2>\n\n\n\n<ul class=\"wp-block-list\">\n<li>Formar doctores (investigadores, profesionales en general y l\u00edderes cient\u00edficos) con s\u00f3lidos conocimientos cient\u00edficos inter y transdisciplinarios en el \u00e1rea de las Ciencias Ambientales, que trasciendan al plano aptitudinal y a los modos de actuar, capaces de gestionar procesos ambientales con miras a la conservaci\u00f3n y uso sostenible de los recursos naturales, preparados para integrar o liderar grupos interdisciplinarios que enfrenten los complejos problemas ambientales, dando respuesta a las demandas sociales.<\/li>\n<\/ul>\n\n\n\n<ul class=\"wp-block-list\">\n<li>Generar nuevos conocimientos cient\u00edficos y capacidades institucionales para dar soluci\u00f3n a los problemas ambientales priorizados en Cuba, que contribuyan a la adaptaci\u00f3n y mitigaci\u00f3n del cambio clim\u00e1tico, a la elevaci\u00f3n de la calidad de vida, la sostenibilidad de los recursos naturales, ecosistemas y asentamientos humanos, con \u00e9nfasis en la regi\u00f3n oriental del pa\u00eds, con un enfoque integrado, cr\u00edtico e innovador.<\/li>\n<\/ul>\n\n\n\n<ul class=\"wp-block-list\">\n<li>Desarrollar tecnolog\u00edas basadas en procesos ambientales, teniendo en cuenta los conflictos generados por el nuevo escenario ambiental, en funci\u00f3n del bienestar humano y el desarrollo sostenible, sin comprometer la calidad de los servicios ambientales.<\/li>\n<\/ul>\n\n\n\n<ul class=\"wp-block-list\">\n<li>Contribuir al desarrollo y transformaci\u00f3n de la percepci\u00f3n ambiental para la interpretaci\u00f3n hol\u00edstica de los problemas ambientales en su contexto, desde la perspectiva del desarrollo sostenible, que trascienda a los modos de actuaci\u00f3n.<\/li>\n<\/ul>\n","protected":false},"excerpt":{"rendered":"<p>Objetivo general Objetivos espec\u00edficos del Programa<\/p>\n","protected":false},"author":937,"featured_media":0,"parent":0,"menu_order":0,"comment_status":"closed","ping_status":"closed","template":"elementor_header_footer","meta":{"_uag_custom_page_level_css":"","ngg_post_thumbnail":0,"footnotes":""},"class_list":["post-2643","page","type-page","status-publish","hentry"],"uagb_featured_image_src":{"full":false,"thumbnail":false,"medium":false,"medium_large":false,"large":false,"1536x1536":false,"2048x2048":false,"education-zone-banner":false,"education-zone-image-full":false,"education-zone-image":false,"education-zone-recent-post":false,"education-zone-search-result":false,"education-zone-featured-course":false,"education-zone-testimonial":false,"education-zone-blog-full":false},"uagb_author_info":{"display_name":"doctoradocienciasambientales","author_link":"https:\/\/blogs.uo.edu.cu\/doctoradocienciasambientales\/author\/doctoradocienciasambientales\/"},"uagb_comment_info":0,"uagb_excerpt":"Objetivo general Objetivos espec\u00edficos del Programa","_links":{"self":[{"href":"https:\/\/blogs.uo.edu.cu\/doctoradocienciasambientales\/wp-json\/wp\/v2\/pages\/2643","targetHints":{"allow":["GET"]}}],"collection":[{"href":"https:\/\/blogs.uo.edu.cu\/doctoradocienciasambientales\/wp-json\/wp\/v2\/pages"}],"about":[{"href":"https:\/\/blogs.uo.edu.cu\/doctoradocienciasambientales\/wp-json\/wp\/v2\/types\/page"}],"author":[{"embeddable":true,"href":"https:\/\/blogs.uo.edu.cu\/doctoradocienciasambientales\/wp-json\/wp\/v2\/users\/937"}],"replies":[{"embeddable":true,"href":"https:\/\/blogs.uo.edu.cu\/doctoradocienciasambientales\/wp-json\/wp\/v2\/comments?post=2643"}],"version-history":[{"count":10,"href":"https:\/\/blogs.uo.edu.cu\/doctoradocienciasambientales\/wp-json\/wp\/v2\/pages\/2643\/revisions"}],"predecessor-version":[{"id":2848,"href":"https:\/\/blogs.uo.edu.cu\/doctoradocienciasambientales\/wp-json\/wp\/v2\/pages\/2643\/revisions\/2848"}],"wp:attachment":[{"href":"https:\/\/blogs.uo.edu.cu\/doctoradocienciasambientales\/wp-json\/wp\/v2\/media?parent=2643"}],"curies":[{"name":"wp","href":"https:\/\/api.w.org\/{rel}","templated":true}]}}