{"id":2669,"date":"2022-09-02T17:50:43","date_gmt":"2022-09-02T15:50:43","guid":{"rendered":"https:\/\/blogs.uo.edu.cu\/doctoradocienciasambientales\/?page_id=2669"},"modified":"2024-01-23T18:28:52","modified_gmt":"2024-01-23T17:28:52","slug":"instituciones-involucradas","status":"publish","type":"page","link":"https:\/\/blogs.uo.edu.cu\/doctoradocienciasambientales\/instituciones-involucradas\/","title":{"rendered":"Instituciones involucradas"},"content":{"rendered":"\n<h2 class=\"wp-block-heading has-vivid-red-color has-text-color\">Instituciones participantes<\/h2>\n\n\n\n<p>Las instituciones participantes que acompa\u00f1an a la UO en este programa son BIOECO y la Universidad de Guant\u00e1namo, su modo de participaci\u00f3n se presenta a continuaci\u00f3n:<\/p>\n\n\n\n<figure class=\"wp-block-table\"><table><tbody><tr><td><strong>INSTITUCI\u00d3N<\/strong><\/td><td><strong>DESCRIPCI\u00d3N DE SU PARTICIPACI\u00d3N EN EL PROGRAMA<\/strong><\/td><\/tr><tr><td>1. Centro Oriental de Ecosistemas y Biodiversidad (BIOECO)-Cuba<\/td><td>Participa a trav\u00e9s de la inserci\u00f3n de 5 tutores, tribunales, asesores, 1 colaborador y 12 doctorandos en diferentes l\u00edneas de investigaci\u00f3n del programa. Aporta l\u00edderes cient\u00edficos para la l\u00ednea<strong><em><strong>\u00a0Gesti\u00f3n integrada de recursos naturales para la mitigaci\u00f3n de impactos medioambientales. <\/strong><\/em><\/strong>Tres proyectos<strong>\u00a0<\/strong>de esta instituci\u00f3n soportan la formaci\u00f3n doctoral (ver ac\u00e1pite 8.5), adem\u00e1s de una plataforma de investigaci\u00f3n que incluye laboratorios, insumos, equipamiento, software para poyar la investigaci\u00f3n doctoral. Aporta un miembro al Comit\u00e9 Doctoral, doctorandos, tutores, tribunales y oponentes. Colabora en el desarrollo de eventos cient\u00edficos y proyectos de investigaci\u00f3n.<\/td><\/tr><tr><td>2. Universidad de Guant\u00e1namo<\/td><td>Participa a trav\u00e9s de la inserci\u00f3n de 5 tutores, tribunales, asesores, as\u00ed como 4 doctorandos propios y 15 de entidades locales, insertados en las l\u00edneas de investigaci\u00f3n del programa. Aporta l\u00edderes cient\u00edficos a la l\u00ednea<strong><em><strong>\u00a0Gesti\u00f3n de riesgos y espacios de riesgos <\/strong><\/em><\/strong>con seis proyectos que soportan la formaci\u00f3n doctoral (ver ac\u00e1pite 8.5), aulas y equipamiento. Aporta un miembro al Comit\u00e9 Doctoral, doctorandos, tutores, tribunales y oponentes, y apoyo en la coordinaci\u00f3n de actividades conjuntas. Colabora en el desarrollo de eventos cient\u00edficos y proyectos de investigaci\u00f3n.<\/td><\/tr><\/tbody><\/table><\/figure>\n\n\n\n<h2 class=\"wp-block-heading has-vivid-red-color has-text-color\">Instituciones colaboradoras<\/h2>\n\n\n\n<p>A continuaci\u00f3n, se listan las 13 instituciones colaboradoras, as\u00ed como las l\u00edneas y tem\u00e1ticas espec\u00edficas en las que participan:<\/p>\n\n\n\n<figure class=\"wp-block-table\"><table><tbody><tr><td><strong>Instituci\u00f3n<\/strong><\/td><td><strong>Nivel<\/strong><\/td><td><strong>L\u00ednea (s) en la que participa<\/strong><\/td><td><strong>Forma de colaboraci\u00f3n<\/strong><\/td><\/tr><tr><td>1. Universidad de Hasselt (UHasselt, B\u00e9lgica), Centro de Estudios Ambientales-B\u00e9lgica<\/td><td>Internacional<strong><em><\/em><\/strong><\/td><td>Tecnolog\u00eda Ambiental, Bioprocesos y Bioenerg\u00eda Gesti\u00f3n integrada de recursos naturales para la mitigaci\u00f3n de impactos medioambientales &nbsp;<\/td><td>Participa a trav\u00e9s de la inserci\u00f3n de tutores, tribunales y asesores; financia estancias de investigaci\u00f3n a trav\u00e9s del proyecto VLIR o del fondo propio. Pone a disposici\u00f3n la plataforma investigativa de que dispone y la infraestructura para an\u00e1lisis ambientales con t\u00e9cnicas avanzadas. Ha formado 3 doctores en cotutela. Contribuye con la actualizaci\u00f3n bibliogr\u00e1fica. Apoya las acciones de la UO para fortalecer la infraestructura y en general la plataforma de investigaci\u00f3n propia que sostiene al doctorado. Se vincula fundamentalmente con t\u00f3picos relacionados con la biodiversidad, calidad ambiental; Qu\u00edmica ambiental, Ecotoxicolog\u00eda; gesti\u00f3n de la Contaminaci\u00f3n; desarrollo de tecnolog\u00edas integradas para la producci\u00f3n de alimentos, y la sostenibilidad de recursos naturales, adaptaci\u00f3n y mitigaci\u00f3n al cambio clim\u00e1tico, espec\u00edficamente a trav\u00e9s del Centro de Estudios Ambientales de dicha Universidad. Actualmente contribuye con la formaci\u00f3n intensiva de 3 doctorandos que utilizan sus recursos e infraestructura y acciones posdoctorales. Incorpora un miembro al comit\u00e9 doctoral.<\/td><\/tr><tr><td>2. Universidad de Alicante<\/td><td>Internacional<\/td><td>Gesti\u00f3n integrada de recursos naturales para la mitigaci\u00f3n de impactos medioambientales<\/td><td>Participa a trav\u00e9s de la inserci\u00f3n de 2 tutores y tribunales. Se ha firmado un convenio que incluye la doble titulaci\u00f3n o modalidad de cotutela. Las cotutelas ser\u00e1n en temas relacionados con la gesti\u00f3n integrada de recursos naturales, y conservaci\u00f3n de los ecosistemas. Contribuye con la actualizaci\u00f3n bibliogr\u00e1fica y con su plataforma de investigaci\u00f3n, que pone a disposici\u00f3n a trav\u00e9s de estancias de investigaci\u00f3n y el desarrollo de proyectos conjuntos. En estos momentos se vincula con dos cotutelas internacionales.<\/td><\/tr><tr><td>3. Centro Federal de Educaci\u00f3n Tecnol\u00f3gica de R\u00edo de Janeiro (CEFET\/RJ)\u00a0-Brasil<\/td><td>Internacional<\/td><td>Tecnolog\u00eda ambiental Bioprocesos y bioenerg\u00eda<\/td><td>Participa con la inserci\u00f3n de un tutor y un asesor que trabajan con doctorandos del PD. Apoyan metodol\u00f3gicamente, con bibliograf\u00eda, proyectos en desarrollo, y la creaci\u00f3n de una red CYTED, que est\u00e1 en proceso de gesti\u00f3n. Privilegia temas relacionados con la sostenibilidad energ\u00e9tica, bioenerg\u00eda y medioambiente y la gesti\u00f3n de la contaminaci\u00f3n. Ofrece entrenamientos no presenciales a los doctorandos a cargo y apoya futuras acciones de movilidad y celebraci\u00f3n de eventos cient\u00edficos del PD. Pone adem\u00e1s a disposici\u00f3n la plataforma de investigaci\u00f3n institucional.<\/td><\/tr><tr><td>4. Universidad de C\u00e1diz<\/td><td>Internacional<\/td><td>Gesti\u00f3n integrada de recursos naturales para la mitigaci\u00f3n de impactos medioambientales<\/td><td>Se participa a trav\u00e9s de la incorporaci\u00f3n de un tutor para cotutela. Apoya con toda su plataforma investigativa. Garantiza estancias de investigaci\u00f3n para la formaci\u00f3n doctoral.<\/td><\/tr><tr><td>5. Universidad Nacional de Nicaragua<\/td><td>Internacional<\/td><td>Gesti\u00f3n de riesgos para el desarrollo<\/td><td>Participa a trav\u00e9s de la incorporaci\u00f3n de un tutor, contribuye a la actualizaci\u00f3n regional en la tem\u00e1tica de riesgos, a partir de recursos en redes, debido a la experticia del doctor involucrado.<\/td><\/tr><tr><td>6. Instituto Nacional de Meteorolog\u00eda<\/td><td>Nacional<\/td><td>Gesti\u00f3n integrada de recursos naturales para la mitigaci\u00f3n de impactos medioambientales<\/td><td>Aporta tres tutores y\/o asesores en las subl\u00edneas: gesti\u00f3n de riesgos y de espacios de riesgo, adaptaci\u00f3n y mitigaci\u00f3n al cambio clim\u00e1tico y calidad ambiental y desarrollo sostenible. Ofrece apoyo a trav\u00e9s de proyectos de investigaci\u00f3n, equipamiento, tecnolog\u00eda disponible y acceso a literatura especializada. Incorpora doctorandos del INSMET Santiago de Cuba, Guant\u00e1namo y Las Tunas.<\/td><\/tr><tr><td>7. CITMA<\/td><td>Nacional &nbsp;<\/td><td>Gesti\u00f3n integrada de recursos naturales para la mitigaci\u00f3n de impactos medioambientales<\/td><td>Aporta diez tutores pertenecientes a las delegaciones y centros de investigaci\u00f3n de Santiago, Guant\u00e1namo, Camag\u00fcey, y de la AMA. Pone a disposici\u00f3n infraestructura desde los centros de investigaci\u00f3n adscriptos: BIOECO, INSMET, CIGET, CIMAC. Se colabora con el programa de doctorado en temas como la adaptaci\u00f3n y mitigaci\u00f3n al cambio clim\u00e1tico, gesti\u00f3n de riesgo y espacios de riesgo, gesti\u00f3n integrada de recursos naturales, conservaci\u00f3n de los ecosistemas y preservaci\u00f3n del patrimonio natural de Cuba, calidad ambiental y desarrollo sostenible y gesti\u00f3n de la Contaminaci\u00f3n. Incorpora adem\u00e1s doctorandos, los que se vinculan con proyectos de investigaci\u00f3n que desarrollan sus entidades. Ofrece apoyo log\u00edstico al doctorado y colabora con la gesti\u00f3n de proyectos. Apoya ejercicios pr\u00e1cticos y monitoreos. Financia proyectos que soportan la formaci\u00f3n doctoral.<\/td><\/tr><tr><td>8. Centro de Investigaciones Marinas (UH).<\/td><td>Nacional<\/td><td>Gesti\u00f3n integrada de recursos naturales para la mitigaci\u00f3n de impactos medioambientales<\/td><td>Colabora a trav\u00e9s de la inserci\u00f3n de un tutor, asesor al PD en el t\u00f3pico de gesti\u00f3n integrada de recursos naturales, conservaci\u00f3n de los ecosistemas y preservaci\u00f3n del patrimonio natural de Cuba. Existe participaci\u00f3n como \u00e1rbitros y\/o editores tem\u00e1ticos de la Revista de Investigaciones Marinas del CIM. Ofrece apoyo desde su plataforma de publicaci\u00f3n, garantiza acceso a literatura especializada.<\/td><\/tr><tr><td>9. GEOCUBA<\/td><td>Territorial<\/td><td>Gesti\u00f3n integrada de recursos naturales para la mitigaci\u00f3n de impactos medioambientales Gesti\u00f3n integrada de recursos naturales para la mitigaci\u00f3n de impactos medioambientales Gesti\u00f3n de riesgos para el desarrollo Tecnolog\u00eda Ambiental, Bioprocesos y Bioenerg\u00eda<\/td><td>Ofrece colaboraci\u00f3n en gesti\u00f3n de informaci\u00f3n, disponibilidad de material cartogr\u00e1fico, informaci\u00f3n especializada, financiamiento y co-ejecuci\u00f3n de proyectos que soportan la formaci\u00f3n doctoral y en general recursos para el desarrollo de investigaciones. Ofrece apoyo log\u00edstico. Apoya ejercicios pr\u00e1cticos y monitoreos, y con Servicios Cient\u00edfico T\u00e9cnicos.\u00a0Colabora con el desarrollo de eventos cient\u00edficos. Incorpora doctorandos al programa.<\/td><\/tr><tr><td>10. INRH Guant\u00e1namo<\/td><td>Territorial<\/td><td>\u00a0Gesti\u00f3n integrada de recursos naturales para la mitigaci\u00f3n de impactos medioambientales<br>Gesti\u00f3n integrada de recursos naturales para la mitigaci\u00f3n de impactos medioambientales<br>Gesti\u00f3n de riesgos para el desarrollo<\/td><td>Aporta recursos y data experimental que fortalece la l\u00ednea de gesti\u00f3n de ecosistemas y recursos y la gesti\u00f3n del riesgo para el desarrollo, con \u00e9nfasis en el recurso agua y el manejo de cuencas hidrogr\u00e1ficas. Colabora en la movilidad y apoyo de muestreos y actividades pr\u00e1cticas; facilita cartograf\u00eda y apoya log\u00edsticamente el PD. Desarrolla proyectos que soportan la formaci\u00f3n doctoral. Apoya con Servicios Cient\u00edfico T\u00e9cnicos. Incorpora 3 doctorandos al programa.<\/td><\/tr><tr><td>11. Universidad de Moa<\/td><td>Territorial<\/td><td>Gesti\u00f3n integrada de recursos naturales para la mitigaci\u00f3n de impactos medioambientales Tecnolog\u00eda ambiental Bioprocesos y bioenerg\u00eda Gesti\u00f3n de riesgos para el desarrollo<\/td><td>Participa a trav\u00e9s de la inserci\u00f3n de un tutor. Desarrolla proyectos que soportan la formaci\u00f3n doctoral.\u00a0Pone a disposici\u00f3n la plataforma de investigaci\u00f3n institucional y apoya con material bibliogr\u00e1fico.<\/td><\/tr><tr><td>12. Universidad de Las Tunas<\/td><td>Territorial<\/td><td>Gesti\u00f3n integrada de recursos naturales para la mitigaci\u00f3n de impactos medioambientales Tecnolog\u00eda ambiental Bioprocesos y bioenerg\u00eda Gesti\u00f3n de riesgos para el desarrollo<\/td><td>Participa a trav\u00e9s de la incorporaci\u00f3n de un tutor y la disponibilidad de instalaciones para la experimentaci\u00f3n.<\/td><\/tr><tr><td>13. Universidad de Matanzas<\/td><td>Territorial<\/td><td>Gesti\u00f3n integrada de recursos naturales para la mitigaci\u00f3n de impactos medioambientales &nbsp;<\/td><td>Participa a trav\u00e9s de la incorporaci\u00f3n de un tutor y la disponibilidad de instalaciones para la experimentaci\u00f3n.<\/td><\/tr><tr><td>14. ETICA Palma Soriano<\/td><td>Territorial<\/td><td>Gesti\u00f3n integrada de recursos naturales para la mitigaci\u00f3n de impactos medioambientales Tecnolog\u00eda ambiental Bioprocesos y bioenerg\u00eda<\/td><td>Participa a trav\u00e9s de la inserci\u00f3n de un tutor, con proyectos de investigaci\u00f3n que soportan sus investigaciones. Pone a su disposici\u00f3n laboratorios, recursos y colabora con material bibliogr\u00e1fico.<\/td><\/tr><tr><td>15. Corredor Biol\u00f3gico del Caribe<\/td><td>Internacional<\/td><td>Gesti\u00f3n integrada de recursos naturales para la mitigaci\u00f3n de impactos medioambientales<\/td><td>Participa a trav\u00e9s de la inserci\u00f3n de un tutor, con proyectos de investigaci\u00f3n que soportan sus investigaciones; apoyo para realizaci\u00f3n de eventos cient\u00edficos.<\/td><\/tr><tr><td>16. Wildlife Conservation Society<\/td><td>Internacional<\/td><td>Gesti\u00f3n integrada de recursos naturales para la mitigaci\u00f3n de impactos medioambientales<\/td><td>Participa a trav\u00e9s de la inserci\u00f3n de un tutor, con proyectos de investigaci\u00f3n que soportan sus investigaciones; apoyo para realizaci\u00f3n de eventos cient\u00edficos.<\/td><\/tr><\/tbody><\/table><\/figure>\n","protected":false},"excerpt":{"rendered":"<p>Instituciones participantes Las instituciones participantes que acompa\u00f1an a la UO en este programa son BIOECO y la Universidad de Guant\u00e1namo, &hellip; <\/p>\n","protected":false},"author":937,"featured_media":0,"parent":0,"menu_order":0,"comment_status":"closed","ping_status":"closed","template":"","meta":{"_uag_custom_page_level_css":"","ngg_post_thumbnail":0,"footnotes":""},"class_list":["post-2669","page","type-page","status-publish","hentry"],"uagb_featured_image_src":{"full":false,"thumbnail":false,"medium":false,"medium_large":false,"large":false,"1536x1536":false,"2048x2048":false,"education-zone-banner":false,"education-zone-image-full":false,"education-zone-image":false,"education-zone-recent-post":false,"education-zone-search-result":false,"education-zone-featured-course":false,"education-zone-testimonial":false,"education-zone-blog-full":false},"uagb_author_info":{"display_name":"doctoradocienciasambientales","author_link":"https:\/\/blogs.uo.edu.cu\/doctoradocienciasambientales\/author\/doctoradocienciasambientales\/"},"uagb_comment_info":0,"uagb_excerpt":"Instituciones participantes Las instituciones participantes que acompa\u00f1an a la UO en este programa son BIOECO y la Universidad de Guant\u00e1namo, &hellip;","_links":{"self":[{"href":"https:\/\/blogs.uo.edu.cu\/doctoradocienciasambientales\/wp-json\/wp\/v2\/pages\/2669","targetHints":{"allow":["GET"]}}],"collection":[{"href":"https:\/\/blogs.uo.edu.cu\/doctoradocienciasambientales\/wp-json\/wp\/v2\/pages"}],"about":[{"href":"https:\/\/blogs.uo.edu.cu\/doctoradocienciasambientales\/wp-json\/wp\/v2\/types\/page"}],"author":[{"embeddable":true,"href":"https:\/\/blogs.uo.edu.cu\/doctoradocienciasambientales\/wp-json\/wp\/v2\/users\/937"}],"replies":[{"embeddable":true,"href":"https:\/\/blogs.uo.edu.cu\/doctoradocienciasambientales\/wp-json\/wp\/v2\/comments?post=2669"}],"version-history":[{"count":5,"href":"https:\/\/blogs.uo.edu.cu\/doctoradocienciasambientales\/wp-json\/wp\/v2\/pages\/2669\/revisions"}],"predecessor-version":[{"id":2852,"href":"https:\/\/blogs.uo.edu.cu\/doctoradocienciasambientales\/wp-json\/wp\/v2\/pages\/2669\/revisions\/2852"}],"wp:attachment":[{"href":"https:\/\/blogs.uo.edu.cu\/doctoradocienciasambientales\/wp-json\/wp\/v2\/media?parent=2669"}],"curies":[{"name":"wp","href":"https:\/\/api.w.org\/{rel}","templated":true}]}}