{"id":2685,"date":"2022-09-02T18:07:07","date_gmt":"2022-09-02T16:07:07","guid":{"rendered":"https:\/\/blogs.uo.edu.cu\/doctoradocienciasambientales\/?page_id=2685"},"modified":"2024-01-23T20:09:45","modified_gmt":"2024-01-23T19:09:45","slug":"sistema-de-creditos","status":"publish","type":"page","link":"https:\/\/blogs.uo.edu.cu\/doctoradocienciasambientales\/sistema-de-creditos\/","title":{"rendered":"Sistema de cr\u00e9ditos"},"content":{"rendered":"\n<div class=\"wp-block-uagb-advanced-heading uagb-block-3bda24a5\"><h2 class=\"uagb-heading-text\"><strong>Evaluaci\u00f3n y asignaci\u00f3n de cr\u00e9ditos para las actividades de cada componente del programa<\/strong><\/h2><\/div>\n\n\n\n<figure class=\"wp-block-table\"><table><tbody><tr><td rowspan=\"2\">\n   <strong>Componentes del PD<\/strong>  \n<\/td><td colspan=\"2\" style=\"text-align: center\">\n<strong>Cr\u00e9ditos<\/strong> \n<\/td><\/tr><tr><td><strong>Obligatorios<\/strong><strong><\/strong><\/td><td><strong>Opcionales<\/strong><strong><\/strong><\/td><\/tr><tr><td>Investigativo<\/td><td>47<\/td><td>13<\/td><\/tr><tr><td>Te\u00f3rico -metodol\u00f3gico<\/td><td>19<\/td><td>6<\/td><\/tr><tr><td>Preparaci\u00f3n para la predefensa y defensa<\/td><td>15<\/td><td>&nbsp;<\/td><\/tr><tr><td><strong>&nbsp;&nbsp;&nbsp;&nbsp;&nbsp;&nbsp;&nbsp;Total: 100<\/strong><strong><\/strong><\/td><td><strong>81<\/strong><strong><\/strong><\/td><td><strong>19<\/strong><strong><\/strong><\/td><\/tr><\/tbody><\/table><\/figure>\n","protected":false},"excerpt":{"rendered":"<p>Evaluaci\u00f3n y asignaci\u00f3n de cr\u00e9ditos para las actividades de cada componente del programa Componentes del PD Cr\u00e9ditos Obligatorios Opcionales Investigativo &hellip; <\/p>\n","protected":false},"author":937,"featured_media":0,"parent":0,"menu_order":0,"comment_status":"closed","ping_status":"closed","template":"elementor_header_footer","meta":{"_uag_custom_page_level_css":"","ngg_post_thumbnail":0,"footnotes":""},"class_list":["post-2685","page","type-page","status-publish","hentry"],"uagb_featured_image_src":{"full":false,"thumbnail":false,"medium":false,"medium_large":false,"large":false,"1536x1536":false,"2048x2048":false,"education-zone-banner":false,"education-zone-image-full":false,"education-zone-image":false,"education-zone-recent-post":false,"education-zone-search-result":false,"education-zone-featured-course":false,"education-zone-testimonial":false,"education-zone-blog-full":false},"uagb_author_info":{"display_name":"doctoradocienciasambientales","author_link":"https:\/\/blogs.uo.edu.cu\/doctoradocienciasambientales\/author\/doctoradocienciasambientales\/"},"uagb_comment_info":0,"uagb_excerpt":"Evaluaci\u00f3n y asignaci\u00f3n de cr\u00e9ditos para las actividades de cada componente del programa Componentes del PD Cr\u00e9ditos Obligatorios Opcionales Investigativo &hellip;","_links":{"self":[{"href":"https:\/\/blogs.uo.edu.cu\/doctoradocienciasambientales\/wp-json\/wp\/v2\/pages\/2685","targetHints":{"allow":["GET"]}}],"collection":[{"href":"https:\/\/blogs.uo.edu.cu\/doctoradocienciasambientales\/wp-json\/wp\/v2\/pages"}],"about":[{"href":"https:\/\/blogs.uo.edu.cu\/doctoradocienciasambientales\/wp-json\/wp\/v2\/types\/page"}],"author":[{"embeddable":true,"href":"https:\/\/blogs.uo.edu.cu\/doctoradocienciasambientales\/wp-json\/wp\/v2\/users\/937"}],"replies":[{"embeddable":true,"href":"https:\/\/blogs.uo.edu.cu\/doctoradocienciasambientales\/wp-json\/wp\/v2\/comments?post=2685"}],"version-history":[{"count":10,"href":"https:\/\/blogs.uo.edu.cu\/doctoradocienciasambientales\/wp-json\/wp\/v2\/pages\/2685\/revisions"}],"predecessor-version":[{"id":2880,"href":"https:\/\/blogs.uo.edu.cu\/doctoradocienciasambientales\/wp-json\/wp\/v2\/pages\/2685\/revisions\/2880"}],"wp:attachment":[{"href":"https:\/\/blogs.uo.edu.cu\/doctoradocienciasambientales\/wp-json\/wp\/v2\/media?parent=2685"}],"curies":[{"name":"wp","href":"https:\/\/api.w.org\/{rel}","templated":true}]}}