{"id":1162,"date":"2021-10-19T23:32:55","date_gmt":"2021-10-19T23:32:55","guid":{"rendered":"https:\/\/blogs.uo.edu.cu\/dpi\/?page_id=1162"},"modified":"2021-10-19T23:33:00","modified_gmt":"2021-10-19T23:33:00","slug":"proyecto-de-ingenieria-mecanica-ii-y-practica-profesional-ii","status":"publish","type":"page","link":"https:\/\/blogs.uo.edu.cu\/dpi\/proyecto-de-ingenieria-mecanica-ii-y-practica-profesional-ii\/","title":{"rendered":"Proyecto de Ingenier\u00eda Mec\u00e1nica II y Practica Profesional II."},"content":{"rendered":"\n<p><strong>Universidad de Oriente<\/strong><\/p>\n\n\n\n<p><strong>Carrera: Ing. Mec\u00e1nica Curso: 2021<\/strong><\/p>\n\n\n\n<h6 class=\"wp-block-heading\"><strong>Disciplina Integradora<\/strong><\/h6>\n\n\n\n<p><strong>Asignatura:<\/strong> Proyecto de Ingenier\u00eda Mec\u00e1nica II &nbsp;<strong>Total de horas<\/strong>: 40&nbsp;&nbsp;<\/p>\n\n\n\n<p><strong>A\u00f1o:<\/strong> Cuarto&nbsp;&nbsp; <strong>Semestre:<\/strong> Tercer per\u00edodo&nbsp; <strong>Tipo de Curso:<\/strong> Diurno<\/p>\n\n\n\n<p><strong>Objetivo<\/strong><\/p>\n\n\n\n<p>Desarrollar conocimientos y habilidades cient\u00edfico- t\u00e9cnicas b\u00e1sicas en los diferentes campos de las ciencias e ingenier\u00eda vinculados a la mec\u00e1nica. Aplicar las t\u00e9cnicas de computaci\u00f3n en la soluci\u00f3n de problemas pr\u00e1cticos vinculados a los proyectos, dando mayor eficiencia y fiabilidad al trabajo. Desarrollar conocimientos y habilidades del ejercicio de la profesi\u00f3n del Ingeniero Mec\u00e1nico en lo referente a la proyecci\u00f3n de piezas, subconjuntos o sistemas de piezas de maquinas industriales o automotrices, su explotaci\u00f3n y mantenimiento.&nbsp; Aplicar los conocimientos y habilidades desarrolladas en las disciplinas Dibujo Mec\u00e1nico. Aplicar elementos de m\u00e9todos y t\u00e9cnicas de investigaci\u00f3n en el desarrollo de los proyectos, los conocimientos de econom\u00eda aplicados al dise\u00f1o y al mantenimiento, asi como la protecci\u00f3n al medio ambiente. Desarrollar el nivel de comunicaci\u00f3n, los valores \u00e9ticos y est\u00e9ticos que corresponda a este nivel de formaci\u00f3n. Consolidar el sistema de valores.<\/p>\n\n\n\n<p><strong>Objetivos Educativos.<\/strong><\/p>\n\n\n\n<ul class=\"wp-block-list\"><li>Actuar consecuentemente con la pol\u00edtica del PCC y el Estado a trav\u00e9s de la aplicaci\u00f3n e instrumentaci\u00f3n de orientaciones y medidas relacionadas con la actividad laboral del ingeniero mec\u00e1nico, como expresi\u00f3n de la identificaci\u00f3n y defensa de los intereses del pa\u00eds y su clase obrera.<\/li><li>Interpretar los fen\u00f3menos t\u00e9cnicos, econ\u00f3micos y sociales vinculados a su actividad laboral aplicando una concepci\u00f3n cient\u00edfico materialista del mundo.<\/li><li>Fomentar la responsabilidad y desarrollar la creatividad y la independencia en la soluci\u00f3n de tareas profesionales como rasgos de su personalidad.<\/li><li>Desarrollar una adecuada actitud hacia la autopreparaci\u00f3n permanente como expresi\u00f3n de la condici\u00f3n esencial en la vida del profesional.<\/li><\/ul>\n\n\n\n<p><strong>Objetivos Instructivos.<\/strong><\/p>\n\n\n\n<ul class=\"wp-block-list\"><li>Identificar las actividades fundamentales que desarrollan los ingenieros mec\u00e1nicos en la construcci\u00f3n y explotaci\u00f3n de m\u00e1quinas, equipos e instalaciones industriales o de los servicios.<\/li><li>Identificar las maquinas automotrices y su aplicaci\u00f3n.<\/li><li>Interpretar y ejecutar los dibujos y esquemas de piezas, conjuntos o sistemas necesarios para la actividad que realiza.<\/li><li>Identificar los equipos y sistemas de protecci\u00f3n contra incendio.<\/li><li>Identificar los medios y medidas de protecci\u00f3n e higiene.<\/li><li>Desarrollar e integrar habilidades profesionales en los campos de acci\u00f3n del dise\u00f1o y Mantenimiento de maquinas y equipos industriales, propios de las diferentes esferas de actuaci\u00f3n del profesional de la Ingenier\u00eda Mec\u00e1nica.<\/li><li>Consolidar e integrar conocimientos de las disciplinas impartidas en la carrera.<\/li><li>Aplicar y utilizar las normas cubanas vigentes para la actividad de proyecto.&nbsp;<\/li><li>Desarrollar capacidades en la aplicaci\u00f3n de la metodolog\u00eda y dise\u00f1o de investigaci\u00f3n en la soluci\u00f3n de problemas profesionales.<\/li><li>Interpretar y resumir documentos en idioma ingles.<\/li><\/ul>\n\n\n\n<p><strong>Sistema de Conocimientos.<\/strong><\/p>\n\n\n\n<ul class=\"wp-block-list\"><li>La investigaci\u00f3n en la actividad profesional, su importancia y m\u00e9todos.<\/li><li>El puesto de trabajo del ingeniero mec\u00e1nico en la industria de procesos.<\/li><li>La actividad de mantenimiento, instalaci\u00f3n y montaje de los equipos mec\u00e1nicos en la industria de procesos.<\/li><li>El puesto de trabajo del ingeniero mec\u00e1nico en la explotaci\u00f3n t\u00e9cnica y reparaci\u00f3n de maquinas automotrices.<\/li><li>La estructura y funcionamiento de los motores y maquinas automotrices.<\/li><li>Conocer la explotaci\u00f3n t\u00e9cnica y reparaci\u00f3n de&nbsp; maquinas automotrices.<\/li><li>La proyecci\u00f3n de piezas, subconjuntos o sistemas mec\u00e1nicos destinados a la construcci\u00f3n, reparaci\u00f3n o modificaci\u00f3n de maquinas.<\/li><li>Proyectar sistemas de mantenimiento y explotaci\u00f3n de sistemas, maquinas o equipos donde se integren conocimientos de los campos de acci\u00f3n del ingeniero mec\u00e1nico, contemplando en ellos los aspectos relacionados con a la actividad econ\u00f3mica, la protecci\u00f3n del hombre y el medio ambiente.<\/li><\/ul>\n\n\n\n<p><strong>Sistema de habilidades a desarrollar en el Proyecto de Ingenier\u00eda Mec\u00e1nica II.<\/strong><\/p>\n\n\n\n<ul class=\"wp-block-list\"><li>Formular y evaluar los elementos de la metodolog\u00eda de la investigaci\u00f3n, desde el punto de vista conceptual y matem\u00e1tico.<\/li><li>Determinar los par\u00e1metros b\u00e1sicos de trabajo de la instalaci\u00f3n (carga, velocidad de rotaci\u00f3n o traslaci\u00f3n, desplazamiento, potencia).<\/li><li>Realizar los c\u00e1lculos de resistencia&nbsp; en elementos mec\u00e1nicos<\/li><li>Selecci\u00f3n de cojinetes, transmisiones, motores primarios, materiales a emplear.<\/li><li>Determinar formas y dimensiones piezas, subconjuntos y sistemas mec\u00e1nicos teniendo en cuenta criterios de funcionabilidad, factibilidad de producci\u00f3n, econ\u00f3micos y est\u00e9ticos.<\/li><li>Realizaci\u00f3n de los c\u00e1lculos econ\u00f3micos de costo de inversi\u00f3n construcci\u00f3n y explotaci\u00f3n de la soluci\u00f3n planteada.<\/li><li>Definir el sistema de mantenimiento y explotaci\u00f3n del equipo al cual se vincula el proyecto.<\/li><li>Familiarizarse con los m\u00e9todos de trabajo y la problem\u00e1tica pol\u00edtico social en la esfera productiva del mantenimiento con actividad t\u00e9cnica.&nbsp;<\/li><li>Identificar y aplicar las medidas de protecci\u00f3n e higiene y del medio ambiente en la actividad que desarrolla.<\/li><\/ul>\n\n\n\n<p><strong>Sistema de Valores.<\/strong><\/p>\n\n\n\n<p>La disciplina contribuye a desarrollar valores en lo intelectual como el saber, en la t\u00e9cnica la eficiencia, en la \u00e9tica la dignidad, en la est\u00e9tica la sensibilidad y en la dimensi\u00f3n pol\u00edtico-ideol\u00f3gico el ser revolucionario y responder a los intereses de la sociedad.<\/p>\n\n\n\n<p>La <strong>responsabilidad<\/strong> como elemento fundamental en el desarrollo de su actividad profesional, para consigo mismo y para con el resto de las personas que con el laboran, garantizando una gesti\u00f3n eficiente en el uso de los recursos.<\/p>\n\n\n\n<p>La <strong>est\u00e9tica <\/strong>con la calidad del&nbsp;informe final as\u00ed como la discusi\u00f3n ante el tribunal conformado por profesores del claustro.<\/p>\n\n\n\n<p>La <strong>\u00e9tica profesional <\/strong>actuar con modestia, honestidad ante las tareas planteadas y su trato para el colectivo en el que interact\u00faa.<\/p>\n\n\n\n<p>El <strong>patriotismo<\/strong>, como el nivel de convicci\u00f3n y principios, que le permitan una actuaci\u00f3n conciente y consecuente con su sociedad.<\/p>\n\n\n\n<p><strong>Indicaciones metodol\u00f3gicas y organizaci\u00f3n del Proyecto de Ingenier\u00eda Mec\u00e1nica II.<\/strong><\/p>\n\n\n\n<p>Para lograr una optima organizaci\u00f3n de este per\u00edodo se deben organizar una serie de tareas previas y en el curso del proyecto a cumplir por los profesores y un grupo de expertos del departamento incorporados a una junta coordinadora del proyecto.<\/p>\n\n\n\n<ol class=\"wp-block-list\" type=\"1\"><li>Reuni\u00f3n previa&nbsp; con los profesores a participar en la actividad a inicios del 1<sup>er<\/sup> Semestre para la convocatoria del proyecto con la presentaci\u00f3n de los profesores que constituyen la junta coordinadora (Designada por el Jefe del Departamento). En esta reuni\u00f3n se explicaran las caracter\u00edsticas del proyecto en el curso,&nbsp; contenidos del proyecto, fechas de control de los objetivos fundamentales del proyecto y el formato de presentaci\u00f3n propuesto.&nbsp;<\/li><li>Selecci\u00f3n de un banco de problemas a ejecutarse basados en las necesidades de Empresas del territorio o que cumplimenten los objetivos del proyecto. Esto se realizara durante el&nbsp; 1<sup>er<\/sup> semestre del curso mediante visitas a las empresas relacionadas al final de este documento u otros que el profesor decida. Fecha de entrega por parte del profesor en la \u00faltima semana de ese semestre, mediante el formato establecido para ello.&nbsp;&nbsp;<\/li><li>An\u00e1lisis por parte de la junta coordinadora del proyecto de los temas propuestos por&nbsp; los tutores, esta actividad incluye ajustes de los contenidos teniendo en cuenta los objetivos a vencer en el proyecto. En esta actividad se dar\u00e1n a conocer la aprobaci\u00f3n de los temas propuestos por los tutores y los posibles cambios a realizar.&nbsp;<\/li><li>Actividad metodol\u00f3gica de imposici\u00f3n del proyecto a los estudiantes con la entrega de los documentos rectores del proyecto, as\u00ed como, las indicaciones en la pagina Web del proyecto. Proposici\u00f3n y selecci\u00f3n de los temas de proyectos y tutores por parte de los estudiantes que falten por proyectos.<\/li><li>Realizar los controles y evaluaci\u00f3n &nbsp;de los temas del proyecto por parte del tutor, donde se le otorgar\u00e1 una nota parcial en dependencia de los resultados y se le corregir\u00e1n los errores que presenten para la presentaci\u00f3n del informe final.<\/li><li>Defensa final del trabajo frente a un tribunal donde se contemple no solo la defensa del trabajo sino tambi\u00e9n la calidad del informe presentado y el aporte econ\u00f3mico social con el consiguiente nivel alcanzado por los estudiantes.<\/li><\/ol>\n\n\n\n<p><strong>Formato de presentaci\u00f3n de la propuesta del Proyecto de Ingenier\u00eda Mec\u00e1nica II por el tutor a ser ejecutado por el alumno.&nbsp;<\/strong><\/p>\n\n\n\n<p>Proyecto de Ingenier\u00eda Mec\u00e1nica II<\/p>\n\n\n\n<p>Posible titulo del trabajo:<\/p>\n\n\n\n<p><strong>Posible centro laboral donde se inserte el estudiante:<\/strong><\/p>\n\n\n\n<p><a><strong>Introducci\u00f3n: <\/strong><\/a>Breve explicaci\u00f3n de las actividades a desarrollar por el alumno y centro vinculado al mismo.<\/p>\n\n\n\n<p><strong>Identificaci\u00f3n del problema:<\/strong><\/p>\n\n\n\n<p><strong>Objetivo:&nbsp;<\/strong><\/p>\n\n\n\n<p><a><strong>Descripci\u00f3n del trabajo a ejecutar:<\/strong><\/a><\/p>\n\n\n\n<p><strong>Metodolog\u00eda a emplear:<\/strong><\/p>\n\n\n\n<p>Para ello evaluar&nbsp; previamente:<\/p>\n\n\n\n<p> -Recopilaci\u00f3n de la informaci\u00f3n necesaria<\/p>\n\n\n\n<p> &#8211; Analizar la informaci\u00f3n recogida.<\/p>\n\n\n\n<p>&#8211; Desarrollo del trabajo<\/p>\n\n\n\n<p><strong>Trabajos a ejecutar para la ejecuci\u00f3n del proyecto:<\/strong><\/p>\n\n\n\n<p>&nbsp;<strong>Etapas de trabajo a desarrollar el alumno:<\/strong><\/p>\n\n\n\n<figure class=\"wp-block-table\"><table><tbody><tr><td>Etapas<\/td><td>Trabajo a ejecutar<\/td><td>Fecha de inicio<\/td><td>Fecha de conclusi\u00f3n<\/td><\/tr><tr><td>Primera<\/td><td>Estudiar la propuesta<\/td><td>&nbsp;<\/td><td>&nbsp;<\/td><\/tr><tr><td>Segunda<\/td><td>Identificaci\u00f3n del problema<\/td><td>&nbsp;<\/td><td>&nbsp;<\/td><\/tr><tr><td>Tercera<\/td><td>Recopilaci\u00f3n de datos<\/td><td>&nbsp;<\/td><td>&nbsp;<\/td><\/tr><tr><td>Cuarta<\/td><td>Desarrollo del trabajo<\/td><td>&nbsp;<\/td><td>&nbsp;<\/td><\/tr><tr><td>Quinta<\/td><td>Entrega del trabajo<\/td><td>&nbsp;<\/td><td>&nbsp;<\/td><\/tr><tr><td>Sexta<\/td><td>Defensa del proyecto.<\/td><td>&nbsp;<\/td><td>&nbsp;<\/td><\/tr><\/tbody><\/table><\/figure>\n\n\n\n<p>Firma del Profesor que presenta la propuesta: _________________&nbsp;&nbsp;<\/p>\n\n\n\n<h5 class=\"wp-block-heading\">&nbsp;<\/h5>\n\n\n\n<h5 class=\"wp-block-heading\">Propuesta de cronograma de controles del Proyecto de Ingenier\u00eda Mec\u00e1nica II.<\/h5>\n\n\n\n<figure class=\"wp-block-table\"><table><tbody><tr><td><strong>Fechas<\/strong><\/td><td><strong>Actividad<\/strong><\/td><td><strong>Control<\/strong><\/td><\/tr><tr><td>&nbsp;<\/td><td>Imposici\u00f3n del proyecto<\/td><td>&nbsp;<\/td><\/tr><tr><td>&nbsp;<\/td><td>Control de la organizaci\u00f3n y presentaci\u00f3n del trabajo por el tutor para la entrega y evaluaci\u00f3n que le otorga al trabajo.<\/td><td>&nbsp;<\/td><\/tr><tr><td>&nbsp;<\/td><td>Entrega del Proyecto<\/td><td>&nbsp;<\/td><\/tr><tr><td>&nbsp;<\/td><td>Defensa del Proyecto para su evaluaci\u00f3n final por el Tribunal Evaluador.<\/td><td>&nbsp;<\/td><\/tr><\/tbody><\/table><\/figure>\n","protected":false},"excerpt":{"rendered":"<p>Universidad de Oriente Carrera: Ing. Mec\u00e1nica Curso: 2021 Disciplina Integradora Asignatura: Proyecto de Ingenier\u00eda Mec\u00e1nica II &nbsp;Total de horas: 40&nbsp;&nbsp; A\u00f1o: Cuarto&nbsp;&nbsp; Semestre: Tercer per\u00edodo&nbsp; Tipo de Curso: Diurno Objetivo Desarrollar conocimientos y habilidades cient\u00edfico- t\u00e9cnicas b\u00e1sicas en los diferentes campos de las ciencias e ingenier\u00eda vinculados a la mec\u00e1nica. Aplicar las t\u00e9cnicas de computaci\u00f3n [&hellip;]<\/p>\n","protected":false},"author":2,"featured_media":0,"parent":0,"menu_order":0,"comment_status":"closed","ping_status":"closed","template":"","meta":{"_uag_custom_page_level_css":"","site-sidebar-layout":"default","site-content-layout":"default","ast-site-content-layout":"default","site-content-style":"default","site-sidebar-style":"default","ast-global-header-display":"","ast-banner-title-visibility":"","ast-main-header-display":"","ast-hfb-above-header-display":"","ast-hfb-below-header-display":"","ast-hfb-mobile-header-display":"","site-post-title":"","ast-breadcrumbs-content":"","ast-featured-img":"","footer-sml-layout":"","ast-disable-related-posts":"","theme-transparent-header-meta":"default","adv-header-id-meta":"","stick-header-meta":"","header-above-stick-meta":"","header-main-stick-meta":"","header-below-stick-meta":"","astra-migrate-meta-layouts":"default","ast-page-background-enabled":"default","ast-page-background-meta":{"desktop":{"background-color":"","background-image":"","background-repeat":"repeat","background-position":"center center","background-size":"auto","background-attachment":"scroll","background-type":"","background-media":"","overlay-type":"","overlay-color":"","overlay-opacity":"","overlay-gradient":""},"tablet":{"background-color":"","background-image":"","background-repeat":"repeat","background-position":"center center","background-size":"auto","background-attachment":"scroll","background-type":"","background-media":"","overlay-type":"","overlay-color":"","overlay-opacity":"","overlay-gradient":""},"mobile":{"background-color":"","background-image":"","background-repeat":"repeat","background-position":"center center","background-size":"auto","background-attachment":"scroll","background-type":"","background-media":"","overlay-type":"","overlay-color":"","overlay-opacity":"","overlay-gradient":""}},"ast-content-background-meta":{"desktop":{"background-color":"var(--ast-global-color-5)","background-image":"","background-repeat":"repeat","background-position":"center center","background-size":"auto","background-attachment":"scroll","background-type":"","background-media":"","overlay-type":"","overlay-color":"","overlay-opacity":"","overlay-gradient":""},"tablet":{"background-color":"var(--ast-global-color-5)","background-image":"","background-repeat":"repeat","background-position":"center center","background-size":"auto","background-attachment":"scroll","background-type":"","background-media":"","overlay-type":"","overlay-color":"","overlay-opacity":"","overlay-gradient":""},"mobile":{"background-color":"var(--ast-global-color-5)","background-image":"","background-repeat":"repeat","background-position":"center center","background-size":"auto","background-attachment":"scroll","background-type":"","background-media":"","overlay-type":"","overlay-color":"","overlay-opacity":"","overlay-gradient":""}},"ngg_post_thumbnail":0,"footnotes":""},"class_list":["post-1162","page","type-page","status-publish","hentry"],"uagb_featured_image_src":{"full":false,"thumbnail":false,"medium":false,"medium_large":false,"large":false,"1536x1536":false,"2048x2048":false},"uagb_author_info":{"display_name":"mecatronica","author_link":"https:\/\/blogs.uo.edu.cu\/dpi\/author\/mecatronica\/"},"uagb_comment_info":0,"uagb_excerpt":"Universidad de Oriente Carrera: Ing. Mec\u00e1nica Curso: 2021 Disciplina Integradora Asignatura: Proyecto de Ingenier\u00eda Mec\u00e1nica II &nbsp;Total de horas: 40&nbsp;&nbsp; A\u00f1o: Cuarto&nbsp;&nbsp; Semestre: Tercer per\u00edodo&nbsp; Tipo de Curso: Diurno Objetivo Desarrollar conocimientos y habilidades cient\u00edfico- t\u00e9cnicas b\u00e1sicas en los diferentes campos de las ciencias e ingenier\u00eda vinculados a la mec\u00e1nica. Aplicar las t\u00e9cnicas de computaci\u00f3n&hellip;","_links":{"self":[{"href":"https:\/\/blogs.uo.edu.cu\/dpi\/wp-json\/wp\/v2\/pages\/1162","targetHints":{"allow":["GET"]}}],"collection":[{"href":"https:\/\/blogs.uo.edu.cu\/dpi\/wp-json\/wp\/v2\/pages"}],"about":[{"href":"https:\/\/blogs.uo.edu.cu\/dpi\/wp-json\/wp\/v2\/types\/page"}],"author":[{"embeddable":true,"href":"https:\/\/blogs.uo.edu.cu\/dpi\/wp-json\/wp\/v2\/users\/2"}],"replies":[{"embeddable":true,"href":"https:\/\/blogs.uo.edu.cu\/dpi\/wp-json\/wp\/v2\/comments?post=1162"}],"version-history":[{"count":1,"href":"https:\/\/blogs.uo.edu.cu\/dpi\/wp-json\/wp\/v2\/pages\/1162\/revisions"}],"predecessor-version":[{"id":1163,"href":"https:\/\/blogs.uo.edu.cu\/dpi\/wp-json\/wp\/v2\/pages\/1162\/revisions\/1163"}],"wp:attachment":[{"href":"https:\/\/blogs.uo.edu.cu\/dpi\/wp-json\/wp\/v2\/media?parent=1162"}],"curies":[{"name":"wp","href":"https:\/\/api.w.org\/{rel}","templated":true}]}}