{"id":1202,"date":"2021-11-06T01:48:35","date_gmt":"2021-11-06T01:48:35","guid":{"rendered":"https:\/\/blogs.uo.edu.cu\/dpi\/?page_id=1202"},"modified":"2021-11-07T02:23:04","modified_gmt":"2021-11-07T02:23:04","slug":"unidades-docentes","status":"publish","type":"page","link":"https:\/\/blogs.uo.edu.cu\/dpi\/unidades-docentes\/","title":{"rendered":"Unidades Docentes"},"content":{"rendered":"\n<p>Central Termoel\u00e9ctrica \u00abAntonio Maceo\u00bb<\/p>\n\n\n\n<figure class=\"wp-block-image size-full is-resized\"><img fetchpriority=\"high\" decoding=\"async\" src=\"https:\/\/blogs.uo.edu.cu\/dpi\/wp-content\/uploads\/sites\/56\/2021\/11\/image-9.png\" alt=\"\" class=\"wp-image-1212\" width=\"868\" height=\"649\" srcset=\"https:\/\/blogs.uo.edu.cu\/dpi\/wp-content\/uploads\/sites\/56\/2021\/11\/image-9.png 348w, https:\/\/blogs.uo.edu.cu\/dpi\/wp-content\/uploads\/sites\/56\/2021\/11\/image-9-300x224.png 300w\" sizes=\"(max-width: 868px) 100vw, 868px\" \/><\/figure>\n\n\n\n<p>Centro de Investigaciones del N\u00edquel Moa<\/p>\n\n\n\n<figure class=\"wp-block-image size-full is-resized\"><img decoding=\"async\" src=\"https:\/\/blogs.uo.edu.cu\/dpi\/wp-content\/uploads\/sites\/56\/2021\/11\/image-8.png\" alt=\"\" class=\"wp-image-1211\" width=\"866\" height=\"576\" srcset=\"https:\/\/blogs.uo.edu.cu\/dpi\/wp-content\/uploads\/sites\/56\/2021\/11\/image-8.png 550w, https:\/\/blogs.uo.edu.cu\/dpi\/wp-content\/uploads\/sites\/56\/2021\/11\/image-8-300x200.png 300w\" sizes=\"(max-width: 866px) 100vw, 866px\" \/><\/figure>\n\n\n\n<p>Centro Investigaciones Energ\u00eda solar(CIES)<\/p>\n\n\n\n<figure class=\"wp-block-image size-full is-resized\"><img decoding=\"async\" src=\"https:\/\/blogs.uo.edu.cu\/dpi\/wp-content\/uploads\/sites\/56\/2021\/11\/image-7.png\" alt=\"\" class=\"wp-image-1210\" width=\"868\" height=\"529\" srcset=\"https:\/\/blogs.uo.edu.cu\/dpi\/wp-content\/uploads\/sites\/56\/2021\/11\/image-7.png 512w, https:\/\/blogs.uo.edu.cu\/dpi\/wp-content\/uploads\/sites\/56\/2021\/11\/image-7-300x183.png 300w\" sizes=\"(max-width: 868px) 100vw, 868px\" \/><\/figure>\n\n\n\n<p>Cervecer\u00eda Hatuey<\/p>\n\n\n\n<figure class=\"wp-block-image size-full is-resized\"><img loading=\"lazy\" decoding=\"async\" src=\"https:\/\/blogs.uo.edu.cu\/dpi\/wp-content\/uploads\/sites\/56\/2021\/11\/image-6.png\" alt=\"\" class=\"wp-image-1209\" width=\"865\" height=\"574\" srcset=\"https:\/\/blogs.uo.edu.cu\/dpi\/wp-content\/uploads\/sites\/56\/2021\/11\/image-6.png 589w, https:\/\/blogs.uo.edu.cu\/dpi\/wp-content\/uploads\/sites\/56\/2021\/11\/image-6-300x199.png 300w\" sizes=\"(max-width: 865px) 100vw, 865px\" \/><\/figure>\n\n\n\n<p>Empresa de Productos L\u00e1cteos de Stgo Cuba<\/p>\n\n\n\n<figure class=\"wp-block-image size-full is-resized\"><img loading=\"lazy\" decoding=\"async\" src=\"https:\/\/blogs.uo.edu.cu\/dpi\/wp-content\/uploads\/sites\/56\/2021\/11\/image-5.png\" alt=\"\" class=\"wp-image-1208\" width=\"866\" height=\"456\" srcset=\"https:\/\/blogs.uo.edu.cu\/dpi\/wp-content\/uploads\/sites\/56\/2021\/11\/image-5.png 499w, https:\/\/blogs.uo.edu.cu\/dpi\/wp-content\/uploads\/sites\/56\/2021\/11\/image-5-300x158.png 300w\" sizes=\"(max-width: 866px) 100vw, 866px\" \/><\/figure>\n\n\n\n<p>Empresa de Soluciones Mec\u00e1nicas. Stgo<\/p>\n\n\n\n<figure class=\"wp-block-image size-full is-resized\"><img loading=\"lazy\" decoding=\"async\" src=\"https:\/\/blogs.uo.edu.cu\/dpi\/wp-content\/uploads\/sites\/56\/2021\/11\/image-4.png\" alt=\"\" class=\"wp-image-1207\" width=\"865\" height=\"321\" srcset=\"https:\/\/blogs.uo.edu.cu\/dpi\/wp-content\/uploads\/sites\/56\/2021\/11\/image-4.png 588w, https:\/\/blogs.uo.edu.cu\/dpi\/wp-content\/uploads\/sites\/56\/2021\/11\/image-4-300x111.png 300w\" sizes=\"(max-width: 865px) 100vw, 865px\" \/><\/figure>\n\n\n\n<p>Empresa Equipos Industriales \u00abMarcel Bravo\u00bb<\/p>\n\n\n\n<figure class=\"wp-block-image size-full is-resized\"><img loading=\"lazy\" decoding=\"async\" src=\"https:\/\/blogs.uo.edu.cu\/dpi\/wp-content\/uploads\/sites\/56\/2021\/11\/image-3.png\" alt=\"\" class=\"wp-image-1206\" width=\"868\" height=\"486\" srcset=\"https:\/\/blogs.uo.edu.cu\/dpi\/wp-content\/uploads\/sites\/56\/2021\/11\/image-3.png 589w, https:\/\/blogs.uo.edu.cu\/dpi\/wp-content\/uploads\/sites\/56\/2021\/11\/image-3-300x168.png 300w\" sizes=\"(max-width: 868px) 100vw, 868px\" \/><\/figure>\n\n\n\n<p>F\u00e1brica de Pastas y Caramelos<\/p>\n\n\n\n<figure class=\"wp-block-image size-full is-resized\"><img loading=\"lazy\" decoding=\"async\" src=\"https:\/\/blogs.uo.edu.cu\/dpi\/wp-content\/uploads\/sites\/56\/2021\/11\/image-2.png\" alt=\"\" class=\"wp-image-1205\" width=\"865\" height=\"486\" srcset=\"https:\/\/blogs.uo.edu.cu\/dpi\/wp-content\/uploads\/sites\/56\/2021\/11\/image-2.png 589w, https:\/\/blogs.uo.edu.cu\/dpi\/wp-content\/uploads\/sites\/56\/2021\/11\/image-2-300x169.png 300w\" sizes=\"(max-width: 865px) 100vw, 865px\" \/><\/figure>\n\n\n\n<p>Filial Mercedes Benz Santiago de Cuba<\/p>\n\n\n\n<figure class=\"wp-block-image size-full is-resized\"><img loading=\"lazy\" decoding=\"async\" src=\"https:\/\/blogs.uo.edu.cu\/dpi\/wp-content\/uploads\/sites\/56\/2021\/11\/image-1.png\" alt=\"\" class=\"wp-image-1204\" width=\"867\" height=\"523\" srcset=\"https:\/\/blogs.uo.edu.cu\/dpi\/wp-content\/uploads\/sites\/56\/2021\/11\/image-1.png 589w, https:\/\/blogs.uo.edu.cu\/dpi\/wp-content\/uploads\/sites\/56\/2021\/11\/image-1-300x181.png 300w\" sizes=\"(max-width: 867px) 100vw, 867px\" \/><\/figure>\n\n\n\n<p>Laboratorio Provincial de Ortopedia. Stgo de Cuba<\/p>\n\n\n\n<figure class=\"wp-block-image size-full is-resized\"><img loading=\"lazy\" decoding=\"async\" src=\"https:\/\/blogs.uo.edu.cu\/dpi\/wp-content\/uploads\/sites\/56\/2021\/11\/image.png\" alt=\"\" class=\"wp-image-1203\" width=\"871\" height=\"581\" srcset=\"https:\/\/blogs.uo.edu.cu\/dpi\/wp-content\/uploads\/sites\/56\/2021\/11\/image.png 508w, https:\/\/blogs.uo.edu.cu\/dpi\/wp-content\/uploads\/sites\/56\/2021\/11\/image-300x200.png 300w\" sizes=\"(max-width: 871px) 100vw, 871px\" \/><\/figure>\n","protected":false},"excerpt":{"rendered":"<p>Central Termoel\u00e9ctrica \u00abAntonio Maceo\u00bb Centro de Investigaciones del N\u00edquel Moa Centro Investigaciones Energ\u00eda solar(CIES) Cervecer\u00eda Hatuey Empresa de Productos L\u00e1cteos de Stgo Cuba Empresa de Soluciones Mec\u00e1nicas. Stgo Empresa Equipos Industriales \u00abMarcel Bravo\u00bb F\u00e1brica de Pastas y Caramelos Filial Mercedes Benz Santiago de Cuba Laboratorio Provincial de Ortopedia. Stgo de Cuba<\/p>\n","protected":false},"author":2,"featured_media":0,"parent":0,"menu_order":0,"comment_status":"closed","ping_status":"closed","template":"","meta":{"_uag_custom_page_level_css":"","site-sidebar-layout":"default","site-content-layout":"","ast-site-content-layout":"default","site-content-style":"default","site-sidebar-style":"default","ast-global-header-display":"","ast-banner-title-visibility":"","ast-main-header-display":"","ast-hfb-above-header-display":"","ast-hfb-below-header-display":"","ast-hfb-mobile-header-display":"","site-post-title":"","ast-breadcrumbs-content":"","ast-featured-img":"","footer-sml-layout":"","ast-disable-related-posts":"","theme-transparent-header-meta":"","adv-header-id-meta":"","stick-header-meta":"","header-above-stick-meta":"","header-main-stick-meta":"","header-below-stick-meta":"","astra-migrate-meta-layouts":"default","ast-page-background-enabled":"default","ast-page-background-meta":{"desktop":{"background-color":"","background-image":"","background-repeat":"repeat","background-position":"center center","background-size":"auto","background-attachment":"scroll","background-type":"","background-media":"","overlay-type":"","overlay-color":"","overlay-opacity":"","overlay-gradient":""},"tablet":{"background-color":"","background-image":"","background-repeat":"repeat","background-position":"center center","background-size":"auto","background-attachment":"scroll","background-type":"","background-media":"","overlay-type":"","overlay-color":"","overlay-opacity":"","overlay-gradient":""},"mobile":{"background-color":"","background-image":"","background-repeat":"repeat","background-position":"center center","background-size":"auto","background-attachment":"scroll","background-type":"","background-media":"","overlay-type":"","overlay-color":"","overlay-opacity":"","overlay-gradient":""}},"ast-content-background-meta":{"desktop":{"background-color":"var(--ast-global-color-5)","background-image":"","background-repeat":"repeat","background-position":"center center","background-size":"auto","background-attachment":"scroll","background-type":"","background-media":"","overlay-type":"","overlay-color":"","overlay-opacity":"","overlay-gradient":""},"tablet":{"background-color":"var(--ast-global-color-5)","background-image":"","background-repeat":"repeat","background-position":"center center","background-size":"auto","background-attachment":"scroll","background-type":"","background-media":"","overlay-type":"","overlay-color":"","overlay-opacity":"","overlay-gradient":""},"mobile":{"background-color":"var(--ast-global-color-5)","background-image":"","background-repeat":"repeat","background-position":"center center","background-size":"auto","background-attachment":"scroll","background-type":"","background-media":"","overlay-type":"","overlay-color":"","overlay-opacity":"","overlay-gradient":""}},"ngg_post_thumbnail":0,"footnotes":""},"class_list":["post-1202","page","type-page","status-publish","hentry"],"uagb_featured_image_src":{"full":false,"thumbnail":false,"medium":false,"medium_large":false,"large":false,"1536x1536":false,"2048x2048":false},"uagb_author_info":{"display_name":"mecatronica","author_link":"https:\/\/blogs.uo.edu.cu\/dpi\/author\/mecatronica\/"},"uagb_comment_info":0,"uagb_excerpt":"Central Termoel\u00e9ctrica \u00abAntonio Maceo\u00bb Centro de Investigaciones del N\u00edquel Moa Centro Investigaciones Energ\u00eda solar(CIES) Cervecer\u00eda Hatuey Empresa de Productos L\u00e1cteos de Stgo Cuba Empresa de Soluciones Mec\u00e1nicas. Stgo Empresa Equipos Industriales \u00abMarcel Bravo\u00bb F\u00e1brica de Pastas y Caramelos Filial Mercedes Benz Santiago de Cuba Laboratorio Provincial de Ortopedia. Stgo de Cuba","_links":{"self":[{"href":"https:\/\/blogs.uo.edu.cu\/dpi\/wp-json\/wp\/v2\/pages\/1202","targetHints":{"allow":["GET"]}}],"collection":[{"href":"https:\/\/blogs.uo.edu.cu\/dpi\/wp-json\/wp\/v2\/pages"}],"about":[{"href":"https:\/\/blogs.uo.edu.cu\/dpi\/wp-json\/wp\/v2\/types\/page"}],"author":[{"embeddable":true,"href":"https:\/\/blogs.uo.edu.cu\/dpi\/wp-json\/wp\/v2\/users\/2"}],"replies":[{"embeddable":true,"href":"https:\/\/blogs.uo.edu.cu\/dpi\/wp-json\/wp\/v2\/comments?post=1202"}],"version-history":[{"count":2,"href":"https:\/\/blogs.uo.edu.cu\/dpi\/wp-json\/wp\/v2\/pages\/1202\/revisions"}],"predecessor-version":[{"id":1225,"href":"https:\/\/blogs.uo.edu.cu\/dpi\/wp-json\/wp\/v2\/pages\/1202\/revisions\/1225"}],"wp:attachment":[{"href":"https:\/\/blogs.uo.edu.cu\/dpi\/wp-json\/wp\/v2\/media?parent=1202"}],"curies":[{"name":"wp","href":"https:\/\/api.w.org\/{rel}","templated":true}]}}