{"id":1262,"date":"2021-11-22T16:34:40","date_gmt":"2021-11-22T16:34:40","guid":{"rendered":"https:\/\/blogs.uo.edu.cu\/dpi\/?page_id=1262"},"modified":"2021-11-22T16:34:52","modified_gmt":"2021-11-22T16:34:52","slug":"bibliografia-de-la-disciplina","status":"publish","type":"page","link":"https:\/\/blogs.uo.edu.cu\/dpi\/bibliografia-de-la-disciplina\/","title":{"rendered":"Bibliograf\u00eda de la Disciplina"},"content":{"rendered":"\n<p><\/p>\n\n\n\n<p>Dada la diversidad de tem\u00e1ticas que contempla la disciplina y su distribuci\u00f3n a lo largo de los cuatro a\u00f1os de carrera, la bibliograf\u00eda b\u00e1sica que emplear\u00e1 la disciplina estar\u00e1 compuesta por los diferentes sistemas bibliogr\u00e1ficos que empleen las asignaturas. Dado el car\u00e1cter integrador de la disciplina, ser\u00e1n tambi\u00e9n de uso frecuente los textos de las diferentes asignaturas que conformar\u00e1n la malla curricular. Adicionalmente, se proponen algunos textos como gu\u00eda para cubrir el sistema de conocimientos, asociados fundamentalmente al dise\u00f1o metodol\u00f3gico de las investigaciones y el dise\u00f1o de experimentos.<\/p>\n\n\n\n<ul class=\"wp-block-list\"><li>Montgomery Douglas \u201cDise\u00f1o y an\u00e1lisis estad\u00edstico de experimentos\u201d, Editorial Iberoamericana SA de M\u00e9xico, 1991.<\/li><li>Del Castillo Serpa A y Fraga Guerra E, Apuntes del curso \u201cFundamentos del dise\u00f1o y an\u00e1lisis estad\u00edstico de experimentos\u201d, 2005.&nbsp;<\/li><li>Hern\u00e1ndez Sampieri, R et al. \u201cMetodolog\u00eda de la Investigaci\u00f3n cient\u00edfica. Editorial Mc Graw and Hill. M\u00e9xico. 1997.<\/li><li>Hern\u00e1ndez Calder\u00edn, Ernesto. \u00bfC\u00f3mo elaborar un dise\u00f1o de investigaci\u00f3n en Gr\u00e1fica de Ingenier\u00eda? Ponencia presentada en Evento Grafiar 2000. P\u00e1g 7.<\/li><li>Modelos de dise\u00f1os de investigaci\u00f3n. Maestr\u00edas en Mantenimiento y Energ\u00eda T\u00e9rmica. Curso de Metodolog\u00eda de la Investigaci\u00f3n Cient\u00edfica. Facultad de Ingenier\u00eda Mec\u00e1nica. ISPJAE. Cursos 1999 \u2013 2000 al 2004-2005 (Digitalizados).<\/li><li>Garc\u00eda, G y otros, (2003), Compendio de Pedagog\u00eda (compilaci\u00f3n), Editorial Pueblo y Educaci\u00f3n, Cuba.<\/li><li>Labarrere, G y G, Valdivia, (1988), Pedagog\u00eda, Editorial Pueblo y Educaci\u00f3n, Cuba.<\/li><li>Silvestre, M, (1999), Aprendizaje, educaci\u00f3n y desarrollo, Editorial Pueblo y Educaci\u00f3n, Cuba.<\/li><li>Silvestre, M y J, Zilberstein, (2000), \u00bfC\u00f3mo hacer m\u00e1s eficiente el aprendizaje?, Ediciones CEIDE, M\u00e9xico.<\/li><li>Silvestre, M y J, Zilberstein, (2000), Ense\u00f1anza y aprendizaje desarrollador, Ediciones CEIDE, M\u00e9xico.<\/li><li>Silvestre y J, Zilberstein, (2002), Diagn\u00f3stico y transformaci\u00f3n de la instituci\u00f3n docente, Ediciones CEIDE, M\u00e9xico.<\/li><li>Silvestre, M y J, Zilberstein, (2002), Hacia una did\u00e1ctica desarrolladora, Editorial Pueblo y Educaci\u00f3n, Cuba.<\/li><li>UNESCO. Declaraci\u00f3n mundial sobre la educaci\u00f3n superior en el siglo XXI: visi\u00f3n y acci\u00f3n. 1998, <a href=\"http:\/\/crea.ispjae.edu.cu\/biblioteca\/CE\/EduSoc\/articulos\/2010.pdf%20\">http:\/\/crea.ispjae.edu.cu\/biblioteca\/CE\/EduSoc\/articulos\/2010.pdf<\/a><\/li><li>Tunnermann, Carlos. La educaci\u00f3n permanente y sus repercusiones en la educaci\u00f3n superior contempor\u00e1nea.&nbsp; 1996,&nbsp; <a href=\"http:\/\/crea.ispjae.edu.cu\/biblioteca\/CE\/EduSoc\/articulos\/2011.pdf\">http:\/\/crea.ispjae.edu.cu\/biblioteca\/CE\/EduSoc\/articulos\/2011.pdf<\/a><\/li><li>M\u00e9todos Estad\u00edsticos. Control y mejora de la calidad. Prat B., Tort-Martorell Ll., Grima C., Pozueta F.<\/li><li>The Theory of&nbsp; the Design of Experiments. D.R. COX, N. REID<\/li><li>Design_and_Analysis_of_Experiments, Dean, Voss<\/li><li>Dise\u00f1o de experimentos. Principios estad\u00edsticos de dise\u00f1o y an\u00e1lisis de investigaci\u00f3n. Segunda edici\u00f3n. Robert O. Kuehl.<\/li><li>Colectivo de Autores.&nbsp; Manual del T\u00e9cnico Frigorista. Editorial Reverte. 1983.<\/li><li>Recio Recio A. Energ\u00edas Renovables y La Energ\u00e9tica en Cuba. Situaci\u00f3n actual.<\/li><li>Bergues C. Conferencia Internacional de Energ\u00edas&nbsp; Renovables, Eficiencia y Educaci\u00f3n Energ\u00e9tica CIER 2011.<\/li><li>Enrico Turrini \u201cEl camino del Sol\u201d Revista \u201cEnerg\u00eda y T\u00fa\u201d.Editorial Cubasolar.<\/li><li>Arias Paz. \u201cManual de autom\u00f3viles\u201d.&nbsp;&nbsp; 55 edic. Edit. Dossat SA. Madrid.<\/li><li>Gim\u00e9nez Ortiz, J.G., de Lasala Garc\u00eda, F.J., Transportes, Unicopia, 1998.<\/li><li>Internet: <a href=\"http:\/\/www.elpaisvirtual.com\/motor.%3cbr%3c\">www.elpaisvirtual.com\/motor.&lt;br&lt;<\/a> a=\u00bb\u00bb&gt; \/&gt; 8.&nbsp;Internet: &lt;\/br&lt;&gt;<a href=\"http:\/\/www.autoweb.com.au\">www.autoweb.com.au<\/a>.<\/li><li>Dobrovolski V. Elementos de M\u00e1quinas. Editorial MIR. Mosc\u00fa, 1970.<\/li><li>Nieto Quirjona AJ.&nbsp; Elementos de M\u00e1quinas. \u00c1rea de Ingenier\u00eda Mec\u00e1nica. Universidad de Castilla-La Mancha. Enero 2007.<\/li><li>Ley 81 Del Medio Ambiente.<\/li><li>Resoluci\u00f3n 2313\/ 1983 Ministerio de Trabajo y Seguridad Social.<\/li><li>Ley 116. C\u00f3digo del Trabajo.<\/li><li>Derecho Ambiental Cubano. Colectivo de autores.<\/li><li>Introduction to cleaner production assessments with applications in the food processing industry. Ren\u00e9 van Berkl, Ivan.<\/li><li>Emission Estimation Technique Manual. Dairy Product Manufacturing.<\/li><\/ul>\n","protected":false},"excerpt":{"rendered":"<p>Dada la diversidad de tem\u00e1ticas que contempla la disciplina y su distribuci\u00f3n a lo largo de los cuatro a\u00f1os de carrera, la bibliograf\u00eda b\u00e1sica que emplear\u00e1 la disciplina estar\u00e1 compuesta por los diferentes sistemas bibliogr\u00e1ficos que empleen las asignaturas. Dado el car\u00e1cter integrador de la disciplina, ser\u00e1n tambi\u00e9n de uso frecuente los textos de las [&hellip;]<\/p>\n","protected":false},"author":2,"featured_media":0,"parent":0,"menu_order":0,"comment_status":"closed","ping_status":"closed","template":"","meta":{"_uag_custom_page_level_css":"","site-sidebar-layout":"default","site-content-layout":"","ast-site-content-layout":"default","site-content-style":"default","site-sidebar-style":"default","ast-global-header-display":"","ast-banner-title-visibility":"","ast-main-header-display":"","ast-hfb-above-header-display":"","ast-hfb-below-header-display":"","ast-hfb-mobile-header-display":"","site-post-title":"","ast-breadcrumbs-content":"","ast-featured-img":"","footer-sml-layout":"","ast-disable-related-posts":"","theme-transparent-header-meta":"","adv-header-id-meta":"","stick-header-meta":"","header-above-stick-meta":"","header-main-stick-meta":"","header-below-stick-meta":"","astra-migrate-meta-layouts":"default","ast-page-background-enabled":"default","ast-page-background-meta":{"desktop":{"background-color":"","background-image":"","background-repeat":"repeat","background-position":"center center","background-size":"auto","background-attachment":"scroll","background-type":"","background-media":"","overlay-type":"","overlay-color":"","overlay-opacity":"","overlay-gradient":""},"tablet":{"background-color":"","background-image":"","background-repeat":"repeat","background-position":"center center","background-size":"auto","background-attachment":"scroll","background-type":"","background-media":"","overlay-type":"","overlay-color":"","overlay-opacity":"","overlay-gradient":""},"mobile":{"background-color":"","background-image":"","background-repeat":"repeat","background-position":"center center","background-size":"auto","background-attachment":"scroll","background-type":"","background-media":"","overlay-type":"","overlay-color":"","overlay-opacity":"","overlay-gradient":""}},"ast-content-background-meta":{"desktop":{"background-color":"var(--ast-global-color-5)","background-image":"","background-repeat":"repeat","background-position":"center center","background-size":"auto","background-attachment":"scroll","background-type":"","background-media":"","overlay-type":"","overlay-color":"","overlay-opacity":"","overlay-gradient":""},"tablet":{"background-color":"var(--ast-global-color-5)","background-image":"","background-repeat":"repeat","background-position":"center center","background-size":"auto","background-attachment":"scroll","background-type":"","background-media":"","overlay-type":"","overlay-color":"","overlay-opacity":"","overlay-gradient":""},"mobile":{"background-color":"var(--ast-global-color-5)","background-image":"","background-repeat":"repeat","background-position":"center center","background-size":"auto","background-attachment":"scroll","background-type":"","background-media":"","overlay-type":"","overlay-color":"","overlay-opacity":"","overlay-gradient":""}},"ngg_post_thumbnail":0,"footnotes":""},"class_list":["post-1262","page","type-page","status-publish","hentry"],"uagb_featured_image_src":{"full":false,"thumbnail":false,"medium":false,"medium_large":false,"large":false,"1536x1536":false,"2048x2048":false},"uagb_author_info":{"display_name":"mecatronica","author_link":"https:\/\/blogs.uo.edu.cu\/dpi\/author\/mecatronica\/"},"uagb_comment_info":0,"uagb_excerpt":"Dada la diversidad de tem\u00e1ticas que contempla la disciplina y su distribuci\u00f3n a lo largo de los cuatro a\u00f1os de carrera, la bibliograf\u00eda b\u00e1sica que emplear\u00e1 la disciplina estar\u00e1 compuesta por los diferentes sistemas bibliogr\u00e1ficos que empleen las asignaturas. Dado el car\u00e1cter integrador de la disciplina, ser\u00e1n tambi\u00e9n de uso frecuente los textos de las&hellip;","_links":{"self":[{"href":"https:\/\/blogs.uo.edu.cu\/dpi\/wp-json\/wp\/v2\/pages\/1262","targetHints":{"allow":["GET"]}}],"collection":[{"href":"https:\/\/blogs.uo.edu.cu\/dpi\/wp-json\/wp\/v2\/pages"}],"about":[{"href":"https:\/\/blogs.uo.edu.cu\/dpi\/wp-json\/wp\/v2\/types\/page"}],"author":[{"embeddable":true,"href":"https:\/\/blogs.uo.edu.cu\/dpi\/wp-json\/wp\/v2\/users\/2"}],"replies":[{"embeddable":true,"href":"https:\/\/blogs.uo.edu.cu\/dpi\/wp-json\/wp\/v2\/comments?post=1262"}],"version-history":[{"count":1,"href":"https:\/\/blogs.uo.edu.cu\/dpi\/wp-json\/wp\/v2\/pages\/1262\/revisions"}],"predecessor-version":[{"id":1265,"href":"https:\/\/blogs.uo.edu.cu\/dpi\/wp-json\/wp\/v2\/pages\/1262\/revisions\/1265"}],"wp:attachment":[{"href":"https:\/\/blogs.uo.edu.cu\/dpi\/wp-json\/wp\/v2\/media?parent=1262"}],"curies":[{"name":"wp","href":"https:\/\/api.w.org\/{rel}","templated":true}]}}