{"id":970,"date":"2021-09-16T18:20:27","date_gmt":"2021-09-16T18:20:27","guid":{"rendered":"https:\/\/blogs.uo.edu.cu\/dpi\/?page_id=970"},"modified":"2021-11-30T17:31:14","modified_gmt":"2021-11-30T17:31:14","slug":"sintesis-curricular-drc-angel-sanchez-roca","status":"publish","type":"page","link":"https:\/\/blogs.uo.edu.cu\/dpi\/sintesis-curricular-drc-angel-sanchez-roca\/","title":{"rendered":"S\u00edntesis Curricular DrC. Angel S\u00e1nchez Roca"},"content":{"rendered":"\n<p>Graduado en Ingenier\u00eda en Autom\u00e1tica en la Universidad de Oriente, Cuba (1995), Maestr\u00eda en Autom\u00e1tica (2002) y Doctor en Ciencias T\u00e9cnicas, tambi\u00e9n por la Universidad de Oriente. Posee Posdoctorado (2011 y 2013) en la Universidad Estadual de Campinas, Brasil. Actualmente es Profesor Titular del Departamento de Manufactura y Materiales de la Facultad de Ingenier\u00eda Mec\u00e1nica de la Universidad de Oriente. Tiene experiencia en Autom\u00e1tica con aplicaci\u00f3n en Procesos de Fabricaci\u00f3n, actuando principalmente en los siguientes temas: Monitoreo de procesos de soldadura, Procesamiento digital de im\u00e1genes y se\u00f1ales, Redes Neuronales y Emisi\u00f3n Ac\u00fastica. Actualmente trabaja en la l\u00ednea de investigaci\u00f3n de procesos de soldadura, con \u00e9nfasis en el monitoreo y control del proceso de Soldadura por Fricci\u00f3n Agitaci\u00f3n (FSW) y sus vertientes. La caracterizaci\u00f3n de procesos de soldadura y de modificaci\u00f3n superficial, a partir del procesamiento de se\u00f1ales vibroac\u00fasticas e inteligencia artificial, constituye el principal inter\u00e9s y objetivo cient\u00edfico-t\u00e9cnicos, con resultados demostrados a partir de 16 publicaciones indexadas en JCR, 10 de ellas en revistas del 1er cuartil en sus categor\u00edas. Otras 21 contribuciones en Congresos internacionales de especial relevancia por su rigor de selecci\u00f3n y difusi\u00f3n cient\u00edfica. Ha recibido importantes Premios por sus resultados de investigaci\u00f3n. Es tutor de varias tesis de Maestr\u00eda y Doctorado, con una tesis de doctorado defendida. Ha participado y coordinado varios Proyectos de investigaci\u00f3n.<\/p>\n","protected":false},"excerpt":{"rendered":"<p>Graduado en Ingenier\u00eda en Autom\u00e1tica en la Universidad de Oriente, Cuba (1995), Maestr\u00eda en Autom\u00e1tica (2002) y Doctor en Ciencias T\u00e9cnicas, tambi\u00e9n por la Universidad de Oriente. Posee Posdoctorado (2011 y 2013) en la Universidad Estadual de Campinas, Brasil. Actualmente es Profesor Titular del Departamento de Manufactura y Materiales de la Facultad de Ingenier\u00eda Mec\u00e1nica [&hellip;]<\/p>\n","protected":false},"author":2,"featured_media":0,"parent":0,"menu_order":0,"comment_status":"closed","ping_status":"closed","template":"","meta":{"_uag_custom_page_level_css":"","site-sidebar-layout":"default","site-content-layout":"default","ast-site-content-layout":"default","site-content-style":"default","site-sidebar-style":"default","ast-global-header-display":"","ast-banner-title-visibility":"","ast-main-header-display":"","ast-hfb-above-header-display":"","ast-hfb-below-header-display":"","ast-hfb-mobile-header-display":"","site-post-title":"","ast-breadcrumbs-content":"","ast-featured-img":"","footer-sml-layout":"","ast-disable-related-posts":"","theme-transparent-header-meta":"default","adv-header-id-meta":"","stick-header-meta":"","header-above-stick-meta":"","header-main-stick-meta":"","header-below-stick-meta":"","astra-migrate-meta-layouts":"default","ast-page-background-enabled":"default","ast-page-background-meta":{"desktop":{"background-color":"","background-image":"","background-repeat":"repeat","background-position":"center center","background-size":"auto","background-attachment":"scroll","background-type":"","background-media":"","overlay-type":"","overlay-color":"","overlay-opacity":"","overlay-gradient":""},"tablet":{"background-color":"","background-image":"","background-repeat":"repeat","background-position":"center center","background-size":"auto","background-attachment":"scroll","background-type":"","background-media":"","overlay-type":"","overlay-color":"","overlay-opacity":"","overlay-gradient":""},"mobile":{"background-color":"","background-image":"","background-repeat":"repeat","background-position":"center center","background-size":"auto","background-attachment":"scroll","background-type":"","background-media":"","overlay-type":"","overlay-color":"","overlay-opacity":"","overlay-gradient":""}},"ast-content-background-meta":{"desktop":{"background-color":"var(--ast-global-color-5)","background-image":"","background-repeat":"repeat","background-position":"center center","background-size":"auto","background-attachment":"scroll","background-type":"","background-media":"","overlay-type":"","overlay-color":"","overlay-opacity":"","overlay-gradient":""},"tablet":{"background-color":"var(--ast-global-color-5)","background-image":"","background-repeat":"repeat","background-position":"center center","background-size":"auto","background-attachment":"scroll","background-type":"","background-media":"","overlay-type":"","overlay-color":"","overlay-opacity":"","overlay-gradient":""},"mobile":{"background-color":"var(--ast-global-color-5)","background-image":"","background-repeat":"repeat","background-position":"center center","background-size":"auto","background-attachment":"scroll","background-type":"","background-media":"","overlay-type":"","overlay-color":"","overlay-opacity":"","overlay-gradient":""}},"ngg_post_thumbnail":0,"footnotes":""},"class_list":["post-970","page","type-page","status-publish","hentry"],"uagb_featured_image_src":{"full":false,"thumbnail":false,"medium":false,"medium_large":false,"large":false,"1536x1536":false,"2048x2048":false},"uagb_author_info":{"display_name":"mecatronica","author_link":"https:\/\/blogs.uo.edu.cu\/dpi\/author\/mecatronica\/"},"uagb_comment_info":0,"uagb_excerpt":"Graduado en Ingenier\u00eda en Autom\u00e1tica en la Universidad de Oriente, Cuba (1995), Maestr\u00eda en Autom\u00e1tica (2002) y Doctor en Ciencias T\u00e9cnicas, tambi\u00e9n por la Universidad de Oriente. Posee Posdoctorado (2011 y 2013) en la Universidad Estadual de Campinas, Brasil. Actualmente es Profesor Titular del Departamento de Manufactura y Materiales de la Facultad de Ingenier\u00eda Mec\u00e1nica&hellip;","_links":{"self":[{"href":"https:\/\/blogs.uo.edu.cu\/dpi\/wp-json\/wp\/v2\/pages\/970","targetHints":{"allow":["GET"]}}],"collection":[{"href":"https:\/\/blogs.uo.edu.cu\/dpi\/wp-json\/wp\/v2\/pages"}],"about":[{"href":"https:\/\/blogs.uo.edu.cu\/dpi\/wp-json\/wp\/v2\/types\/page"}],"author":[{"embeddable":true,"href":"https:\/\/blogs.uo.edu.cu\/dpi\/wp-json\/wp\/v2\/users\/2"}],"replies":[{"embeddable":true,"href":"https:\/\/blogs.uo.edu.cu\/dpi\/wp-json\/wp\/v2\/comments?post=970"}],"version-history":[{"count":2,"href":"https:\/\/blogs.uo.edu.cu\/dpi\/wp-json\/wp\/v2\/pages\/970\/revisions"}],"predecessor-version":[{"id":1294,"href":"https:\/\/blogs.uo.edu.cu\/dpi\/wp-json\/wp\/v2\/pages\/970\/revisions\/1294"}],"wp:attachment":[{"href":"https:\/\/blogs.uo.edu.cu\/dpi\/wp-json\/wp\/v2\/media?parent=970"}],"curies":[{"name":"wp","href":"https:\/\/api.w.org\/{rel}","templated":true}]}}