{"id":54,"date":"2010-08-28T06:22:56","date_gmt":"2010-08-28T06:22:56","guid":{"rendered":"http:\/\/magnetismocnea.wordpress.com\/"},"modified":"2010-08-28T06:22:56","modified_gmt":"2010-08-28T06:22:56","slug":"cnea-2011","status":"publish","type":"page","link":"https:\/\/blogs.uo.edu.cu\/electromagnetismo\/eventos\/cnea-2011\/","title":{"rendered":"CNEA 2011"},"content":{"rendered":"<p style=\"text-align:justify\">Entre los d\u00edas 15 y 18 de marzo se desarroll\u00f3 la IV Conferencia Internacional de Electromagnetismo Aplicado. En esta oportunidad fueron nuevamente\u00a0 cuatro las \u00e1reas tem\u00e1ticas que centraron la atenci\u00f3n de las comisiones de trabajo: Electromagnetismo en la Industria, Electromagntismo en la Biotecnolog\u00eda, Electromagnetismo en la Medicina, y Compatibilidad Electromagn\u00e9tica.<\/p>\n<p style=\"text-align:justify\">Durante las jornadas de trabajo nuestro blog fue publicando rese\u00f1as sobre lo sucedido en cada uno de los salones del CNEA; las cuales Ud puede encontrar con una sencilla b\u00fasqueda, o haciendo click <a href=\"http:\/\/magnetismocnea.wordpress.com\/tag\/cnea-2011\/\">aqu\u00ed.<\/a><\/p>\n<p>Igualmente puede acceder al libro resumen del Evento desde el siguiente v\u00ednculo: <a href=\"http:\/\/magnetismocnea.files.wordpress.com\/2010\/08\/libro-resc3bamenes-final.pdf\">Libro Res\u00famenes <\/a><br \/>\n<a href=\"http:\/\/www.cnea.uo.edu.cu\">http:\/\/www.cnea.uo.edu.cu<\/a><\/p>\n","protected":false},"excerpt":{"rendered":"<p>Entre los d\u00edas 15 y 18 de marzo se desarroll\u00f3 la IV Conferencia Internacional de Electromagnetismo Aplicado. En esta oportunidad fueron nuevamente\u00a0 cuatro las \u00e1reas tem\u00e1ticas que centraron la atenci\u00f3n de las comisiones de trabajo: Electromagnetismo en la Industria, Electromagntismo en la Biotecnolog\u00eda, Electromagnetismo en la Medicina, y Compatibilidad Electromagn\u00e9tica. Durante las jornadas de trabajo &hellip; <\/p>\n<p class=\"link-more\"><a href=\"https:\/\/blogs.uo.edu.cu\/electromagnetismo\/eventos\/cnea-2011\/\" class=\"more-link\">Continuar leyendo<span class=\"screen-reader-text\"> \u00abCNEA 2011\u00bb<\/span><\/a><\/p>\n","protected":false},"author":929,"featured_media":0,"parent":22,"menu_order":4,"comment_status":"open","ping_status":"open","template":"","meta":{"ngg_post_thumbnail":0,"footnotes":""},"class_list":["post-54","page","type-page","status-publish","hentry"],"_links":{"self":[{"href":"https:\/\/blogs.uo.edu.cu\/electromagnetismo\/wp-json\/wp\/v2\/pages\/54","targetHints":{"allow":["GET"]}}],"collection":[{"href":"https:\/\/blogs.uo.edu.cu\/electromagnetismo\/wp-json\/wp\/v2\/pages"}],"about":[{"href":"https:\/\/blogs.uo.edu.cu\/electromagnetismo\/wp-json\/wp\/v2\/types\/page"}],"author":[{"embeddable":true,"href":"https:\/\/blogs.uo.edu.cu\/electromagnetismo\/wp-json\/wp\/v2\/users\/929"}],"replies":[{"embeddable":true,"href":"https:\/\/blogs.uo.edu.cu\/electromagnetismo\/wp-json\/wp\/v2\/comments?post=54"}],"version-history":[{"count":0,"href":"https:\/\/blogs.uo.edu.cu\/electromagnetismo\/wp-json\/wp\/v2\/pages\/54\/revisions"}],"up":[{"embeddable":true,"href":"https:\/\/blogs.uo.edu.cu\/electromagnetismo\/wp-json\/wp\/v2\/pages\/22"}],"wp:attachment":[{"href":"https:\/\/blogs.uo.edu.cu\/electromagnetismo\/wp-json\/wp\/v2\/media?parent=54"}],"curies":[{"name":"wp","href":"https:\/\/api.w.org\/{rel}","templated":true}]}}