{"id":2,"date":"2020-04-22T15:49:58","date_gmt":"2020-04-22T19:49:58","guid":{"rendered":"http:\/\/blogs.uo.edu.cu\/fcf\/?page_id=2"},"modified":"2020-04-26T12:41:02","modified_gmt":"2020-04-26T16:41:02","slug":"quienesomos","status":"publish","type":"page","link":"https:\/\/blogs.uo.edu.cu\/fcf\/quienesomos\/","title":{"rendered":"Quienes somos"},"content":{"rendered":"<p>Somos la <b>Facultad de Cultura F\u00edsica de la Universidad de Oriente.<\/b> Centro rector de las actividades de formaci\u00f3n acad\u00e9mica, investigativas y de superaci\u00f3n pre y posgraduada de cultura f\u00edsica y deporte en la provincia de Santiago de Cuba.<\/p>\n<h2>Historia<\/h2>\n<p>La Facultad de Cultura F\u00edsica de Santiago de Cuba que tuvo como antecesora la EPEF fue fundada en 1988 y como Filial del Instituto Superior de Cultura F\u00edsica de Ciudad de La Habana en 1977. Fue construida en el a\u00f1o 1988. Cuenta para ello con una Red de Facultades en cada provincia y desarrolla adem\u00e1s la carrera en filiales y centros universitarios territoriales CUM, en un gran n\u00famero de municipios en todo el pa\u00eds. Posee un claustro a tiempo completo y a tiempo parcial que gu\u00eda la formaci\u00f3n de los futuros profesionales en correspondencia con la estrategia maestra determinada por la labor pol\u00edtica ideol\u00f3gica como centro de la planeaci\u00f3n estrat\u00e9gica.<\/p>\n<h2>Estructura<\/h2>\n<p>La Facultad cuenta con los siguientes locales: 2 canchas de <a title=\"Baloncesto\" href=\"Baloncesto.html\">Baloncesto<\/a>, Cancha de <a title=\"Balonmano\" href=\"Balonmano.html\">Balonmano<\/a>, Terreno de <a title=\"Voleibol de playa\" href=\"Voleibol_de_playa.html\">Voleibol de playa<\/a>, Complejo de <a title=\"Piscina\" href=\"Piscina.html\">Piscinas<\/a> con piscina ol\u00edmpica y un tanque de clavados, Pista de <a title=\"Arcilla\" href=\"Arcilla.html\">arcilla<\/a> con terreno de <a title=\"F\u00fatbol\" href=\"F%C3%BAtbol.html\">f\u00fatbol<\/a> en el interior.<\/p>\n","protected":false},"excerpt":{"rendered":"<p>Somos la Facultad de Cultura F\u00edsica de la Universidad de Oriente. Centro rector de las actividades de formaci\u00f3n acad\u00e9mica, investigativas y de superaci\u00f3n pre y posgraduada de cultura f\u00edsica y deporte en la provincia de Santiago de Cuba. Historia La Facultad de Cultura F\u00edsica de Santiago de Cuba que tuvo <a href=\"https:\/\/blogs.uo.edu.cu\/fcf\/quienesomos\/\" class=\"read-more\">Leer m\u00e1s&#8230;<\/a><\/p>\n","protected":false},"author":940,"featured_media":0,"parent":0,"menu_order":0,"comment_status":"closed","ping_status":"closed","template":"","meta":{"ngg_post_thumbnail":0,"footnotes":""},"class_list":["post-2","page","type-page","status-publish","hentry"],"_links":{"self":[{"href":"https:\/\/blogs.uo.edu.cu\/fcf\/wp-json\/wp\/v2\/pages\/2","targetHints":{"allow":["GET"]}}],"collection":[{"href":"https:\/\/blogs.uo.edu.cu\/fcf\/wp-json\/wp\/v2\/pages"}],"about":[{"href":"https:\/\/blogs.uo.edu.cu\/fcf\/wp-json\/wp\/v2\/types\/page"}],"author":[{"embeddable":true,"href":"https:\/\/blogs.uo.edu.cu\/fcf\/wp-json\/wp\/v2\/users\/940"}],"replies":[{"embeddable":true,"href":"https:\/\/blogs.uo.edu.cu\/fcf\/wp-json\/wp\/v2\/comments?post=2"}],"version-history":[{"count":4,"href":"https:\/\/blogs.uo.edu.cu\/fcf\/wp-json\/wp\/v2\/pages\/2\/revisions"}],"predecessor-version":[{"id":116,"href":"https:\/\/blogs.uo.edu.cu\/fcf\/wp-json\/wp\/v2\/pages\/2\/revisions\/116"}],"wp:attachment":[{"href":"https:\/\/blogs.uo.edu.cu\/fcf\/wp-json\/wp\/v2\/media?parent=2"}],"curies":[{"name":"wp","href":"https:\/\/api.w.org\/{rel}","templated":true}]}}