{"id":104,"date":"2020-02-10T19:09:24","date_gmt":"2020-02-10T19:09:24","guid":{"rendered":"http:\/\/blogs.uo.edu.cu\/maestriacemzoc\/?page_id=104"},"modified":"2021-11-08T17:07:52","modified_gmt":"2021-11-08T17:07:52","slug":"quinta-edicion","status":"publish","type":"page","link":"https:\/\/blogs.uo.edu.cu\/maestriacemzoc\/quinta-edicion\/","title":{"rendered":"Quinta Edici\u00f3n"},"content":{"rendered":"\n<p><a href=\"http:\/\/blogs.uo.edu.cu\/maestriacemzoc\/wp-content\/uploads\/sites\/38\/2021\/11\/Programa-de-Maestria-en-Manejo-Integrado-de-Zonas-Costeras.pdf\" target=\"_blank\" rel=\"noreferrer noopener\">Programa de Maestr\u00eda en Manejo Integrado de Zonas Costeras<\/a><\/p>\n\n\n\n<p><a rel=\"noreferrer noopener\" href=\"http:\/\/blogs.uo.edu.cu\/maestriacemzoc\/wp-content\/uploads\/sites\/38\/2021\/11\/Calendario-academico.pdf\" target=\"_blank\">Calendario acad\u00e9mico<\/a><\/p>\n\n\n\n<p><a href=\"http:\/\/blogs.uo.edu.cu\/maestriacemzoc\/wp-content\/uploads\/sites\/38\/2021\/11\/Normas-tesis-de-Maestria-en-MIZC_2013-V-Edicion.pdf\" target=\"_blank\" rel=\"noreferrer noopener\">Normas tesis de Maestr\u00eda en MIZC_2013 V Edici\u00f3n<\/a><\/p>\n\n\n\n<p><a rel=\"noreferrer noopener\" href=\"http:\/\/blogs.uo.edu.cu\/maestriacemzoc\/wp-content\/uploads\/sites\/38\/2021\/11\/Datos-de-las-Tesis-Defendidas-en-la-V-Edicion-de-MIZC.pdf\" target=\"_blank\">Datos de las Tesis Defendidas en la V Edici\u00f3n de MIZC<\/a><\/p>\n\n\n\n<p><a rel=\"noreferrer noopener\" href=\"http:\/\/blogs.uo.edu.cu\/maestriacemzoc\/wp-content\/uploads\/sites\/38\/2021\/11\/Estrategia-para-la-evaluacion-de-impacto-del-Programa-de-MIZC.pdf\" target=\"_blank\">Estrategia para la evaluaci\u00f3n de impacto del Programa de MIZC<\/a><\/p>\n\n\n\n<p><a rel=\"noreferrer noopener\" href=\"http:\/\/blogs.uo.edu.cu\/maestriacemzoc\/wp-content\/uploads\/sites\/38\/2021\/11\/Encuesta-de-Satisfaccion-Egresados-del-Programa-MIZC.pdf\" target=\"_blank\">Encuesta de Satisfacci\u00f3n Egresados del Programa MIZC<\/a><\/p>\n\n\n\n<p><a href=\"http:\/\/blogs.uo.edu.cu\/maestriacemzoc\/wp-content\/uploads\/sites\/38\/2021\/11\/Evaluacion-de-impacto-2013-2016-V-edicion.pdf\" target=\"_blank\" rel=\"noreferrer noopener\">Evaluaci\u00f3n de impacto 2013-2016 V edici\u00f3n<\/a><\/p>\n\n\n\n<p><a rel=\"noreferrer noopener\" href=\"http:\/\/blogs.uo.edu.cu\/maestriacemzoc\/wp-content\/uploads\/sites\/38\/2021\/11\/Autoevaluacion-V-Edicion.pdf\" target=\"_blank\">Autoevaluaci\u00f3n V Edici\u00f3n<\/a><\/p>\n\n\n\n<p><strong>Graduados<\/strong><\/p>\n\n\n\n<p>1.- Enrique Cleger Fern\u00e1ndez  &#8212;&#8211;  <em><strong><span class=\"has-inline-color has-vivid-red-color\"><a href=\"http:\/\/blogs.uo.edu.cu\/maestriacemzoc\/wp-content\/uploads\/sites\/38\/2021\/11\/01.-Enrique-Cleger-Fernandez.pdf\" target=\"_blank\" rel=\"noreferrer noopener\">(Tesis)<\/a><\/span><\/strong><\/em><\/p>\n\n\n\n<p>2.- B\u00e1rbara Creagh Limia   &#8212;&#8211;     <em><strong><span class=\"has-inline-color has-vivid-red-color\"><a href=\"http:\/\/blogs.uo.edu.cu\/maestriacemzoc\/wp-content\/uploads\/sites\/38\/2021\/11\/02.-Barbara-Creagh-Limia.pdf\" target=\"_blank\" rel=\"noreferrer noopener\">(Tesis)<\/a><\/span><\/strong><\/em><\/p>\n\n\n\n<p>3.- Miguel Alberto Del Rio Monier   &#8212;&#8211;    <strong><em><span class=\"has-inline-color has-vivid-red-color\"><a href=\"http:\/\/blogs.uo.edu.cu\/maestriacemzoc\/wp-content\/uploads\/sites\/38\/2021\/11\/03.-Miguel-Alberto-Del-Rio-Monier.pdf\" target=\"_blank\" rel=\"noreferrer noopener\"> (Tesis)<\/a><\/span><\/em><\/strong><\/p>\n\n\n\n<p>4.- Martha Despaigne Bonne  &#8212;&#8211;      <span class=\"has-inline-color has-vivid-red-color\"><em><strong><a href=\"http:\/\/blogs.uo.edu.cu\/maestriacemzoc\/wp-content\/uploads\/sites\/38\/2021\/11\/04.-Martha-Despaigne-Bonne.pdf\" target=\"_blank\" rel=\"noreferrer noopener\">(Tesis)<\/a><\/strong><\/em><\/span><\/p>\n\n\n\n<p>5.- Virginia Gonz\u00e1lez Gonz\u00e1lez   &#8212;&#8211;     <span class=\"has-inline-color has-vivid-red-color\"><em><strong><a href=\"http:\/\/blogs.uo.edu.cu\/maestriacemzoc\/wp-content\/uploads\/sites\/38\/2021\/11\/05.-Virginia-Gonzalez-Gonzalez.pdf\" target=\"_blank\" rel=\"noreferrer noopener\">(Tesis)<\/a><\/strong><\/em><\/span><\/p>\n\n\n\n<p>6.- Yordan Infante Gilart  &#8212;&#8211;      <span class=\"has-inline-color has-vivid-red-color\"><em><strong><a href=\"http:\/\/blogs.uo.edu.cu\/maestriacemzoc\/wp-content\/uploads\/sites\/38\/2021\/11\/06.-Yordan-Infante-Gilart.pdf\" target=\"_blank\" rel=\"noreferrer noopener\">(Tesis)<\/a><\/strong><\/em><\/span><\/p>\n\n\n\n<p>7.- Yamara Jim\u00e9nez T\u00e9llez    &#8212;&#8211;    <span class=\"has-inline-color has-vivid-red-color\"><em><strong><a href=\"http:\/\/blogs.uo.edu.cu\/maestriacemzoc\/wp-content\/uploads\/sites\/38\/2021\/11\/07.-Yamara-Jimenez-Tellez.pdf\" target=\"_blank\" rel=\"noreferrer noopener\">(Tesis)<\/a><\/strong><\/em><\/span><\/p>\n\n\n\n<p>8.- Alexander Mart\u00ednez Carpio   &#8212;&#8211;      <span class=\"has-inline-color has-vivid-red-color\"><em><strong><a href=\"http:\/\/blogs.uo.edu.cu\/maestriacemzoc\/wp-content\/uploads\/sites\/38\/2021\/11\/08.-Alexander-Martinez-Carpio.pdf\" target=\"_blank\" rel=\"noreferrer noopener\">(Tesis)<\/a><\/strong><\/em><\/span><\/p>\n\n\n\n<p>9.- Calixto Mass\u00f3 Bizet  &#8212;&#8211;      <span class=\"has-inline-color has-vivid-red-color\"><em><strong><a href=\"http:\/\/blogs.uo.edu.cu\/maestriacemzoc\/wp-content\/uploads\/sites\/38\/2021\/11\/09.-Calixto-Masso-Bizet.pdf\" target=\"_blank\" rel=\"noreferrer noopener\">(Tesis)<\/a><\/strong><\/em><\/span><\/p>\n\n\n\n<p>10.- Anayli Mu\u00f1oz Padilla   &#8212;&#8211;     <span class=\"has-inline-color has-vivid-red-color\"><em><strong><a href=\"http:\/\/blogs.uo.edu.cu\/maestriacemzoc\/wp-content\/uploads\/sites\/38\/2021\/11\/10.-Anayli-Munoz-Padilla.pdf\" target=\"_blank\" rel=\"noreferrer noopener\">(Tesis)<\/a><\/strong><\/em><\/span><\/p>\n\n\n\n<p>11.- Iliana Mustelier Leyva   &#8212;&#8211;      <span class=\"has-inline-color has-vivid-red-color\"><em><strong><a href=\"http:\/\/blogs.uo.edu.cu\/maestriacemzoc\/wp-content\/uploads\/sites\/38\/2021\/11\/11.-Iliana-Mustelier-Leyva.pdf\" target=\"_blank\" rel=\"noreferrer noopener\">(Tesis)<\/a><\/strong><\/em><\/span><\/p>\n\n\n\n<p>12.- Carlos Antonio Ocano Busia   &#8212;&#8211;    <span class=\"has-inline-color has-vivid-red-color\"><em><strong><a href=\"http:\/\/blogs.uo.edu.cu\/maestriacemzoc\/wp-content\/uploads\/sites\/38\/2021\/11\/12.-Carlos-Antonio-Ocano-Busia.pdf\" target=\"_blank\" rel=\"noreferrer noopener\">(Tesis)<\/a><\/strong><\/em><\/span><\/p>\n\n\n\n<p>13.- Geovanys Rodr\u00edguez Cobas   &#8212;&#8211;      <span class=\"has-inline-color has-vivid-red-color\"><strong><em><a href=\"http:\/\/blogs.uo.edu.cu\/maestriacemzoc\/wp-content\/uploads\/sites\/38\/2021\/11\/13.-Geovanys-Rodriguez-Cobas.pdf\" target=\"_blank\" rel=\"noreferrer noopener\">(Tesis)<\/a><\/em><\/strong><\/span><\/p>\n\n\n\n<p>14.- Mar\u00eda de los \u00c1ngeles Santana G\u00f3mez   &#8212;&#8211;      <span class=\"has-inline-color has-vivid-red-color\"><em><strong><a href=\"http:\/\/blogs.uo.edu.cu\/maestriacemzoc\/wp-content\/uploads\/sites\/38\/2021\/11\/14.-Maria-de-los-Angeles-Santana-Gomez.pdf\" target=\"_blank\" rel=\"noreferrer noopener\">(Tesis)<\/a><\/strong><\/em><\/span><\/p>\n\n\n\n<p>15.- Mayelin Silot Leyva  &#8212;&#8211;       <span class=\"has-inline-color has-vivid-red-color\"><strong><em><a href=\"http:\/\/blogs.uo.edu.cu\/maestriacemzoc\/wp-content\/uploads\/sites\/38\/2021\/11\/15.-Mayelin-Silot-Leyva.pdf\" target=\"_blank\" rel=\"noreferrer noopener\">(Tesis)<\/a><\/em><\/strong><\/span><\/p>\n\n\n\n<p>16.- Victor Jo\u00e1o Domingos   &#8212;&#8211;     <a rel=\"noreferrer noopener\" href=\"http:\/\/blogs.uo.edu.cu\/maestriacemzoc\/wp-content\/uploads\/sites\/38\/2021\/11\/16.-Victor-Joao-Domingos.pdf\" target=\"_blank\"> <strong><em><span class=\"has-inline-color has-vivid-green-cyan-color\">(Tesis)<\/span><\/em><\/strong><\/a><\/p>\n","protected":false},"excerpt":{"rendered":"<p>Programa de Maestr\u00eda en Manejo Integrado de Zonas Costeras Calendario acad\u00e9mico Normas tesis de Maestr\u00eda en MIZC_2013 V Edici\u00f3n Datos de las Tesis Defendidas en la V Edici\u00f3n de MIZC Estrategia para la evaluaci\u00f3n de impacto del Programa de MIZC<\/p>\n","protected":false},"author":1,"featured_media":0,"parent":0,"menu_order":0,"comment_status":"closed","ping_status":"closed","template":"","meta":{"sfsi_plus_gutenberg_text_before_share":"","sfsi_plus_gutenberg_show_text_before_share":"","sfsi_plus_gutenberg_icon_type":"","sfsi_plus_gutenberg_icon_alignemt":"","sfsi_plus_gutenburg_max_per_row":"","ngg_post_thumbnail":0,"_mc_calendar":[],"footnotes":""},"class_list":["post-104","page","type-page","status-publish","hentry"],"_links":{"self":[{"href":"https:\/\/blogs.uo.edu.cu\/maestriacemzoc\/wp-json\/wp\/v2\/pages\/104","targetHints":{"allow":["GET"]}}],"collection":[{"href":"https:\/\/blogs.uo.edu.cu\/maestriacemzoc\/wp-json\/wp\/v2\/pages"}],"about":[{"href":"https:\/\/blogs.uo.edu.cu\/maestriacemzoc\/wp-json\/wp\/v2\/types\/page"}],"author":[{"embeddable":true,"href":"https:\/\/blogs.uo.edu.cu\/maestriacemzoc\/wp-json\/wp\/v2\/users\/1"}],"replies":[{"embeddable":true,"href":"https:\/\/blogs.uo.edu.cu\/maestriacemzoc\/wp-json\/wp\/v2\/comments?post=104"}],"version-history":[{"count":15,"href":"https:\/\/blogs.uo.edu.cu\/maestriacemzoc\/wp-json\/wp\/v2\/pages\/104\/revisions"}],"predecessor-version":[{"id":767,"href":"https:\/\/blogs.uo.edu.cu\/maestriacemzoc\/wp-json\/wp\/v2\/pages\/104\/revisions\/767"}],"wp:attachment":[{"href":"https:\/\/blogs.uo.edu.cu\/maestriacemzoc\/wp-json\/wp\/v2\/media?parent=104"}],"curies":[{"name":"wp","href":"https:\/\/api.w.org\/{rel}","templated":true}]}}