{"id":106,"date":"2020-02-10T19:09:43","date_gmt":"2020-02-10T19:09:43","guid":{"rendered":"http:\/\/blogs.uo.edu.cu\/maestriacemzoc\/?page_id=106"},"modified":"2021-11-08T18:26:04","modified_gmt":"2021-11-08T18:26:04","slug":"sexta-edicion","status":"publish","type":"page","link":"https:\/\/blogs.uo.edu.cu\/maestriacemzoc\/sexta-edicion\/","title":{"rendered":"Sexta Edici\u00f3n"},"content":{"rendered":"\n<p><a href=\"http:\/\/blogs.uo.edu.cu\/maestriacemzoc\/wp-content\/uploads\/sites\/38\/2021\/11\/Resumen-Programa-VI-Edicion.pdf\" target=\"_blank\" rel=\"noreferrer noopener\">Resumen Programa VI Edici\u00f3n<\/a><\/p>\n\n\n\n<p><a href=\"http:\/\/blogs.uo.edu.cu\/maestriacemzoc\/wp-content\/uploads\/sites\/38\/2021\/11\/Normas-tesis-de-Maestria-en-MIZC_VII-Edicion.pdf\" target=\"_blank\" rel=\"noreferrer noopener\">Normas tesis de Maestr\u00eda en MIZC_VII Edici\u00f3n<\/a><\/p>\n\n\n\n<p><a href=\"http:\/\/blogs.uo.edu.cu\/maestriacemzoc\/wp-content\/uploads\/sites\/38\/2021\/11\/Evaluacion-de-impacto-2016-2019.pdf\" target=\"_blank\" rel=\"noreferrer noopener\">Evaluaci\u00f3n de impacto 2016-2019<\/a><\/p>\n\n\n\n<p><a href=\"http:\/\/blogs.uo.edu.cu\/maestriacemzoc\/wp-content\/uploads\/sites\/38\/2021\/11\/Dictamen-de-matricula-con-listado-oficial-y-centro-de-trabajo-VI.pdf\" target=\"_blank\" rel=\"noreferrer noopener\">Dictamen de matr\u00edcula con listado oficial y centro de trabajo VI<\/a><\/p>\n\n\n\n<p><a href=\"http:\/\/blogs.uo.edu.cu\/maestriacemzoc\/wp-content\/uploads\/sites\/38\/2021\/11\/Datos-de-las-Tesis-Defendidas-VI-Edicion-MIZC.pdf\" target=\"_blank\" rel=\"noreferrer noopener\">Datos de las Tesis Defendidas VI Edici\u00f3n MIZC<\/a><\/p>\n\n\n\n<p><a href=\"http:\/\/blogs.uo.edu.cu\/maestriacemzoc\/wp-content\/uploads\/sites\/38\/2021\/11\/Calendario-academico-1.pdf\" target=\"_blank\" rel=\"noreferrer noopener\">Calendario acad\u00e9mico<\/a><\/p>\n\n\n\n<p><a href=\"http:\/\/blogs.uo.edu.cu\/maestriacemzoc\/wp-content\/uploads\/sites\/38\/2021\/11\/Autoevaluacion-VI-Edicion.pdf\" target=\"_blank\" rel=\"noreferrer noopener\">Autoevaluaci\u00f3n VI Edici\u00f3n<\/a><\/p>\n\n\n\n<p><\/p>\n\n\n\n<p><strong>Graduados<\/strong><\/p>\n\n\n\n<p>1.- Kenia Maestril Cosme  &#8212;&#8211;  <a href=\"http:\/\/blogs.uo.edu.cu\/maestriacemzoc\/wp-content\/uploads\/sites\/38\/2021\/11\/01.-Kenia-Maestril-Cosme.pdf\" target=\"_blank\" rel=\"noreferrer noopener\"><span class=\"has-inline-color has-vivid-green-cyan-color\"><em><strong>(Tesis)<\/strong><\/em> <\/span><\/a><\/p>\n\n\n\n<p>2.- Vivian D\u00edaz L\u00f3pez  &#8212;&#8211;  <a href=\"http:\/\/blogs.uo.edu.cu\/maestriacemzoc\/wp-content\/uploads\/sites\/38\/2021\/11\/02.-Vivian-Diaz-Lopez.pdf\" target=\"_blank\" rel=\"noreferrer noopener\"><span class=\"has-inline-color has-vivid-green-cyan-color\"><em><strong>(Tesis)<\/strong><\/em> <\/span><\/a><\/p>\n\n\n\n<p>3.- Leonel Machado Ferrer  &#8212;&#8211;  <a href=\"http:\/\/blogs.uo.edu.cu\/maestriacemzoc\/wp-content\/uploads\/sites\/38\/2021\/11\/03.-Leonel-Machado-Ferrer.pdf\" target=\"_blank\" rel=\"noreferrer noopener\"><span class=\"has-inline-color has-vivid-green-cyan-color\"><em><strong>(Tesis)<\/strong><\/em> <\/span><\/a><\/p>\n\n\n\n<p>4.- \u00c1ngel Antonio Ravelo Batista  &#8212;&#8211;  <a rel=\"noreferrer noopener\" href=\"http:\/\/blogs.uo.edu.cu\/maestriacemzoc\/wp-content\/uploads\/sites\/38\/2021\/11\/04.-Angel-Antonio-Ravelo-Batista.pdf\" target=\"_blank\"><span class=\"has-inline-color has-vivid-green-cyan-color\"><em><strong>(Tesis)<\/strong><\/em> <\/span><\/a> <\/p>\n\n\n\n<p>5.- Mar\u00eda Teresa \u00c1lvarez Balanqu\u00e9  &#8212;&#8211;  <em><strong><span class=\"has-inline-color has-vivid-red-color\"><a href=\"http:\/\/blogs.uo.edu.cu\/maestriacemzoc\/wp-content\/uploads\/sites\/38\/2021\/11\/05.-Maria-Teresa-Alvarez-Balanque.pdf\" target=\"_blank\" rel=\"noreferrer noopener\">(Tesis)<\/a><\/span><\/strong><\/em>  <\/p>\n\n\n\n<p>6.- Jon\u00e1s Grey Gal\u00e1n  &#8212;&#8211;  <em><strong><span class=\"has-inline-color has-vivid-green-cyan-color\"><a href=\"http:\/\/blogs.uo.edu.cu\/maestriacemzoc\/wp-content\/uploads\/sites\/38\/2021\/11\/06.-Jonas-Grey-Galan.pdf\" target=\"_blank\" rel=\"noreferrer noopener\">(Tesis)<\/a><\/span><\/strong><\/em>  <\/p>\n\n\n\n<p>7.- Humberto Alejandro Tamayo Yero  &#8212;&#8211;  <span class=\"has-inline-color has-vivid-green-cyan-color\"><a href=\"http:\/\/blogs.uo.edu.cu\/maestriacemzoc\/wp-content\/uploads\/sites\/38\/2021\/11\/07.-Humberto-Alejandro-Tamayo-Yero.pdf\" target=\"_blank\" rel=\"noreferrer noopener\"><em><strong>(Tesis)<\/strong><\/em> <\/a><\/span> <\/p>\n\n\n\n<p>8.- Jos\u00e9 Ram\u00f3n Cid Nacer  &#8212;&#8211;  <a href=\"http:\/\/blogs.uo.edu.cu\/maestriacemzoc\/wp-content\/uploads\/sites\/38\/2021\/11\/08.-Jose-Ramon-Cid-Nacer.pdf\" target=\"_blank\" rel=\"noreferrer noopener\"><em><strong><span class=\"has-inline-color has-vivid-green-cyan-color\">(Tesis)<\/span><\/strong><\/em> <\/a> <\/p>\n\n\n\n<p>9.- Lucia de la Caridad Garc\u00eda Naranjo  &#8212;&#8211;  <span class=\"has-inline-color has-vivid-green-cyan-color\"><a href=\"http:\/\/blogs.uo.edu.cu\/maestriacemzoc\/wp-content\/uploads\/sites\/38\/2021\/11\/09.-Lucia-de-la-Caridad-Garcia-Naranjo.pdf\" target=\"_blank\" rel=\"noreferrer noopener\"><em><strong>(Tesis)<\/strong><\/em> <\/a><\/span> <\/p>\n\n\n\n<p>10.- Mirna Mart\u00ednez Mustelier  &#8212;&#8211;  <em><strong><span class=\"has-inline-color has-vivid-green-cyan-color\"><a href=\"http:\/\/blogs.uo.edu.cu\/maestriacemzoc\/wp-content\/uploads\/sites\/38\/2021\/11\/10.-Mirna-Martinez-Mustelier.pdf\" target=\"_blank\" rel=\"noreferrer noopener\">(Tesis)<\/a><\/span><\/strong><\/em>  <\/p>\n\n\n\n<p>11.- Yindra Zulema Salmon Cuspinera  &#8212;&#8211;  <span class=\"has-inline-color has-vivid-green-cyan-color\"><a href=\"http:\/\/blogs.uo.edu.cu\/maestriacemzoc\/wp-content\/uploads\/sites\/38\/2021\/11\/11.-Yindra-Zulema-Salmon-Cuspinera.pdf\" target=\"_blank\" rel=\"noreferrer noopener\"><em><strong>(Tesis)<\/strong><\/em>  <\/a><\/span><\/p>\n\n\n\n<p>12.- Virginia Vinajera Su\u00e1rez  &#8212;&#8211;  <span class=\"has-inline-color has-vivid-green-cyan-color\"><a href=\"http:\/\/blogs.uo.edu.cu\/maestriacemzoc\/wp-content\/uploads\/sites\/38\/2021\/11\/12.-Virginia-Vinajera-Suarez.pdf\" target=\"_blank\" rel=\"noreferrer noopener\"><em><strong>(Tesis)<\/strong><\/em> <\/a><\/span> <\/p>\n\n\n\n<p>13.- Ana Lourdes Brito Moreno  &#8212;&#8211;  <span class=\"has-inline-color has-vivid-green-cyan-color\"><a href=\"http:\/\/blogs.uo.edu.cu\/maestriacemzoc\/wp-content\/uploads\/sites\/38\/2021\/11\/13.-Ana-Lourdes-Brito-Moreno.pdf\" target=\"_blank\" rel=\"noreferrer noopener\"><em><strong>(Tesis)<\/strong><\/em> <\/a><\/span> <\/p>\n\n\n\n<p>14.- Yanet G\u00f3mez Garc\u00eda  &#8212;&#8211;  <span class=\"has-inline-color has-vivid-green-cyan-color\"><a href=\"http:\/\/blogs.uo.edu.cu\/maestriacemzoc\/wp-content\/uploads\/sites\/38\/2021\/11\/14.-Yanet-Gomez-Garcia.pdf\" target=\"_blank\" rel=\"noreferrer noopener\"><em><strong>(Tesis)<\/strong><\/em> <\/a><\/span> <\/p>\n\n\n\n<p>15.- Yoan Torres Zapata  &#8212;&#8211;  <span class=\"has-inline-color has-vivid-green-cyan-color\"><a href=\"http:\/\/blogs.uo.edu.cu\/maestriacemzoc\/wp-content\/uploads\/sites\/38\/2021\/11\/15.-Yoan-Torres-Zapata.pdf\" target=\"_blank\" rel=\"noreferrer noopener\"><em><strong>(Tesis)<\/strong><\/em>  <\/a><\/span><\/p>\n\n\n\n<p>16.- Yoendris Robert Caballero  &#8212;&#8211;  <span class=\"has-inline-color has-vivid-green-cyan-color\"><a href=\"http:\/\/blogs.uo.edu.cu\/maestriacemzoc\/wp-content\/uploads\/sites\/38\/2021\/11\/16.-Yoendris-Robert-Caballero.pdf\" target=\"_blank\" rel=\"noreferrer noopener\"><em><strong>(Tesis)<\/strong><\/em> <\/a><\/span> <\/p>\n\n\n\n<p>17.- Jorge P\u00e9rez Bola\u00f1os  &#8212;&#8211;  <em><strong><a href=\"http:\/\/blogs.uo.edu.cu\/maestriacemzoc\/wp-content\/uploads\/sites\/38\/2021\/11\/17.-Jorge-Perez-Bolanos.pdf\" target=\"_blank\" rel=\"noreferrer noopener\"><span class=\"has-inline-color has-vivid-green-cyan-color\">(Tesis)<\/span><\/a><\/strong><\/em>  <\/p>\n\n\n\n<p>18.- Osiris Milagros Vinent Durive  &#8212;&#8211;  <span class=\"has-inline-color has-vivid-green-cyan-color\"><a href=\"http:\/\/blogs.uo.edu.cu\/maestriacemzoc\/wp-content\/uploads\/sites\/38\/2021\/11\/18.-Osiris-Milagros-Vinent-Durive.pdf\" target=\"_blank\" rel=\"noreferrer noopener\"><em><strong>(Tesis)<\/strong><\/em> <\/a><\/span> <\/p>\n","protected":false},"excerpt":{"rendered":"<p>Resumen Programa VI Edici\u00f3n Normas tesis de Maestr\u00eda en MIZC_VII Edici\u00f3n Evaluaci\u00f3n de impacto 2016-2019 Dictamen de matr\u00edcula con listado oficial y centro de trabajo VI Datos de las Tesis Defendidas VI Edici\u00f3n MIZC Calendario acad\u00e9mico Autoevaluaci\u00f3n VI Edici\u00f3n Graduados<\/p>\n","protected":false},"author":1,"featured_media":0,"parent":0,"menu_order":0,"comment_status":"closed","ping_status":"closed","template":"","meta":{"sfsi_plus_gutenberg_text_before_share":"","sfsi_plus_gutenberg_show_text_before_share":"","sfsi_plus_gutenberg_icon_type":"","sfsi_plus_gutenberg_icon_alignemt":"","sfsi_plus_gutenburg_max_per_row":"","ngg_post_thumbnail":0,"_mc_calendar":[],"footnotes":""},"class_list":["post-106","page","type-page","status-publish","hentry"],"_links":{"self":[{"href":"https:\/\/blogs.uo.edu.cu\/maestriacemzoc\/wp-json\/wp\/v2\/pages\/106","targetHints":{"allow":["GET"]}}],"collection":[{"href":"https:\/\/blogs.uo.edu.cu\/maestriacemzoc\/wp-json\/wp\/v2\/pages"}],"about":[{"href":"https:\/\/blogs.uo.edu.cu\/maestriacemzoc\/wp-json\/wp\/v2\/types\/page"}],"author":[{"embeddable":true,"href":"https:\/\/blogs.uo.edu.cu\/maestriacemzoc\/wp-json\/wp\/v2\/users\/1"}],"replies":[{"embeddable":true,"href":"https:\/\/blogs.uo.edu.cu\/maestriacemzoc\/wp-json\/wp\/v2\/comments?post=106"}],"version-history":[{"count":9,"href":"https:\/\/blogs.uo.edu.cu\/maestriacemzoc\/wp-json\/wp\/v2\/pages\/106\/revisions"}],"predecessor-version":[{"id":776,"href":"https:\/\/blogs.uo.edu.cu\/maestriacemzoc\/wp-json\/wp\/v2\/pages\/106\/revisions\/776"}],"wp:attachment":[{"href":"https:\/\/blogs.uo.edu.cu\/maestriacemzoc\/wp-json\/wp\/v2\/media?parent=106"}],"curies":[{"name":"wp","href":"https:\/\/api.w.org\/{rel}","templated":true}]}}