{"id":107,"date":"2020-02-10T19:09:51","date_gmt":"2020-02-10T19:09:51","guid":{"rendered":"http:\/\/blogs.uo.edu.cu\/maestriacemzoc\/?page_id=107"},"modified":"2024-02-13T19:53:44","modified_gmt":"2024-02-13T19:53:44","slug":"septima-edicion","status":"publish","type":"page","link":"https:\/\/blogs.uo.edu.cu\/maestriacemzoc\/septima-edicion\/","title":{"rendered":"S\u00e9ptima Edici\u00f3n"},"content":{"rendered":"\n<p><strong><a href=\"http:\/\/blogs.uo.edu.cu\/maestriacemzoc\/wp-content\/uploads\/sites\/38\/2024\/02\/08A.-Programa-de-Maestria-en-MIZC-FINAL-VII-Edicion.pdf\" target=\"_blank\" rel=\"noreferrer noopener\">Programa VII Edici\u00f3n<\/a><\/strong><\/p>\n\n\n\n<p><strong><a href=\"http:\/\/blogs.uo.edu.cu\/maestriacemzoc\/wp-content\/uploads\/sites\/38\/2024\/02\/PG-18.-Acta-de-cierre-Edicion.pdf\" target=\"_blank\" rel=\"noreferrer noopener\">Acta Cierre VII Edici\u00f3n<\/a><\/strong><\/p>\n\n\n\n<p><strong><a href=\"http:\/\/blogs.uo.edu.cu\/maestriacemzoc\/wp-content\/uploads\/sites\/38\/2024\/02\/Informe-de-Autoevaluacion-y-Cuadernillo.pdf\">Informe de <\/a><a href=\"http:\/\/blogs.uo.edu.cu\/maestriacemzoc\/wp-content\/uploads\/sites\/38\/2024\/02\/Informe-de-Autoevaluacion-y-Cuadernillo.pdf\" target=\"_blank\" rel=\"noreferrer noopener\">Autoevaluaci\u00f3n <\/a><\/strong><\/p>\n\n\n\n<p><strong>Egresados VII Edici\u00f3n<\/strong><\/p>\n\n\n\n<p><\/p>\n\n\n\n<figure class=\"wp-block-table\"><table><tbody><tr><td>Alain Radisnel Paneque Mart\u00ednez &#8212; (<em><a href=\"http:\/\/blogs.uo.edu.cu\/maestriacemzoc\/wp-content\/uploads\/sites\/38\/2024\/02\/Tesis-Alain-Paneque-Martinez.pdf\" target=\"_blank\" rel=\"noreferrer noopener\">Tesis<\/a><\/em>)<\/td><\/tr><tr><td>Rosdiney Torreblanca Guilarte &#8212; (<em><a href=\"http:\/\/blogs.uo.edu.cu\/maestriacemzoc\/wp-content\/uploads\/sites\/38\/2024\/02\/Tesis-Rosdiney-Torreblanca-Guilarte.pdf\" target=\"_blank\" rel=\"noreferrer noopener\">Tesis<\/a><\/em>)<\/td><\/tr><tr><td>Indira Hern\u00e1ndez Ferrer &#8212; (<em><a href=\"http:\/\/blogs.uo.edu.cu\/maestriacemzoc\/wp-content\/uploads\/sites\/38\/2024\/02\/Tesis-Indira-Hernandez-Ferrer.pdf\" target=\"_blank\" rel=\"noreferrer noopener\">Tesis<\/a><\/em>)<\/td><\/tr><tr><td>Reinier Infante Hern\u00e1ndez &#8212; (<em><a href=\"http:\/\/blogs.uo.edu.cu\/maestriacemzoc\/wp-content\/uploads\/sites\/38\/2024\/02\/Tesis-Reinier-Infante-Hernandez.pdf\" target=\"_blank\" rel=\"noreferrer noopener\">Tesis<\/a><\/em>)<\/td><\/tr><tr><td>Silvia M. S\u00e1nchez Durand &#8212; (<em><a href=\"http:\/\/blogs.uo.edu.cu\/maestriacemzoc\/wp-content\/uploads\/sites\/38\/2024\/02\/Tesis-Silvia-Sanchez-Durand.pdf\" target=\"_blank\" rel=\"noreferrer noopener\">Tesis<\/a><\/em>)<\/td><\/tr><tr><td>Yanelis Gamboa Frometa &#8212; (<em><a href=\"http:\/\/blogs.uo.edu.cu\/maestriacemzoc\/wp-content\/uploads\/sites\/38\/2024\/02\/Tesis-Yanelis-Gamboa-Frometa.pdf\" target=\"_blank\" rel=\"noreferrer noopener\">Tesis<\/a><\/em>)<\/td><\/tr><tr><td>Roselindes Ram\u00edrez Acosta &#8212; (<em><a href=\"http:\/\/blogs.uo.edu.cu\/maestriacemzoc\/wp-content\/uploads\/sites\/38\/2024\/02\/Tesis-Roselindes-Ramirez-Acosta.pdf\" target=\"_blank\" rel=\"noreferrer noopener\">Tesis<\/a><\/em>)<\/td><\/tr><tr><td>Liety Ferrer Abad &#8212; (<em><a href=\"http:\/\/blogs.uo.edu.cu\/maestriacemzoc\/wp-content\/uploads\/sites\/38\/2024\/02\/Tesis-Lietty-Ferrer-Abad.pdf\" target=\"_blank\" rel=\"noreferrer noopener\">Tesis<\/a><\/em>)<\/td><\/tr><tr><td>Alejandro Jos\u00e9 Gonz\u00e1lez Salazar &#8212; (<em><a href=\"http:\/\/blogs.uo.edu.cu\/maestriacemzoc\/wp-content\/uploads\/sites\/38\/2024\/02\/Tesis-Alejandro-Jose-Gonzalez-Salazar.pdf\" target=\"_blank\" rel=\"noreferrer noopener\">Tesis<\/a><\/em>)<\/td><\/tr><tr><td>Isnodis Fleitas Salas &#8212; (<em><a href=\"http:\/\/blogs.uo.edu.cu\/maestriacemzoc\/wp-content\/uploads\/sites\/38\/2024\/02\/Tesis-Isnoidi-Fleitas-Salas.pdf\" target=\"_blank\" rel=\"noreferrer noopener\">Tesis<\/a><\/em>)<\/td><\/tr><tr><td>Siul L\u00f3pez Blanco &#8212; (<em><a href=\"http:\/\/blogs.uo.edu.cu\/maestriacemzoc\/wp-content\/uploads\/sites\/38\/2024\/02\/Tesis-Siul-Lopez-Blanco.pdf\" target=\"_blank\" rel=\"noreferrer noopener\">Tesis<\/a><\/em>)<\/td><\/tr><tr><td>Leydi Lago Mil\u00e1n &#8212; (<em><a href=\"http:\/\/blogs.uo.edu.cu\/maestriacemzoc\/wp-content\/uploads\/sites\/38\/2024\/02\/Tesis-Leydi-Lago-Milan.pdf\" target=\"_blank\" rel=\"noreferrer noopener\">Tesis<\/a><\/em>)<\/td><\/tr><tr><td>Juan Ram\u00f3n Castellanos Gonz\u00e1lez &#8212; (<em><a href=\"http:\/\/blogs.uo.edu.cu\/maestriacemzoc\/wp-content\/uploads\/sites\/38\/2024\/02\/Tesis-Juan-Ramon-Castellanos-Gonzalez.pdf\" target=\"_blank\" rel=\"noreferrer noopener\">Tesis<\/a><\/em>)<\/td><\/tr><tr><td>Letty Domecq Galano &#8212; (<em><a href=\"http:\/\/blogs.uo.edu.cu\/maestriacemzoc\/wp-content\/uploads\/sites\/38\/2024\/02\/Tesis-Letty-Domecq-Galano.pdf\" target=\"_blank\" rel=\"noreferrer noopener\">Tesis<\/a><\/em>)<\/td><\/tr><tr><td>Juan Carlos Wilson Carcases &#8212; (<em><a href=\"http:\/\/blogs.uo.edu.cu\/maestriacemzoc\/wp-content\/uploads\/sites\/38\/2024\/02\/Tesis-Juan-Carlos-Wilson-Carcases.pdf\" target=\"_blank\" rel=\"noreferrer noopener\">Tesis<\/a><\/em>)<\/td><\/tr><tr><td>Mar\u00eda del Carmen Ferrer Texidor &#8212; (<em><a href=\"http:\/\/blogs.uo.edu.cu\/maestriacemzoc\/wp-content\/uploads\/sites\/38\/2024\/02\/Tesis-Maria-del-Carmen-Ferrer-Texidor.pdf\" target=\"_blank\" rel=\"noreferrer noopener\">Tesis<\/a><\/em>)<\/td><\/tr><tr><td>Josefina Blanco Ojeda &#8212; (<em><a href=\"http:\/\/blogs.uo.edu.cu\/maestriacemzoc\/wp-content\/uploads\/sites\/38\/2024\/02\/Tesis-Josefina-Blanco-Ojeda.pdf\" target=\"_blank\" rel=\"noreferrer noopener\">Tesis<\/a><\/em>)<\/td><\/tr><tr><td>Emilio Leyet Maturell &#8212; (<em><a href=\"http:\/\/blogs.uo.edu.cu\/maestriacemzoc\/wp-content\/uploads\/sites\/38\/2024\/02\/Tesis-Emilio-Leyet-Maturell.pdf\" target=\"_blank\" rel=\"noreferrer noopener\">Tesis<\/a><\/em>)<\/td><\/tr><\/tbody><\/table><\/figure>\n\n\n\n<p><\/p>\n","protected":false},"excerpt":{"rendered":"<p>Programa VII Edici\u00f3n Acta Cierre VII Edici\u00f3n Informe de Autoevaluaci\u00f3n Egresados VII Edici\u00f3n Alain Radisnel Paneque Mart\u00ednez &#8212; (Tesis) Rosdiney Torreblanca Guilarte &#8212; (Tesis) Indira Hern\u00e1ndez Ferrer &#8212; (Tesis) Reinier Infante Hern\u00e1ndez &#8212; (Tesis) Silvia M. S\u00e1nchez Durand &#8212; (Tesis)<\/p>\n","protected":false},"author":1,"featured_media":0,"parent":0,"menu_order":0,"comment_status":"closed","ping_status":"closed","template":"","meta":{"sfsi_plus_gutenberg_text_before_share":"","sfsi_plus_gutenberg_show_text_before_share":"","sfsi_plus_gutenberg_icon_type":"","sfsi_plus_gutenberg_icon_alignemt":"","sfsi_plus_gutenburg_max_per_row":"","ngg_post_thumbnail":0,"_mc_calendar":[],"footnotes":""},"class_list":["post-107","page","type-page","status-publish","hentry"],"_links":{"self":[{"href":"https:\/\/blogs.uo.edu.cu\/maestriacemzoc\/wp-json\/wp\/v2\/pages\/107","targetHints":{"allow":["GET"]}}],"collection":[{"href":"https:\/\/blogs.uo.edu.cu\/maestriacemzoc\/wp-json\/wp\/v2\/pages"}],"about":[{"href":"https:\/\/blogs.uo.edu.cu\/maestriacemzoc\/wp-json\/wp\/v2\/types\/page"}],"author":[{"embeddable":true,"href":"https:\/\/blogs.uo.edu.cu\/maestriacemzoc\/wp-json\/wp\/v2\/users\/1"}],"replies":[{"embeddable":true,"href":"https:\/\/blogs.uo.edu.cu\/maestriacemzoc\/wp-json\/wp\/v2\/comments?post=107"}],"version-history":[{"count":9,"href":"https:\/\/blogs.uo.edu.cu\/maestriacemzoc\/wp-json\/wp\/v2\/pages\/107\/revisions"}],"predecessor-version":[{"id":1052,"href":"https:\/\/blogs.uo.edu.cu\/maestriacemzoc\/wp-json\/wp\/v2\/pages\/107\/revisions\/1052"}],"wp:attachment":[{"href":"https:\/\/blogs.uo.edu.cu\/maestriacemzoc\/wp-json\/wp\/v2\/media?parent=107"}],"curies":[{"name":"wp","href":"https:\/\/api.w.org\/{rel}","templated":true}]}}