{"id":1113,"date":"2024-04-11T20:34:35","date_gmt":"2024-04-11T20:34:35","guid":{"rendered":"https:\/\/blogs.uo.edu.cu\/maestriacemzoc\/?page_id=1113"},"modified":"2024-04-29T00:58:34","modified_gmt":"2024-04-29T00:58:34","slug":"octava-edicion","status":"publish","type":"page","link":"https:\/\/blogs.uo.edu.cu\/maestriacemzoc\/ediciones\/octava-edicion\/","title":{"rendered":"Octava Edici\u00f3n"},"content":{"rendered":"\n<p><strong>LISTADO MATRICULA APROBADA POR EL COMIT\u00c9 ACAD\u00c9MICO<\/strong><\/p>\n\n\n\n<figure class=\"wp-block-table\"><table><tbody><tr><td><strong>No.<\/strong><\/td><td><strong>Nombres y Apellidos<\/strong><\/td><td><strong>Perfil<\/strong><\/td><\/tr><tr><td>&nbsp;&nbsp; 1<\/td><td>Aguilera Pereira, Karina<\/td><td>Ingeniera Mec\u00e1nica<\/td><\/tr><tr><td>2<\/td><td>Alba Ortiz, Liliana<\/td><td>Ingeniera en Geolog\u00eda<\/td><\/tr><tr><td>3<\/td><td>Cruz Rivera, Yaneide<\/td><td>Licenciada Estudios Socioculturales<\/td><\/tr><tr><td>4<\/td><td>Debrosse Gonz\u00e1lez, H\u00e9ctor<\/td><td>Licenciado en Derecho<\/td><\/tr><tr><td>5<\/td><td>Fern\u00e1ndez Pompa, Isnaida<\/td><td>Licenciada en Sociolog\u00eda<\/td><\/tr><tr><td>6<\/td><td>Garc\u00eda del Toro, Ilena Alicia<\/td><td>Licenciada en Qu\u00edmica<\/td><\/tr><tr><td>7<\/td><td>Gonz\u00e1lez Avila, Yanais<\/td><td>Ingeniera Biom\u00e9dica<\/td><\/tr><tr><td>8<\/td><td>Jhonson Ag\u00fcero, Jes\u00fas Adalberto<\/td><td>Licenciado en Derecho<\/td><\/tr><tr><td>9<\/td><td>La O Hechavarr\u00eda, Lilian<\/td><td>Licenciada en Educaci\u00f3n. Inform\u00e1tica<\/td><\/tr><tr><td>10<\/td><td>L\u00f3pez Matamoros, Yoendris<\/td><td>Ingeniero Forestal<\/td><\/tr><tr><td>11<\/td><td>Madariaga Ferrer, Lisbet<\/td><td>Ingeniera Mec\u00e1nica<\/td><\/tr><tr><td>12<\/td><td>Montoya Gonz\u00e1lez, Diana<\/td><td>Ingeniera Industrial<\/td><\/tr><tr><td>13<\/td><td>Montoya Tamayo, Doyle<\/td><td>Licenciado en Biolog\u00eda<\/td><\/tr><tr><td>14<\/td><td>Ortiz Gonz\u00e1lez, Imilci<\/td><td>Licenciada en Contabilidad y finanzas<\/td><\/tr><tr><td>15<\/td><td>Pacheco Lobaina, Liannis Zuli\u00e9n<\/td><td>Licenciada en Educaci\u00f3n. Geograf\u00eda<\/td><\/tr><tr><td>16<\/td><td>Rev\u00e9 S\u00e1nchez, Addis Abeba<\/td><td>Arquitecta<\/td><\/tr><tr><td>17<\/td><td>Ribalta Cobas, Odette<\/td><td>Ingeniera Qu\u00edmica<\/td><\/tr><tr><td>18<\/td><td>Rivera Hardy, Katia<\/td><td>Ingeniera en Geolog\u00eda<\/td><\/tr><tr><td>19<\/td><td>Rivera Matos, Lineth<\/td><td>Licenciada en Educaci\u00f3n. Biolog\u00eda-Qu\u00edmica<\/td><\/tr><tr><td>20<\/td><td>Rivery Jim\u00e9nez, Mariela<\/td><td>Licenciada en Educaci\u00f3n. Biolog\u00eda<\/td><\/tr><\/tbody><\/table><\/figure>\n","protected":false},"excerpt":{"rendered":"<p>LISTADO MATRICULA APROBADA POR EL COMIT\u00c9 ACAD\u00c9MICO No. Nombres y Apellidos Perfil &nbsp;&nbsp; 1 Aguilera Pereira, Karina Ingeniera Mec\u00e1nica 2 Alba Ortiz, Liliana Ingeniera en Geolog\u00eda 3 Cruz Rivera, Yaneide Licenciada Estudios Socioculturales 4 Debrosse Gonz\u00e1lez, H\u00e9ctor Licenciado en Derecho<\/p>\n","protected":false},"author":35,"featured_media":0,"parent":23,"menu_order":7,"comment_status":"closed","ping_status":"closed","template":"","meta":{"sfsi_plus_gutenberg_text_before_share":"","sfsi_plus_gutenberg_show_text_before_share":"","sfsi_plus_gutenberg_icon_type":"","sfsi_plus_gutenberg_icon_alignemt":"","sfsi_plus_gutenburg_max_per_row":"","ngg_post_thumbnail":0,"_mc_calendar":[],"footnotes":""},"class_list":["post-1113","page","type-page","status-publish","hentry"],"_links":{"self":[{"href":"https:\/\/blogs.uo.edu.cu\/maestriacemzoc\/wp-json\/wp\/v2\/pages\/1113","targetHints":{"allow":["GET"]}}],"collection":[{"href":"https:\/\/blogs.uo.edu.cu\/maestriacemzoc\/wp-json\/wp\/v2\/pages"}],"about":[{"href":"https:\/\/blogs.uo.edu.cu\/maestriacemzoc\/wp-json\/wp\/v2\/types\/page"}],"author":[{"embeddable":true,"href":"https:\/\/blogs.uo.edu.cu\/maestriacemzoc\/wp-json\/wp\/v2\/users\/35"}],"replies":[{"embeddable":true,"href":"https:\/\/blogs.uo.edu.cu\/maestriacemzoc\/wp-json\/wp\/v2\/comments?post=1113"}],"version-history":[{"count":4,"href":"https:\/\/blogs.uo.edu.cu\/maestriacemzoc\/wp-json\/wp\/v2\/pages\/1113\/revisions"}],"predecessor-version":[{"id":1118,"href":"https:\/\/blogs.uo.edu.cu\/maestriacemzoc\/wp-json\/wp\/v2\/pages\/1113\/revisions\/1118"}],"up":[{"embeddable":true,"href":"https:\/\/blogs.uo.edu.cu\/maestriacemzoc\/wp-json\/wp\/v2\/pages\/23"}],"wp:attachment":[{"href":"https:\/\/blogs.uo.edu.cu\/maestriacemzoc\/wp-json\/wp\/v2\/media?parent=1113"}],"curies":[{"name":"wp","href":"https:\/\/api.w.org\/{rel}","templated":true}]}}