{"id":21,"date":"2019-05-02T19:25:02","date_gmt":"2019-05-02T19:25:02","guid":{"rendered":"http:\/\/blogs.uo.edu.cu\/maestriacemzoc\/?page_id=21"},"modified":"2024-04-11T20:28:59","modified_gmt":"2024-04-11T20:28:59","slug":"claustro","status":"publish","type":"page","link":"https:\/\/blogs.uo.edu.cu\/maestriacemzoc\/claustro\/","title":{"rendered":"Claustro"},"content":{"rendered":"\n<p> El claustro actual de profesores de la maestr\u00eda est\u00e1 integrado por 20 profesores, de ellos 19 son doctores y solo 1 es m\u00e1ster para un 95 % de profesores con la m\u00e1xima categor\u00eda cient\u00edfica, lo cual es una fortaleza del programa que contribuir\u00e1 en su pr\u00f3xima certificaci\u00f3n como Programa. El claustro est\u00e1 integrado por los siguientes profesores: <\/p>\n\n\n\n<p>CLAUSTRO DEL PROGRAMA<\/p>\n\n\n\n<ol class=\"wp-block-list\">\n<li>Dr. C. Yudith Gonz\u00e1lez D\u00edaz   (<em><a href=\"http:\/\/blogs.uo.edu.cu\/maestriacemzoc\/wp-content\/uploads\/sites\/38\/2022\/02\/08.-Yudith-Gonz-lez-Diaz.pdf\" target=\"_blank\" rel=\"noreferrer noopener\">Curr\u00edculo<\/a><\/em>)<\/li>\n\n\n\n<li>Dr. C. Ofelia P\u00e9rez Montero  (<em><a href=\"http:\/\/blogs.uo.edu.cu\/maestriacemzoc\/wp-content\/uploads\/sites\/38\/2022\/02\/3.-Ofelia-Perez-Montero.pdf\" target=\"_blank\" rel=\"noreferrer noopener\">Curr\u00edculo<\/a><\/em>)  <\/li>\n\n\n\n<li>Dr. C. Neris Rodr\u00edguez Matos    (<em><a href=\"http:\/\/blogs.uo.edu.cu\/maestriacemzoc\/wp-content\/uploads\/sites\/38\/2022\/02\/4.-Neris-Rodriguez-Matos.pdf\" target=\"_blank\" rel=\"noreferrer noopener\">Curr\u00edculo<\/a><\/em>)<\/li>\n\n\n\n<li>Dr. C. Jos\u00e9 Abelardo Planas Fajardo   (<em><a href=\"http:\/\/blogs.uo.edu.cu\/maestriacemzoc\/wp-content\/uploads\/sites\/38\/2022\/02\/8.-Jose-Abelardo-Planas-Fajardo.pdf\" target=\"_blank\" rel=\"noreferrer noopener\">Curr\u00edculo<\/a><\/em>)<\/li>\n\n\n\n<li>MSc. Miguel Abad Salazar   (<em><a href=\"http:\/\/blogs.uo.edu.cu\/maestriacemzoc\/wp-content\/uploads\/sites\/38\/2022\/02\/12.-Miguel-Angel-Abad-Salazar.pdf\" target=\"_blank\" rel=\"noreferrer noopener\">Curr\u00edculo<\/a><\/em>)<\/li>\n\n\n\n<li>Dr. C. Jos\u00e9 Alejandro Zapata Balanqu\u00e9   (<em><a href=\"http:\/\/blogs.uo.edu.cu\/maestriacemzoc\/wp-content\/uploads\/sites\/38\/2022\/02\/9.-Jose-A.-Zapata-Balanque.pdf\" target=\"_blank\" rel=\"noreferrer noopener\">Curr\u00edculo<\/a><\/em>) <\/li>\n\n\n\n<li>Dr. C. Graciela Mar\u00eda Castellanos Pellerols  (<em><a href=\"http:\/\/blogs.uo.edu.cu\/maestriacemzoc\/wp-content\/uploads\/sites\/38\/2022\/02\/Graciela-Castellanos-Pallerols.pdf\" target=\"_blank\" rel=\"noreferrer noopener\">Curr\u00edculo<\/a><\/em>) <\/li>\n\n\n\n<li>Dr. C. Jos\u00e9 Antonio Su\u00e1rez Rodr\u00edguez   (<em><a href=\"http:\/\/blogs.uo.edu.cu\/maestriacemzoc\/wp-content\/uploads\/sites\/38\/2022\/02\/25.-Jose-Antonio-Suarez-Rodriguez.pdf\" target=\"_blank\" rel=\"noreferrer noopener\">Curr\u00edculo<\/a><\/em>)<\/li>\n\n\n\n<li>Dr. C. Liber Galb\u00e1n Rodr\u00edguez   (<em><a href=\"http:\/\/blogs.uo.edu.cu\/maestriacemzoc\/wp-content\/uploads\/sites\/38\/2022\/02\/20.-Liber-Galban-Rodriguez.pdf\" target=\"_blank\" rel=\"noreferrer noopener\">Curr\u00edculo<\/a><\/em>)<\/li>\n\n\n\n<li>Dr. C. Alexis Santiago P\u00e9rez Figueredo   (<em><a href=\"http:\/\/blogs.uo.edu.cu\/maestriacemzoc\/wp-content\/uploads\/sites\/38\/2022\/02\/19.-Alexis-Santiago-Perez-Figueredo.pdf\" target=\"_blank\" rel=\"noreferrer noopener\">Curr\u00edculo<\/a><\/em>)<\/li>\n\n\n\n<li>Dr. C Yunior Ram\u00f3n Vel\u00e1zquez Labrada   (<em><a href=\"http:\/\/blogs.uo.edu.cu\/maestriacemzoc\/wp-content\/uploads\/sites\/38\/2022\/02\/23.-Yunior-Ramon-Velazquez-Labrada.pdf\" target=\"_blank\" rel=\"noreferrer noopener\">Curr\u00edculo<\/a><\/em>)<\/li>\n\n\n\n<li>Dr. C. Rogelio Garc\u00eda Tejera   (<em><a href=\"http:\/\/blogs.uo.edu.cu\/maestriacemzoc\/wp-content\/uploads\/sites\/38\/2022\/02\/22.-Rogelio-Garcia-Tejera.pdf\" target=\"_blank\" rel=\"noreferrer noopener\">Curr\u00edculo<\/a><\/em>)<\/li>\n\n\n\n<li>Dr. C. Mayelin Gonz\u00e1lez Trujillo   (<em><a href=\"http:\/\/blogs.uo.edu.cu\/maestriacemzoc\/wp-content\/uploads\/sites\/38\/2022\/02\/16.-Mayelin-Gonzalez-Trujillo.pdf\" target=\"_blank\" rel=\"noreferrer noopener\">Curr\u00edculo<\/a><\/em>)<\/li>\n\n\n\n<li>Dr. C. Maivis Ginarte Dur\u00e1n   (<em><a href=\"http:\/\/blogs.uo.edu.cu\/maestriacemzoc\/wp-content\/uploads\/sites\/38\/2022\/02\/24.-Maivis-Ginarte-Duran.pdf\" target=\"_blank\" rel=\"noreferrer noopener\">Curr\u00edculo<\/a><\/em>)<\/li>\n\n\n\n<li>Dr. C. Ram\u00f3n Yordanis Alarc\u00f3n Borges   (<em><a href=\"http:\/\/blogs.uo.edu.cu\/maestriacemzoc\/wp-content\/uploads\/sites\/38\/2022\/02\/14.-Ramon-Yordanis-Alarcon-Borges.pdf\" target=\"_blank\" rel=\"noreferrer noopener\">Curr\u00edculo<\/a><\/em>)<\/li>\n\n\n\n<li>Dr. C. Celene Milan\u00e9s Batista   (<em><a href=\"http:\/\/blogs.uo.edu.cu\/maestriacemzoc\/wp-content\/uploads\/sites\/38\/2022\/02\/10.-Celene-Milanes-Batista.pdf\" target=\"_blank\" rel=\"noreferrer noopener\">Curr\u00edculo<\/a><\/em>)<\/li>\n\n\n\n<li>Dr. C. Mayel\u00edn P\u00e9rez Ben\u00edtez   (<em><a href=\"http:\/\/blogs.uo.edu.cu\/maestriacemzoc\/wp-content\/uploads\/sites\/38\/2022\/02\/19.-Mayelin-Perez-Benitez.pdf\" target=\"_blank\" rel=\"noreferrer noopener\">Curr\u00edculo<\/a><\/em>)<\/li>\n\n\n\n<li>Dr. C. Jorge Mesa Vazquez   (<em><a href=\"http:\/\/blogs.uo.edu.cu\/maestriacemzoc\/wp-content\/uploads\/sites\/38\/2022\/02\/20.-Jorge-Mesa-Vazquez.pdf\" target=\"_blank\" rel=\"noreferrer noopener\">Curr\u00edculo<\/a><\/em>)<\/li>\n\n\n\n<li>Dr. C Liliana G\u00f3mez Luna   (<em><a href=\"http:\/\/blogs.uo.edu.cu\/maestriacemzoc\/wp-content\/uploads\/sites\/38\/2022\/02\/11.-Liliana-Gomez-Luna.pdf\" target=\"_blank\" rel=\"noreferrer noopener\">Curr\u00edculo<\/a><\/em>)<\/li>\n\n\n\n<li>Dr. C Bernardo Reyes Tur (<em><a href=\"http:\/\/blogs.uo.edu.cu\/maestriacemzoc\/wp-content\/uploads\/sites\/38\/2024\/04\/18.-Bernardo-Reyes-Tur.pdf\" target=\"_blank\" rel=\"noreferrer noopener\">Curr\u00edculo<\/a><\/em>)<\/li>\n<\/ol>\n","protected":false},"excerpt":{"rendered":"<p>El claustro actual de profesores de la maestr\u00eda est\u00e1 integrado por 20 profesores, de ellos 19 son doctores y solo 1 es m\u00e1ster para un 95 % de profesores con la m\u00e1xima categor\u00eda cient\u00edfica, lo cual es una fortaleza del<\/p>\n","protected":false},"author":1,"featured_media":0,"parent":0,"menu_order":1,"comment_status":"closed","ping_status":"closed","template":"","meta":{"sfsi_plus_gutenberg_text_before_share":"","sfsi_plus_gutenberg_show_text_before_share":"","sfsi_plus_gutenberg_icon_type":"","sfsi_plus_gutenberg_icon_alignemt":"","sfsi_plus_gutenburg_max_per_row":"","ngg_post_thumbnail":0,"_mc_calendar":[],"footnotes":""},"class_list":["post-21","page","type-page","status-publish","hentry"],"_links":{"self":[{"href":"https:\/\/blogs.uo.edu.cu\/maestriacemzoc\/wp-json\/wp\/v2\/pages\/21","targetHints":{"allow":["GET"]}}],"collection":[{"href":"https:\/\/blogs.uo.edu.cu\/maestriacemzoc\/wp-json\/wp\/v2\/pages"}],"about":[{"href":"https:\/\/blogs.uo.edu.cu\/maestriacemzoc\/wp-json\/wp\/v2\/types\/page"}],"author":[{"embeddable":true,"href":"https:\/\/blogs.uo.edu.cu\/maestriacemzoc\/wp-json\/wp\/v2\/users\/1"}],"replies":[{"embeddable":true,"href":"https:\/\/blogs.uo.edu.cu\/maestriacemzoc\/wp-json\/wp\/v2\/comments?post=21"}],"version-history":[{"count":10,"href":"https:\/\/blogs.uo.edu.cu\/maestriacemzoc\/wp-json\/wp\/v2\/pages\/21\/revisions"}],"predecessor-version":[{"id":1110,"href":"https:\/\/blogs.uo.edu.cu\/maestriacemzoc\/wp-json\/wp\/v2\/pages\/21\/revisions\/1110"}],"wp:attachment":[{"href":"https:\/\/blogs.uo.edu.cu\/maestriacemzoc\/wp-json\/wp\/v2\/media?parent=21"}],"curies":[{"name":"wp","href":"https:\/\/api.w.org\/{rel}","templated":true}]}}