{"id":85,"date":"2020-02-10T19:00:34","date_gmt":"2020-02-10T19:00:34","guid":{"rendered":"http:\/\/blogs.uo.edu.cu\/maestriacemzoc\/?page_id=85"},"modified":"2024-04-11T20:29:09","modified_gmt":"2024-04-11T20:29:09","slug":"comite-academico","status":"publish","type":"page","link":"https:\/\/blogs.uo.edu.cu\/maestriacemzoc\/comite-academico\/","title":{"rendered":"Comit\u00e9 acad\u00e9mico"},"content":{"rendered":"\n<p>\n<strong>COMIT\u00c9\nACAD\u00c9MICO DEL PROGRAMA<\/strong><\/p>\n\n\n\n<figure class=\"wp-block-table\"><table><tbody><tr><td><img decoding=\"async\" src=\"http:\/\/blogs.uo.edu.cu\/maestriacemzoc\/wp-content\/uploads\/sites\/38\/2020\/02\/Ram%C3%B3n-Yordanis-Alarc%C3%B3n-Borges-1.jpg\" alt=\"\" style=\"width: 150px\"><br> Dr. C. Ram\u00f3n Y. Alarc\u00f3n Borges<br>(Coordinador)<br>(<a href=\"http:\/\/blogs.uo.edu.cu\/maestriacemzoc\/wp-content\/uploads\/sites\/38\/2020\/03\/Ram\u00f3n-Yordanis-Alarc\u00f3n-Borges.pdf\" target=\"_blank\" rel=\"noreferrer noopener\">Curr\u00edculo<\/a>)<\/td><td><img decoding=\"async\" class=\"wp-image-231\" style=\"width: 150px\" src=\"http:\/\/blogs.uo.edu.cu\/maestriacemzoc\/wp-content\/uploads\/sites\/38\/2021\/03\/Ofelia.jpg\" alt=\"\"><br> Dr. C. Ofelia P\u00e9rez Montero<br> (<a href=\"http:\/\/blogs.uo.edu.cu\/maestriacemzoc\/wp-content\/uploads\/sites\/38\/2020\/02\/Ofelia-P\u00e9rez-Montero.pdf\" target=\"_blank\" rel=\"noreferrer noopener\" aria-label=\"Curr\u00edculo (opens in a new tab)\">Curr\u00edculo<\/a>)    <\/td><\/tr><tr><td><img loading=\"lazy\" decoding=\"async\" width=\"160\" height=\"160\" class=\"wp-image-234\" style=\"width: 150px\" src=\"http:\/\/blogs.uo.edu.cu\/maestriacemzoc\/wp-content\/uploads\/sites\/38\/2020\/02\/Yunior-Ram\u00f3n-Vel\u00e1zquez-Labrada.jpg\" alt=\"\" srcset=\"https:\/\/blogs.uo.edu.cu\/maestriacemzoc\/wp-content\/uploads\/sites\/38\/2020\/02\/Yunior-Ram\u00f3n-Vel\u00e1zquez-Labrada.jpg 160w, https:\/\/blogs.uo.edu.cu\/maestriacemzoc\/wp-content\/uploads\/sites\/38\/2020\/02\/Yunior-Ram\u00f3n-Vel\u00e1zquez-Labrada-150x150.jpg 150w\" sizes=\"auto, (max-width: 160px) 100vw, 160px\" \/><br> Dr. C Yunior R. Vel\u00e1zquez Labrada<br> (<a href=\"http:\/\/blogs.uo.edu.cu\/maestriacemzoc\/wp-content\/uploads\/sites\/38\/2020\/02\/Yunior-Ram\u00f3n-Vel\u00e1zquez-Labrada.pdf\" target=\"_blank\" rel=\"noreferrer noopener\" aria-label=\"Curr\u00edculo (opens in a new tab)\">Curr\u00edculo<\/a>)   <\/td><td> <img loading=\"lazy\" decoding=\"async\" width=\"590\" height=\"557\" class=\"wp-image-149\" style=\"width: 150px\" src=\"http:\/\/blogs.uo.edu.cu\/maestriacemzoc\/wp-content\/uploads\/sites\/38\/2020\/02\/Jorge-Mesa-Vazquez.jpg\" alt=\"\" srcset=\"https:\/\/blogs.uo.edu.cu\/maestriacemzoc\/wp-content\/uploads\/sites\/38\/2020\/02\/Jorge-Mesa-Vazquez.jpg 590w, https:\/\/blogs.uo.edu.cu\/maestriacemzoc\/wp-content\/uploads\/sites\/38\/2020\/02\/Jorge-Mesa-Vazquez-300x283.jpg 300w\" sizes=\"auto, (max-width: 590px) 100vw, 590px\" \/> <br> Dr. C. Jorge Mesa Vazquez<br>(<a href=\"http:\/\/blogs.uo.edu.cu\/maestriacemzoc\/wp-content\/uploads\/sites\/38\/2022\/02\/20.-Jorge-Mesa-Vazquez.pdf\">Curr\u00edculo<\/a>)<\/td><\/tr><tr><td><img loading=\"lazy\" decoding=\"async\" width=\"600\" height=\"600\" class=\"wp-image-146\" style=\"width: 150px\" src=\"http:\/\/blogs.uo.edu.cu\/maestriacemzoc\/wp-content\/uploads\/sites\/38\/2020\/02\/Alexis-Santiago-P\u00e9rez-Figueredo.jpg\" alt=\"\" srcset=\"https:\/\/blogs.uo.edu.cu\/maestriacemzoc\/wp-content\/uploads\/sites\/38\/2020\/02\/Alexis-Santiago-P\u00e9rez-Figueredo.jpg 600w, https:\/\/blogs.uo.edu.cu\/maestriacemzoc\/wp-content\/uploads\/sites\/38\/2020\/02\/Alexis-Santiago-P\u00e9rez-Figueredo-150x150.jpg 150w, https:\/\/blogs.uo.edu.cu\/maestriacemzoc\/wp-content\/uploads\/sites\/38\/2020\/02\/Alexis-Santiago-P\u00e9rez-Figueredo-300x300.jpg 300w, https:\/\/blogs.uo.edu.cu\/maestriacemzoc\/wp-content\/uploads\/sites\/38\/2020\/02\/Alexis-Santiago-P\u00e9rez-Figueredo-270x270.jpg 270w, https:\/\/blogs.uo.edu.cu\/maestriacemzoc\/wp-content\/uploads\/sites\/38\/2020\/02\/Alexis-Santiago-P\u00e9rez-Figueredo-230x230.jpg 230w\" sizes=\"auto, (max-width: 600px) 100vw, 600px\" \/><br> Dr. C. Alexis S. P\u00e9rez Figueredo<br> (<a href=\"http:\/\/blogs.uo.edu.cu\/maestriacemzoc\/wp-content\/uploads\/sites\/38\/2020\/02\/Alexis-Santiago-P\u00e9rez-Figueredo.pdf\" target=\"_blank\" rel=\"noreferrer noopener\" aria-label=\"Curr\u00edculo (opens in a new tab)\">Curr\u00edculo<\/a>)   <\/td><td><\/td><\/tr><tr><td><br><\/td><td><\/td><\/tr><\/tbody><\/table><\/figure>\n","protected":false},"excerpt":{"rendered":"<p>COMIT\u00c9 ACAD\u00c9MICO DEL PROGRAMA Dr. C. Ram\u00f3n Y. Alarc\u00f3n Borges(Coordinador)(Curr\u00edculo) Dr. C. Ofelia P\u00e9rez Montero (Curr\u00edculo) Dr. C Yunior R. Vel\u00e1zquez Labrada (Curr\u00edculo) Dr. C. Jorge Mesa Vazquez(Curr\u00edculo) Dr. C. Alexis S. P\u00e9rez Figueredo (Curr\u00edculo)<\/p>\n","protected":false},"author":1,"featured_media":0,"parent":0,"menu_order":0,"comment_status":"closed","ping_status":"closed","template":"","meta":{"sfsi_plus_gutenberg_text_before_share":"","sfsi_plus_gutenberg_show_text_before_share":"","sfsi_plus_gutenberg_icon_type":"","sfsi_plus_gutenberg_icon_alignemt":"","sfsi_plus_gutenburg_max_per_row":"","ngg_post_thumbnail":0,"_mc_calendar":[],"footnotes":""},"class_list":["post-85","page","type-page","status-publish","hentry"],"_links":{"self":[{"href":"https:\/\/blogs.uo.edu.cu\/maestriacemzoc\/wp-json\/wp\/v2\/pages\/85","targetHints":{"allow":["GET"]}}],"collection":[{"href":"https:\/\/blogs.uo.edu.cu\/maestriacemzoc\/wp-json\/wp\/v2\/pages"}],"about":[{"href":"https:\/\/blogs.uo.edu.cu\/maestriacemzoc\/wp-json\/wp\/v2\/types\/page"}],"author":[{"embeddable":true,"href":"https:\/\/blogs.uo.edu.cu\/maestriacemzoc\/wp-json\/wp\/v2\/users\/1"}],"replies":[{"embeddable":true,"href":"https:\/\/blogs.uo.edu.cu\/maestriacemzoc\/wp-json\/wp\/v2\/comments?post=85"}],"version-history":[{"count":32,"href":"https:\/\/blogs.uo.edu.cu\/maestriacemzoc\/wp-json\/wp\/v2\/pages\/85\/revisions"}],"predecessor-version":[{"id":1111,"href":"https:\/\/blogs.uo.edu.cu\/maestriacemzoc\/wp-json\/wp\/v2\/pages\/85\/revisions\/1111"}],"wp:attachment":[{"href":"https:\/\/blogs.uo.edu.cu\/maestriacemzoc\/wp-json\/wp\/v2\/media?parent=85"}],"curies":[{"name":"wp","href":"https:\/\/api.w.org\/{rel}","templated":true}]}}