{"id":89,"date":"2020-02-10T19:05:24","date_gmt":"2020-02-10T19:05:24","guid":{"rendered":"http:\/\/blogs.uo.edu.cu\/maestriacemzoc\/?page_id=89"},"modified":"2022-02-23T18:59:47","modified_gmt":"2022-02-23T18:59:47","slug":"cursos","status":"publish","type":"page","link":"https:\/\/blogs.uo.edu.cu\/maestriacemzoc\/cursos\/","title":{"rendered":"Cursos"},"content":{"rendered":"\n<p><strong>Cursos obligatorios<\/strong>:<\/p>\n\n\n<p>1.- Componentes y procesos naturales en zonas costeras.<em> (<a href=\"http:\/\/blogs.uo.edu.cu\/maestriacemzoc\/wp-content\/uploads\/sites\/38\/2022\/02\/CURSO-COMPONENTES-Y-PROCESOS-NATURALES-EN-ZONAS-COSTERAS.pdf\" target=\"_blank\" rel=\"noopener noreferrer\">Descargar programa<\/a>)&nbsp; &nbsp; <a href=\"https:\/\/eva.uo.edu.cu\/course\/view.php?id=10128\" target=\"_blank\" rel=\"noopener\"><img loading=\"lazy\" decoding=\"async\" class=\"alignnone  wp-image-628\" src=\"http:\/\/blogs.uo.edu.cu\/maestriacemzoc\/wp-content\/uploads\/sites\/38\/2020\/11\/av.jpg\" alt=\"\" width=\"86\" height=\"19\"><\/a><\/em><br>2.- Cuestiones jur\u00eddicas del manejo integrado de zonas costeras. <em>(<a href=\"http:\/\/blogs.uo.edu.cu\/maestriacemzoc\/wp-content\/uploads\/sites\/38\/2022\/02\/CURSO-CUESTIONES-JURIDICAS-DEL-MANEJO-INTEGRADO-DE-ZONAS-COSTERAS.pdf\" target=\"_blank\" rel=\"noopener noreferrer\">Descargar programa<\/a>)&nbsp; &nbsp; <a href=\"https:\/\/eva.uo.edu.cu\/course\/view.php?id=8831\" target=\"_blank\" rel=\"noopener\"><img loading=\"lazy\" decoding=\"async\" class=\"alignnone  wp-image-628\" src=\"http:\/\/blogs.uo.edu.cu\/maestriacemzoc\/wp-content\/uploads\/sites\/38\/2020\/11\/av.jpg\" alt=\"\" width=\"86\" height=\"19\"><\/a><\/em>&nbsp; &nbsp; <br>3.- Temas actuales en el manejo integrado de zonas costeras. <em>(<a href=\"http:\/\/blogs.uo.edu.cu\/maestriacemzoc\/wp-content\/uploads\/sites\/38\/2022\/02\/CURSO-TEMAS-ACTUALES-EN-EL-MANEJO-INTEGRADO-DE-ZONAS-COSTERAS.pdf\" target=\"_blank\" rel=\"noopener noreferrer\">Descargar programa<\/a>)&nbsp; &nbsp; &nbsp; <a href=\"https:\/\/eva.uo.edu.cu\/course\/view.php?id=8833\" target=\"_blank\" rel=\"noopener\"><img loading=\"lazy\" decoding=\"async\" class=\"alignnone  wp-image-628\" src=\"http:\/\/blogs.uo.edu.cu\/maestriacemzoc\/wp-content\/uploads\/sites\/38\/2020\/11\/av.jpg\" alt=\"\" width=\"86\" height=\"19\"><\/a>&nbsp; &nbsp;&nbsp;<\/em><br>4.- Gesti\u00f3n Integrada de Riesgos Costeros. <em>(<a href=\"http:\/\/blogs.uo.edu.cu\/maestriacemzoc\/wp-content\/uploads\/sites\/38\/2022\/02\/CURSO-GESTION-INTEGRADA-DE-RIESGOS-COSTEROS.pdf\" target=\"_blank\" rel=\"noopener noreferrer\">Descargar programa<\/a>)&nbsp; &nbsp; <a href=\"https:\/\/eva.uo.edu.cu\/course\/view.php?id=8840\" target=\"_blank\" rel=\"noopener\"><img loading=\"lazy\" decoding=\"async\" class=\"alignnone  wp-image-628\" src=\"http:\/\/blogs.uo.edu.cu\/maestriacemzoc\/wp-content\/uploads\/sites\/38\/2020\/11\/av.jpg\" alt=\"\" width=\"86\" height=\"19\"><\/a> &nbsp; &nbsp;<\/em><br>5.- Econom\u00eda y Medio Ambiente. <em>(<a href=\"http:\/\/blogs.uo.edu.cu\/maestriacemzoc\/wp-content\/uploads\/sites\/38\/2022\/02\/CURSO-ECONOMIA-Y-MEDIO-AMBIENTE.pdf\" target=\"_blank\" rel=\"noopener noreferrer\">Descargar programa<\/a>)&nbsp; &nbsp; <a href=\"https:\/\/eva.uo.edu.cu\/course\/view.php?id=8879\" target=\"_blank\" rel=\"noopener\"><img loading=\"lazy\" decoding=\"async\" class=\"alignnone  wp-image-628\" src=\"http:\/\/blogs.uo.edu.cu\/maestriacemzoc\/wp-content\/uploads\/sites\/38\/2020\/11\/av.jpg\" alt=\"\" width=\"86\" height=\"19\"><\/a> &nbsp; &nbsp;<\/em><br>6.- Manejo de los recursos por las comunidades. <em>(<a href=\"http:\/\/blogs.uo.edu.cu\/maestriacemzoc\/wp-content\/uploads\/sites\/38\/2022\/02\/CURSO-MANEJO-DE-LOS-RECURSOS-COSTEROS-POR-LAS-COMUNIDADES.pdf\" target=\"_blank\" rel=\"noopener noreferrer\">Descargar programa<\/a>)&nbsp; &nbsp; &nbsp; <a href=\"https:\/\/eva.uo.edu.cu\/course\/view.php?id=8871\" target=\"_blank\" rel=\"noopener\"><img loading=\"lazy\" decoding=\"async\" class=\"alignnone  wp-image-628\" src=\"http:\/\/blogs.uo.edu.cu\/maestriacemzoc\/wp-content\/uploads\/sites\/38\/2020\/11\/av.jpg\" alt=\"\" width=\"86\" height=\"19\"><\/a>&nbsp; &nbsp;&nbsp;<\/em><br>7.- Seminarios de Investigaci\u00f3n I <em>(<a href=\"http:\/\/blogs.uo.edu.cu\/maestriacemzoc\/wp-content\/uploads\/sites\/38\/2022\/02\/SEMINARIOS-DE-INVESTIGACION-I.pdf\" target=\"_blank\" rel=\"noopener noreferrer\">Descargar programa<\/a>)&nbsp; &nbsp; &nbsp; <a href=\"https:\/\/eva.uo.edu.cu\/course\/view.php?id=8849\" target=\"_blank\" rel=\"noopener\"><img loading=\"lazy\" decoding=\"async\" class=\"alignnone  wp-image-628\" src=\"http:\/\/blogs.uo.edu.cu\/maestriacemzoc\/wp-content\/uploads\/sites\/38\/2020\/11\/av.jpg\" alt=\"\" width=\"86\" height=\"19\"><\/a> &nbsp; <br>8.- Seminarios de Investigaci\u00f3n II&nbsp; (<a href=\"http:\/\/blogs.uo.edu.cu\/maestriacemzoc\/wp-content\/uploads\/sites\/38\/2022\/02\/SEMINARIOS-DE-INVESTIGACION-II.pdf\" target=\"_blank\" rel=\"noopener noreferrer\">Descargar programa<\/a>)&nbsp; &nbsp; &nbsp; <a href=\"https:\/\/eva.uo.edu.cu\/course\/view.php?id=8875\" target=\"_blank\" rel=\"noopener\"><img loading=\"lazy\" decoding=\"async\" class=\"alignnone  wp-image-628\" src=\"http:\/\/blogs.uo.edu.cu\/maestriacemzoc\/wp-content\/uploads\/sites\/38\/2020\/11\/av.jpg\" alt=\"\" width=\"86\" height=\"19\"><\/a> &nbsp; <br>9.- Seminarios de Investigaci\u00f3n III (<a href=\"http:\/\/blogs.uo.edu.cu\/maestriacemzoc\/wp-content\/uploads\/sites\/38\/2022\/02\/SEMINARIOS-DE-INVESTIGACION-III.pdf\" target=\"_blank\" rel=\"noopener noreferrer\">Descargar programa<\/a>)&nbsp; &nbsp; &nbsp; <a href=\"https:\/\/eva.uo.edu.cu\/course\/view.php?id=11884\" target=\"_blank\" rel=\"noopener\"><img loading=\"lazy\" decoding=\"async\" class=\"alignnone  wp-image-628\" src=\"http:\/\/blogs.uo.edu.cu\/maestriacemzoc\/wp-content\/uploads\/sites\/38\/2020\/11\/av.jpg\" alt=\"\" width=\"86\" height=\"19\"><\/a> &nbsp;&nbsp;<\/em><\/p>\n<p>&nbsp;<\/p>\n\n\n<p><strong>Cursos opcionales:<\/strong><\/p>\n\n\n\n<p>1.-   Manejo integral de cuencas.<br>2.-   Evaluaci\u00f3n de   Impacto Ambiental.   <br>3.-   \u00c1reas protegidas.   <br>4.-   Pol\u00edticas y educaci\u00f3n ambiental.<br>5.-   Estad\u00edstica en el   manejo integrado de zonas costeras.   <br>6.-   T\u00e9cnicas y habilidades de negociaci\u00f3n.&nbsp;  <br>7.-   Biodiversidad y medio ambiente. <br>8.-   Ordenamiento territorial y marino costero.<br>9.-   Gesti\u00f3n ambiental en empresas de producci\u00f3n   y servicios en las zonas&nbsp; costeras.   <br>10.-   Desarrollo local   en zonas costeras.   <br>11.-   Cambio Clim\u00e1tico, Desastres Naturales y Gesti\u00f3n de Riesgos.<br>12.-   Introducci\u00f3n a la ingenier\u00eda   de costas.   <br>13.-   Desarrollo tur\u00edstico y la zona costera.&nbsp;    <br>14.-   Agricultura costera y MIZC.    <br>15.-   Calidad del agua.   <br>16.-   Cartograf\u00eda y Sistemas de Informaci\u00f3n Geogr\u00e1fica.   <br>17.-   Oceanograf\u00eda. <br>18.-   Acuicultura en la zona costera.    <br>19.-   Modelos matem\u00e1ticos en MIZC.   <br>20.-   Prevenci\u00f3n y Control integrado de la contaminaci\u00f3n ambiental.   <br>21.-   La influencia de las condiciones meteorol\u00f3gicas en el ecosistema costero.   <br>22.-   Energ\u00eda y medio ambiente costero.   <br>23.-   Problemas sociales de la ciencia  y la tecnolog\u00eda y el MIZC.   <br>24.-   Ecotoxicolog\u00eda <br>25.-   Derecho Ambiental Internacional.   <br>26.-   Estructura v funcionamiento de ecosistemas costeros.   <br>27.-   Desarrollo regional y urbano.   <br>28.-   Transporte mar\u00edtimo y manejo de puertos.    <br>29.-   Evaluaci\u00f3n, pron\u00f3stico y manejo de pesquer\u00edas marinas.   <br>30.-   La cultura en el MlZC.   <br>31.-   Planificaci\u00f3n Ambiental.    <br>32.-   Introducci\u00f3n a la Sismolog\u00eda.   <br>33.-   Evaluaci\u00f3n de escenarios cr\u00edticos.   <\/p>\n\n\n\n<p><strong>Cr\u00e9ditos libres: <\/strong><\/p>\n\n\n\n<p align=\"justify\">Se obtienen a trav\u00e9s Cursos, Conferencias especializadas, Talleres, Entrenamientos que pueden comprender: Monitoreo en la zonas costeras y cuencas hidrogr\u00e1ficas, estudios de campo a trav\u00e9s de proyectos de investigaci\u00f3n previa certificaci\u00f3n del Jefe de proyectos, realizaci\u00f3n de estudios de l\u00ednea base, acciones de concertaci\u00f3n y\/o conciliaci\u00f3n con actores clave en la zona costera certificadas por las autoridades competentes.<\/p>\n\n\n\n<p><\/p>\n","protected":false},"excerpt":{"rendered":"<p>Cursos obligatorios: 1.- Componentes y procesos naturales en zonas costeras. (Descargar programa)&nbsp; &nbsp; 2.- Cuestiones jur\u00eddicas del manejo integrado de zonas costeras. (Descargar programa)&nbsp; &nbsp; &nbsp; &nbsp; 3.- Temas actuales en el manejo integrado de zonas costeras. (Descargar programa)&nbsp; &nbsp;<\/p>\n","protected":false},"author":1,"featured_media":0,"parent":0,"menu_order":0,"comment_status":"closed","ping_status":"closed","template":"","meta":{"sfsi_plus_gutenberg_text_before_share":"","sfsi_plus_gutenberg_show_text_before_share":"","sfsi_plus_gutenberg_icon_type":"","sfsi_plus_gutenberg_icon_alignemt":"","sfsi_plus_gutenburg_max_per_row":"","ngg_post_thumbnail":0,"_mc_calendar":[],"footnotes":""},"class_list":["post-89","page","type-page","status-publish","hentry"],"_links":{"self":[{"href":"https:\/\/blogs.uo.edu.cu\/maestriacemzoc\/wp-json\/wp\/v2\/pages\/89","targetHints":{"allow":["GET"]}}],"collection":[{"href":"https:\/\/blogs.uo.edu.cu\/maestriacemzoc\/wp-json\/wp\/v2\/pages"}],"about":[{"href":"https:\/\/blogs.uo.edu.cu\/maestriacemzoc\/wp-json\/wp\/v2\/types\/page"}],"author":[{"embeddable":true,"href":"https:\/\/blogs.uo.edu.cu\/maestriacemzoc\/wp-json\/wp\/v2\/users\/1"}],"replies":[{"embeddable":true,"href":"https:\/\/blogs.uo.edu.cu\/maestriacemzoc\/wp-json\/wp\/v2\/comments?post=89"}],"version-history":[{"count":37,"href":"https:\/\/blogs.uo.edu.cu\/maestriacemzoc\/wp-json\/wp\/v2\/pages\/89\/revisions"}],"predecessor-version":[{"id":859,"href":"https:\/\/blogs.uo.edu.cu\/maestriacemzoc\/wp-json\/wp\/v2\/pages\/89\/revisions\/859"}],"wp:attachment":[{"href":"https:\/\/blogs.uo.edu.cu\/maestriacemzoc\/wp-json\/wp\/v2\/media?parent=89"}],"curies":[{"name":"wp","href":"https:\/\/api.w.org\/{rel}","templated":true}]}}