{"id":91,"date":"2020-02-10T19:06:04","date_gmt":"2020-02-10T19:06:04","guid":{"rendered":"http:\/\/blogs.uo.edu.cu\/maestriacemzoc\/?page_id=91"},"modified":"2020-10-30T16:07:51","modified_gmt":"2020-10-30T16:07:51","slug":"lineas-de-investigacion","status":"publish","type":"page","link":"https:\/\/blogs.uo.edu.cu\/maestriacemzoc\/lineas-de-investigacion\/","title":{"rendered":"L\u00edneas de investigaci\u00f3n"},"content":{"rendered":"\n<p><p align=\"justify\">El Programa de Maestr\u00eda en Manejo Integrado de Zonas\nCosteras, integra los objetivos de desarrollo sostenible en su din\u00e1mica\nformativa y cient\u00edfica desde la perspectiva del manejo integrado de zonas costeras\n(MIZC) tributa directamente a los ODS 11. Ciudades y comunidades sostenibles. \u00a8Lograr\nque las ciudades y los asentamientos humanos sean inclusivos, seguros,\nresilientes y sostenibles\u00a8; ODS 13. Acci\u00f3n por el Clima. \u00a8Adoptar medidas\nurgentes para combatir el cambio clim\u00e1tico y sus efectos\u00a8 y el ODS 14 Vida\nSubmarina \u00a8Conservar y utilizar en forma sostenible los oc\u00e9anos, los mares y\nlos recursos marinos para el desarrollo sostenible\u00a8; ODS. 15.Vida de ecosistemas\nterrestres. Promover el uso sostenible de los ecosistemas terrestres, luchar\ncontra la desertificaci\u00f3n, detener e invertir la degradaci\u00f3n de las tierras y\nfrenar la p\u00e9rdida de la diversidad biol\u00f3gica. (Agenda 2030). <\/p><\/p>\n\n\n\n<p><p align=\"justify\">Adem\u00e1s, el programa est\u00e1 en correspondencia con el Plan\nNacional de Desarrollo Econ\u00f3mico y Social hasta 2030 tributando al eje\nestrat\u00e9gico Recursos naturales y Medio Ambiente.<\/p><\/p>\n\n\n<p><strong>L\u00edneas de investigaci\u00f3n<\/strong><\/p>\n<p><span id=\":ed.co\" class=\"tL8wMe EMoHub\" dir=\"ltr\">1.&nbsp;&nbsp;&nbsp;&nbsp;&nbsp;&nbsp;&nbsp;&nbsp; Ordenamiento territorial y manejo integrado de cuencas hidrogr\u00e1ficas y zonas costeras.<br>2.&nbsp;&nbsp;&nbsp;&nbsp;&nbsp;&nbsp;&nbsp;&nbsp; Cambio clim\u00e1tico, desastres naturales y gesti\u00f3n integrada el riesgo en zonas costeras.<br>3.&nbsp;&nbsp;&nbsp;&nbsp;&nbsp;&nbsp;&nbsp;&nbsp; Problemas te\u00f3ricos, pr\u00e1cticos y\/o metodol\u00f3gicos para el desarrollo sostenible de la zona costera, incluyendo el papel de las comunidades.<br>4.&nbsp;&nbsp;&nbsp;&nbsp;&nbsp;&nbsp;&nbsp;&nbsp; Conservaci\u00f3n, recuperaci\u00f3n y\/o mejoramiento de los procesos geomorfol\u00f3gicos, ecol\u00f3gicos y la biodiversidad en la zona costera, considerando los aspectos econ\u00f3micos y sociales.<br>5.&nbsp;&nbsp;&nbsp;&nbsp;&nbsp;&nbsp;&nbsp;&nbsp; Conflictos y su manejo integrado en la zona costera.<br>6.&nbsp;&nbsp;&nbsp;&nbsp;&nbsp;&nbsp;&nbsp;&nbsp; Problemas nacionales e internacionales de la relaci\u00f3n arm\u00f3nica entre la actividad costera y sus zonas de influencia.<\/span><\/p>\n<p><strong>Revistas Cient\u00edficas<\/strong><\/p>\n\n\n<ul class=\"wp-block-list\"><li><a href=\"https:\/\/www.journals.elsevier.com\/ocean-and-coastal-management\">Ocean &amp; Coastal Management<\/a><\/li><li><a href=\"https:\/\/revbiolmar.uv.cl\/es\/\">Revista de Biolog\u00eda Marina y Oceanograf\u00eda<\/a><\/li><li><a href=\"https:\/\/www.revistas.una.ac.cr\/index.php\/revmar\">Revist Ciencias Marinas y Costeras (REVMAR)<\/a><\/li><\/ul>\n\n\n\n<p><\/p>\n","protected":false},"excerpt":{"rendered":"<p>El Programa de Maestr\u00eda en Manejo Integrado de Zonas Costeras, integra los objetivos de desarrollo sostenible en su din\u00e1mica formativa y cient\u00edfica desde la perspectiva del manejo integrado de zonas costeras (MIZC) tributa directamente a los ODS 11. Ciudades y<\/p>\n","protected":false},"author":1,"featured_media":0,"parent":0,"menu_order":0,"comment_status":"closed","ping_status":"closed","template":"","meta":{"sfsi_plus_gutenberg_text_before_share":"","sfsi_plus_gutenberg_show_text_before_share":"","sfsi_plus_gutenberg_icon_type":"","sfsi_plus_gutenberg_icon_alignemt":"","sfsi_plus_gutenburg_max_per_row":"","ngg_post_thumbnail":0,"_mc_calendar":[],"footnotes":""},"class_list":["post-91","page","type-page","status-publish","hentry"],"_links":{"self":[{"href":"https:\/\/blogs.uo.edu.cu\/maestriacemzoc\/wp-json\/wp\/v2\/pages\/91","targetHints":{"allow":["GET"]}}],"collection":[{"href":"https:\/\/blogs.uo.edu.cu\/maestriacemzoc\/wp-json\/wp\/v2\/pages"}],"about":[{"href":"https:\/\/blogs.uo.edu.cu\/maestriacemzoc\/wp-json\/wp\/v2\/types\/page"}],"author":[{"embeddable":true,"href":"https:\/\/blogs.uo.edu.cu\/maestriacemzoc\/wp-json\/wp\/v2\/users\/1"}],"replies":[{"embeddable":true,"href":"https:\/\/blogs.uo.edu.cu\/maestriacemzoc\/wp-json\/wp\/v2\/comments?post=91"}],"version-history":[{"count":9,"href":"https:\/\/blogs.uo.edu.cu\/maestriacemzoc\/wp-json\/wp\/v2\/pages\/91\/revisions"}],"predecessor-version":[{"id":608,"href":"https:\/\/blogs.uo.edu.cu\/maestriacemzoc\/wp-json\/wp\/v2\/pages\/91\/revisions\/608"}],"wp:attachment":[{"href":"https:\/\/blogs.uo.edu.cu\/maestriacemzoc\/wp-json\/wp\/v2\/media?parent=91"}],"curies":[{"name":"wp","href":"https:\/\/api.w.org\/{rel}","templated":true}]}}