{"id":100,"date":"2018-02-21T05:05:10","date_gmt":"2018-02-21T05:05:10","guid":{"rendered":"http:\/\/localhost\/PatrimonioUO\/?page_id=100"},"modified":"2019-04-24T15:16:04","modified_gmt":"2019-04-24T19:16:04","slug":"foro-debate-nemosine-tiene-la-palabra","status":"publish","type":"page","link":"https:\/\/blogs.uo.edu.cu\/patrimonio\/foro-debate-nemosine-tiene-la-palabra\/","title":{"rendered":"Mnemosyne tiene la palabra"},"content":{"rendered":"<p>En la mitolog\u00eda griega Mnemosyne es conocida como la musa de la memoria. Por esta raz\u00f3n este apartado est\u00e1 dedicado a volcar memorias hist\u00f3rico-patrimoniales de la UO: documentos, leyes, estatutos, y otros art\u00edculos de inter\u00e9s que contribuyan a difundir la historia patrimonial de la Universidad.<\/p>\n<p><strong>Contenidos:<\/strong><\/p>\n<ul>\n<li><a href=\"http:\/\/blogs.uo.edu.cu\/patrimonio\/leyes-y-estatutos-uo-1949\/\">Leyes y Estatutos UO 1949<\/a><strong><br \/>\n<\/strong><\/li>\n<li><a href=\"http:\/\/blogs.uo.edu.cu\/patrimonio\/reglamento-feuo\/\">Reglamento FEUO<\/a><\/li>\n<\/ul>\n","protected":false},"excerpt":{"rendered":"<p>En la mitolog\u00eda griega Mnemosyne es conocida como la musa de la memoria. Por esta raz\u00f3n este apartado est\u00e1 dedicado a volcar memorias hist\u00f3rico-patrimoniales de la UO: documentos, leyes, estatutos, y otros art\u00edculos de inter\u00e9s que contribuyan a difundir la historia patrimonial de la Universidad. Contenidos: Leyes y Estatutos UO 1949 Reglamento FEUO<\/p>\n","protected":false},"author":30,"featured_media":1176,"parent":0,"menu_order":0,"comment_status":"closed","ping_status":"closed","template":"","meta":{"ngg_post_thumbnail":0,"footnotes":""},"class_list":["post-100","page","type-page","status-publish","has-post-thumbnail","czr-hentry"],"_links":{"self":[{"href":"https:\/\/blogs.uo.edu.cu\/patrimonio\/wp-json\/wp\/v2\/pages\/100","targetHints":{"allow":["GET"]}}],"collection":[{"href":"https:\/\/blogs.uo.edu.cu\/patrimonio\/wp-json\/wp\/v2\/pages"}],"about":[{"href":"https:\/\/blogs.uo.edu.cu\/patrimonio\/wp-json\/wp\/v2\/types\/page"}],"author":[{"embeddable":true,"href":"https:\/\/blogs.uo.edu.cu\/patrimonio\/wp-json\/wp\/v2\/users\/30"}],"replies":[{"embeddable":true,"href":"https:\/\/blogs.uo.edu.cu\/patrimonio\/wp-json\/wp\/v2\/comments?post=100"}],"version-history":[{"count":3,"href":"https:\/\/blogs.uo.edu.cu\/patrimonio\/wp-json\/wp\/v2\/pages\/100\/revisions"}],"predecessor-version":[{"id":1263,"href":"https:\/\/blogs.uo.edu.cu\/patrimonio\/wp-json\/wp\/v2\/pages\/100\/revisions\/1263"}],"wp:featuredmedia":[{"embeddable":true,"href":"https:\/\/blogs.uo.edu.cu\/patrimonio\/wp-json\/wp\/v2\/media\/1176"}],"wp:attachment":[{"href":"https:\/\/blogs.uo.edu.cu\/patrimonio\/wp-json\/wp\/v2\/media?parent=100"}],"curies":[{"name":"wp","href":"https:\/\/api.w.org\/{rel}","templated":true}]}}