{"id":123,"date":"2018-05-25T06:23:15","date_gmt":"2018-05-25T06:23:15","guid":{"rendered":"http:\/\/localhost\/PatrimonioUO\/?page_id=123"},"modified":"2018-05-25T06:23:15","modified_gmt":"2018-05-25T06:23:15","slug":"eduardo-mesa-llull","status":"publish","type":"page","link":"https:\/\/blogs.uo.edu.cu\/patrimonio\/nuestros-martires\/eduardo-mesa-llull\/","title":{"rendered":"Eduardo Mesa LLull ( Eduardito )"},"content":{"rendered":"<p><img loading=\"lazy\" decoding=\"async\" class=\"alignnone size-medium wp-image-124 aligncenter\" src=\"http:\/\/localhost\/PatrimonioUO\/wp-content\/uploads\/2018\/05\/Eduardo-Mesa-253x300.jpg\" alt=\"\" width=\"253\" height=\"300\" \/><\/p>\n<p>Naci\u00f3 en Santiago de Cuba el 25 de Septiembre de 1936 cursaba el primer a\u00f1o de Derecho en la Universidad de Oriente, cuando se produjo el levantamiento del 30 de noviembre de 1956. Form\u00f3 parte de las milicias del M &#8211; 26 &#8211; 7 y trabaj\u00f3 siempre a las \u00f3rdenes del comandante Belarmino Castilla Mas (An\u00edbal), quien fuera jefe de acci\u00f3n de Santiago. Eduardo Mesa particip\u00f3 en varias acciones de importancia, entre ellas, la toma de una emisora radial para denunciar la detenci\u00f3n de Armando Hart D\u00e1valos, y la orden de asesinarlo impartida por el general Francisco Tabernilla Dolz.<\/p>\n<p>Se incorpor\u00f3 m\u00e1s tarde a la columna No 19 (Jos\u00e9 Tey) en el Segundo Frente Oriental Frank Pa\u00eds. Muri\u00f3 heroicamente el 5 de noviembre de 1958 cuando participaba en el combate de El Socorro, en apoyo a la columna No 17 Abel Santamar\u00eda. Al triunfo de la Revoluci\u00f3n, sus restos fueron velados en la biblioteca general de la Universidad de Oriente como homenaje p\u00f3stumo de la comunidad universitaria a todos los m\u00e1rtires de esta casa se altos estudios.<\/p>\n<p>&nbsp;<\/p>\n<p>&nbsp;<\/p>\n<p>&nbsp;<\/p>\n","protected":false},"excerpt":{"rendered":"<p>Naci\u00f3 en Santiago de Cuba el 25 de Septiembre de 1936 cursaba el primer a\u00f1o de Derecho en la Universidad de Oriente, cuando se produjo el levantamiento del 30 de noviembre de 1956. Form\u00f3 parte de las milicias del M &#8211; 26 &#8211; 7 y trabaj\u00f3 siempre a las \u00f3rdenes del comandante Belarmino Castilla Mas [&hellip;]<\/p>\n","protected":false},"author":30,"featured_media":0,"parent":68,"menu_order":0,"comment_status":"closed","ping_status":"closed","template":"","meta":{"ngg_post_thumbnail":0,"footnotes":""},"class_list":["post-123","page","type-page","status-publish","czr-hentry"],"_links":{"self":[{"href":"https:\/\/blogs.uo.edu.cu\/patrimonio\/wp-json\/wp\/v2\/pages\/123","targetHints":{"allow":["GET"]}}],"collection":[{"href":"https:\/\/blogs.uo.edu.cu\/patrimonio\/wp-json\/wp\/v2\/pages"}],"about":[{"href":"https:\/\/blogs.uo.edu.cu\/patrimonio\/wp-json\/wp\/v2\/types\/page"}],"author":[{"embeddable":true,"href":"https:\/\/blogs.uo.edu.cu\/patrimonio\/wp-json\/wp\/v2\/users\/30"}],"replies":[{"embeddable":true,"href":"https:\/\/blogs.uo.edu.cu\/patrimonio\/wp-json\/wp\/v2\/comments?post=123"}],"version-history":[{"count":0,"href":"https:\/\/blogs.uo.edu.cu\/patrimonio\/wp-json\/wp\/v2\/pages\/123\/revisions"}],"up":[{"embeddable":true,"href":"https:\/\/blogs.uo.edu.cu\/patrimonio\/wp-json\/wp\/v2\/pages\/68"}],"wp:attachment":[{"href":"https:\/\/blogs.uo.edu.cu\/patrimonio\/wp-json\/wp\/v2\/media?parent=123"}],"curies":[{"name":"wp","href":"https:\/\/api.w.org\/{rel}","templated":true}]}}