{"id":128,"date":"2018-05-25T06:43:58","date_gmt":"2018-05-25T06:43:58","guid":{"rendered":"http:\/\/localhost\/PatrimonioUO\/?page_id=128"},"modified":"2018-05-25T06:43:58","modified_gmt":"2018-05-25T06:43:58","slug":"emma-rosa-chuy","status":"publish","type":"page","link":"https:\/\/blogs.uo.edu.cu\/patrimonio\/nuestros-martires\/emma-rosa-chuy\/","title":{"rendered":"Emma Rosa Chuy"},"content":{"rendered":"<p><img loading=\"lazy\" decoding=\"async\" class=\"alignnone size-medium wp-image-129 aligncenter\" src=\"http:\/\/localhost\/PatrimonioUO\/wp-content\/uploads\/2018\/05\/260px-Emma_Rosa_Chuy-200x300.jpg\" alt=\"\" width=\"200\" height=\"300\" \/><\/p>\n<p style=\"text-align: center\"><strong>ENMA ROSA CHUY ARNAU (<\/strong><strong>1934-1958).<\/strong><\/p>\n<p>Naci\u00f3 en el poblado de San Luis, provincia de Oriente, el 29 de junio de 1934.\u00a0 Una de las cuatro hijas de Joaqu\u00edn Chuy de origen chino y comerciante con la cubana Emma Rosa Arnau dedicada a las labores del hogar. Desde peque\u00f1a la familia la llam\u00f3 <em>Yuyi<\/em>. Curs\u00f3 la ense\u00f1anza primaria en la escuela de Adela Sariol y luego en la Escuela de Hembras No. 5, continu\u00f3 la primaria superior en el Colegio Eliseo L\u00f3pez y la finaliz\u00f3 en la Mariana Grajales de la misma localidad. Su naturaleza humana y amor a la ni\u00f1ez cobraron vida al seleccionar la noble tarea de ense\u00f1ar. Terminados los estudios primarios en 1948matricul\u00f3 la carrera magisterial en la Escuela Normal para Maestros de Oriente, donde coincidi\u00f3 en actividades con Frank Pa\u00eds y Pepito Tey, y en el Instituto de Segunda Ense\u00f1anza de Santiago de Cuba. Como tantos j\u00f3venes de su tiempo, Emma Rosa repudi\u00f3 en lo m\u00e1s \u00edntimo de su ser, el golpe de Estado del 10 de marzo de 1952. Su maestra en la ENO, Dra. Zaida Mart\u00ednez dijo de ella:<\/p>\n<p>Emma era callada, yo nunca he visto una alumna tan calla como ella y era fina y muy cuidadosa en sus trabajos y en su manera de vestir. Escrib\u00eda muy bien, sus ex\u00e1menes eran excelentes. Adem\u00e1s, Emma Rosa ten\u00eda los ojos muy lindos y como era muy saludable, a m\u00ed me extra\u00f1aba aquella tranquilidad de ella, lo callada que era [\u2026] no pude menos que asombrarme cuando un d\u00eda me dicen que se hab\u00eda alzado\u00a0 [\u2026] as\u00ed que aquella muchacha tan calada y tan fin, ahora era miembro del Ej\u00e9rcito Rebelde.<\/p>\n<p>Una vez graduada de maestra normalista en 1952, comenz\u00f3 a trabajar como maestra sustituta en un aula de sexto grado de la escuela no. 12 del poblado de Cueto, Mayar\u00ed. Fue su primera experiencia como maestra rural y se dio por entero a ella con entusiasmo y capacidad, unidos a su exquisita sensibilidad. Posteriormente, fue nombrada maestra en propiedad de la escuela No. 43 de Cabonico, Mayar\u00ed. Le bast\u00f3 conocer que faltaban maestros en esa zona para pedir que la ubiquen all\u00ed, decisi\u00f3n que tom\u00f3 sin tener en cuenta la lejan\u00eda de su hogar, ni otras dificultades. All\u00ed conoci\u00f3 de cerca la cr\u00edtica situaci\u00f3n que atravesaban las familias campesinas, sumidas en el desamparo, la miseria y el hambre; pudo comprobar la poca atenci\u00f3n que dedicaba el r\u00e9gimen a la educaci\u00f3n del campesinado cubano, en su mayor\u00eda analfabeto, y como los ni\u00f1os abandonaban tempranamente los estudios para dedicarse a las duras faenas agr\u00edcolas para contribuir al sustento familiar. Integr\u00f3 el Club Juvenil del Colegio de Maestros. Cuando supo que se necesitaban maestros para las aulas que funcionaban de noche solicit\u00f3 su traslado, que la alejaba m\u00e1s de la Universidad de Oriente, instituci\u00f3n en que hab\u00eda matriculado la carrera de Pedagog\u00eda en la Escuela de Educaci\u00f3n, curso especial de los s\u00e1bados, desde septiembre de ese a\u00f1o, con el sacrificio adicional que significaban los gastos en transporte, alimentaci\u00f3n y alojamiento. Emma Rosa perteneci\u00f3 a la Asociaci\u00f3n de Alumnos de su Escuela y la Federaci\u00f3n Estudiantil Universitaria de Oriente. En su expediente estudiantil constan las muy buenas calificaciones obtenidas en la mayor\u00eda de las asignaturas cursadas, desde el primero hasta el cuarto a\u00f1o de la carrera, del que caus\u00f3 baja temporal por motivos desconocidos, para reingresar de nuevo en el curso 1956-1957. De no ser por la interrupci\u00f3n indefinida de las clases en la Universidad a ra\u00edz de las acciones armadas del 30 de noviembre de 1956, y su participaci\u00f3n en la lucha contra la tiran\u00eda de Fulgencio Batista, tal vez, Emma Rosa hubiera podido graduarse de Licenciada o Doctora en Pedagog\u00eda en la Universidad de Oriente. Durante el curso 1957-1958, fue ubicada en el sector urbano en una Escuela nocturna No. 55 de Guaro. Tambi\u00e9n trabaj\u00f3 en escuelitas de Seboruco y la Herradura, estas dos \u00faltimas en la Sierra Cristal. Aqu\u00ed todos le dec\u00edan <em>La China<\/em>, y era muy querida por su temperamento sensible, delicado y su car\u00e1cter que mostraba en su labor educativa. Sobre ello, la Dra. Hilda Beltr\u00e1n, inspectora escolar del Distrito Mayar\u00ed-Sagua de T\u00e1namo,\u00a0 expres\u00f3: \u201c\u2026era una maestra ejemplar [\u2026] una admirable compa\u00f1era [\u2026] Su vida fue ejemplo y desinter\u00e9s y de amor a la patria. Para m\u00ed fue un privilegio extraordinario trabajar a su lado\u201d.<\/p>\n<p>Con la convicci\u00f3n de que hab\u00eda que actuar para derrocar a la tiran\u00eda se integr\u00f3 a una c\u00e9lula del Movimiento Revolucionario 26 de Julio y el Movimiento de Resistencia C\u00edvica, participando en acciones de la clandestinidad, paralelamente a su labor de maestra en Guaro y en San Luis. El 3 de abril de 1958, en v\u00edsperas de la huelga general convocada por la Direcci\u00f3n Nacional del MR 26-7, particip\u00f3 en ataque al cuartel del antiguo central Preston, hoy Central Guatemala, propiedad de la UFCO, Holgu\u00edn, en el cual murieron 6 guardajurados, se apoderan de algunas armas y lograron cortar las l\u00edneas telef\u00f3nicas, \u00a0paralizando las labores de la instalaci\u00f3n fabril. Para entonces, presumiblemente, Emma Rosa se hab\u00eda ganado el grado militar de cabo de Milicias. Posteriormente, \u00a0se vieron obligados a esconderse en el monte hasta contactar, pasados varios d\u00edas, con combatientes del II Frente Oriental \u201cFrank Pa\u00eds\u201d,<a href=\"#_ftn1\" name=\"_ftnref1\">[1]<\/a>donde comparti\u00f3 por igual, las penalidades y los riesgos de la lucha guerrillera. La tarde del 15 de abril de 1958, cruzando los caminos enlodados que iban de un campamento a otro con varios compa\u00f1eros tratando de organizar la educaci\u00f3n entre la tropa rebelde y la poblaci\u00f3n campesina, el jeep donde viajaban se volc\u00f3 en la loma La Vig\u00eda, resultando heridos sus acompa\u00f1antes y ella, muerta instantemente. Fue sepultada en el poblado Los Gallegos, en la Sierra Cristal, con honores de militar muerto en campa\u00f1a.<\/p>\n<p>&nbsp;<\/p>\n<p>&nbsp;<\/p>\n<p><a href=\"#_ftnref1\" name=\"_ftn1\">[1]<\/a> Fuentes: Rolando D\u00e1vila: Lucharemos hasta el final. Cronolog\u00eda 1958, p. 114. Belarmino Castilla y otros: Columna 19 \u201cJos\u00e9 Tey\u201d, p. 194. Fuente: Ricardo Vel\u00e1zquez, Eriel y Mustelier Rojas, Estrella. San Andr\u00e9s. Cronolog\u00eda hist\u00f3rica 1600-1958. Tomado de la Revista Educaci\u00f3n No.68 enero-marzo 1988. Com. Historia de San Luis. Sierra Maestra 19 de abril 1959. Entrevistas a sus compa\u00f1eros. El Militante Comunista.<\/p>\n<p>&nbsp;<\/p>\n<p>&nbsp;<\/p>\n<p>&nbsp;<\/p>\n","protected":false},"excerpt":{"rendered":"<p>ENMA ROSA CHUY ARNAU (1934-1958). Naci\u00f3 en el poblado de San Luis, provincia de Oriente, el 29 de junio de 1934.\u00a0 Una de las cuatro hijas de Joaqu\u00edn Chuy de origen chino y comerciante con la cubana Emma Rosa Arnau dedicada a las labores del hogar. Desde peque\u00f1a la familia la llam\u00f3 Yuyi. Curs\u00f3 la [&hellip;]<\/p>\n","protected":false},"author":30,"featured_media":0,"parent":68,"menu_order":0,"comment_status":"closed","ping_status":"closed","template":"","meta":{"ngg_post_thumbnail":0,"footnotes":""},"class_list":["post-128","page","type-page","status-publish","czr-hentry"],"_links":{"self":[{"href":"https:\/\/blogs.uo.edu.cu\/patrimonio\/wp-json\/wp\/v2\/pages\/128","targetHints":{"allow":["GET"]}}],"collection":[{"href":"https:\/\/blogs.uo.edu.cu\/patrimonio\/wp-json\/wp\/v2\/pages"}],"about":[{"href":"https:\/\/blogs.uo.edu.cu\/patrimonio\/wp-json\/wp\/v2\/types\/page"}],"author":[{"embeddable":true,"href":"https:\/\/blogs.uo.edu.cu\/patrimonio\/wp-json\/wp\/v2\/users\/30"}],"replies":[{"embeddable":true,"href":"https:\/\/blogs.uo.edu.cu\/patrimonio\/wp-json\/wp\/v2\/comments?post=128"}],"version-history":[{"count":0,"href":"https:\/\/blogs.uo.edu.cu\/patrimonio\/wp-json\/wp\/v2\/pages\/128\/revisions"}],"up":[{"embeddable":true,"href":"https:\/\/blogs.uo.edu.cu\/patrimonio\/wp-json\/wp\/v2\/pages\/68"}],"wp:attachment":[{"href":"https:\/\/blogs.uo.edu.cu\/patrimonio\/wp-json\/wp\/v2\/media?parent=128"}],"curies":[{"name":"wp","href":"https:\/\/api.w.org\/{rel}","templated":true}]}}