{"id":21,"date":"2018-02-15T05:37:28","date_gmt":"2018-02-15T05:37:28","guid":{"rendered":"http:\/\/localhost\/PatrimonioUO\/?page_id=2"},"modified":"2018-02-15T05:37:28","modified_gmt":"2018-02-15T05:37:28","slug":"pagina-ejemplo-2","status":"publish","type":"page","link":"https:\/\/blogs.uo.edu.cu\/patrimonio\/","title":{"rendered":"Inicio"},"content":{"rendered":"<p>Hola a todos!!! Este es el portal web del nuevo departamento de Patrimonio de la Universidad de Oriente dedicado a peservar el patrimonio material e inmaterial de nuestra universidad.<\/p>\n<p>La mayor\u00eda de las secciones que se describen a continuaci\u00f3n cuentan con una galer\u00eda de im\u00e1genes acerca del tema que se trate en la misma.<\/p>\n<ul>\n<li>En la seccion \u00abQuienes Somos\u00bb podr\u00e1n conocer un poco m\u00e1s sobre la misi\u00f3n del departamento, as\u00ed como los principales integrantes que lo componen.<\/li>\n<li>En \u00abNuestros M\u00e1rtires\u00bb podr\u00e1n ahondar m\u00e1s sobre la vida y obra de los m\u00e1rtires de la Universidad de Oriente, en esta secci\u00f3n se exponen sus rese\u00f1as bibliogr\u00e1ficas, im\u00e1genes y escritos referidos a ellos.<\/li>\n<li>En la secci\u00f3n \u00abPatrimonio\u00bb se exponen los bienes patrimoniales con los que cuenta la Universidad de Oriente, los bienes culturales, las edificaciones m\u00e1s importantes y su historia, los museos que se encuentran en la universidad, as\u00ed como las esculturas y cuadros m\u00e1s destacados con los que cuenta la escuela.<\/li>\n<li>La secci\u00f3n \u00abEfem\u00e9rides\u00bb est\u00e1 destinada a dar a conocer una rese\u00f1a de las efem\u00e9rides universitarias m\u00e1s importantes.<\/li>\n<li>El \u00abBlog\u00bb del sitio es un apartado para publicar noticias, realizar anuncios y donde los estudiantes pueden expresar sus opiniones acerca de los bienes patrimoniales de la universidad.<\/li>\n<li>El apartado \u00abMnemosyne tiene\u00a0 la palabra\u00bb est\u00e1 dedicado a volcar memorias hist\u00f3rico-patrimoniales de la UO: documentos, leyes, estatutos, y otros art\u00edculos de inter\u00e9s que contribuyan a difundir la historia patrimonial de la Universidad.<\/li>\n<li>La secci\u00f3n \u00abConversando con Cl\u00edo\u00bb est\u00e1 dedicada a volcar la historia de la Universidad, incluyendo la de sus Facultades, departamentos, dependencias, as\u00ed como libros, art\u00edculos y tesis dedicadas y a promover el conocimiento de la historia de la Universidad.<\/li>\n<li>En \u00abEnt\u00e9rate y Participa\u00bb est\u00e1 dedicado a promover concursos, talleres, realizar convocatorias y actividades relacionadas con la conservaci\u00f3n del Patrimonio y la Historia de la Universidad.<\/li>\n<\/ul>\n<p>Esperamos que disfruten del sitio y dejen sus opiniones en el blog sobre como podemos mejorar. Gracias!!!<\/p>\n<p>&nbsp;<\/p>\n","protected":false},"excerpt":{"rendered":"<p>Hola a todos!!! Este es el portal web del nuevo departamento de Patrimonio de la Universidad de Oriente dedicado a peservar el patrimonio material e inmaterial de nuestra universidad. La mayor\u00eda de las secciones que se describen a continuaci\u00f3n cuentan con una galer\u00eda de im\u00e1genes acerca del tema que se trate en la misma. En [&hellip;]<\/p>\n","protected":false},"author":30,"featured_media":0,"parent":0,"menu_order":0,"comment_status":"closed","ping_status":"open","template":"","meta":{"ngg_post_thumbnail":0,"footnotes":""},"class_list":["post-21","page","type-page","status-publish","czr-hentry"],"_links":{"self":[{"href":"https:\/\/blogs.uo.edu.cu\/patrimonio\/wp-json\/wp\/v2\/pages\/21","targetHints":{"allow":["GET"]}}],"collection":[{"href":"https:\/\/blogs.uo.edu.cu\/patrimonio\/wp-json\/wp\/v2\/pages"}],"about":[{"href":"https:\/\/blogs.uo.edu.cu\/patrimonio\/wp-json\/wp\/v2\/types\/page"}],"author":[{"embeddable":true,"href":"https:\/\/blogs.uo.edu.cu\/patrimonio\/wp-json\/wp\/v2\/users\/30"}],"replies":[{"embeddable":true,"href":"https:\/\/blogs.uo.edu.cu\/patrimonio\/wp-json\/wp\/v2\/comments?post=21"}],"version-history":[{"count":0,"href":"https:\/\/blogs.uo.edu.cu\/patrimonio\/wp-json\/wp\/v2\/pages\/21\/revisions"}],"wp:attachment":[{"href":"https:\/\/blogs.uo.edu.cu\/patrimonio\/wp-json\/wp\/v2\/media?parent=21"}],"curies":[{"name":"wp","href":"https:\/\/api.w.org\/{rel}","templated":true}]}}