{"id":220,"date":"2018-05-25T08:15:21","date_gmt":"2018-05-25T08:15:21","guid":{"rendered":"http:\/\/localhost\/PatrimonioUO\/?page_id=220"},"modified":"2018-05-25T08:15:21","modified_gmt":"2018-05-25T08:15:21","slug":"jose-merceron-allen","status":"publish","type":"page","link":"https:\/\/blogs.uo.edu.cu\/patrimonio\/nuestros-martires\/jose-merceron-allen\/","title":{"rendered":"Jos\u00e9 Mercer\u00f3n Allen"},"content":{"rendered":"<p><img loading=\"lazy\" decoding=\"async\" class=\"size-medium wp-image-223 aligncenter\" src=\"http:\/\/localhost\/PatrimonioUO\/wp-content\/uploads\/2018\/05\/Merceron-243x300.jpg\" alt=\"\" width=\"243\" height=\"300\" \/><\/p>\n<p style=\"text-align: center\"><strong>Jos\u00e9 Mercer\u00f3n<\/strong><\/p>\n<p>Jos\u00e9 Mercer\u00f3n Allen, naci\u00f3 el 8 de septiembre de 1931, fue el tercer hijo de Elpidio Mercer\u00f3n, veterano de la Guerra de Independencia e Isabel Allen, natural de Kingston, Jamaica. Sus hermanos eran \u00a0Isabel Murillo y Alfredo Murillo Allen, ambos por l\u00ednea materna.<\/p>\n<p>Curs\u00f3 los estudios primarios en la Escuela P\u00fablica # 34 que hoy lleva su nombre y los secundarios en la Superior # 3, y luego matricul\u00f3 en la Escuela de Artes y Oficios, donde se gradu\u00f3 de T\u00e9cnico Electricista. All\u00ed se destac\u00f3 como atleta. M\u00e1s tarde inici\u00f3 la carrera de Pedagog\u00eda en la Escuela de Educaci\u00f3n de la Universidad de Oriente, percat\u00e1ndose luego que su vocaci\u00f3n era la ingenier\u00eda por lo que matricul\u00f3 el curso de pre \u2013 Ingenier\u00eda para estudiar esta carrera.<\/p>\n<p>Resultaba dif\u00edcil en esta etapa encontrar trabajo y en esta batalla lo sit\u00faan como Secretario General del Colegio de T\u00e9cnicos. Despu\u00e9s de largas luchas y preocupaciones, pudo conseguir trabajo en la F\u00e1brica de Cemento \u201cTit\u00e1n\u201d de los Bab\u00fan, hoy \u201cJos\u00e9 Mercer\u00f3n\u201d. All\u00ed ocup\u00f3 distintas responsabilidades como la de auxiliar del Responsable T\u00e9cnico.<\/p>\n<p>Con sus sentimientos de lucha y sus ideas revolucionarios, Pepe Mercer\u00f3n llegaba cada d\u00eda a la entonces \u201cTit\u00e1n\u201d. Su prestigio como trabajador le ganaba a cada momento el afecto de sus compa\u00f1eros, y pese a la abismal deficiencia entre los due\u00f1os y \u00e9l, estos ten\u00edan que reconocer a un incansable obrero muy conocedor de su labor; gesti\u00f3n \u00e9sta que le llev\u00f3 inclusive a realizar innovaciones en algunos mecanismos de la planta.<\/p>\n<p>Contrae matrimonio con Yolanda Figarola Camu\u00e9 el 23 de Julio de 1955, con la que tiene 2 hijas que nacen en 1957 y 1958 (Yolandita y Mayi).<\/p>\n<p>En su centro de trabajo se crea una c\u00e9lula del M &#8211; 26 &#8211; 7 y junto a Casto Amador pronto se convirti\u00f3 en uno de sus mejores activistas. Bajo la jefatura de Pepito Tey, participa en el ataque a la Estaci\u00f3n de la Polic\u00eda el 30 de noviembre, por la cual guard\u00f3 prisi\u00f3n y fue juzgado en la causa 37\/56, quedando absuelto.<\/p>\n<p>Luego de ser libertado, regres\u00f3 al trabajo y continu\u00f3 realizando peligrosas misiones de acci\u00f3n y sabotaje en la clandestinidad, que mantuvieron en jaque a los esbirros de la dictadura. Por segunda ocasi\u00f3n fue detenido en la puerta de su casa en Altamira y puesto en libertad. Simult\u00e1neamente, asist\u00eda a la Universidad hasta que tuvo abandonar sus estudios, pues los requerimientos de la lucha as\u00ed lo demandaban.<\/p>\n<p>En esas circunstancias, particip\u00f3 en la huelga de abril de 1958, y fracasada esta, su vida peligraba, por lo que tuvo que marcharse hacia la zona rebelde del II Frente Oriental como integrante de la columna 17, dirigida por el comandante Ra\u00fal Men\u00e9ndez Tomassevich.<\/p>\n<p>Como a las 10 de la ma\u00f1ana del d\u00eda 2 de agosto, llega al campamento de Tomassevich, en Florida Blanca, la noticia de que el tren central de por la tarde traer\u00eda preso a Carlos Iglesias (Nicaragua), connotado revolucionario, que ser\u00eda trasladado a la c\u00e1rcel provincial de Boniato en Santiago de Cuba, por lo que se decidi\u00f3 llevar a cabo su rescate mediante una acci\u00f3n comando de cinco hombres vestidos de civil, afeitados y con armas cortas, entre los que se encontraba Mercer\u00f3n, uno de los revolucionarios que ese d\u00eda perdi\u00f3 la vida. Su cad\u00e1ver fue inhumado tres veces: primero, en la Caoba (Songo), despu\u00e9s en Santa Ifigenia (Santiago de Cuba) y finalmente, sus restos reposan eternamente en el altar de la Patria en el Mausoleo del II Frente.<\/p>\n<p>&nbsp;<\/p>\n<p>&nbsp;<\/p>\n<p>&nbsp;<\/p>\n","protected":false},"excerpt":{"rendered":"<p>Jos\u00e9 Mercer\u00f3n Jos\u00e9 Mercer\u00f3n Allen, naci\u00f3 el 8 de septiembre de 1931, fue el tercer hijo de Elpidio Mercer\u00f3n, veterano de la Guerra de Independencia e Isabel Allen, natural de Kingston, Jamaica. Sus hermanos eran \u00a0Isabel Murillo y Alfredo Murillo Allen, ambos por l\u00ednea materna. Curs\u00f3 los estudios primarios en la Escuela P\u00fablica # 34 [&hellip;]<\/p>\n","protected":false},"author":30,"featured_media":0,"parent":68,"menu_order":0,"comment_status":"closed","ping_status":"closed","template":"","meta":{"ngg_post_thumbnail":0,"footnotes":""},"class_list":["post-220","page","type-page","status-publish","czr-hentry"],"_links":{"self":[{"href":"https:\/\/blogs.uo.edu.cu\/patrimonio\/wp-json\/wp\/v2\/pages\/220","targetHints":{"allow":["GET"]}}],"collection":[{"href":"https:\/\/blogs.uo.edu.cu\/patrimonio\/wp-json\/wp\/v2\/pages"}],"about":[{"href":"https:\/\/blogs.uo.edu.cu\/patrimonio\/wp-json\/wp\/v2\/types\/page"}],"author":[{"embeddable":true,"href":"https:\/\/blogs.uo.edu.cu\/patrimonio\/wp-json\/wp\/v2\/users\/30"}],"replies":[{"embeddable":true,"href":"https:\/\/blogs.uo.edu.cu\/patrimonio\/wp-json\/wp\/v2\/comments?post=220"}],"version-history":[{"count":0,"href":"https:\/\/blogs.uo.edu.cu\/patrimonio\/wp-json\/wp\/v2\/pages\/220\/revisions"}],"up":[{"embeddable":true,"href":"https:\/\/blogs.uo.edu.cu\/patrimonio\/wp-json\/wp\/v2\/pages\/68"}],"wp:attachment":[{"href":"https:\/\/blogs.uo.edu.cu\/patrimonio\/wp-json\/wp\/v2\/media?parent=220"}],"curies":[{"name":"wp","href":"https:\/\/api.w.org\/{rel}","templated":true}]}}