{"id":225,"date":"2018-05-25T08:19:02","date_gmt":"2018-05-25T08:19:02","guid":{"rendered":"http:\/\/localhost\/PatrimonioUO\/?page_id=225"},"modified":"2019-04-24T15:43:51","modified_gmt":"2019-04-24T19:43:51","slug":"jose-tey-saint-blancard-pepito","status":"publish","type":"page","link":"https:\/\/blogs.uo.edu.cu\/patrimonio\/nuestros-martires\/jose-tey-saint-blancard-pepito\/","title":{"rendered":"Jos\u00e9 Tey Saint-Blancard, Pepito"},"content":{"rendered":"<p><img loading=\"lazy\" decoding=\"async\" class=\"alignnone size-medium wp-image-226 aligncenter\" src=\"http:\/\/localhost\/PatrimonioUO\/wp-content\/uploads\/2018\/05\/otradepepito-215x300.gif\" alt=\"\" width=\"215\" height=\"300\"><\/p>\n<p style=\"text-align: center\"><strong>JOSE TEY SAINT &#8211; BLANCARD (PEPITO) <\/strong><\/p>\n<p>Jos\u00e9 Tey, aquel joven que caer\u00eda en combate dos d\u00edas antes de cumplir 24 a\u00f1os de edad, de car\u00e1cter sumamente inquieto, de entra\u00f1ables relaciones humanas y solidarias, y quien ten\u00eda entre sus principales rasgos de car\u00e1cter la exigencia y grandes dotes para convencer mediante el an\u00e1lisis de las situaciones al resto de sus compa\u00f1eros, hab\u00eda nacido el 2 de diciembre de 1932, en la calle Santa Luc\u00eda No 100, en Santiago de Cuba. Era el mayor de dos hermanos.<\/p>\n<p>Con el examen de ingreso a la Escuela Normal para Maestros de Oriente culminaron en 1949 los estudios de ense\u00f1anza primaria y secundaria, iniciados en un kindergarten en Santa Clara. Hasta el cuarto grado estuvo en el colegio Hermanos Maristas de Camag\u00fcey, para ingresar luego en el colegio La Salle de Santiago de Cuba, donde le impartieron 5to y 6to grado. Despu\u00e9s pasar\u00eda a la escuela superior No 5, donde cursa el 7mo y 8vo grado.<\/p>\n<p>Despu\u00e9s de su regreso a Santiago, su presencia la encontramos siempre girando en torno a la hist\u00f3rica placita de Santo Tom\u00e1s; sus amigos mas cercanos eran los muchachos del barrio, de la zona de Habana, entre Sto. Tom\u00e1s y San Pedro.<\/p>\n<p>Le\u00eda y estudiaba incansablemente a Mart\u00ed, cit\u00e1ndolo con orgullo; seleccionaba sus pensamientos y los ten\u00eda presentes para aplicarlo a la problem\u00e1tica cubana; tambi\u00e9n se inclinaba por el teatro, a tal punto que form\u00f3 un grupo de vida muy ef\u00edmera pero que el pueblo santiaguero recibi\u00f3 con gusto de sus actores aficionados el mensaje valiente de protesta, a trav\u00e9s de los libretos de la realidad social. Adem\u00e1s, am\u00f3 con intensidad el deporte, practicando el b\u00e9isbol, el baloncesto y los de campo y pista, llegando a competir con equipos de la Habana en representaci\u00f3n de los estudiantes orientales.<\/p>\n<p>Se opuso al golpe del 10 de marzo de 1952, participando junto a Frank en cuantas actividades y grupos de oposici\u00f3n al gobierno de facto del general Fulgencio Batista, se organizaron a partir de ese d\u00eda.<\/p>\n<p>Desde muy joven hizo causa com\u00fan con los humildes dedicando principal inter\u00e9s a la situaci\u00f3n del campesinado y la discriminaci\u00f3n a los negros. En este sentido dec\u00eda: \u201cCuando se acabe esto, cuando tumbemos a Batista voy a llevar a todos los negritos de Los Hoyos a ba\u00f1arse en la piscina esa del Ciudamar Yacht Club\u201d. Al decir de L\u00e9ster Rodr\u00edguez, Pepito era muy de izquierda y junto con Frank muy apegado tambi\u00e9n a la situaci\u00f3n de los campesinos pobres. Pepito estaba muy relacionado con la causa proletaria, en su condici\u00f3n de obrero ferrocarrilero, de ah\u00ed su defensa a favor de las demandas de ese sector&nbsp; en los actos del primero de mayo y como profesor en la escuela para obreros Rafael Mar\u00eda Mendive de la Universidad de Oriente, entre otras acciones.<\/p>\n<p>Pero es a partir del asalto al cuartel Moncada el 26 de julio de 1953, en que junto a Frank expres\u00f3 su solidaridad y denunci\u00f3 los cr\u00edmenes cometidos en contra de los participantes, que se consolida la concepci\u00f3n de la lucha armada que ya ten\u00eda &nbsp;y que lo llev\u00f3 a involucrase junto a este en diversos proyectos insurreccionales. &nbsp;En septiembre de 1953, inicia los estudios de pedagog\u00eda en la Universidad de Oriente, siendo a la vez maestro de tercer grado del colegio La Salle y miembro ejecutivo del Colegio de Maestros. Fue electo presidente de la Asociaci\u00f3n de Alumnos de su escuela en las elecciones estudiantiles y luego por reglamento accedi\u00f3 al cargo de presidente de la FEUO para el per\u00edodo de 1953-1954. Durante esa etapa, la Federaci\u00f3n experiment\u00f3 una radicalizaci\u00f3n en sus posiciones frente al r\u00e9gimen, esta intensa actividad le vali\u00f3 constantes amenazas de muerte &nbsp;y a finales de 1954 sus padres gestionaron su salida para Estados Unidos donde permaneci\u00f3 solo un mes. Era tal el prestigio y la moral de Pepito luego de su salida de la direcci\u00f3n de la FEUO, ocup\u00f3 la presidencia de Bloque Estudiantil Martiano en la Universidad de Oriente, responsabilidad que ocupaba cuando pronunci\u00f3 un hist\u00f3rico discurso el 27 de noviembre de ese a\u00f1o, en que citaba textualmente partes del alegato de autodefensa de Fidel.<\/p>\n<p>Vilma Esp\u00edn lo recuerda como un joven alegre y jovial, t\u00edpico car\u00e1cter del criollo extrovertido en el que la broma constante se une al gusto del baile, de las fiestas, en ese ser menudo y delgado.<\/p>\n<p>Junto a Frank Pa\u00eds, crea Acci\u00f3n Revolucionaria Oriental- Acci\u00f3n Nacional Revolucionaria que luego se fusion\u00f3 con el Movimiento 26 de Julio creado por Fidel a la salida de la c\u00e1rcel. No fue s\u00f3lo su lugarteniente, lo que se puede apreciar cuando d\u00edas antes de marchar Frank a M\u00e9xico en 1956 para entrevistarse con Fidel este expres\u00f3: \u201ccuando no me puedan ver, vean a Pepito, que es como verme a m\u00ed\u201d.<\/p>\n<p>Entre sus rasgos pol\u00edticos resalta la necesidad que vio de imprimir a la lucha contra la tiran\u00eda una concepci\u00f3n unitaria de todos los sectores verdaderamente opositores y cuyos principios no estuvieran manchados con los intereses explotadores, que en este sentido procedi\u00f3 en cuanto al Directorio Revolucionario.<\/p>\n<p>En su condici\u00f3n de presidente de la FEU(O) viaja a La Habana y se entrevista con Jos\u00e9 Antonio Echeverr\u00eda con quien se identific\u00f3 por coincidir en ellos la inteligencia, el valor y las concepciones correctas de lucha. Jos\u00e9 Antonio como m\u00e1ximo dirigente de la FEU entregar\u00eda a PEPITO cierta cantidad de armas que servir\u00edan a la ANR para realizar acciones en Santiago. En el a\u00f1o 1955, frente a la Universidad de Oriente fue incendiado un \u00f3mnibus, a causa de lo cual estuvo detenido Pepito junto a otros compa\u00f1eros, fug\u00e1ndose de la estaci\u00f3n de polic\u00eda con gran naturalidad y aplomo frente a sus propios captores. Con igual firmeza actu\u00f3 cuando al ser sorprendido por un sereno en los momentos en que pintaba letreros del M &#8211; 26 &#8211; 7 en la calle Enramadas le dijo que pintaba \u201cViva Fidel, Abajo Batista\u201d le dio su nombre, su direcci\u00f3n y le solicit\u00f3 que se fijara bien en su cara para cuando volvieran a verse.<\/p>\n<p>Pepito fue uno de los principales organizadores de las acciones armadas del 30 de noviembre en Santiago de Cuba, no por gusto fue designado por Frank para dirigir el grupo que atacar\u00eda la estaci\u00f3n de la Polic\u00eda Nacional. Ese d\u00eda, a la vanguardia de su grupo, armado de un fusil M1 y desde una posici\u00f3n no favorable del todo para el ataque, a causa de la mayor altura d las edificaciones de la jefatura de la polic\u00eda que los esbirros defend\u00edan, avanz\u00f3 Pepito y fue alcanzado por el fuego enemigo. All\u00ed caer\u00edan para siempre unidos, como en vida estuvieron, el combativo Tony Alom\u00e1, el valiente Otto Parellada y Pepito Tey, uno de los valores m\u00e1s altos de esta generaci\u00f3n de m\u00e1rtires.<\/p>\n<p>&nbsp;<\/p>\n<p><strong>Documentos Relacionados:<\/strong><\/p>\n<p><strong><a href=\"http:\/\/blogs.uo.edu.cu\/patrimonio\/wp-content\/uploads\/sites\/36\/2019\/04\/27-DE-NOVIEMBRE-DE-1871-Y-26-DE-JULIO-DE-1953.docx\">27 DE NOVIEMBRE DE 1871 Y 26 DE JULIO DE 1953<\/a><\/strong><\/p>\n<p>&nbsp;<\/p>\n","protected":false},"excerpt":{"rendered":"<p>JOSE TEY SAINT &#8211; BLANCARD (PEPITO) Jos\u00e9 Tey, aquel joven que caer\u00eda en combate dos d\u00edas antes de cumplir 24 a\u00f1os de edad, de car\u00e1cter sumamente inquieto, de entra\u00f1ables relaciones humanas y solidarias, y quien ten\u00eda entre sus principales rasgos de car\u00e1cter la exigencia y grandes dotes para convencer mediante el an\u00e1lisis de las situaciones [&hellip;]<\/p>\n","protected":false},"author":30,"featured_media":0,"parent":68,"menu_order":0,"comment_status":"closed","ping_status":"closed","template":"","meta":{"ngg_post_thumbnail":0,"footnotes":""},"class_list":["post-225","page","type-page","status-publish","czr-hentry"],"_links":{"self":[{"href":"https:\/\/blogs.uo.edu.cu\/patrimonio\/wp-json\/wp\/v2\/pages\/225","targetHints":{"allow":["GET"]}}],"collection":[{"href":"https:\/\/blogs.uo.edu.cu\/patrimonio\/wp-json\/wp\/v2\/pages"}],"about":[{"href":"https:\/\/blogs.uo.edu.cu\/patrimonio\/wp-json\/wp\/v2\/types\/page"}],"author":[{"embeddable":true,"href":"https:\/\/blogs.uo.edu.cu\/patrimonio\/wp-json\/wp\/v2\/users\/30"}],"replies":[{"embeddable":true,"href":"https:\/\/blogs.uo.edu.cu\/patrimonio\/wp-json\/wp\/v2\/comments?post=225"}],"version-history":[{"count":2,"href":"https:\/\/blogs.uo.edu.cu\/patrimonio\/wp-json\/wp\/v2\/pages\/225\/revisions"}],"predecessor-version":[{"id":1274,"href":"https:\/\/blogs.uo.edu.cu\/patrimonio\/wp-json\/wp\/v2\/pages\/225\/revisions\/1274"}],"up":[{"embeddable":true,"href":"https:\/\/blogs.uo.edu.cu\/patrimonio\/wp-json\/wp\/v2\/pages\/68"}],"wp:attachment":[{"href":"https:\/\/blogs.uo.edu.cu\/patrimonio\/wp-json\/wp\/v2\/media?parent=225"}],"curies":[{"name":"wp","href":"https:\/\/api.w.org\/{rel}","templated":true}]}}