{"id":236,"date":"2018-05-25T08:31:37","date_gmt":"2018-05-25T08:31:37","guid":{"rendered":"http:\/\/localhost\/PatrimonioUO\/?page_id=236"},"modified":"2018-05-25T08:31:37","modified_gmt":"2018-05-25T08:31:37","slug":"oscar-lucero-moya","status":"publish","type":"page","link":"https:\/\/blogs.uo.edu.cu\/patrimonio\/nuestros-martires\/oscar-lucero-moya\/","title":{"rendered":"Oscar Lucero Moya"},"content":{"rendered":"<p><img loading=\"lazy\" decoding=\"async\" class=\"alignnone size-medium wp-image-237 aligncenter\" src=\"http:\/\/localhost\/PatrimonioUO\/wp-content\/uploads\/2018\/05\/Oscar-Lucero-Moya-261x300.jpg\" alt=\"\" width=\"261\" height=\"300\" \/><\/p>\n<p style=\"text-align: center\"><strong>OSCAR LUCERO MOYA (M\u00e1rtir del Silencio)<\/strong><\/p>\n<p>Naci\u00f3 el 30 de abril de 1928 en el antiguo centra Miranda. A los tres a\u00f1os qued\u00f3 hu\u00e9rfano de padre. Sus estudios primarios los comenz\u00f3 en un colegio bautista de Palma Soriano m\u00e1s tarde pas\u00f3 a estudiar en los colegios internacionales de El Cristo, propiedad entonces de la Iglesia Bautista. Cuando la familia se trasladaba para Santiago de Cuba, Oscar matricula en el Instituto de Segunda Ense\u00f1anza de esta ciudad. Alternaba con Frank la presidencia del Movimiento Juvenil de la Iglesia Bautista.<\/p>\n<p>Ante el cuartelazo del 10 de marzo de 1952 fue uno de los j\u00f3venes que esperaron in\u00fatilmente en el parque de la Libertad las armas prometidas para combatir a Batista. El estudiantado comenz\u00f3 a demostrar en toda la isla su descontento. Con la misma decisi\u00f3n de los dem\u00e1s j\u00f3venes de inquietudes revolucionarias se levant\u00f3 contra la tiran\u00eda, integrando en esos d\u00edas la Juventud Ortodoxa.<\/p>\n<p>Fue uno de los fundadores de Acci\u00f3n Libertadora junto a Renato Guitart, F\u00e9lix Pena, Frank Pa\u00eds, Pepito Tey, Carlos D\u00edaz Fontain, Otto Parellada y otros. Los mejores elementos de esta organizaci\u00f3n pasar\u00edan a integrar Acci\u00f3n Revolucionaria Oriental.<\/p>\n<p>Se gradu\u00f3 de bachiller en letras el 8 de septiembre de 1955, matriculando en la escuela de Derecho de la UO, a la par trabajaba como pesador de ca\u00f1a en el Central Miranda.<\/p>\n<p>En junio de 1955 queda estructurado el M- 26- 7, Siendo Lucero uno de los primeros en sumarse. Estando trabajando en el central se puso en contacto con Ren\u00e9 Ramos Latour, a quien Frank hab\u00eda incorporado al movimiento y nombrado responsable de la zona norte de Oriente.<\/p>\n<p>Participa en el frustrado plan de abrir un Segundo Frente en Oriente con el objetivo de organizar la lucha armada en el norte de la provincia y dividir las fuerzas de la tiran\u00eda. Despu\u00e9s de conseguir algunas armas y reunirse en la finca El Cauchal, fueron delatados. A pesar de la sorpresa lograron salvar la mayor\u00eda de las armas. Pasado unos d\u00edas se trasladaba a Holgu\u00edn donde realiz\u00f3 un extraordinario trabajo en el M- 26- 7 y en la realizaci\u00f3n del atentado al sanguinario Coronel Ferm\u00edn Cowley Gallegos. Despu\u00e9s march\u00f3 para la Habana a fin de trabajar como jefe de acci\u00f3n bajo la direcci\u00f3n de Faustino P\u00e9rez, jefe del movimiento en esa provincia.<\/p>\n<p>En medio de circunstancias altamente riesgosas y dif\u00edciles toma parte en numerosas acciones, destac\u00e1ndose en la huelga del 9 de abril y en el secuestro del as argentino del volante Juan Manuel Fangio. Entre el 30 de abril al 1ro de mayo del 1958 fue detenido Lucero, por el teniente Calzadilla, en un apartamento del Vedado, donde resid\u00eda junta a Enma Montenegro. Este lo entreg\u00f3 a Orlando Piedra, quien en uni\u00f3n de\u00a0 P\u00e9rez Coujil e Irenaldo Garc\u00eda, lo sometieron a horribles torturas, sin que pudieran arrancarle una sola confesi\u00f3n. Algunos afirman que sangrando en su celda, a\u00fan tuvo \u00e1nimo para escribir en la pared con sus mu\u00f1ones:\u201dA\u00fan vivo, mayo 18\u201d. Se asegura que pas\u00f3 20 d\u00edas en este calvario y que muri\u00f3 el 19 de mayo, precisamente el mismo d\u00eda que se cumpl\u00eda otro aniversario de la muerte de Jos\u00e9 Mart\u00ed.<\/p>\n<p><strong>\u00a0<\/strong><\/p>\n<p>&nbsp;<\/p>\n<p>&nbsp;<\/p>\n","protected":false},"excerpt":{"rendered":"<p>OSCAR LUCERO MOYA (M\u00e1rtir del Silencio) Naci\u00f3 el 30 de abril de 1928 en el antiguo centra Miranda. A los tres a\u00f1os qued\u00f3 hu\u00e9rfano de padre. Sus estudios primarios los comenz\u00f3 en un colegio bautista de Palma Soriano m\u00e1s tarde pas\u00f3 a estudiar en los colegios internacionales de El Cristo, propiedad entonces de la Iglesia [&hellip;]<\/p>\n","protected":false},"author":30,"featured_media":0,"parent":68,"menu_order":0,"comment_status":"closed","ping_status":"closed","template":"","meta":{"ngg_post_thumbnail":0,"footnotes":""},"class_list":["post-236","page","type-page","status-publish","czr-hentry"],"_links":{"self":[{"href":"https:\/\/blogs.uo.edu.cu\/patrimonio\/wp-json\/wp\/v2\/pages\/236","targetHints":{"allow":["GET"]}}],"collection":[{"href":"https:\/\/blogs.uo.edu.cu\/patrimonio\/wp-json\/wp\/v2\/pages"}],"about":[{"href":"https:\/\/blogs.uo.edu.cu\/patrimonio\/wp-json\/wp\/v2\/types\/page"}],"author":[{"embeddable":true,"href":"https:\/\/blogs.uo.edu.cu\/patrimonio\/wp-json\/wp\/v2\/users\/30"}],"replies":[{"embeddable":true,"href":"https:\/\/blogs.uo.edu.cu\/patrimonio\/wp-json\/wp\/v2\/comments?post=236"}],"version-history":[{"count":0,"href":"https:\/\/blogs.uo.edu.cu\/patrimonio\/wp-json\/wp\/v2\/pages\/236\/revisions"}],"up":[{"embeddable":true,"href":"https:\/\/blogs.uo.edu.cu\/patrimonio\/wp-json\/wp\/v2\/pages\/68"}],"wp:attachment":[{"href":"https:\/\/blogs.uo.edu.cu\/patrimonio\/wp-json\/wp\/v2\/media?parent=236"}],"curies":[{"name":"wp","href":"https:\/\/api.w.org\/{rel}","templated":true}]}}