{"id":479,"date":"2018-05-26T08:33:32","date_gmt":"2018-05-26T08:33:32","guid":{"rendered":"http:\/\/localhost\/PatrimonioUO\/?page_id=479"},"modified":"2019-04-24T15:48:32","modified_gmt":"2019-04-24T19:48:32","slug":"rectorado","status":"publish","type":"page","link":"https:\/\/blogs.uo.edu.cu\/patrimonio\/rectorado\/","title":{"rendered":"Rectorado"},"content":{"rendered":"<p><img loading=\"lazy\" decoding=\"async\" class=\"alignnone size-medium wp-image-481 aligncenter\" src=\"http:\/\/localhost\/PatrimonioUO\/wp-content\/uploads\/2018\/05\/DSC01018-300x225.jpg\" alt=\"\" width=\"300\" height=\"225\"><\/p>\n<p>La Universidad de Oriente a finales de la d\u00e9cada del cincuenta a\u00fan no contaba con todos los locales para la ubicaci\u00f3n de sus actividades docentes y de servicio, muchas de las cuales se desarrollaban distribuidas entre las pocas \u00e1reas que exist\u00edan, sin las condiciones adecuadas, otras eran ubicadas en \u00e1reas lejanas a la Universidad.<\/p>\n<p>Con el objetivo de dar soluci\u00f3n a estas necesidades se plantea la construcci\u00f3n del inmueble que se identifica como Rectorado (Ver anexo Informe sobre la Universidad de Oriente, marzo de 1956). El proyecto fue realizado en 1956, por el estudio de los arquitectos Eduardo Ca\u00f1as Abril y Nuj\u00edm Nepomechie, los cuales concibieron tambi\u00e9n el Plan General, zonas de aparcamiento y jardines. (Ver figura no. 47)<\/p>\n<p>Por convocatoria a subasta p\u00fablica la construcci\u00f3n de la obra se le concede a la firma constructora Serapio Prats e hijos, estim\u00e1ndose el tiempo para su ejecuci\u00f3n en 18 meses, ese mismo a\u00f1o comenz\u00f3 la construcci\u00f3n de sus cimientos. (Ver figura no)<\/p>\n<p>En 1959 todav\u00eda el edificio estaba en construcci\u00f3n, pero se fue utilizando para los prop\u00f3sitos principales del centro de altos estudios en la medida en que se iban terminando parcialmente sus instalaciones, hasta que se concluy\u00f3 en 1960.<\/p>\n<p>De marcada influencia racionalista, destaca por su posici\u00f3n encumbrada y las grandes dimensiones del volumen que lo conforman. Separado 30 metros del sistema vial, la distancia se salva con un acceso vehicular, protegido por una gran marquesina que a su vez enfatiza la entrada principal. Su planimetr\u00eda es sencilla, de forma rectangular alargada. Cuenta con una cafeter\u00eda en el s\u00f3tano y en sus cuatro niveles se distribuyen la librer\u00eda, teatro y oficinas, a los que se acceden a trav\u00e9s de rampas de circulaci\u00f3n que a su vez sirven de enlace a los diferentes vol\u00famenes.(Ver figura no. 49)<\/p>\n<p>El edificio est\u00e1 ejecutado en hormig\u00f3n armado, con estructura de esqueleto, sus fachadas est\u00e1n delimitadas por un enmarque conformado por grandes pa\u00f1os de cristales en bandas horizontales que recorren la fachada principal derecha, la que descansa sobre un basamento rodeado de jardines que le otorgan una gran expresividad. Su fachada posterior queda protegida por quiebrasoles met\u00e1licos, celos\u00edas de barro, cierres de cristal y muros cerrados de repello fino, conforman diferentes texturas que enriquecen su expresi\u00f3n. (Ver figura no. 50)<\/p>\n<p>La obra en su conjunto, evidencia audacias estructurales como esbeltos p\u00f3rticos, amplias luces y audaces voladizos de hormig\u00f3n armado en los vol\u00famenes laterales y en la marquesina, las escaleras colgadas, la airosa o elegante rampa que conecta los dos grandes bloques a trav\u00e9s de una que soluciona que salva la diferencia de medio nivel entre uno y otro. (Ver figura no. 51)<\/p>\n<p>En la planta baja, a un lado de la caja de escalera se encuentra una tarja dedicada a Ernesto Guevara de la Serna, por haber visitado esta edificaci\u00f3n en varias oportunidades. (Ver figura no. 52).<\/p>\n<p>La fachada principal, en su volumen menor cuenta con una pintura mural inaugurada el 13 de enero de 1994 realizada por artistas alemanes y cubanos y que responde al proyecto INTERNOS. Dicha pintura mural, se distingue desde muchos puntos de la ciudad de Santiago de Cuba, por su tama\u00f1o y por significar la universalidad de la cultura con relaci\u00f3n al ser humano y la escala del saber en ascenso, lo que se adecua al quehacer universitario. (Ver figuras no. 20 y 53)<\/p>\n<p>Por sus valores, este edificio fue propuesto por Cuba en 2008 para su inclusi\u00f3n en el Registro del Docomomo Internacional dentro de la arquitectura escolar.<a href=\"#_ftn1\" name=\"_ftnref1\">[1]<\/a> Ha sido reconocido como ejemplo paradigm\u00e1tico del racionalismo cubano en diversas publicaciones especializadas.<a href=\"#_ftn2\" name=\"_ftnref2\">[2]<\/a><\/p>\n<p>A lo largo de los a\u00f1os y hasta la actualidad, el edificio ha experimentado modificaciones funcionales internas, en lo que se refiere a la utilizaci\u00f3n de sus locales, producto al traslado de algunas dependencias a otras edificaciones, la desaparici\u00f3n de algunas y la realizaci\u00f3n de adaptaciones para asimilar otras. En el mismo ha funcionado: el Rectorado, Dependencias Econ\u00f3micas y Administrativas, la Secretar\u00eda General, la Cafeter\u00eda, la Librer\u00eda, el Teatro Universitario, aulas, locales de la UJC, del PCC, del Comit\u00e9 Sindical Universitario, entre otras. En la actualidad se han eliminado funciones como la cafeter\u00eda y se traslad\u00f3 la Secretar\u00eda General a otro local. A pesar de los cambios ocurridos no se ha afectado la expresi\u00f3n arquitect\u00f3nica distintiva de este inmueble, conservando sus valores. (Ver figura no. 53)<\/p>\n<p>El estado de conservaci\u00f3n del inmueble es bueno en tanto de manera general no se encuentra afectada su expresi\u00f3n volum\u00e9trico formal, elementos estructurales-columnas, entrepisos, losas y vigas- no presentan p\u00e9rdida de sus cualidades portantes, remiti\u00e9ndose sus principales afectaciones a transformaciones interiores totalmente reversibles en varios espacios,&nbsp; presencia de humedad en algunos componentes, vegetaci\u00f3n par\u00e1sita, p\u00e9rdida de quiebrasoles como consecuencia del paso del Hurac\u00e1n Sandy, afectaci\u00f3n est\u00e9tica en sus fachadas por el cableado exterior e inclusi\u00f3n de equipos de climatizaci\u00f3n.<\/p>\n<p><a href=\"#_ftnref1\" name=\"_ftn1\">[1]<\/a> Arquitectura y Urbanismo en breves, Revista <em>Arquitectura y Urbanismo<\/em>, no. 2-3, 2008, p. 6.<\/p>\n<p><a href=\"#_ftnref2\" name=\"_ftn2\">[2]<\/a> Entre otras pueden se\u00f1alarse:&nbsp; Dora Giordano: <em>La Arquitectura en Am\u00e9rica Latina<\/em>, Seminario de Arquitectura contempor\u00e1nea, Universidad de Cuenca, 2016; <em>Oriente de Cuba. Gu\u00eda de Arquitectura, <\/em>Junta de Andaluc\u00eda, Direcci\u00f3n General de Arquitectura y vivienda, Espa\u00f1a, 2002; <em>La Arquitectura del Movimiento Moderno. Selecci\u00f3n de Obras del Registro Nacional<\/em>, Ediciones Uni\u00f3n, Colecci\u00f3n Arquitectura y Ciudad, La Habana, 2011; Mar\u00eda Victoria Zardoya Loureda<strong>:<\/strong> La arquitectura educacional de los sesenta en Cuba, Arquitectura y Urbanismo, vol. XXXVI, no 3, septiembre-diciembre, 2015<\/p>\n<p>&nbsp;<\/p>\n<p><strong>Fotos:<\/strong><\/p>\n<div id='gallery-1' class='czr-gallery row flex-row czr-gallery-style gallery galleryid-479 gallery-columns-3 gallery-size-thumbnail'><figure class='gallery-item col col-auto'>\r\n                        <div class='gallery-icon landscape czr-gallery-icon'>\r\n                              <a href=https:\/\/blogs.uo.edu.cu\/patrimonio\/dsc01017\/ class=\"bg-link\"><\/a><img loading=\"lazy\" decoding=\"async\" width=\"150\" height=\"150\" src=\"https:\/\/blogs.uo.edu.cu\/patrimonio\/wp-content\/uploads\/sites\/36\/2019\/04\/DSC01017-150x150.jpg\" class=\"attachment-thumbnail size-thumbnail\" alt=\"\" sizes=\"auto, (min-width: 1200px) 255px, (min-width: 992px) 210px, (min-width: 576px) 150px, calc( 50vw - 30px )\" srcset=\"https:\/\/blogs.uo.edu.cu\/patrimonio\/wp-content\/uploads\/sites\/36\/2019\/04\/DSC01017-150x150.jpg 150w, https:\/\/blogs.uo.edu.cu\/patrimonio\/wp-content\/uploads\/sites\/36\/2019\/04\/DSC01017-510x510.jpg 510w\" \/><div class=\"post-action btn btn-skin-dark-shaded inverted\"><a href=\"https:\/\/blogs.uo.edu.cu\/patrimonio\/wp-content\/uploads\/sites\/36\/2019\/04\/DSC01017.jpg\" class=\"icn-expand\" data-lb-type=\"grouped-gallery\"><\/a><\/div>\r\n                        <\/div><\/figure><figure class='gallery-item col col-auto'>\r\n                        <div class='gallery-icon landscape czr-gallery-icon'>\r\n                              <a href=https:\/\/blogs.uo.edu.cu\/patrimonio\/dsc01018\/ class=\"bg-link\"><\/a><img loading=\"lazy\" decoding=\"async\" width=\"150\" height=\"150\" src=\"https:\/\/blogs.uo.edu.cu\/patrimonio\/wp-content\/uploads\/sites\/36\/2019\/04\/DSC01018-150x150.jpg\" class=\"attachment-thumbnail size-thumbnail\" alt=\"\" sizes=\"auto, (min-width: 1200px) 255px, (min-width: 992px) 210px, (min-width: 576px) 150px, calc( 50vw - 30px )\" srcset=\"https:\/\/blogs.uo.edu.cu\/patrimonio\/wp-content\/uploads\/sites\/36\/2019\/04\/DSC01018-150x150.jpg 150w, https:\/\/blogs.uo.edu.cu\/patrimonio\/wp-content\/uploads\/sites\/36\/2019\/04\/DSC01018-510x510.jpg 510w\" \/><div class=\"post-action btn btn-skin-dark-shaded inverted\"><a href=\"https:\/\/blogs.uo.edu.cu\/patrimonio\/wp-content\/uploads\/sites\/36\/2019\/04\/DSC01018.jpg\" class=\"icn-expand\" data-lb-type=\"grouped-gallery\"><\/a><\/div>\r\n                        <\/div><\/figure><figure class='gallery-item col col-auto'>\r\n                        <div class='gallery-icon portrait czr-gallery-icon'>\r\n                              <a href=https:\/\/blogs.uo.edu.cu\/patrimonio\/dsc01019\/ class=\"bg-link\"><\/a><img loading=\"lazy\" decoding=\"async\" width=\"150\" height=\"150\" src=\"https:\/\/blogs.uo.edu.cu\/patrimonio\/wp-content\/uploads\/sites\/36\/2019\/04\/DSC01019-150x150.jpg\" class=\"attachment-thumbnail size-thumbnail\" alt=\"\" sizes=\"auto, (min-width: 1200px) 255px, (min-width: 992px) 210px, (min-width: 576px) 150px, calc( 50vw - 30px )\" srcset=\"https:\/\/blogs.uo.edu.cu\/patrimonio\/wp-content\/uploads\/sites\/36\/2019\/04\/DSC01019-150x150.jpg 150w, https:\/\/blogs.uo.edu.cu\/patrimonio\/wp-content\/uploads\/sites\/36\/2019\/04\/DSC01019-510x510.jpg 510w\" \/><div class=\"post-action btn btn-skin-dark-shaded inverted\"><a href=\"https:\/\/blogs.uo.edu.cu\/patrimonio\/wp-content\/uploads\/sites\/36\/2019\/04\/DSC01019.jpg\" class=\"icn-expand\" data-lb-type=\"grouped-gallery\"><\/a><\/div>\r\n                        <\/div><\/figure><figure class='gallery-item col col-auto'>\r\n                        <div class='gallery-icon landscape czr-gallery-icon'>\r\n                              <a href=https:\/\/blogs.uo.edu.cu\/patrimonio\/dscn0868\/ class=\"bg-link\"><\/a><img loading=\"lazy\" decoding=\"async\" width=\"150\" height=\"150\" src=\"https:\/\/blogs.uo.edu.cu\/patrimonio\/wp-content\/uploads\/sites\/36\/2019\/04\/DSCN0868-150x150.jpg\" class=\"attachment-thumbnail size-thumbnail\" alt=\"\" sizes=\"auto, (min-width: 1200px) 255px, (min-width: 992px) 210px, (min-width: 576px) 150px, calc( 50vw - 30px )\" srcset=\"https:\/\/blogs.uo.edu.cu\/patrimonio\/wp-content\/uploads\/sites\/36\/2019\/04\/DSCN0868-150x150.jpg 150w, https:\/\/blogs.uo.edu.cu\/patrimonio\/wp-content\/uploads\/sites\/36\/2019\/04\/DSCN0868-510x510.jpg 510w\" \/><div class=\"post-action btn btn-skin-dark-shaded inverted\"><a href=\"https:\/\/blogs.uo.edu.cu\/patrimonio\/wp-content\/uploads\/sites\/36\/2019\/04\/DSCN0868.jpg\" class=\"icn-expand\" data-lb-type=\"grouped-gallery\"><\/a><\/div>\r\n                        <\/div><\/figure><figure class='gallery-item col col-auto'>\r\n                        <div class='gallery-icon landscape czr-gallery-icon'>\r\n                              <a href=https:\/\/blogs.uo.edu.cu\/patrimonio\/dscn0869\/ class=\"bg-link\"><\/a><img loading=\"lazy\" decoding=\"async\" width=\"150\" height=\"150\" src=\"https:\/\/blogs.uo.edu.cu\/patrimonio\/wp-content\/uploads\/sites\/36\/2019\/04\/DSCN0869-150x150.jpg\" class=\"attachment-thumbnail size-thumbnail\" alt=\"\" sizes=\"auto, (min-width: 1200px) 255px, (min-width: 992px) 210px, (min-width: 576px) 150px, calc( 50vw - 30px )\" srcset=\"https:\/\/blogs.uo.edu.cu\/patrimonio\/wp-content\/uploads\/sites\/36\/2019\/04\/DSCN0869-150x150.jpg 150w, https:\/\/blogs.uo.edu.cu\/patrimonio\/wp-content\/uploads\/sites\/36\/2019\/04\/DSCN0869-510x510.jpg 510w\" \/><div class=\"post-action btn btn-skin-dark-shaded inverted\"><a href=\"https:\/\/blogs.uo.edu.cu\/patrimonio\/wp-content\/uploads\/sites\/36\/2019\/04\/DSCN0869.jpg\" class=\"icn-expand\" data-lb-type=\"grouped-gallery\"><\/a><\/div>\r\n                        <\/div><\/figure><figure class='gallery-item col col-auto'>\r\n                        <div class='gallery-icon landscape czr-gallery-icon'>\r\n                              <a href=https:\/\/blogs.uo.edu.cu\/patrimonio\/universidad-de-oriente-rectorado-2\/ class=\"bg-link\"><\/a><img loading=\"lazy\" decoding=\"async\" width=\"150\" height=\"150\" src=\"https:\/\/blogs.uo.edu.cu\/patrimonio\/wp-content\/uploads\/sites\/36\/2019\/04\/Universidad-de-Oriente-Rectorado-2-150x150.jpg\" class=\"attachment-thumbnail size-thumbnail\" alt=\"\" sizes=\"auto, (min-width: 1200px) 255px, (min-width: 992px) 210px, (min-width: 576px) 150px, calc( 50vw - 30px )\" srcset=\"https:\/\/blogs.uo.edu.cu\/patrimonio\/wp-content\/uploads\/sites\/36\/2019\/04\/Universidad-de-Oriente-Rectorado-2-150x150.jpg 150w, https:\/\/blogs.uo.edu.cu\/patrimonio\/wp-content\/uploads\/sites\/36\/2019\/04\/Universidad-de-Oriente-Rectorado-2-510x510.jpg 510w\" \/><div class=\"post-action btn btn-skin-dark-shaded inverted\"><a href=\"https:\/\/blogs.uo.edu.cu\/patrimonio\/wp-content\/uploads\/sites\/36\/2019\/04\/Universidad-de-Oriente-Rectorado-2.jpg\" class=\"icn-expand\" data-lb-type=\"grouped-gallery\"><\/a><\/div>\r\n                        <\/div><\/figure><figure class='gallery-item col col-auto'>\r\n                        <div class='gallery-icon landscape czr-gallery-icon'>\r\n                              <a href=https:\/\/blogs.uo.edu.cu\/patrimonio\/mvc-257s\/ class=\"bg-link\"><\/a><img loading=\"lazy\" decoding=\"async\" width=\"150\" height=\"150\" src=\"https:\/\/blogs.uo.edu.cu\/patrimonio\/wp-content\/uploads\/sites\/36\/2019\/04\/MVC-257S-150x150.jpg\" class=\"attachment-thumbnail size-thumbnail\" alt=\"\" sizes=\"auto, (min-width: 1200px) 255px, (min-width: 992px) 210px, (min-width: 576px) 150px, calc( 50vw - 30px )\" \/><div class=\"post-action btn btn-skin-dark-shaded inverted\"><a href=\"https:\/\/blogs.uo.edu.cu\/patrimonio\/wp-content\/uploads\/sites\/36\/2019\/04\/MVC-257S.jpg\" class=\"icn-expand\" data-lb-type=\"grouped-gallery\"><\/a><\/div>\r\n                        <\/div><\/figure><figure class='gallery-item col col-auto'>\r\n                        <div class='gallery-icon landscape czr-gallery-icon'>\r\n                              <a href=https:\/\/blogs.uo.edu.cu\/patrimonio\/dscn3501\/ class=\"bg-link\"><\/a><img loading=\"lazy\" decoding=\"async\" width=\"150\" height=\"150\" src=\"https:\/\/blogs.uo.edu.cu\/patrimonio\/wp-content\/uploads\/sites\/36\/2019\/04\/DSCN3501-150x150.jpg\" class=\"attachment-thumbnail size-thumbnail\" alt=\"\" sizes=\"auto, (min-width: 1200px) 255px, (min-width: 992px) 210px, (min-width: 576px) 150px, calc( 50vw - 30px )\" srcset=\"https:\/\/blogs.uo.edu.cu\/patrimonio\/wp-content\/uploads\/sites\/36\/2019\/04\/DSCN3501-150x150.jpg 150w, https:\/\/blogs.uo.edu.cu\/patrimonio\/wp-content\/uploads\/sites\/36\/2019\/04\/DSCN3501-510x510.jpg 510w\" \/><div class=\"post-action btn btn-skin-dark-shaded inverted\"><a href=\"https:\/\/blogs.uo.edu.cu\/patrimonio\/wp-content\/uploads\/sites\/36\/2019\/04\/DSCN3501.jpg\" class=\"icn-expand\" data-lb-type=\"grouped-gallery\"><\/a><\/div>\r\n                        <\/div><\/figure>\r\n                  <\/div>\n\n","protected":false},"excerpt":{"rendered":"<p>La Universidad de Oriente a finales de la d\u00e9cada del cincuenta a\u00fan no contaba con todos los locales para la ubicaci\u00f3n de sus actividades docentes y de servicio, muchas de las cuales se desarrollaban distribuidas entre las pocas \u00e1reas que exist\u00edan, sin las condiciones adecuadas, otras eran ubicadas en \u00e1reas lejanas a la Universidad. Con [&hellip;]<\/p>\n","protected":false},"author":30,"featured_media":0,"parent":0,"menu_order":0,"comment_status":"closed","ping_status":"closed","template":"","meta":{"ngg_post_thumbnail":0,"footnotes":""},"class_list":["post-479","page","type-page","status-publish","czr-hentry"],"_links":{"self":[{"href":"https:\/\/blogs.uo.edu.cu\/patrimonio\/wp-json\/wp\/v2\/pages\/479","targetHints":{"allow":["GET"]}}],"collection":[{"href":"https:\/\/blogs.uo.edu.cu\/patrimonio\/wp-json\/wp\/v2\/pages"}],"about":[{"href":"https:\/\/blogs.uo.edu.cu\/patrimonio\/wp-json\/wp\/v2\/types\/page"}],"author":[{"embeddable":true,"href":"https:\/\/blogs.uo.edu.cu\/patrimonio\/wp-json\/wp\/v2\/users\/30"}],"replies":[{"embeddable":true,"href":"https:\/\/blogs.uo.edu.cu\/patrimonio\/wp-json\/wp\/v2\/comments?post=479"}],"version-history":[{"count":1,"href":"https:\/\/blogs.uo.edu.cu\/patrimonio\/wp-json\/wp\/v2\/pages\/479\/revisions"}],"predecessor-version":[{"id":1275,"href":"https:\/\/blogs.uo.edu.cu\/patrimonio\/wp-json\/wp\/v2\/pages\/479\/revisions\/1275"}],"wp:attachment":[{"href":"https:\/\/blogs.uo.edu.cu\/patrimonio\/wp-json\/wp\/v2\/media?parent=479"}],"curies":[{"name":"wp","href":"https:\/\/api.w.org\/{rel}","templated":true}]}}