{"id":542,"date":"2018-05-27T02:24:06","date_gmt":"2018-05-27T02:24:06","guid":{"rendered":"http:\/\/localhost\/PatrimonioUO\/?page_id=542"},"modified":"2019-04-24T15:25:05","modified_gmt":"2019-04-24T19:25:05","slug":"museo-de-historia-natural-2","status":"publish","type":"page","link":"https:\/\/blogs.uo.edu.cu\/patrimonio\/museo-de-historia-natural-2\/","title":{"rendered":"Museo de Historia Natural"},"content":{"rendered":"<p><img loading=\"lazy\" decoding=\"async\" class=\" wp-image-553 aligncenter\" src=\"http:\/\/localhost\/PatrimonioUO\/wp-content\/uploads\/2018\/05\/2.jpg\" alt=\"\" width=\"255\" height=\"340\"><img loading=\"lazy\" decoding=\"async\" class=\"wp-image-555 aligncenter\" src=\"http:\/\/localhost\/PatrimonioUO\/wp-content\/uploads\/2018\/05\/1-300x61.jpg\" alt=\"\" width=\"359\" height=\"73\"><\/p>\n<p>Museo de Historia Natural \u00abCharles T. Ramsden de la Torre,\u00bb fundado en la Universidad de Oriente en 1952, luego que falleciera su principal creador el eminente naturalista santiaguero Charles Theodoro Ramsden de la Torre y que sus herederas Emerenciana Ferrer Joli (esposa) y Concepci\u00f3n Ramsden Ferrer (hija) donaran sus colecciones a la Universidad de Oriente; ubicado en el 3er piso del Edificio Central, donde se mantiene en la actualidad. En el museo, adem\u00e1s de las colecciones de Ramsden se encuentran otras colecciones donadas por diferentes colaboradores como las del profesor Manuel D\u00edaz Pi-ferrer, importantes colecciones de murci\u00e9lagos, aves, reptiles y moluscos; del Dr. Pastor Alayo Dalmau (primer curador del museo) las colecciones de insectos, ar\u00e1cnidos y miri\u00e1podos locales; y la colecci\u00f3n de moluscos de Ernesto pujals, entre otras, constituyen una riqueza de gran valor patrimonial merecedora de ser conservada para las presentes y futuras generaciones.<\/p>\n<p>El museo consta de tres salas: una de exposici\u00f3n de aves que contiene una amplia colecci\u00f3n de pieles de exposici\u00f3n, con un total de 424 ejemplares, pertenecientes a 20 \u00f3rdenes de la Clase Aves, 46 familias, 145 g\u00e9neros y 204 especies,con una representaci\u00f3n de 22 especies de aves end\u00e9micas que constituyen el 82 % de estas; asimismo se exhiben 164 especies migratorias y residentes permanentes y tres especies extintas, 19 con alg\u00fan grado de amenaza, &nbsp;las cuales se encuentran distribuidos en 22 vitrinas de madera y cristal. Dicha exposici\u00f3n est\u00e1 dirigida a todo tipo de p\u00fablico que desee conocer acerca de las aves de cuba, en esta sala es donde se realizan las actividades culturales, docentes y de educaci\u00f3n ambiental.<\/p>\n<p>Otra sala es el gabinete entomol\u00f3gico, en esta se conservan las colecciones de insectos representados por varios \u00f3rdenes, entre ellos se destaca la colecci\u00f3n de Lepid\u00f3ptera (mariposas), una de las colecciones m\u00e1s importantes del pa\u00eds con una amplia representaci\u00f3n de especies end\u00e9mica, migratorias y ex\u00f3ticas procedentes de Jap\u00f3n, India, \u00c1frica y Sur Am\u00e9rica. Est\u00e1 formada por 3000 ejemplares de 147 especies cubanas en 11 familias; otros \u00f3rdenes representados son: Cole\u00f3ptera, Odonata, D\u00edpteros, Himen\u00f3ptera, entre otros grupos de insectos propios de Cuba, estas colecciones entomol\u00f3gicas se encuentran depositadas en 11 anaqueles de madera, dichos muebles fueron donados conjuntamente con las colecciones biol\u00f3gicas.<\/p>\n<p>En esta sala tambi\u00e9n se exponen varias certificaciones recibidas por Ramsden a lo largo de su vida cient\u00edfica, de diversas instituciones nacionales y extranjeras que lo acreditan como miembro de honor y reconocimientos a su desempe\u00f1o como investigador.<\/p>\n<p>Por \u00faltimo, en la sala de estudio se conservan varias colecciones de diferentes grupos zool\u00f3gicos: moluscos, crust\u00e1ceos, peces, anfibios, reptiles, murci\u00e9lagos, huevos y pieles de aves y de mam\u00edferos para estudios, pieles de reptiles, peces de exposici\u00f3n y otros conservados en l\u00edquido; los conservados en l\u00edquido se encuentran en tres estantes en la parte central de la sala; y los conservados en seco se ubican en anaqueles ubicados hacia los laterales.<\/p>\n<p>Aqu\u00ed tambi\u00e9n se encuentra un archivo donde se conservan importantes documentos que pertenec\u00edan a Ramsden como numerosas revistas nacionales y extranjeras a las cuales estaba suscripto. Otros son los peri\u00f3dicos de la \u00e9poca en los que se publicaron varios art\u00edculos sobre sus hallazgos, tambi\u00e9n se encuentran varias certificaciones, la correspondencia personal, entre est\u00e1 se incluye un epistolario de IV tomos que cre\u00f3 con las cartas originales del Dr. Carlos de la Torre, importante malac\u00f3logo de la Universidad de La Habana, quien colaborara con \u00e9l en la identificaci\u00f3n y descripci\u00f3n de nuevas especies. Todos estos documentos se conservan en el museo y est\u00e1n a disposici\u00f3n de la comunidad universitaria y forman parte del patrimonio cultural de la Universidad de Oriente.<\/p>\n<p>La misi\u00f3n que cumple el Museo \u00abCharles T. Ramsden de la Torre\u00bb es educativa y se complementa a trav\u00e9s de los convenios de visitas con las escuelas primarias de la comunidad y algunas escuelas de los diferentes niveles de ense\u00f1anza, las clases pr\u00e1cticas que se desarrollan para los estudiantes de la carrera de Biolog\u00eda, tambi\u00e9n con las visitas de los estudiantes de la Facultad de Ciencias Naturales y Exactas, otras carreras de la Universidad, a trav\u00e9s de las exposiciones permanentes y transitorias se desarrollan acciones culturales y educativas relacionadas con la actividad cient\u00edfica.<\/p>\n<p>Los objetivos se materializan a trav\u00e9s de varias funciones que desempe\u00f1a el museo, entre ellas podemos mencionar: \u00abatesorar, custodiar, conservar, catalogar, comunicar y exhibir, de forma ordenada sus fondos y colecciones, con arreglo a criterios cient\u00edficos, est\u00e9ticos y did\u00e1cticos; colocar los fondos y colecciones al servicio p\u00fablico; desarrollar investigaciones cient\u00edficas sobre sus fondos y colecciones, as\u00ed como las concernientes a las especialidades de museolog\u00eda y de la identidad local.<\/p>\n<p>En la actualidad se propone un nuevo guion museol\u00f3gico m\u00e1s atractivo que contribuya a una mejor propuesta museol\u00f3gica y museogr\u00e1fica para mejorar la labor extensionista y de educaci\u00f3n ambiental en el museo, a trav\u00e9s de la exposici\u00f3n en funci\u00f3n de educar las nuevas generaciones en el cuidado de la naturaleza y el patrimonio.<\/p>\n<p>&nbsp;<\/p>\n<p>-&gt; <a href=\"http:\/\/blogs.uo.edu.cu\/patrimonio\/wp-content\/uploads\/sites\/36\/2019\/04\/Historia-del-Museo-de-Historia-Natural-Charles-Theodoro-Ramsden-de-la-Universidad-de-Oriente.docx\">Historia del Museo de Historia Natural Charles Theodoro Ramsden de la Universidad de Oriente<\/a><\/p>\n<p>-&gt; <a href=\"http:\/\/blogs.uo.edu.cu\/patrimonio\/wp-content\/uploads\/sites\/36\/2019\/04\/Sintesis-Biografica-de-Ramsden.doc\">S\u00edntesis Biogr\u00e1fica de Ramsden<\/a><\/p>\n<p><strong>Art\u00edculos:<\/strong><\/p>\n<p>1- <a href=\"http:\/\/blogs.uo.edu.cu\/patrimonio\/wp-content\/uploads\/sites\/36\/2019\/04\/16.-2016.-Crustaceos-en-el-Museo-Charles-Ramsdem.pdf\">16. 2016. Crust\u00e1ceos en el Museo Charles Ramsdem<\/a><\/p>\n<p>2- <a href=\"http:\/\/blogs.uo.edu.cu\/patrimonio\/wp-content\/uploads\/sites\/36\/2019\/04\/CARACTERIZACION-DEL-PATRON-DE-MANCHADO-DE-LOS-HUEVOS-DE-SINSONTE.pdf\">Caracterizaci\u00f3n del patr\u00f3n de manchado de los huevos del sinsonte<\/a><\/p>\n<p>3- <a href=\"http:\/\/blogs.uo.edu.cu\/patrimonio\/wp-content\/uploads\/sites\/36\/2019\/04\/CATALOGO-DE-LOS-CRUSTACEOS-DECAPODOS-COLECCION-RAMSDEM.pdf\">Cat\u00e1logo de los crust\u00e1ceos dac\u00e1podos &#8211; colecci\u00f3n Ramsdem<\/a><\/p>\n<p>4- <a href=\"http:\/\/blogs.uo.edu.cu\/patrimonio\/wp-content\/uploads\/sites\/36\/2019\/04\/colecc-Ramsden-y-Ying-Yang.pdf\">Colecci\u00f3n Ramsden y Ying Yang<\/a><\/p>\n<p>5- <a href=\"http:\/\/blogs.uo.edu.cu\/patrimonio\/wp-content\/uploads\/sites\/36\/2019\/04\/Descripcion-de-los-huevos-de-aura-tinosa.pdf\">Descripci\u00f3n de los huevos de aura ti\u00f1osa<\/a><\/p>\n<p>6- <a href=\"http:\/\/blogs.uo.edu.cu\/patrimonio\/wp-content\/uploads\/sites\/36\/2019\/04\/MARIPOSAS-DIURNAS-EN-LA-COLECCION-RAMSDEN.pdf\">Mariposas diurnas en la colecci\u00f3n Ramsdem<\/a><\/p>\n<p>7- <a href=\"http:\/\/blogs.uo.edu.cu\/patrimonio\/wp-content\/uploads\/sites\/36\/2019\/04\/31-Tesis-de-Diploma.-2010.-U.-Olavarrieta.pdf\">Tesis Ulises Olavarrieta Ruiz<\/a><\/p>\n<p>8- <a href=\"http:\/\/blogs.uo.edu.cu\/patrimonio\/wp-content\/uploads\/sites\/36\/2019\/04\/Tesis-Marlene-Soto-Borrero.pdf\">Tesis Marlene Soto Borrero<\/a><\/p>\n<p><strong>Fotos:<\/strong><\/p>\n<div id='gallery-1' class='czr-gallery row flex-row czr-gallery-style gallery galleryid-542 gallery-columns-3 gallery-size-thumbnail'><figure class='gallery-item col col-auto'>\r\n                        <div class='gallery-icon landscape czr-gallery-icon'>\r\n                              <a href=https:\/\/blogs.uo.edu.cu\/patrimonio\/anaqueles-coleccion-de-entomologia\/ class=\"bg-link\"><\/a><img loading=\"lazy\" decoding=\"async\" width=\"150\" height=\"150\" src=\"https:\/\/blogs.uo.edu.cu\/patrimonio\/wp-content\/uploads\/sites\/36\/2019\/04\/anaqueles-coleccion-de-entomologia-150x150.jpg\" class=\"attachment-thumbnail size-thumbnail\" alt=\"\" sizes=\"auto, (min-width: 1200px) 255px, (min-width: 992px) 210px, (min-width: 576px) 150px, calc( 50vw - 30px )\" aria-describedby=\"gallery-1-914\" srcset=\"https:\/\/blogs.uo.edu.cu\/patrimonio\/wp-content\/uploads\/sites\/36\/2019\/04\/anaqueles-coleccion-de-entomologia-150x150.jpg 150w, https:\/\/blogs.uo.edu.cu\/patrimonio\/wp-content\/uploads\/sites\/36\/2019\/04\/anaqueles-coleccion-de-entomologia-510x510.jpg 510w\" \/><div class=\"post-action btn btn-skin-dark-shaded inverted\"><a href=\"https:\/\/blogs.uo.edu.cu\/patrimonio\/wp-content\/uploads\/sites\/36\/2019\/04\/anaqueles-coleccion-de-entomologia.jpg\" class=\"icn-expand\" data-lb-type=\"grouped-gallery\" title=\"Anaqueles de la colecci\u00f3n de entomolog\u00eda\"><\/a><\/div>\r\n                        <\/div>\r\n                              <figcaption class='wp-caption-text gallery-caption' id='gallery-1-914'>\r\n                              Anaqueles de la colecci\u00f3n de entomolog\u00eda\r\n                              <\/figcaption><\/figure><figure class='gallery-item col col-auto'>\r\n                        <div class='gallery-icon landscape czr-gallery-icon'>\r\n                              <a href=https:\/\/blogs.uo.edu.cu\/patrimonio\/coleccion-conservada-en-liquido\/ class=\"bg-link\"><\/a><img loading=\"lazy\" decoding=\"async\" width=\"150\" height=\"150\" src=\"https:\/\/blogs.uo.edu.cu\/patrimonio\/wp-content\/uploads\/sites\/36\/2019\/04\/Coleccion-conservada-en-liquido-150x150.jpg\" class=\"attachment-thumbnail size-thumbnail\" alt=\"\" sizes=\"auto, (min-width: 1200px) 255px, (min-width: 992px) 210px, (min-width: 576px) 150px, calc( 50vw - 30px )\" aria-describedby=\"gallery-1-937\" \/><div class=\"post-action btn btn-skin-dark-shaded inverted\"><a href=\"https:\/\/blogs.uo.edu.cu\/patrimonio\/wp-content\/uploads\/sites\/36\/2019\/04\/Coleccion-conservada-en-liquido.jpg\" class=\"icn-expand\" data-lb-type=\"grouped-gallery\" title=\"Colecciones conservadas en l\u00edquido\"><\/a><\/div>\r\n                        <\/div>\r\n                              <figcaption class='wp-caption-text gallery-caption' id='gallery-1-937'>\r\n                              Colecciones conservadas en l\u00edquido\r\n                              <\/figcaption><\/figure><figure class='gallery-item col col-auto'>\r\n                        <div class='gallery-icon landscape czr-gallery-icon'>\r\n                              <a href=https:\/\/blogs.uo.edu.cu\/patrimonio\/coleccion-permanente\/ class=\"bg-link\"><\/a><img loading=\"lazy\" decoding=\"async\" width=\"150\" height=\"150\" src=\"https:\/\/blogs.uo.edu.cu\/patrimonio\/wp-content\/uploads\/sites\/36\/2019\/04\/coleccion-permanente-150x150.jpg\" class=\"attachment-thumbnail size-thumbnail\" alt=\"\" sizes=\"auto, (min-width: 1200px) 255px, (min-width: 992px) 210px, (min-width: 576px) 150px, calc( 50vw - 30px )\" aria-describedby=\"gallery-1-938\" srcset=\"https:\/\/blogs.uo.edu.cu\/patrimonio\/wp-content\/uploads\/sites\/36\/2019\/04\/coleccion-permanente-150x150.jpg 150w, https:\/\/blogs.uo.edu.cu\/patrimonio\/wp-content\/uploads\/sites\/36\/2019\/04\/coleccion-permanente-510x510.jpg 510w\" \/><div class=\"post-action btn btn-skin-dark-shaded inverted\"><a href=\"https:\/\/blogs.uo.edu.cu\/patrimonio\/wp-content\/uploads\/sites\/36\/2019\/04\/coleccion-permanente.jpg\" class=\"icn-expand\" data-lb-type=\"grouped-gallery\" title=\"Exposici\u00f3n permanente\"><\/a><\/div>\r\n                        <\/div>\r\n                              <figcaption class='wp-caption-text gallery-caption' id='gallery-1-938'>\r\n                              Exposici\u00f3n permanente\r\n                              <\/figcaption><\/figure><figure class='gallery-item col col-auto'>\r\n                        <div class='gallery-icon portrait czr-gallery-icon'>\r\n                              <a href=https:\/\/blogs.uo.edu.cu\/patrimonio\/otro1\/ class=\"bg-link\"><\/a><img loading=\"lazy\" decoding=\"async\" width=\"150\" height=\"150\" src=\"https:\/\/blogs.uo.edu.cu\/patrimonio\/wp-content\/uploads\/sites\/36\/2019\/04\/otro1-150x150.jpg\" class=\"attachment-thumbnail size-thumbnail\" alt=\"\" sizes=\"auto, (min-width: 1200px) 255px, (min-width: 992px) 210px, (min-width: 576px) 150px, calc( 50vw - 30px )\" aria-describedby=\"gallery-1-938\" srcset=\"https:\/\/blogs.uo.edu.cu\/patrimonio\/wp-content\/uploads\/sites\/36\/2019\/04\/otro1-150x150.jpg 150w, https:\/\/blogs.uo.edu.cu\/patrimonio\/wp-content\/uploads\/sites\/36\/2019\/04\/otro1-510x510.jpg 510w\" \/><div class=\"post-action btn btn-skin-dark-shaded inverted\"><a href=\"https:\/\/blogs.uo.edu.cu\/patrimonio\/wp-content\/uploads\/sites\/36\/2019\/04\/otro1.jpg\" class=\"icn-expand\" data-lb-type=\"grouped-gallery\"><\/a><\/div>\r\n                        <\/div><\/figure><figure class='gallery-item col col-auto'>\r\n                        <div class='gallery-icon portrait czr-gallery-icon'>\r\n                              <a href=https:\/\/blogs.uo.edu.cu\/patrimonio\/otro\/ class=\"bg-link\"><\/a><img loading=\"lazy\" decoding=\"async\" width=\"150\" height=\"150\" src=\"https:\/\/blogs.uo.edu.cu\/patrimonio\/wp-content\/uploads\/sites\/36\/2019\/04\/otro-150x150.jpg\" class=\"attachment-thumbnail size-thumbnail\" alt=\"\" sizes=\"auto, (min-width: 1200px) 255px, (min-width: 992px) 210px, (min-width: 576px) 150px, calc( 50vw - 30px )\" aria-describedby=\"gallery-1-938\" srcset=\"https:\/\/blogs.uo.edu.cu\/patrimonio\/wp-content\/uploads\/sites\/36\/2019\/04\/otro-150x150.jpg 150w, https:\/\/blogs.uo.edu.cu\/patrimonio\/wp-content\/uploads\/sites\/36\/2019\/04\/otro-497x500.jpg 497w\" \/><div class=\"post-action btn btn-skin-dark-shaded inverted\"><a href=\"https:\/\/blogs.uo.edu.cu\/patrimonio\/wp-content\/uploads\/sites\/36\/2019\/04\/otro.jpg\" class=\"icn-expand\" data-lb-type=\"grouped-gallery\"><\/a><\/div>\r\n                        <\/div><\/figure>\r\n                  <\/div>\n\n","protected":false},"excerpt":{"rendered":"<p>Museo de Historia Natural \u00abCharles T. Ramsden de la Torre,\u00bb fundado en la Universidad de Oriente en 1952, luego que falleciera su principal creador el eminente naturalista santiaguero Charles Theodoro Ramsden de la Torre y que sus herederas Emerenciana Ferrer Joli (esposa) y Concepci\u00f3n Ramsden Ferrer (hija) donaran sus colecciones a la Universidad de Oriente; [&hellip;]<\/p>\n","protected":false},"author":30,"featured_media":0,"parent":0,"menu_order":0,"comment_status":"closed","ping_status":"closed","template":"","meta":{"ngg_post_thumbnail":0,"footnotes":""},"class_list":["post-542","page","type-page","status-publish","czr-hentry"],"_links":{"self":[{"href":"https:\/\/blogs.uo.edu.cu\/patrimonio\/wp-json\/wp\/v2\/pages\/542","targetHints":{"allow":["GET"]}}],"collection":[{"href":"https:\/\/blogs.uo.edu.cu\/patrimonio\/wp-json\/wp\/v2\/pages"}],"about":[{"href":"https:\/\/blogs.uo.edu.cu\/patrimonio\/wp-json\/wp\/v2\/types\/page"}],"author":[{"embeddable":true,"href":"https:\/\/blogs.uo.edu.cu\/patrimonio\/wp-json\/wp\/v2\/users\/30"}],"replies":[{"embeddable":true,"href":"https:\/\/blogs.uo.edu.cu\/patrimonio\/wp-json\/wp\/v2\/comments?post=542"}],"version-history":[{"count":2,"href":"https:\/\/blogs.uo.edu.cu\/patrimonio\/wp-json\/wp\/v2\/pages\/542\/revisions"}],"predecessor-version":[{"id":1268,"href":"https:\/\/blogs.uo.edu.cu\/patrimonio\/wp-json\/wp\/v2\/pages\/542\/revisions\/1268"}],"wp:attachment":[{"href":"https:\/\/blogs.uo.edu.cu\/patrimonio\/wp-json\/wp\/v2\/media?parent=542"}],"curies":[{"name":"wp","href":"https:\/\/api.w.org\/{rel}","templated":true}]}}