{"id":567,"date":"2018-05-27T02:57:28","date_gmt":"2018-05-27T02:57:28","guid":{"rendered":"http:\/\/localhost\/PatrimonioUO\/?page_id=567"},"modified":"2019-04-24T15:54:29","modified_gmt":"2019-04-24T19:54:29","slug":"sala-de-arquelogia","status":"publish","type":"page","link":"https:\/\/blogs.uo.edu.cu\/patrimonio\/sala-de-arquelogia\/","title":{"rendered":"Sala de Arquelog\u00eda"},"content":{"rendered":"<p>La actual Sala de Arqueolog\u00eda de la Universidad de Oriente, tuvo sus or\u00edgenes el 29 de junio de 1953, en el Edificio Central de la Universidad por el Dr. Felipe Mart\u00ednez Arango, director del Departamento de Relaciones Culturales y Extensi\u00f3n (hoy Extensi\u00f3n Universitaria). A ra\u00edz del proceso de integraci\u00f3n de la universidad, esta sala de exposici\u00f3n pas\u00f3 a formar parte del Departamento de Patrimonio de esta casa de altos estudios, bajo la direcci\u00f3n del Dr. Frank Josu\u00e9 Solar Cabrales. En su composici\u00f3n, la instalaci\u00f3n pretende informar al visitante del proceso de evoluci\u00f3n de las comunidades abor\u00edgenes en Cuba, procedentes de la Regi\u00f3n Oriental, d\u00edgase Santiago de Cuba, Holgu\u00edn y Baracoa.<\/p>\n<p>Las piezas que conforman dicha exposici\u00f3n, son el resultado de la investigaci\u00f3n cient\u00edfica realizada por un movimiento de arque\u00f3logos aficionados, formados por la Sesi\u00f3n de Investigaciones Hist\u00f3ricas y Arqueol\u00f3gicas del antiguo Departamento bajo la direcci\u00f3n del doctor Mart\u00ednez Arango; otras fueron adquiridas por donaci\u00f3n. Atesora importantes colecciones de la cultura material aborigen producto de las excavaciones realizadas por los mismos profesores de la Universidad de Oriente. Desde sus inicios ha transitado por diferentes lugares y locales, hasta que en 1981 es instalado en el Edificio Docente 1 en su planta baja.<\/p>\n<p>La riqueza de sus colecciones se manifiesta en los exponentes de la cultura material aborigen proto-agr\u00edcola, pre-agroalfarera y agroalfarera, con evidencias materiales \u00fanicas en el pa\u00eds.<\/p>\n<p>&nbsp;<\/p>\n<div id='gallery-1' class='czr-gallery row flex-row czr-gallery-style gallery galleryid-567 gallery-columns-3 gallery-size-thumbnail'><figure class='gallery-item col col-auto'>\r\n                        <div class='gallery-icon portrait czr-gallery-icon'>\r\n                              <a href=https:\/\/blogs.uo.edu.cu\/patrimonio\/dsc09279\/ class=\"bg-link\"><\/a><img loading=\"lazy\" decoding=\"async\" width=\"150\" height=\"150\" src=\"https:\/\/blogs.uo.edu.cu\/patrimonio\/wp-content\/uploads\/sites\/36\/2019\/04\/DSC09279-150x150.jpg\" class=\"attachment-thumbnail size-thumbnail\" alt=\"\" sizes=\"auto, (min-width: 1200px) 255px, (min-width: 992px) 210px, (min-width: 576px) 150px, calc( 50vw - 30px )\" srcset=\"https:\/\/blogs.uo.edu.cu\/patrimonio\/wp-content\/uploads\/sites\/36\/2019\/04\/DSC09279-150x150.jpg 150w, https:\/\/blogs.uo.edu.cu\/patrimonio\/wp-content\/uploads\/sites\/36\/2019\/04\/DSC09279-510x510.jpg 510w\" \/><div class=\"post-action btn btn-skin-dark-shaded inverted\"><a href=\"https:\/\/blogs.uo.edu.cu\/patrimonio\/wp-content\/uploads\/sites\/36\/2019\/04\/DSC09279.jpg\" class=\"icn-expand\" data-lb-type=\"grouped-gallery\"><\/a><\/div>\r\n                        <\/div><\/figure><figure class='gallery-item col col-auto'>\r\n                        <div class='gallery-icon landscape czr-gallery-icon'>\r\n                              <a href=https:\/\/blogs.uo.edu.cu\/patrimonio\/dsc09275\/ class=\"bg-link\"><\/a><img loading=\"lazy\" decoding=\"async\" width=\"150\" height=\"150\" src=\"https:\/\/blogs.uo.edu.cu\/patrimonio\/wp-content\/uploads\/sites\/36\/2019\/04\/DSC09275-150x150.jpg\" class=\"attachment-thumbnail size-thumbnail\" alt=\"\" sizes=\"auto, (min-width: 1200px) 255px, (min-width: 992px) 210px, (min-width: 576px) 150px, calc( 50vw - 30px )\" srcset=\"https:\/\/blogs.uo.edu.cu\/patrimonio\/wp-content\/uploads\/sites\/36\/2019\/04\/DSC09275-150x150.jpg 150w, https:\/\/blogs.uo.edu.cu\/patrimonio\/wp-content\/uploads\/sites\/36\/2019\/04\/DSC09275-510x510.jpg 510w\" \/><div class=\"post-action btn btn-skin-dark-shaded inverted\"><a href=\"https:\/\/blogs.uo.edu.cu\/patrimonio\/wp-content\/uploads\/sites\/36\/2019\/04\/DSC09275.jpg\" class=\"icn-expand\" data-lb-type=\"grouped-gallery\"><\/a><\/div>\r\n                        <\/div><\/figure><figure class='gallery-item col col-auto'>\r\n                        <div class='gallery-icon landscape czr-gallery-icon'>\r\n                              <a href=https:\/\/blogs.uo.edu.cu\/patrimonio\/dsc09234\/ class=\"bg-link\"><\/a><img loading=\"lazy\" decoding=\"async\" width=\"150\" height=\"150\" src=\"https:\/\/blogs.uo.edu.cu\/patrimonio\/wp-content\/uploads\/sites\/36\/2019\/04\/DSC09234-150x150.jpg\" class=\"attachment-thumbnail size-thumbnail\" alt=\"\" sizes=\"auto, (min-width: 1200px) 255px, (min-width: 992px) 210px, (min-width: 576px) 150px, calc( 50vw - 30px )\" srcset=\"https:\/\/blogs.uo.edu.cu\/patrimonio\/wp-content\/uploads\/sites\/36\/2019\/04\/DSC09234-150x150.jpg 150w, https:\/\/blogs.uo.edu.cu\/patrimonio\/wp-content\/uploads\/sites\/36\/2019\/04\/DSC09234-510x510.jpg 510w\" \/><div class=\"post-action btn btn-skin-dark-shaded inverted\"><a href=\"https:\/\/blogs.uo.edu.cu\/patrimonio\/wp-content\/uploads\/sites\/36\/2019\/04\/DSC09234.jpg\" class=\"icn-expand\" data-lb-type=\"grouped-gallery\"><\/a><\/div>\r\n                        <\/div><\/figure><figure class='gallery-item col col-auto'>\r\n                        <div class='gallery-icon landscape czr-gallery-icon'>\r\n                              <a href=https:\/\/blogs.uo.edu.cu\/patrimonio\/dsc09226\/ class=\"bg-link\"><\/a><img loading=\"lazy\" decoding=\"async\" width=\"150\" height=\"150\" src=\"https:\/\/blogs.uo.edu.cu\/patrimonio\/wp-content\/uploads\/sites\/36\/2019\/04\/DSC09226-150x150.jpg\" class=\"attachment-thumbnail size-thumbnail\" alt=\"\" sizes=\"auto, (min-width: 1200px) 255px, (min-width: 992px) 210px, (min-width: 576px) 150px, calc( 50vw - 30px )\" srcset=\"https:\/\/blogs.uo.edu.cu\/patrimonio\/wp-content\/uploads\/sites\/36\/2019\/04\/DSC09226-150x150.jpg 150w, https:\/\/blogs.uo.edu.cu\/patrimonio\/wp-content\/uploads\/sites\/36\/2019\/04\/DSC09226-510x510.jpg 510w\" \/><div class=\"post-action btn btn-skin-dark-shaded inverted\"><a href=\"https:\/\/blogs.uo.edu.cu\/patrimonio\/wp-content\/uploads\/sites\/36\/2019\/04\/DSC09226.jpg\" class=\"icn-expand\" data-lb-type=\"grouped-gallery\"><\/a><\/div>\r\n                        <\/div><\/figure><figure class='gallery-item col col-auto'>\r\n                        <div class='gallery-icon landscape czr-gallery-icon'>\r\n                              <a href=https:\/\/blogs.uo.edu.cu\/patrimonio\/dsc09174\/ class=\"bg-link\"><\/a><img loading=\"lazy\" decoding=\"async\" width=\"150\" height=\"150\" src=\"https:\/\/blogs.uo.edu.cu\/patrimonio\/wp-content\/uploads\/sites\/36\/2019\/04\/DSC09174-150x150.jpg\" class=\"attachment-thumbnail size-thumbnail\" alt=\"\" sizes=\"auto, (min-width: 1200px) 255px, (min-width: 992px) 210px, (min-width: 576px) 150px, calc( 50vw - 30px )\" srcset=\"https:\/\/blogs.uo.edu.cu\/patrimonio\/wp-content\/uploads\/sites\/36\/2019\/04\/DSC09174-150x150.jpg 150w, https:\/\/blogs.uo.edu.cu\/patrimonio\/wp-content\/uploads\/sites\/36\/2019\/04\/DSC09174-510x510.jpg 510w\" \/><div class=\"post-action btn btn-skin-dark-shaded inverted\"><a href=\"https:\/\/blogs.uo.edu.cu\/patrimonio\/wp-content\/uploads\/sites\/36\/2019\/04\/DSC09174.jpg\" class=\"icn-expand\" data-lb-type=\"grouped-gallery\"><\/a><\/div>\r\n                        <\/div><\/figure><figure class='gallery-item col col-auto'>\r\n                        <div class='gallery-icon landscape czr-gallery-icon'>\r\n                              <a href=https:\/\/blogs.uo.edu.cu\/patrimonio\/dsc09112\/ class=\"bg-link\"><\/a><img loading=\"lazy\" decoding=\"async\" width=\"150\" height=\"150\" src=\"https:\/\/blogs.uo.edu.cu\/patrimonio\/wp-content\/uploads\/sites\/36\/2019\/04\/DSC09112-150x150.jpg\" class=\"attachment-thumbnail size-thumbnail\" alt=\"\" sizes=\"auto, (min-width: 1200px) 255px, (min-width: 992px) 210px, (min-width: 576px) 150px, calc( 50vw - 30px )\" srcset=\"https:\/\/blogs.uo.edu.cu\/patrimonio\/wp-content\/uploads\/sites\/36\/2019\/04\/DSC09112-150x150.jpg 150w, https:\/\/blogs.uo.edu.cu\/patrimonio\/wp-content\/uploads\/sites\/36\/2019\/04\/DSC09112-510x510.jpg 510w\" \/><div class=\"post-action btn btn-skin-dark-shaded inverted\"><a href=\"https:\/\/blogs.uo.edu.cu\/patrimonio\/wp-content\/uploads\/sites\/36\/2019\/04\/DSC09112.jpg\" class=\"icn-expand\" data-lb-type=\"grouped-gallery\"><\/a><\/div>\r\n                        <\/div><\/figure><figure class='gallery-item col col-auto'>\r\n                        <div class='gallery-icon landscape czr-gallery-icon'>\r\n                              <a href=https:\/\/blogs.uo.edu.cu\/patrimonio\/dsc09115\/ class=\"bg-link\"><\/a><img loading=\"lazy\" decoding=\"async\" width=\"150\" height=\"150\" src=\"https:\/\/blogs.uo.edu.cu\/patrimonio\/wp-content\/uploads\/sites\/36\/2019\/04\/DSC09115-150x150.jpg\" class=\"attachment-thumbnail size-thumbnail\" alt=\"\" sizes=\"auto, (min-width: 1200px) 255px, (min-width: 992px) 210px, (min-width: 576px) 150px, calc( 50vw - 30px )\" srcset=\"https:\/\/blogs.uo.edu.cu\/patrimonio\/wp-content\/uploads\/sites\/36\/2019\/04\/DSC09115-150x150.jpg 150w, https:\/\/blogs.uo.edu.cu\/patrimonio\/wp-content\/uploads\/sites\/36\/2019\/04\/DSC09115-510x510.jpg 510w\" \/><div class=\"post-action btn btn-skin-dark-shaded inverted\"><a href=\"https:\/\/blogs.uo.edu.cu\/patrimonio\/wp-content\/uploads\/sites\/36\/2019\/04\/DSC09115.jpg\" class=\"icn-expand\" data-lb-type=\"grouped-gallery\"><\/a><\/div>\r\n                        <\/div><\/figure><figure class='gallery-item col col-auto'>\r\n                        <div class='gallery-icon landscape czr-gallery-icon'>\r\n                              <a href=https:\/\/blogs.uo.edu.cu\/patrimonio\/dsc09122\/ class=\"bg-link\"><\/a><img loading=\"lazy\" decoding=\"async\" width=\"150\" height=\"150\" src=\"https:\/\/blogs.uo.edu.cu\/patrimonio\/wp-content\/uploads\/sites\/36\/2019\/04\/DSC09122-150x150.jpg\" class=\"attachment-thumbnail size-thumbnail\" alt=\"\" sizes=\"auto, (min-width: 1200px) 255px, (min-width: 992px) 210px, (min-width: 576px) 150px, calc( 50vw - 30px )\" srcset=\"https:\/\/blogs.uo.edu.cu\/patrimonio\/wp-content\/uploads\/sites\/36\/2019\/04\/DSC09122-150x150.jpg 150w, https:\/\/blogs.uo.edu.cu\/patrimonio\/wp-content\/uploads\/sites\/36\/2019\/04\/DSC09122-510x510.jpg 510w\" \/><div class=\"post-action btn btn-skin-dark-shaded inverted\"><a href=\"https:\/\/blogs.uo.edu.cu\/patrimonio\/wp-content\/uploads\/sites\/36\/2019\/04\/DSC09122.jpg\" class=\"icn-expand\" data-lb-type=\"grouped-gallery\"><\/a><\/div>\r\n                        <\/div><\/figure><figure class='gallery-item col col-auto'>\r\n                        <div class='gallery-icon landscape czr-gallery-icon'>\r\n                              <a href=https:\/\/blogs.uo.edu.cu\/patrimonio\/dsc09140\/ class=\"bg-link\"><\/a><img loading=\"lazy\" decoding=\"async\" width=\"150\" height=\"150\" src=\"https:\/\/blogs.uo.edu.cu\/patrimonio\/wp-content\/uploads\/sites\/36\/2019\/04\/DSC09140-150x150.jpg\" class=\"attachment-thumbnail size-thumbnail\" alt=\"\" sizes=\"auto, (min-width: 1200px) 255px, (min-width: 992px) 210px, (min-width: 576px) 150px, calc( 50vw - 30px )\" srcset=\"https:\/\/blogs.uo.edu.cu\/patrimonio\/wp-content\/uploads\/sites\/36\/2019\/04\/DSC09140-150x150.jpg 150w, https:\/\/blogs.uo.edu.cu\/patrimonio\/wp-content\/uploads\/sites\/36\/2019\/04\/DSC09140-510x510.jpg 510w\" \/><div class=\"post-action btn btn-skin-dark-shaded inverted\"><a href=\"https:\/\/blogs.uo.edu.cu\/patrimonio\/wp-content\/uploads\/sites\/36\/2019\/04\/DSC09140.jpg\" class=\"icn-expand\" data-lb-type=\"grouped-gallery\"><\/a><\/div>\r\n                        <\/div><\/figure><figure class='gallery-item col col-auto'>\r\n                        <div class='gallery-icon landscape czr-gallery-icon'>\r\n                              <a href=https:\/\/blogs.uo.edu.cu\/patrimonio\/dsc09145\/ class=\"bg-link\"><\/a><img loading=\"lazy\" decoding=\"async\" width=\"150\" height=\"150\" src=\"https:\/\/blogs.uo.edu.cu\/patrimonio\/wp-content\/uploads\/sites\/36\/2019\/04\/DSC09145-150x150.jpg\" class=\"attachment-thumbnail size-thumbnail\" alt=\"\" sizes=\"auto, (min-width: 1200px) 255px, (min-width: 992px) 210px, (min-width: 576px) 150px, calc( 50vw - 30px )\" srcset=\"https:\/\/blogs.uo.edu.cu\/patrimonio\/wp-content\/uploads\/sites\/36\/2019\/04\/DSC09145-150x150.jpg 150w, https:\/\/blogs.uo.edu.cu\/patrimonio\/wp-content\/uploads\/sites\/36\/2019\/04\/DSC09145-510x510.jpg 510w\" \/><div class=\"post-action btn btn-skin-dark-shaded inverted\"><a href=\"https:\/\/blogs.uo.edu.cu\/patrimonio\/wp-content\/uploads\/sites\/36\/2019\/04\/DSC09145.jpg\" class=\"icn-expand\" data-lb-type=\"grouped-gallery\"><\/a><\/div>\r\n                        <\/div><\/figure><figure class='gallery-item col col-auto'>\r\n                        <div class='gallery-icon landscape czr-gallery-icon'>\r\n                              <a href=https:\/\/blogs.uo.edu.cu\/patrimonio\/dsc09111\/ class=\"bg-link\"><\/a><img loading=\"lazy\" decoding=\"async\" width=\"150\" height=\"150\" src=\"https:\/\/blogs.uo.edu.cu\/patrimonio\/wp-content\/uploads\/sites\/36\/2019\/04\/DSC09111-150x150.jpg\" class=\"attachment-thumbnail size-thumbnail\" alt=\"\" sizes=\"auto, (min-width: 1200px) 255px, (min-width: 992px) 210px, (min-width: 576px) 150px, calc( 50vw - 30px )\" srcset=\"https:\/\/blogs.uo.edu.cu\/patrimonio\/wp-content\/uploads\/sites\/36\/2019\/04\/DSC09111-150x150.jpg 150w, https:\/\/blogs.uo.edu.cu\/patrimonio\/wp-content\/uploads\/sites\/36\/2019\/04\/DSC09111-510x510.jpg 510w\" \/><div class=\"post-action btn btn-skin-dark-shaded inverted\"><a href=\"https:\/\/blogs.uo.edu.cu\/patrimonio\/wp-content\/uploads\/sites\/36\/2019\/04\/DSC09111.jpg\" class=\"icn-expand\" data-lb-type=\"grouped-gallery\"><\/a><\/div>\r\n                        <\/div><\/figure><figure class='gallery-item col col-auto'>\r\n                        <div class='gallery-icon landscape czr-gallery-icon'>\r\n                              <a href=https:\/\/blogs.uo.edu.cu\/patrimonio\/dsc09308\/ class=\"bg-link\"><\/a><img loading=\"lazy\" decoding=\"async\" width=\"150\" height=\"150\" src=\"https:\/\/blogs.uo.edu.cu\/patrimonio\/wp-content\/uploads\/sites\/36\/2019\/04\/DSC09308-150x150.jpg\" class=\"attachment-thumbnail size-thumbnail\" alt=\"\" sizes=\"auto, (min-width: 1200px) 255px, (min-width: 992px) 210px, (min-width: 576px) 150px, calc( 50vw - 30px )\" srcset=\"https:\/\/blogs.uo.edu.cu\/patrimonio\/wp-content\/uploads\/sites\/36\/2019\/04\/DSC09308-150x150.jpg 150w, https:\/\/blogs.uo.edu.cu\/patrimonio\/wp-content\/uploads\/sites\/36\/2019\/04\/DSC09308-510x510.jpg 510w\" \/><div class=\"post-action btn btn-skin-dark-shaded inverted\"><a href=\"https:\/\/blogs.uo.edu.cu\/patrimonio\/wp-content\/uploads\/sites\/36\/2019\/04\/DSC09308.jpg\" class=\"icn-expand\" data-lb-type=\"grouped-gallery\"><\/a><\/div>\r\n                        <\/div><\/figure><figure class='gallery-item col col-auto'>\r\n                        <div class='gallery-icon landscape czr-gallery-icon'>\r\n                              <a href=https:\/\/blogs.uo.edu.cu\/patrimonio\/dsc09117\/ class=\"bg-link\"><\/a><img loading=\"lazy\" decoding=\"async\" width=\"150\" height=\"150\" src=\"https:\/\/blogs.uo.edu.cu\/patrimonio\/wp-content\/uploads\/sites\/36\/2019\/04\/DSC09117-150x150.jpg\" class=\"attachment-thumbnail size-thumbnail\" alt=\"\" sizes=\"auto, (min-width: 1200px) 255px, (min-width: 992px) 210px, (min-width: 576px) 150px, calc( 50vw - 30px )\" srcset=\"https:\/\/blogs.uo.edu.cu\/patrimonio\/wp-content\/uploads\/sites\/36\/2019\/04\/DSC09117-150x150.jpg 150w, https:\/\/blogs.uo.edu.cu\/patrimonio\/wp-content\/uploads\/sites\/36\/2019\/04\/DSC09117-510x510.jpg 510w\" \/><div class=\"post-action btn btn-skin-dark-shaded inverted\"><a href=\"https:\/\/blogs.uo.edu.cu\/patrimonio\/wp-content\/uploads\/sites\/36\/2019\/04\/DSC09117.jpg\" class=\"icn-expand\" data-lb-type=\"grouped-gallery\"><\/a><\/div>\r\n                        <\/div><\/figure><figure class='gallery-item col col-auto'>\r\n                        <div class='gallery-icon portrait czr-gallery-icon'>\r\n                              <a href=https:\/\/blogs.uo.edu.cu\/patrimonio\/dsc09298\/ class=\"bg-link\"><\/a><img loading=\"lazy\" decoding=\"async\" width=\"150\" height=\"150\" src=\"https:\/\/blogs.uo.edu.cu\/patrimonio\/wp-content\/uploads\/sites\/36\/2019\/04\/DSC09298-150x150.jpg\" class=\"attachment-thumbnail size-thumbnail\" alt=\"\" sizes=\"auto, (min-width: 1200px) 255px, (min-width: 992px) 210px, (min-width: 576px) 150px, calc( 50vw - 30px )\" srcset=\"https:\/\/blogs.uo.edu.cu\/patrimonio\/wp-content\/uploads\/sites\/36\/2019\/04\/DSC09298-150x150.jpg 150w, https:\/\/blogs.uo.edu.cu\/patrimonio\/wp-content\/uploads\/sites\/36\/2019\/04\/DSC09298-510x510.jpg 510w\" \/><div class=\"post-action btn btn-skin-dark-shaded inverted\"><a href=\"https:\/\/blogs.uo.edu.cu\/patrimonio\/wp-content\/uploads\/sites\/36\/2019\/04\/DSC09298.jpg\" class=\"icn-expand\" data-lb-type=\"grouped-gallery\"><\/a><\/div>\r\n                        <\/div><\/figure>\r\n                  <\/div>\n\n","protected":false},"excerpt":{"rendered":"<p>La actual Sala de Arqueolog\u00eda de la Universidad de Oriente, tuvo sus or\u00edgenes el 29 de junio de 1953, en el Edificio Central de la Universidad por el Dr. Felipe Mart\u00ednez Arango, director del Departamento de Relaciones Culturales y Extensi\u00f3n (hoy Extensi\u00f3n Universitaria). A ra\u00edz del proceso de integraci\u00f3n de la universidad, esta sala de [&hellip;]<\/p>\n","protected":false},"author":30,"featured_media":0,"parent":0,"menu_order":0,"comment_status":"closed","ping_status":"closed","template":"","meta":{"ngg_post_thumbnail":0,"footnotes":""},"class_list":["post-567","page","type-page","status-publish","czr-hentry"],"_links":{"self":[{"href":"https:\/\/blogs.uo.edu.cu\/patrimonio\/wp-json\/wp\/v2\/pages\/567","targetHints":{"allow":["GET"]}}],"collection":[{"href":"https:\/\/blogs.uo.edu.cu\/patrimonio\/wp-json\/wp\/v2\/pages"}],"about":[{"href":"https:\/\/blogs.uo.edu.cu\/patrimonio\/wp-json\/wp\/v2\/types\/page"}],"author":[{"embeddable":true,"href":"https:\/\/blogs.uo.edu.cu\/patrimonio\/wp-json\/wp\/v2\/users\/30"}],"replies":[{"embeddable":true,"href":"https:\/\/blogs.uo.edu.cu\/patrimonio\/wp-json\/wp\/v2\/comments?post=567"}],"version-history":[{"count":2,"href":"https:\/\/blogs.uo.edu.cu\/patrimonio\/wp-json\/wp\/v2\/pages\/567\/revisions"}],"predecessor-version":[{"id":1279,"href":"https:\/\/blogs.uo.edu.cu\/patrimonio\/wp-json\/wp\/v2\/pages\/567\/revisions\/1279"}],"wp:attachment":[{"href":"https:\/\/blogs.uo.edu.cu\/patrimonio\/wp-json\/wp\/v2\/media?parent=567"}],"curies":[{"name":"wp","href":"https:\/\/api.w.org\/{rel}","templated":true}]}}