{"id":588,"date":"2018-05-27T03:12:31","date_gmt":"2018-05-27T03:12:31","guid":{"rendered":"http:\/\/localhost\/PatrimonioUO\/?page_id=588"},"modified":"2019-04-23T16:10:20","modified_gmt":"2019-04-23T20:10:20","slug":"conversando-con-clio","status":"publish","type":"page","link":"https:\/\/blogs.uo.edu.cu\/patrimonio\/conversando-con-clio\/","title":{"rendered":"Conversando con Cl\u00edo"},"content":{"rendered":"<p>En la mitolog\u00eda griega, Cl\u00edo es conocida como la musa de la historia. Por esta raz\u00f3n este apartado esta dedicado a volcar la historia vieja y actual de la Universidad, incluyendo la de sus Facultades, departamentos, dependencias, as\u00ed como libros, art\u00edculos y tesis dedicadas y a promover el conocimiento de la historia de la Universidad.<\/p>\n<p>&nbsp;<\/p>\n<p><em><strong>Contenidos:<\/strong><\/em><\/p>\n<ul>\n<li><a href=\"http:\/\/blogs.uo.edu.cu\/patrimonio\/conversando-con-clio\/libros_y_articulos\/\">Libros y Art\u00edculos: Historia de la Universidad de Oriente<\/a><\/li>\n<li><a href=\"http:\/\/blogs.uo.edu.cu\/patrimonio\/conversando-con-clio\/trabajos-de-diploma\/\">Trabajos de Diploma<\/a><\/li>\n<\/ul>\n<div id='gallery-1' class='czr-gallery row flex-row czr-gallery-style gallery galleryid-588 gallery-columns-3 gallery-size-thumbnail'><figure class='gallery-item col col-auto'>\r\n                        <div class='gallery-icon landscape czr-gallery-icon'>\r\n                              <a href=https:\/\/blogs.uo.edu.cu\/patrimonio\/alma-mater\/ class=\"bg-link\"><\/a><img loading=\"lazy\" decoding=\"async\" width=\"150\" height=\"150\" src=\"https:\/\/blogs.uo.edu.cu\/patrimonio\/wp-content\/uploads\/sites\/36\/2019\/04\/Alma-Mater-150x150.png\" class=\"attachment-thumbnail size-thumbnail\" alt=\"\" sizes=\"auto, (min-width: 1200px) 255px, (min-width: 992px) 210px, (min-width: 576px) 150px, calc( 50vw - 30px )\" aria-describedby=\"gallery-1-913\" \/><div class=\"post-action btn btn-skin-dark-shaded inverted\"><a href=\"https:\/\/blogs.uo.edu.cu\/patrimonio\/wp-content\/uploads\/sites\/36\/2019\/04\/Alma-Mater.png\" class=\"icn-expand\" data-lb-type=\"grouped-gallery\" title=\"Alma Mater UO\"><\/a><\/div>\r\n                        <\/div>\r\n                              <figcaption class='wp-caption-text gallery-caption' id='gallery-1-913'>\r\n                              Alma Mater UO\r\n                              <\/figcaption><\/figure><figure class='gallery-item col col-auto'>\r\n                        <div class='gallery-icon portrait czr-gallery-icon'>\r\n                              <a href=https:\/\/blogs.uo.edu.cu\/patrimonio\/0047154201201-8_1\/ class=\"bg-link\"><\/a><img loading=\"lazy\" decoding=\"async\" width=\"150\" height=\"150\" src=\"https:\/\/blogs.uo.edu.cu\/patrimonio\/wp-content\/uploads\/sites\/36\/2019\/04\/0047154201201-8_1-150x150.jpg\" class=\"attachment-thumbnail size-thumbnail\" alt=\"\" sizes=\"auto, (min-width: 1200px) 255px, (min-width: 992px) 210px, (min-width: 576px) 150px, calc( 50vw - 30px )\" aria-describedby=\"gallery-1-912\" srcset=\"https:\/\/blogs.uo.edu.cu\/patrimonio\/wp-content\/uploads\/sites\/36\/2019\/04\/0047154201201-8_1-150x150.jpg 150w, https:\/\/blogs.uo.edu.cu\/patrimonio\/wp-content\/uploads\/sites\/36\/2019\/04\/0047154201201-8_1-510x510.jpg 510w\" \/><div class=\"post-action btn btn-skin-dark-shaded inverted\"><a href=\"https:\/\/blogs.uo.edu.cu\/patrimonio\/wp-content\/uploads\/sites\/36\/2019\/04\/0047154201201-8_1.jpg\" class=\"icn-expand\" data-lb-type=\"grouped-gallery\" title=\"Himno Universitario\"><\/a><\/div>\r\n                        <\/div>\r\n                              <figcaption class='wp-caption-text gallery-caption' id='gallery-1-912'>\r\n                              Himno Universitario\r\n                              <\/figcaption><\/figure><figure class='gallery-item col col-auto'>\r\n                        <div class='gallery-icon portrait czr-gallery-icon'>\r\n                              <a href=https:\/\/blogs.uo.edu.cu\/patrimonio\/0047154201201-7_1\/ class=\"bg-link\"><\/a><img loading=\"lazy\" decoding=\"async\" width=\"150\" height=\"150\" src=\"https:\/\/blogs.uo.edu.cu\/patrimonio\/wp-content\/uploads\/sites\/36\/2019\/04\/0047154201201-7_1-150x150.jpg\" class=\"attachment-thumbnail size-thumbnail\" alt=\"\" sizes=\"auto, (min-width: 1200px) 255px, (min-width: 992px) 210px, (min-width: 576px) 150px, calc( 50vw - 30px )\" aria-describedby=\"gallery-1-911\" srcset=\"https:\/\/blogs.uo.edu.cu\/patrimonio\/wp-content\/uploads\/sites\/36\/2019\/04\/0047154201201-7_1-150x150.jpg 150w, https:\/\/blogs.uo.edu.cu\/patrimonio\/wp-content\/uploads\/sites\/36\/2019\/04\/0047154201201-7_1-510x510.jpg 510w\" \/><div class=\"post-action btn btn-skin-dark-shaded inverted\"><a href=\"https:\/\/blogs.uo.edu.cu\/patrimonio\/wp-content\/uploads\/sites\/36\/2019\/04\/0047154201201-7_1.jpg\" class=\"icn-expand\" data-lb-type=\"grouped-gallery\" title=\"Himno Universitario\"><\/a><\/div>\r\n                        <\/div>\r\n                              <figcaption class='wp-caption-text gallery-caption' id='gallery-1-911'>\r\n                              Himno Universitario\r\n                              <\/figcaption><\/figure>\r\n                  <\/div>\n\n","protected":false},"excerpt":{"rendered":"<p>En la mitolog\u00eda griega, Cl\u00edo es conocida como la musa de la historia. Por esta raz\u00f3n este apartado esta dedicado a volcar la historia vieja y actual de la Universidad, incluyendo la de sus Facultades, departamentos, dependencias, as\u00ed como libros, art\u00edculos y tesis dedicadas y a promover el conocimiento de la historia de la Universidad. [&hellip;]<\/p>\n","protected":false},"author":30,"featured_media":935,"parent":0,"menu_order":0,"comment_status":"closed","ping_status":"closed","template":"","meta":{"ngg_post_thumbnail":0,"footnotes":""},"class_list":["post-588","page","type-page","status-publish","has-post-thumbnail","czr-hentry"],"_links":{"self":[{"href":"https:\/\/blogs.uo.edu.cu\/patrimonio\/wp-json\/wp\/v2\/pages\/588","targetHints":{"allow":["GET"]}}],"collection":[{"href":"https:\/\/blogs.uo.edu.cu\/patrimonio\/wp-json\/wp\/v2\/pages"}],"about":[{"href":"https:\/\/blogs.uo.edu.cu\/patrimonio\/wp-json\/wp\/v2\/types\/page"}],"author":[{"embeddable":true,"href":"https:\/\/blogs.uo.edu.cu\/patrimonio\/wp-json\/wp\/v2\/users\/30"}],"replies":[{"embeddable":true,"href":"https:\/\/blogs.uo.edu.cu\/patrimonio\/wp-json\/wp\/v2\/comments?post=588"}],"version-history":[{"count":2,"href":"https:\/\/blogs.uo.edu.cu\/patrimonio\/wp-json\/wp\/v2\/pages\/588\/revisions"}],"predecessor-version":[{"id":1243,"href":"https:\/\/blogs.uo.edu.cu\/patrimonio\/wp-json\/wp\/v2\/pages\/588\/revisions\/1243"}],"wp:featuredmedia":[{"embeddable":true,"href":"https:\/\/blogs.uo.edu.cu\/patrimonio\/wp-json\/wp\/v2\/media\/935"}],"wp:attachment":[{"href":"https:\/\/blogs.uo.edu.cu\/patrimonio\/wp-json\/wp\/v2\/media?parent=588"}],"curies":[{"name":"wp","href":"https:\/\/api.w.org\/{rel}","templated":true}]}}