{"id":590,"date":"2018-05-27T03:14:16","date_gmt":"2018-05-27T03:14:16","guid":{"rendered":"http:\/\/localhost\/PatrimonioUO\/?page_id=590"},"modified":"2019-04-24T14:46:38","modified_gmt":"2019-04-24T18:46:38","slug":"enterate-y-participa","status":"publish","type":"page","link":"https:\/\/blogs.uo.edu.cu\/patrimonio\/enterate-y-participa\/","title":{"rendered":"Ent\u00e9rate y Participa"},"content":{"rendered":"<p>Este apartado est\u00e1 dedicado a promover concursos, talleres, realizar convocatorias y actividades relacionadas con la conservaci\u00f3n del Patrimonio y la Historia de la Universidad.<\/p>\n<p>&nbsp;<\/p>\n<p><em><strong>Contenidos:<\/strong><\/em><\/p>\n<p>1- <a href=\"http:\/\/blogs.uo.edu.cu\/patrimonio\/wp-content\/uploads\/sites\/36\/2019\/04\/CONVOCATORIA-TALLER-2018-final.doc\">CONVOCATORIA TALLER 2018<\/a><\/p>\n<p>&nbsp;<\/p>\n","protected":false},"excerpt":{"rendered":"<p>Este apartado est\u00e1 dedicado a promover concursos, talleres, realizar convocatorias y actividades relacionadas con la conservaci\u00f3n del Patrimonio y la Historia de la Universidad. &nbsp; Contenidos: 1- CONVOCATORIA TALLER 2018 &nbsp;<\/p>\n","protected":false},"author":30,"featured_media":1201,"parent":0,"menu_order":0,"comment_status":"closed","ping_status":"closed","template":"","meta":{"ngg_post_thumbnail":0,"footnotes":""},"class_list":["post-590","page","type-page","status-publish","has-post-thumbnail","czr-hentry"],"_links":{"self":[{"href":"https:\/\/blogs.uo.edu.cu\/patrimonio\/wp-json\/wp\/v2\/pages\/590","targetHints":{"allow":["GET"]}}],"collection":[{"href":"https:\/\/blogs.uo.edu.cu\/patrimonio\/wp-json\/wp\/v2\/pages"}],"about":[{"href":"https:\/\/blogs.uo.edu.cu\/patrimonio\/wp-json\/wp\/v2\/types\/page"}],"author":[{"embeddable":true,"href":"https:\/\/blogs.uo.edu.cu\/patrimonio\/wp-json\/wp\/v2\/users\/30"}],"replies":[{"embeddable":true,"href":"https:\/\/blogs.uo.edu.cu\/patrimonio\/wp-json\/wp\/v2\/comments?post=590"}],"version-history":[{"count":3,"href":"https:\/\/blogs.uo.edu.cu\/patrimonio\/wp-json\/wp\/v2\/pages\/590\/revisions"}],"predecessor-version":[{"id":1253,"href":"https:\/\/blogs.uo.edu.cu\/patrimonio\/wp-json\/wp\/v2\/pages\/590\/revisions\/1253"}],"wp:featuredmedia":[{"embeddable":true,"href":"https:\/\/blogs.uo.edu.cu\/patrimonio\/wp-json\/wp\/v2\/media\/1201"}],"wp:attachment":[{"href":"https:\/\/blogs.uo.edu.cu\/patrimonio\/wp-json\/wp\/v2\/media?parent=590"}],"curies":[{"name":"wp","href":"https:\/\/api.w.org\/{rel}","templated":true}]}}