{"id":68,"date":"2018-02-21T04:28:46","date_gmt":"2018-02-21T04:28:46","guid":{"rendered":"http:\/\/localhost\/PatrimonioUO\/?page_id=68"},"modified":"2019-04-24T15:29:44","modified_gmt":"2019-04-24T19:29:44","slug":"nuestros-martires","status":"publish","type":"page","link":"https:\/\/blogs.uo.edu.cu\/patrimonio\/nuestros-martires\/","title":{"rendered":"Nuestros m\u00e1rtires"},"content":{"rendered":"<p>Este apartado est\u00e1 dedicado a dar a conocer en detalle la historia de los m\u00e1rtires y h\u00e9roes de la Universidad de Oriente, as\u00ed como de otras personalidad que se destacaron en la lucha estudiantil universitaria.<\/p>\n<p><strong>M\u00e1rtires de la Universidad de Oriente:<\/strong><\/p>\n<p><a href=\"http:\/\/blogs.uo.edu.cu\/patrimonio\/nuestros-martires\/frank-pais-garcia\/\">Frank Pa\u00eds Garc\u00eda<\/a><br \/>\n<a href=\"http:\/\/blogs.uo.edu.cu\/patrimonio\/nuestros-martires\/jose-tey-saint-blancard-pepito\/\">Jos\u00e9 Tey Saint-Blancard, Pepito<\/a><br \/>\n<a href=\"http:\/\/blogs.uo.edu.cu\/patrimonio\/nuestros-martires\/jose-tey-saint-blancard-pepito\/\">Josu\u00e9 Pa\u00eds Garc\u00eda<\/a><br \/>\n<a href=\"http:\/\/blogs.uo.edu.cu\/patrimonio\/nuestros-martires\/oscar-lucero-moya\/\">Oscar Lucero Moya<\/a><br \/>\n<a href=\"http:\/\/blogs.uo.edu.cu\/patrimonio\/nuestros-martires\/juan-francisco-bosh-soto-cuqui\/\">Juan Francisco Bosch Soto, Cuqui<\/a><br \/>\n<a href=\"http:\/\/blogs.uo.edu.cu\/patrimonio\/nuestros-martires\/jose-merceron-allen\/\">Jos\u00e9 Mercer\u00f3n Allen<\/a><br \/>\n<a href=\"http:\/\/blogs.uo.edu.cu\/patrimonio\/nuestros-martires\/emma-rosa-chuy\/\">Emma Rosa Chuy<\/a><br \/>\n<a href=\"http:\/\/blogs.uo.edu.cu\/patrimonio\/nuestros-martires\/eduardo-mesa-llull\/\">Eduardo Mesa LLull<\/a><\/p>\n<p><strong>Otras Personalidades y Documentos Relacionados:<\/strong><br \/>\n<a href=\"http:\/\/blogs.uo.edu.cu\/patrimonio\/wp-content\/uploads\/sites\/36\/2019\/04\/Jose-Antonio-Echevarria-Bianch.doc\">Jos\u00e9 Antonio Echevarr\u00eda Bianch<\/a><br \/>\n<a href=\"http:\/\/blogs.uo.edu.cu\/patrimonio\/wp-content\/uploads\/sites\/36\/2019\/04\/Luis-F.-Solis-y-Rafael-Borges-El-Movimiento-estudiantil-en-Santiago-de-Cuba.pdf\">Luis F. Sol\u00eds y Rafael Borges: El Movimiento estudiantil en Santiago de Cuba<\/a><br \/>\n<a href=\"http:\/\/blogs.uo.edu.cu\/patrimonio\/wp-content\/uploads\/sites\/36\/2019\/04\/Apuntes-para-la-historia-de-la-recepcion-martiana-en-SC-entre-1952-y-1956.doc\">Apuntes para la historia de la recepci\u00f3n martiana en Santiago de Cuba entre 1952 y 1956<\/a><\/p>\n<p>&nbsp;<\/p>\n","protected":false},"excerpt":{"rendered":"<p>Este apartado est\u00e1 dedicado a dar a conocer en detalle la historia de los m\u00e1rtires y h\u00e9roes de la Universidad de Oriente, as\u00ed como de otras personalidad que se destacaron en la lucha estudiantil universitaria. M\u00e1rtires de la Universidad de Oriente: Frank Pa\u00eds Garc\u00eda Jos\u00e9 Tey Saint-Blancard, Pepito Josu\u00e9 Pa\u00eds Garc\u00eda Oscar Lucero Moya Juan [&hellip;]<\/p>\n","protected":false},"author":30,"featured_media":0,"parent":0,"menu_order":0,"comment_status":"closed","ping_status":"closed","template":"","meta":{"ngg_post_thumbnail":0,"footnotes":""},"class_list":["post-68","page","type-page","status-publish","czr-hentry"],"_links":{"self":[{"href":"https:\/\/blogs.uo.edu.cu\/patrimonio\/wp-json\/wp\/v2\/pages\/68","targetHints":{"allow":["GET"]}}],"collection":[{"href":"https:\/\/blogs.uo.edu.cu\/patrimonio\/wp-json\/wp\/v2\/pages"}],"about":[{"href":"https:\/\/blogs.uo.edu.cu\/patrimonio\/wp-json\/wp\/v2\/types\/page"}],"author":[{"embeddable":true,"href":"https:\/\/blogs.uo.edu.cu\/patrimonio\/wp-json\/wp\/v2\/users\/30"}],"replies":[{"embeddable":true,"href":"https:\/\/blogs.uo.edu.cu\/patrimonio\/wp-json\/wp\/v2\/comments?post=68"}],"version-history":[{"count":2,"href":"https:\/\/blogs.uo.edu.cu\/patrimonio\/wp-json\/wp\/v2\/pages\/68\/revisions"}],"predecessor-version":[{"id":1270,"href":"https:\/\/blogs.uo.edu.cu\/patrimonio\/wp-json\/wp\/v2\/pages\/68\/revisions\/1270"}],"wp:attachment":[{"href":"https:\/\/blogs.uo.edu.cu\/patrimonio\/wp-json\/wp\/v2\/media?parent=68"}],"curies":[{"name":"wp","href":"https:\/\/api.w.org\/{rel}","templated":true}]}}