{"id":807,"date":"2018-06-16T21:04:56","date_gmt":"2018-06-16T21:04:56","guid":{"rendered":"http:\/\/localhost\/PatrimonioUO\/?page_id=807"},"modified":"2019-04-24T14:41:02","modified_gmt":"2019-04-24T18:41:02","slug":"trabajos-de-diploma","status":"publish","type":"page","link":"https:\/\/blogs.uo.edu.cu\/patrimonio\/conversando-con-clio\/trabajos-de-diploma\/","title":{"rendered":"Trabajos de Diploma"},"content":{"rendered":"<ul>\n<li><a href=\"http:\/\/blogs.uo.edu.cu\/patrimonio\/wp-content\/uploads\/sites\/36\/2019\/04\/Aporte-de-prof-UO-a-la-Historiog-santiaguera-L-Vera.pdf\">Apuntes sobre el aporte de los profesores de la Universidad de Oriente a la Historiograf\u00eda santiaguera (1976-2000)<\/a><\/li>\n<li><a href=\"http:\/\/blogs.uo.edu.cu\/patrimonio\/wp-content\/uploads\/sites\/36\/2019\/04\/Aportes-de-la-Santiago.pdf\">Aportes de la Revista Santiago a la Historiograf\u00eda Cubana ( 1970 &#8211; 1998 )<\/a><\/li>\n<li><a href=\"http:\/\/blogs.uo.edu.cu\/patrimonio\/wp-content\/uploads\/sites\/36\/2019\/04\/aproximacion-a-la-vida-y-obra-de-FIbarra.pdf\">Aproximaci\u00f3n a la vida y obra pedag\u00f3gica e historiogr\u00e1fica de Francisco Javier Ibarra Mart\u00ednez<\/a><\/li>\n<li>\n<div><a href=\"http:\/\/blogs.uo.edu.cu\/patrimonio\/wp-content\/uploads\/sites\/36\/2019\/04\/Apunt-Hist-BIofisica-MIRIAM-P.doc\">Apuntes para la historia del Centro de Biof\u00edsica M\u00e9dica 1993 \u2013 2013<\/a><\/div>\n<\/li>\n<li><a href=\"http:\/\/blogs.uo.edu.cu\/patrimonio\/wp-content\/uploads\/sites\/36\/2019\/04\/Balance-de-las-publicaciones-arqueologicas.pdf\">Balance historiogr\u00e1fico de las publicaciones peri\u00f3dicas hist\u00f3rico arquel\u00f3gicas cubanas a la historia nacional ( 1990 &#8211; 2010 )<\/a><\/li>\n<li><a href=\"http:\/\/blogs.uo.edu.cu\/patrimonio\/wp-content\/uploads\/sites\/36\/2019\/04\/CNEA-gisselly.pdf\">CNE Apuntes para la historia del Centro Nacional de Electromagnetismo Aplicado desde su fundaci\u00f3n en 1992&nbsp; hasta el 2012<\/a><\/li>\n<li><a href=\"http:\/\/blogs.uo.edu.cu\/patrimonio\/wp-content\/uploads\/sites\/36\/2019\/04\/Contribucion-de-Prat-a-la-historiografia-Daniel.pdf\">Contribuci\u00f3n del Dr. Francisco Prat Puig a los estudios hist\u00f3ricos en Santiago de Cuba ( 1947 &#8211; 1983 )<\/a><\/li>\n<li><a href=\"http:\/\/blogs.uo.edu.cu\/patrimonio\/wp-content\/uploads\/sites\/36\/2019\/04\/Contribucion-de-profesores-UO-a-la-historiografia-local.pdf\">Contribucion de profesores de la Universidad de Oriente a la historiagraf\u00eda cubana en el per\u00edodo 1962-1975<\/a><\/li>\n<li><a href=\"http:\/\/blogs.uo.edu.cu\/patrimonio\/wp-content\/uploads\/sites\/36\/2019\/04\/La-SHGO.pdf\">La Sociedad de Geograf\u00eda e Historia de la Universidad de Oriente: Acercamiento a su labor investigativa y divulgativa de la historia (1939-1957)<\/a><\/li>\n<li><a href=\"http:\/\/blogs.uo.edu.cu\/patrimonio\/wp-content\/uploads\/sites\/36\/2019\/04\/Labor-historiografica-de-los-profesores-de-la-UO.pdf\">Labor historiogr\u00e1fica del claustro de la Universidad de Oriente en el per\u00edodo (1947 -1958). Su contribuci\u00f3n a los estudios hist\u00f3ricos cubanos.<\/a><\/li>\n<li><a href=\"http:\/\/blogs.uo.edu.cu\/patrimonio\/wp-content\/uploads\/sites\/36\/2019\/04\/Obra-historiografica-de-Olga-Portuondo.pdf\">La obra historiogr\u00e1fica de Olga Portuondo y sus aportes a la historiograf\u00eda local y nacional, entre 1967 \u2013 2010.<\/a><\/li>\n<li><a href=\"http:\/\/blogs.uo.edu.cu\/patrimonio\/wp-content\/uploads\/sites\/36\/2019\/04\/Pedro-Caaas-Abril.pdf\">Pedro Eduardo Ca\u00f1as Abril, 1902-1992. Apuntes para el estudio de su vida y obra.<\/a><\/li>\n<li><a href=\"http:\/\/blogs.uo.edu.cu\/patrimonio\/wp-content\/uploads\/sites\/36\/2019\/04\/Ponderacion-a-la-historia-Acercamiento-a-la-UO.doc\">Ponderaci\u00f3n de la Historia de Cuba. Acercamiento a la Universidad de Oriente-<\/a><\/li>\n<li><a href=\"http:\/\/localhost\/PatrimonioUO\/wp-content\/uploads\/2018\/06\/Prof-de-UO-y-la-historiografaa-M-Carballo.pdf\">Contribuci\u00f3n de los profesores de la Universidad de&nbsp; Oriente a la historiograf\u00eda cubana en el per\u00edodo de 1962<\/a><a href=\"http:\/\/localhost\/PatrimonioUO\/wp-content\/uploads\/2018\/06\/Prof-de-UO-y-la-historiografaa-M-Carballo.pdf\">\u2013<\/a><a href=\"http:\/\/blogs.uo.edu.cu\/patrimonio\/wp-content\/uploads\/sites\/36\/2019\/04\/Prof-de-UO-y-la-historiografaa-M-Carballo.pdf\">1975<\/a><\/li>\n<li><a href=\"http:\/\/blogs.uo.edu.cu\/patrimonio\/wp-content\/uploads\/sites\/36\/2019\/04\/Relacion-hombre-naturaleza-en-hombres-relevantes.pdf\">La perspectiva filos\u00f3fica de la relaci\u00f3n hombre-naturaleza y su expresi\u00f3n en algunas figuras representativas de las ciencias particulares en Cuba<\/a><\/li>\n<li><a href=\"http:\/\/blogs.uo.edu.cu\/patrimonio\/wp-content\/uploads\/sites\/36\/2019\/04\/Sala-\u201cFco-Prat-Puig\u201d-del-Museo-Univ-Yaumara.doc\">Sala \u201cFrancisco Prat Puig\u201d del Museo Universitario<\/a><\/li>\n<li><a href=\"http:\/\/blogs.uo.edu.cu\/patrimonio\/wp-content\/uploads\/sites\/36\/2019\/04\/TD-El-Mov-estudiantil-santiaguero.pdf\">El Movimiento estudiantil en Santiago de Cuba en 1954<\/a><\/li>\n<\/ul>\n","protected":false},"excerpt":{"rendered":"<p>Apuntes sobre el aporte de los profesores de la Universidad de Oriente a la Historiograf\u00eda santiaguera (1976-2000) Aportes de la Revista Santiago a la Historiograf\u00eda Cubana ( 1970 &#8211; 1998 ) Aproximaci\u00f3n a la vida y obra pedag\u00f3gica e historiogr\u00e1fica de Francisco Javier Ibarra Mart\u00ednez Apuntes para la historia del Centro de Biof\u00edsica M\u00e9dica 1993 [&hellip;]<\/p>\n","protected":false},"author":30,"featured_media":0,"parent":588,"menu_order":0,"comment_status":"closed","ping_status":"closed","template":"","meta":{"ngg_post_thumbnail":0,"footnotes":""},"class_list":["post-807","page","type-page","status-publish","czr-hentry"],"_links":{"self":[{"href":"https:\/\/blogs.uo.edu.cu\/patrimonio\/wp-json\/wp\/v2\/pages\/807","targetHints":{"allow":["GET"]}}],"collection":[{"href":"https:\/\/blogs.uo.edu.cu\/patrimonio\/wp-json\/wp\/v2\/pages"}],"about":[{"href":"https:\/\/blogs.uo.edu.cu\/patrimonio\/wp-json\/wp\/v2\/types\/page"}],"author":[{"embeddable":true,"href":"https:\/\/blogs.uo.edu.cu\/patrimonio\/wp-json\/wp\/v2\/users\/30"}],"replies":[{"embeddable":true,"href":"https:\/\/blogs.uo.edu.cu\/patrimonio\/wp-json\/wp\/v2\/comments?post=807"}],"version-history":[{"count":2,"href":"https:\/\/blogs.uo.edu.cu\/patrimonio\/wp-json\/wp\/v2\/pages\/807\/revisions"}],"predecessor-version":[{"id":1250,"href":"https:\/\/blogs.uo.edu.cu\/patrimonio\/wp-json\/wp\/v2\/pages\/807\/revisions\/1250"}],"up":[{"embeddable":true,"href":"https:\/\/blogs.uo.edu.cu\/patrimonio\/wp-json\/wp\/v2\/pages\/588"}],"wp:attachment":[{"href":"https:\/\/blogs.uo.edu.cu\/patrimonio\/wp-json\/wp\/v2\/media?parent=807"}],"curies":[{"name":"wp","href":"https:\/\/api.w.org\/{rel}","templated":true}]}}