{"id":115,"date":"2018-10-16T16:18:26","date_gmt":"2018-10-16T16:18:26","guid":{"rendered":"http:\/\/blogs.uo.edu.cu\/rdt\/?page_id=115"},"modified":"2018-11-09T16:03:12","modified_gmt":"2018-11-09T16:03:12","slug":"quienes-somos","status":"publish","type":"page","link":"https:\/\/blogs.uo.edu.cu\/rdt\/quienes-somos\/","title":{"rendered":"\u00bfQuienes Somos?"},"content":{"rendered":"<p><img loading=\"lazy\" decoding=\"async\" class=\"wp-image-1815 aligncenter\" src=\"http:\/\/blogs.uo.edu.cu\/rdt\/wp-content\/uploads\/sites\/25\/2018\/10\/gg-e1541779249212-300x31.png\" alt=\"\" width=\"368\" height=\"38\" srcset=\"https:\/\/blogs.uo.edu.cu\/rdt\/wp-content\/uploads\/sites\/25\/2018\/10\/gg-e1541779249212-300x31.png 300w, https:\/\/blogs.uo.edu.cu\/rdt\/wp-content\/uploads\/sites\/25\/2018\/10\/gg-e1541779249212.png 637w\" sizes=\"auto, (max-width: 368px) 100vw, 368px\" \/><\/p>\n<p style=\"text-align: center\"><strong>Disciplina Teor\u00eda y Pr\u00e1ctica de la Educaci\u00f3n F\u00edsica<\/strong><\/p>\n<p style=\"text-align: center\">Esta se fundamenta en las necesarias categor\u00edas contradictorias de la dial\u00e9ctica, que asumen un papel interrelacionado para acometer el proceso formativo de los profesionales de la Cultura F\u00edsica, en busca de conocimientos y habilidades pedag\u00f3gico profesionales, que permitan aplicar en la pr\u00e1ctica los conocimientos te\u00f3ricos que sirven de base a las formas de actuaci\u00f3n en lo pr\u00e1ctico y operativo.<\/p>\n<p style=\"text-align: center\"><strong>Objetivo general de la disciplina<\/strong><\/p>\n<p style=\"text-align: center\">Al finalizar el desarrollo de las diferentes asignaturas que la conforman, el alumno ser\u00e1 capaz de: aplicar en la direcci\u00f3n del proceso docente de la Educaci\u00f3n F\u00edsica, los conocimientos y habilidades de orden psicopedag\u00f3gico, did\u00e1ctico, metodol\u00f3gico, biol\u00f3gico, f\u00edsico y motriz que fundamentan dicho proceso, manifestando valores en correspondencia con las normas de nuestra sociedad socialista, elevando con ello sus aptitudes profesionales en el \u00e1rea de la Cultura F\u00edsica.<\/p>\n<p style=\"text-align: center\">La disciplina cuenta con un prestigioso claustro de profesores que desarrolla exitosamente el proceso de pregrado y postgrado, con excelentes resultados, tanto a nivel nacional como internacional.<\/p>\n<p>&nbsp;<\/p>\n<p><a href=\"http:\/\/blogs.uo.edu.cu\/rdt\/wp-content\/uploads\/sites\/25\/2018\/11\/Alina-Bestard-Revilla.pdf\" target=\"_blank\" rel=\"noopener\"><img loading=\"lazy\" decoding=\"async\" class=\"alignnone wp-image-1780 \" src=\"http:\/\/blogs.uo.edu.cu\/rdt\/wp-content\/uploads\/sites\/25\/2018\/10\/Alina-Bestard-Revilla-1-300x225.jpg\" alt=\"\" width=\"297\" height=\"223\" srcset=\"https:\/\/blogs.uo.edu.cu\/rdt\/wp-content\/uploads\/sites\/25\/2018\/10\/Alina-Bestard-Revilla-1-300x225.jpg 300w, https:\/\/blogs.uo.edu.cu\/rdt\/wp-content\/uploads\/sites\/25\/2018\/10\/Alina-Bestard-Revilla-1.jpg 454w\" sizes=\"auto, (max-width: 297px) 100vw, 297px\" \/><\/a> <a href=\"http:\/\/blogs.uo.edu.cu\/rdt\/wp-content\/uploads\/sites\/25\/2018\/11\/Curr\u00edculo-Fabio-merino-Benavides.pdf\" target=\"_blank\" rel=\"noopener\"><img loading=\"lazy\" decoding=\"async\" class=\"alignnone wp-image-1782 \" src=\"http:\/\/blogs.uo.edu.cu\/rdt\/wp-content\/uploads\/sites\/25\/2018\/10\/Fabio-Meri\u00f1o-Benavidez-300x300.jpg\" alt=\"\" width=\"231\" height=\"231\" srcset=\"https:\/\/blogs.uo.edu.cu\/rdt\/wp-content\/uploads\/sites\/25\/2018\/10\/Fabio-Meri\u00f1o-Benavidez-300x300.jpg 300w, https:\/\/blogs.uo.edu.cu\/rdt\/wp-content\/uploads\/sites\/25\/2018\/10\/Fabio-Meri\u00f1o-Benavidez-150x150.jpg 150w, https:\/\/blogs.uo.edu.cu\/rdt\/wp-content\/uploads\/sites\/25\/2018\/10\/Fabio-Meri\u00f1o-Benavidez-270x270.jpg 270w, https:\/\/blogs.uo.edu.cu\/rdt\/wp-content\/uploads\/sites\/25\/2018\/10\/Fabio-Meri\u00f1o-Benavidez-230x230.jpg 230w, https:\/\/blogs.uo.edu.cu\/rdt\/wp-content\/uploads\/sites\/25\/2018\/10\/Fabio-Meri\u00f1o-Benavidez.jpg 543w\" sizes=\"auto, (max-width: 231px) 100vw, 231px\" \/><\/a> <a href=\"http:\/\/blogs.uo.edu.cu\/rdt\/wp-content\/uploads\/sites\/25\/2018\/11\/Curr\u00edculo-HildaRabilero.pdf\" target=\"_blank\" rel=\"noopener\"><img loading=\"lazy\" decoding=\"async\" class=\"alignnone wp-image-1784 \" src=\"http:\/\/blogs.uo.edu.cu\/rdt\/wp-content\/uploads\/sites\/25\/2018\/10\/Hilda-Rosa-Rabilero-Sebates-1-300x298.jpg\" alt=\"\" width=\"209\" height=\"207\" srcset=\"https:\/\/blogs.uo.edu.cu\/rdt\/wp-content\/uploads\/sites\/25\/2018\/10\/Hilda-Rosa-Rabilero-Sebates-1-300x298.jpg 300w, https:\/\/blogs.uo.edu.cu\/rdt\/wp-content\/uploads\/sites\/25\/2018\/10\/Hilda-Rosa-Rabilero-Sebates-1-150x150.jpg 150w, https:\/\/blogs.uo.edu.cu\/rdt\/wp-content\/uploads\/sites\/25\/2018\/10\/Hilda-Rosa-Rabilero-Sebates-1.jpg 543w\" sizes=\"auto, (max-width: 209px) 100vw, 209px\" \/><\/a> <a href=\"http:\/\/blogs.uo.edu.cu\/rdt\/wp-content\/uploads\/sites\/25\/2018\/11\/Curr\u00edculo-Lida-de-La-Caridad-S\u00e1nchez-Ramirez.pdf\" target=\"_blank\" rel=\"noopener\"><img loading=\"lazy\" decoding=\"async\" class=\"alignnone wp-image-1786 size-medium\" src=\"http:\/\/blogs.uo.edu.cu\/rdt\/wp-content\/uploads\/sites\/25\/2018\/10\/Lida-de-la-Caridad-S\u00e1nchez-Ramirez-1-1-300x225.jpg\" alt=\"\" width=\"300\" height=\"225\" srcset=\"https:\/\/blogs.uo.edu.cu\/rdt\/wp-content\/uploads\/sites\/25\/2018\/10\/Lida-de-la-Caridad-S\u00e1nchez-Ramirez-1-1-300x225.jpg 300w, https:\/\/blogs.uo.edu.cu\/rdt\/wp-content\/uploads\/sites\/25\/2018\/10\/Lida-de-la-Caridad-S\u00e1nchez-Ramirez-1-1.jpg 454w\" sizes=\"auto, (max-width: 300px) 100vw, 300px\" \/><\/a><\/p>\n<p><!--more--><\/p>\n<p><a href=\"http:\/\/blogs.uo.edu.cu\/rdt\/wp-content\/uploads\/sites\/25\/2018\/11\/Maizie-Fuentes-S\u00e1nchez.pdf\" target=\"_blank\" rel=\"noopener\"><img loading=\"lazy\" decoding=\"async\" class=\"alignnone wp-image-1788 size-medium\" src=\"http:\/\/blogs.uo.edu.cu\/rdt\/wp-content\/uploads\/sites\/25\/2018\/10\/Maizie-Fuentes-S\u00e1nchez-1-300x225.jpg\" alt=\"\" width=\"300\" height=\"225\" srcset=\"https:\/\/blogs.uo.edu.cu\/rdt\/wp-content\/uploads\/sites\/25\/2018\/10\/Maizie-Fuentes-S\u00e1nchez-1-300x225.jpg 300w, https:\/\/blogs.uo.edu.cu\/rdt\/wp-content\/uploads\/sites\/25\/2018\/10\/Maizie-Fuentes-S\u00e1nchez-1.jpg 454w\" sizes=\"auto, (max-width: 300px) 100vw, 300px\" \/><\/a> <a href=\"http:\/\/blogs.uo.edu.cu\/rdt\/wp-content\/uploads\/sites\/25\/2018\/11\/Nidia-Esther-G\u00f3mez-Barrientos.pdf\" target=\"_blank\" rel=\"noopener\"><img loading=\"lazy\" decoding=\"async\" class=\"alignnone wp-image-1790 \" src=\"http:\/\/blogs.uo.edu.cu\/rdt\/wp-content\/uploads\/sites\/25\/2018\/10\/Nidia-Esther-G\u00f3mez-Barrientos-1-300x276.jpg\" alt=\"\" width=\"230\" height=\"211\" srcset=\"https:\/\/blogs.uo.edu.cu\/rdt\/wp-content\/uploads\/sites\/25\/2018\/10\/Nidia-Esther-G\u00f3mez-Barrientos-1-300x276.jpg 300w, https:\/\/blogs.uo.edu.cu\/rdt\/wp-content\/uploads\/sites\/25\/2018\/10\/Nidia-Esther-G\u00f3mez-Barrientos-1.jpg 543w\" sizes=\"auto, (max-width: 230px) 100vw, 230px\" \/><\/a> <img loading=\"lazy\" decoding=\"async\" class=\"alignnone wp-image-1792\" src=\"http:\/\/blogs.uo.edu.cu\/rdt\/wp-content\/uploads\/sites\/25\/2018\/10\/Radair-Padilla-Dip-1-300x225.jpg\" alt=\"\" width=\"287\" height=\"215\" srcset=\"https:\/\/blogs.uo.edu.cu\/rdt\/wp-content\/uploads\/sites\/25\/2018\/10\/Radair-Padilla-Dip-1-300x225.jpg 300w, https:\/\/blogs.uo.edu.cu\/rdt\/wp-content\/uploads\/sites\/25\/2018\/10\/Radair-Padilla-Dip-1.jpg 454w\" sizes=\"auto, (max-width: 287px) 100vw, 287px\" \/> <a href=\"http:\/\/blogs.uo.edu.cu\/rdt\/wp-content\/uploads\/sites\/25\/2018\/11\/Curr\u00edculoTeresa-N\u00e1poles-G\u00f3mez.pdf\" target=\"_blank\" rel=\"noopener\"><img loading=\"lazy\" decoding=\"async\" class=\"alignnone wp-image-1800 \" src=\"http:\/\/blogs.uo.edu.cu\/rdt\/wp-content\/uploads\/sites\/25\/2018\/10\/Teresa-N\u00e1polez-G\u00f3mez-1-300x225.jpg\" alt=\"\" width=\"286\" height=\"214\" srcset=\"https:\/\/blogs.uo.edu.cu\/rdt\/wp-content\/uploads\/sites\/25\/2018\/10\/Teresa-N\u00e1polez-G\u00f3mez-1-300x225.jpg 300w, https:\/\/blogs.uo.edu.cu\/rdt\/wp-content\/uploads\/sites\/25\/2018\/10\/Teresa-N\u00e1polez-G\u00f3mez-1.jpg 454w\" sizes=\"auto, (max-width: 286px) 100vw, 286px\" \/><\/a> <a href=\"http:\/\/blogs.uo.edu.cu\/rdt\/wp-content\/uploads\/sites\/25\/2018\/11\/Rosa-Mar\u00eda-D\u00edaz-Maceira.pdf\" target=\"_blank\" rel=\"noopener\"><img loading=\"lazy\" decoding=\"async\" class=\"alignnone wp-image-1798 \" src=\"http:\/\/blogs.uo.edu.cu\/rdt\/wp-content\/uploads\/sites\/25\/2018\/10\/Rosa-Mar\u00eda-D\u00edaz-Maceira-1-300x225.jpg\" alt=\"\" width=\"259\" height=\"194\" srcset=\"https:\/\/blogs.uo.edu.cu\/rdt\/wp-content\/uploads\/sites\/25\/2018\/10\/Rosa-Mar\u00eda-D\u00edaz-Maceira-1-300x225.jpg 300w, https:\/\/blogs.uo.edu.cu\/rdt\/wp-content\/uploads\/sites\/25\/2018\/10\/Rosa-Mar\u00eda-D\u00edaz-Maceira-1.jpg 454w\" sizes=\"auto, (max-width: 259px) 100vw, 259px\" \/><\/a> <a href=\"http:\/\/blogs.uo.edu.cu\/rdt\/wp-content\/uploads\/sites\/25\/2018\/11\/Rebeca-Eulalia-Robert-Hechavarr\u00eda.pdf\" target=\"_blank\" rel=\"noopener\"><img loading=\"lazy\" decoding=\"async\" class=\"alignnone wp-image-1796 size-medium\" src=\"http:\/\/blogs.uo.edu.cu\/rdt\/wp-content\/uploads\/sites\/25\/2018\/10\/Reveca-Eulalia-Robert-Hechavarr\u00eda-300x225.jpg\" alt=\"\" width=\"300\" height=\"225\" srcset=\"https:\/\/blogs.uo.edu.cu\/rdt\/wp-content\/uploads\/sites\/25\/2018\/10\/Reveca-Eulalia-Robert-Hechavarr\u00eda-300x225.jpg 300w, https:\/\/blogs.uo.edu.cu\/rdt\/wp-content\/uploads\/sites\/25\/2018\/10\/Reveca-Eulalia-Robert-Hechavarr\u00eda.jpg 454w\" sizes=\"auto, (max-width: 300px) 100vw, 300px\" \/><\/a> <a href=\"http:\/\/blogs.uo.edu.cu\/rdt\/wp-content\/uploads\/sites\/25\/2018\/11\/Reinaldo-Stable-Castellanos.pdf\" target=\"_blank\" rel=\"noopener\"><img loading=\"lazy\" decoding=\"async\" class=\"alignnone wp-image-1794 size-medium\" src=\"http:\/\/blogs.uo.edu.cu\/rdt\/wp-content\/uploads\/sites\/25\/2018\/10\/Reinaldo-Satable-castellanos-1-300x225.jpg\" alt=\"\" width=\"300\" height=\"225\" srcset=\"https:\/\/blogs.uo.edu.cu\/rdt\/wp-content\/uploads\/sites\/25\/2018\/10\/Reinaldo-Satable-castellanos-1-300x225.jpg 300w, https:\/\/blogs.uo.edu.cu\/rdt\/wp-content\/uploads\/sites\/25\/2018\/10\/Reinaldo-Satable-castellanos-1.jpg 454w\" sizes=\"auto, (max-width: 300px) 100vw, 300px\" \/><\/a><!--more--><\/p>\n","protected":false},"excerpt":{"rendered":"<p>Disciplina Teor\u00eda y Pr\u00e1ctica de la Educaci\u00f3n F\u00edsica Esta se fundamenta en las necesarias categor\u00edas contradictorias de la dial\u00e9ctica, que asumen un papel interrelacionado para acometer el proceso formativo de los profesionales de la Cultura F\u00edsica, en busca de conocimientos<\/p>\n","protected":false},"author":22,"featured_media":0,"parent":0,"menu_order":0,"comment_status":"closed","ping_status":"closed","template":"","meta":{"ngg_post_thumbnail":0,"footnotes":""},"class_list":["post-115","page","type-page","status-publish","hentry"],"_links":{"self":[{"href":"https:\/\/blogs.uo.edu.cu\/rdt\/wp-json\/wp\/v2\/pages\/115","targetHints":{"allow":["GET"]}}],"collection":[{"href":"https:\/\/blogs.uo.edu.cu\/rdt\/wp-json\/wp\/v2\/pages"}],"about":[{"href":"https:\/\/blogs.uo.edu.cu\/rdt\/wp-json\/wp\/v2\/types\/page"}],"author":[{"embeddable":true,"href":"https:\/\/blogs.uo.edu.cu\/rdt\/wp-json\/wp\/v2\/users\/22"}],"replies":[{"embeddable":true,"href":"https:\/\/blogs.uo.edu.cu\/rdt\/wp-json\/wp\/v2\/comments?post=115"}],"version-history":[{"count":16,"href":"https:\/\/blogs.uo.edu.cu\/rdt\/wp-json\/wp\/v2\/pages\/115\/revisions"}],"predecessor-version":[{"id":1821,"href":"https:\/\/blogs.uo.edu.cu\/rdt\/wp-json\/wp\/v2\/pages\/115\/revisions\/1821"}],"wp:attachment":[{"href":"https:\/\/blogs.uo.edu.cu\/rdt\/wp-json\/wp\/v2\/media?parent=115"}],"curies":[{"name":"wp","href":"https:\/\/api.w.org\/{rel}","templated":true}]}}