{"id":49,"date":"2018-10-16T15:38:49","date_gmt":"2018-10-16T15:38:49","guid":{"rendered":"http:\/\/blogs.uo.edu.cu\/rdt\/?page_id=49"},"modified":"2018-11-09T16:10:09","modified_gmt":"2018-11-09T16:10:09","slug":"inicio","status":"publish","type":"page","link":"https:\/\/blogs.uo.edu.cu\/rdt\/","title":{"rendered":"Inicio"},"content":{"rendered":"<p><!-- [if gte mso 9]&gt;--><\/p>\n<p><!-- [if gte mso 9]&gt;--><\/p>\n<p class=\"MsoNormal\" style=\"text-align: justify\"><span style=\"font-size: 12.0pt;line-height: 107%;font-family: 'Arial','sans-serif'\">Bienvenidos al Repositorio Tem\u00e1tico de la disciplina Teor\u00eda y Pr\u00e1ctica de la Educaci\u00f3n F\u00edsica (RDT-TPEF) perteneciente a la Facultad-Carrera de Cultura F\u00edsica de la Universidad de Oriente. Santiago de Cuba. <\/span> <\/p>\n<p><strong>Misi\u00f3n:<\/strong><br \/>\nRDT-TPEF ofrece acceso abierto al texto completo en formato digital de los documentos generados por los miembros de la disciplina Teor\u00eda y Pr\u00e1ctica de la Educaci\u00f3n F\u00edsica Producto de su labor cient\u00edfico-investigativa y docente. <\/p>\n<p><strong>Objetivo:<\/strong><\/p>\n<p>El objetivo del RDT-TPEF es facilitar la gesti\u00f3n de la informaci\u00f3n cient\u00edfica concerniente a la disciplina, adem\u00e1s de proporcionar una mayor visibilidad a la producci\u00f3n cient\u00edfica y docente de la misma, y a la vez aumentar el impacto y asegurar la preservaci\u00f3n de dicha producci\u00f3n. <\/p>\n<p><strong>Pol\u00edtica de Preservaci\u00f3n digital:<\/strong><\/p>\n<p>RDT-TPEF recoge todo tipo de materiales cient\u00edficos digitales, tales como; tesis de maestr\u00edas, doctorales, trabajos de diploma, art\u00edculos cient\u00edficos tanto preprints como postprints, bibliograf\u00eda, materiales docentes y objetos de aprendizaje, galer\u00eda de im\u00e1genes y posee enlaces a revistas de inter\u00e9s de la disciplina y a las aulas virtuales.<\/p>\n<p>El prop\u00f3sito fundamental del repositorio es asegurar la accesibilidad, legibilidad y preservaci\u00f3n digital por tiempo indefinido de todas las obras que alberga.<\/p>\n<p>El prop\u00f3sito fundamental del repositorio es asegurar la accesibilidad, legibilidad y preservaci\u00f3n digital por tiempo indefinido de todas las obras que alberga. Para poder cumplir con esta misi\u00f3n el autor le concede al repositorio en la licencia de dep\u00f3sito. <\/p>\n<p><strong>Material:<\/strong><\/p>\n<p>Tesis doctorales (en PDF), Tesis de maestr\u00eda (en PDF), Trabajo finales de la carrera (en PDF), Art\u00edculos Cient\u00edficos (preprint) y (posprint), Revistas de la Universidad y de Deportes y Aulas Virtuales. <\/p>\n<p><strong>Servicios para usuarios:<\/strong><\/p>\n<p>Acceso p\u00fablico libre a los contenidos del portal a partir de b\u00fasqueda simple por Autor, T\u00edtulo y Materia, para todos los usuarios de la comunidad universitaria. <\/p>\n<p><strong>Marco legal:<\/strong><\/p>\n<p>El repositorio Digital Tem\u00e1tico respeta los derechos de autor por medio de la licencia Creative Commons Argentina.<\/p>\n<p><img loading=\"lazy\" decoding=\"async\" class=\"alignnone size-full wp-image-1758\" src=\"http:\/\/blogs.uo.edu.cu\/rdt\/wp-content\/uploads\/sites\/25\/2018\/10\/CC-BY-Atribacion_4.png\" alt=\"\" width=\"88\" height=\"31\" \/><\/p>\n<blockquote>\n<h6>Galer\u00eda de im\u00e1genes<\/h6>\n<\/blockquote>\n<div id=\"wondercarousellightbox_options\" data-skinsfoldername=\"\"  data-jsfolder=\"https:\/\/blogs.uo.edu.cu\/rdt\/wp-content\/plugins\/FreemakeSliderPlugin\/engine\/\" style=\"display:none;\"><\/div>\r\n<style type=\"text\/css\">@import url(https:\/\/fonts.googleapis.com\/css?family=Open+Sans);  #fmcarousel-7 .amazingcarousel-image {\t \tposition: relative; \tpadding: 0px; }  #fmcarousel-7 .amazingcarousel-image img { \tdisplay: block; \twidth: 100%; \tmax-width: 100%; \tborder: 0; \tmargin: 0; \tpadding: 0; \t-moz-border-radius: 0px; \t-webkit-border-radius: 0px; \tborder-radius: 0px; \t-moz-box-shadow:  0 1px 4px rgba(0, 0, 0, 0.2); \t-webkit-box-shadow: 0 1px 4px rgba(0, 0, 0, 0.2); \tbox-shadow: 0 1px 4px rgba(0, 0, 0, 0.2); }  #fmcarousel-7 .amazingcarousel-text { \tposition:absolute; \tleft: 0px; \tbottom: 0px; \ttext-align:center; \twidth: 100%; \tdisplay: none; }  #fmcarousel-7 .amazingcarousel-image:hover div.amazingcarousel-text {\t \tdisplay: block; }  #fmcarousel-7 .amazingcarousel-text-bg { \tposition:absolute; \ttop: 0px; \tleft: 0px; \twidth: 100%; \theight: 100%; \tbackground-color: #333333; \topacity: 0.5; \tfilter: alpha(opacity=50); }  #fmcarousel-7 .amazingcarousel-title { \tposition:relative; \tfont:14px \"Open Sans\", sans-serif; \tcolor:#ffffff; \ttext-align:center; \twidth: 100%; \tpadding: 10px 0px; }  #fmcarousel-7 .amazingcarousel-list-container {  \tpadding: 8px 4px; \tbackground-color: #fff; \tborder: 1px solid #ddd; }  #fmcarousel-7 .amazingcarousel-item-container { \ttext-align: center; }  #fmcarousel-7 .amazingcarousel-prev { \tleft: 0%; \ttop: 50%; \tmargin-left: -48px; \tmargin-top: -16px; }  #fmcarousel-7 .amazingcarousel-next { \tright: 0%; \ttop: 50%; \tmargin-right: -48px; \tmargin-top: -16px; }  #fmcarousel-7 .amazingcarousel-nav { \tposition: absolute; \twidth: 100%; \ttop: 100%; }  #fmcarousel-7 .amazingcarousel-bullet-wrapper { \tmargin: 16px auto; }<\/style><div class=\"fmcarousel-container\" id=\"fmcarousel-container-7\"><div class=\"fmcarousel\" id=\"fmcarousel-7\" data-carouselid=\"7\" data-width=\"200\" data-height=\"140\" data-skin=\"stylish\" data-sameheight=\"false\" data-sameheightresponsive=\"false\" data-fullwidth=\"false\" data-centerimage=\"true\" data-fitimage=\"false\" data-fitcenterimage=\"false\" data-fixaspectratio=\"true\" data-autoplay=\"true\" data-random=\"false\" data-circular=\"true\" data-pauseonmouseover=\"true\" data-continuous=\"false\" data-responsive=\"true\" data-showhoveroverlay=\"true\" data-showhoveroverlayalways=\"false\" data-hidehoveroverlayontouch=\"false\" data-lightboxresponsive=\"true\" data-lightboxshownavigation=\"false\" data-lightboxnogroup=\"false\" data-lightboxshowtitle=\"true\" data-lightboxshowdescription=\"false\" data-usescreenquery=\"false\" data-donotinit=\"false\" data-addinitscript=\"false\" data-doshortcodeontext=\"false\" data-lightboxshowsocial=\"false\" data-lightboxshowfacebook=\"true\" data-lightboxshowtwitter=\"true\" data-lightboxshowpinterest=\"true\" data-lightboxsocialrotateeffect=\"true\" data-hidecontainerbeforeloaded=\"false\" data-hidecontaineroninit=\"false\" data-lightboximagekeepratio=\"true\" data-showplayvideo=\"true\" data-triggerresize=\"false\" data-lightboxfullscreenmode=\"false\" data-lightboxcloseonoverlay=\"true\" data-lightboxvideohidecontrols=\"false\" data-lightboxautoslide=\"false\" data-lightboxshowtimer=\"true\" data-lightboxshowplaybutton=\"true\" data-lightboxalwaysshownavarrows=\"false\" data-lightboxshowtitleprefix=\"true\" data-spacing=\"8\" data-rownumber=\"1\" data-visibleitems=\"3\" data-arrowstyle=\"always\" data-arrowimage=\"arrows-32-32-0.png\" data-arrowwidth=\"32\" data-arrowheight=\"32\" data-navstyle=\"bullets\" data-navimage=\"bullet-24-24-0.png\" data-navwidth=\"24\" data-navheight=\"24\" data-navspacing=\"4\" data-hoveroverlayimage=\"hoveroverlay-64-64-4.png\" data-lightboxthumbwidth=\"90\" data-lightboxthumbheight=\"60\" data-lightboxthumbtopmargin=\"12\" data-lightboxthumbbottommargin=\"4\" data-lightboxbarheight=\"64\" data-lightboxtitlebottomcss=\"{color:#333; font-size:14px; font-family:Armata,sans-serif,Arial; overflow:hidden; text-align:left;}\" data-lightboxdescriptionbottomcss=\"{color:#333; font-size:12px; font-family:Arial,Helvetica,sans-serif; overflow:hidden; text-align:left; margin:4px 0px 0px; padding: 0px;}\" data-continuousduration=\"2500\" data-scrollmode=\"page\" data-interval=\"3000\" data-transitionduration=\"1000\" data-lightboxtitlestyle=\"bottom\" data-lightboximagepercentage=\"75\" data-lightboxdefaultvideovolume=\"1\" data-lightboxoverlaybgcolor=\"#000\" data-lightboxoverlayopacity=\"0.9\" data-lightboxbgcolor=\"#fff\" data-lightboxtitleprefix=\"%NUM \/ %TOTAL\" data-lightboxtitleinsidecss=\"color:#fff; font-size:16px; font-family:Arial,Helvetica,sans-serif; overflow:hidden; text-align:left;\" data-lightboxdescriptioninsidecss=\"color:#fff; font-size:12px; font-family:Arial,Helvetica,sans-serif; overflow:hidden; text-align:left; margin:4px 0px 0px; padding: 0px;\" data-playvideoimage=\"playvideo-64-64-0.png\" data-playvideoimagepos=\"center\" data-lightboxsocialposition=\"position:absolute;top:100%;right:0;\" data-lightboxsocialpositionsmallscreen=\"position:absolute;top:100%;right:0;left:0;\" data-lightboxsocialdirection=\"horizontal\" data-lightboxsocialbuttonsize=\"32\" data-lightboxsocialbuttonfontsize=\"18\" data-sameheightmediumscreen=\"769\" data-sameheightmediumheight=\"200\" data-sameheightsmallscreen=\"415\" data-sameheightsmallheight=\"150\" data-triggerresizedelay=\"100\" data-lightboxslideinterval=\"5000\" data-lightboxtimerposition=\"bottom\" data-lightboxtimercolor=\"#dc572e\" data-lightboxtimeropacity=\"1\" data-lightboxbordersize=\"8\" data-lightboxborderradius=\"0\" data-screenquery='{ \"tablet\": { \"screenwidth\": 800, \"visibleitems\": 2 }, \"mobile\": { \"screenwidth\": 480, \"visibleitems\": 1 } }' data-jsfolder=\"https:\/\/blogs.uo.edu.cu\/rdt\/wp-content\/plugins\/FreemakeSliderPlugin\/engine\/\" style=\"display:none;position:relative;margin:0 auto;width:100%;max-width:600px;\" ><div class=\"amazingcarousel-list-container\" style=\"overflow:hidden;\"><ul class=\"amazingcarousel-list\"><li class=\"amazingcarousel-item\"><div class=\"amazingcarousel-item-container\"><div class=\"amazingcarousel-image\">\n\t<a href=\"http:\/\/blogs.uo.edu.cu\/fcf\/wp-content\/uploads\/sites\/49\/2020\/04\/1ro-de-mayo.png\" title=\"1ro de mayo\" data-thumbnail=\"http:\/\/blogs.uo.edu.cu\/fcf\/wp-content\/uploads\/sites\/49\/2020\/04\/1ro-de-mayo-300x244.png\" class=\"wondercarousellightbox wondercarousellightbox-7\" data-group=\"wondercarousellightbox-7\"><img decoding=\"async\" src=\"http:\/\/blogs.uo.edu.cu\/fcf\/wp-content\/uploads\/sites\/49\/2020\/04\/1ro-de-mayo.png\" alt=\"1ro de mayo\" data-description=\"\" \/><\/a>\n\t<div class=\"amazingcarousel-text\">\n\t\t<div class=\"amazingcarousel-text-bg\"><\/div>\n\t\t<div class=\"amazingcarousel-title\">1ro de mayo<\/div>\n\t<\/div>\n<\/div><\/div><\/li><li class=\"amazingcarousel-item\"><div class=\"amazingcarousel-item-container\"><div class=\"amazingcarousel-image\">\n\t<a href=\"http:\/\/blogs.uo.edu.cu\/fcf\/wp-content\/uploads\/sites\/49\/2020\/04\/primero-de-mayo-2020.jpg\" title=\"primero-de-mayo-2020\" data-thumbnail=\"http:\/\/blogs.uo.edu.cu\/fcf\/wp-content\/uploads\/sites\/49\/2020\/04\/primero-de-mayo-2020-300x223.jpg\" class=\"wondercarousellightbox wondercarousellightbox-7\" data-group=\"wondercarousellightbox-7\"><img decoding=\"async\" src=\"http:\/\/blogs.uo.edu.cu\/fcf\/wp-content\/uploads\/sites\/49\/2020\/04\/primero-de-mayo-2020.jpg\" alt=\"primero-de-mayo-2020\" data-description=\"\" \/><\/a>\n\t<div class=\"amazingcarousel-text\">\n\t\t<div class=\"amazingcarousel-text-bg\"><\/div>\n\t\t<div class=\"amazingcarousel-title\">primero-de-mayo-2020<\/div>\n\t<\/div>\n<\/div><\/div><\/li><li class=\"amazingcarousel-item\"><div class=\"amazingcarousel-item-container\"><div class=\"amazingcarousel-image\">\n\t<a href=\"http:\/\/blogs.uo.edu.cu\/fcf\/wp-content\/uploads\/sites\/49\/2020\/04\/casaprimero.jpg\" title=\"casaprimero\" data-thumbnail=\"http:\/\/blogs.uo.edu.cu\/fcf\/wp-content\/uploads\/sites\/49\/2020\/04\/casaprimero-300x232.jpg\" class=\"wondercarousellightbox wondercarousellightbox-7\" data-group=\"wondercarousellightbox-7\"><img decoding=\"async\" src=\"http:\/\/blogs.uo.edu.cu\/fcf\/wp-content\/uploads\/sites\/49\/2020\/04\/casaprimero.jpg\" alt=\"casaprimero\" data-description=\"\" \/><\/a>\n\t<div class=\"amazingcarousel-text\">\n\t\t<div class=\"amazingcarousel-text-bg\"><\/div>\n\t\t<div class=\"amazingcarousel-title\">casaprimero<\/div>\n\t<\/div>\n<\/div><\/div><\/li><\/ul><div class=\"amazingcarousel-prev\"><\/div><div class=\"amazingcarousel-next\"><\/div><\/div><div class=\"amazingcarousel-nav\"><\/div><div style=\"width: 100%; text-align: center; font-size: small; font-family: Arial;\"><a href=\"http:\/\/freemake.com\" title=\"Freemake URL\" target=\"_blank\" style=\"box-shadow: none\" class=\"fm-promo-url\">Freemake<\/a><\/div><\/div><\/div>\n","protected":false},"excerpt":{"rendered":"<p>Bienvenidos al Repositorio Tem\u00e1tico de la disciplina Teor\u00eda y Pr\u00e1ctica de la Educaci\u00f3n F\u00edsica (RDT-TPEF) perteneciente a la Facultad-Carrera de Cultura F\u00edsica de la Universidad de Oriente. Santiago de Cuba. Misi\u00f3n: RDT-TPEF ofrece acceso abierto al texto completo en formato<\/p>\n","protected":false},"author":22,"featured_media":0,"parent":0,"menu_order":0,"comment_status":"closed","ping_status":"closed","template":"","meta":{"ngg_post_thumbnail":0,"footnotes":""},"class_list":["post-49","page","type-page","status-publish","hentry"],"_links":{"self":[{"href":"https:\/\/blogs.uo.edu.cu\/rdt\/wp-json\/wp\/v2\/pages\/49","targetHints":{"allow":["GET"]}}],"collection":[{"href":"https:\/\/blogs.uo.edu.cu\/rdt\/wp-json\/wp\/v2\/pages"}],"about":[{"href":"https:\/\/blogs.uo.edu.cu\/rdt\/wp-json\/wp\/v2\/types\/page"}],"author":[{"embeddable":true,"href":"https:\/\/blogs.uo.edu.cu\/rdt\/wp-json\/wp\/v2\/users\/22"}],"replies":[{"embeddable":true,"href":"https:\/\/blogs.uo.edu.cu\/rdt\/wp-json\/wp\/v2\/comments?post=49"}],"version-history":[{"count":36,"href":"https:\/\/blogs.uo.edu.cu\/rdt\/wp-json\/wp\/v2\/pages\/49\/revisions"}],"predecessor-version":[{"id":1839,"href":"https:\/\/blogs.uo.edu.cu\/rdt\/wp-json\/wp\/v2\/pages\/49\/revisions\/1839"}],"wp:attachment":[{"href":"https:\/\/blogs.uo.edu.cu\/rdt\/wp-json\/wp\/v2\/media?parent=49"}],"curies":[{"name":"wp","href":"https:\/\/api.w.org\/{rel}","templated":true}]}}