{"id":15,"date":"2020-07-16T16:01:10","date_gmt":"2020-07-16T14:01:10","guid":{"rendered":"http:\/\/blogs.uo.edu.cu\/vlir\/?page_id=15"},"modified":"2020-07-16T16:13:51","modified_gmt":"2020-07-16T14:13:51","slug":"objetivos","status":"publish","type":"page","link":"https:\/\/blogs.uo.edu.cu\/vlir\/objetivos\/","title":{"rendered":"Objetivos"},"content":{"rendered":"\n<p style=\"text-align:center\"><\/p>\n\n\n\n<div class=\"wp-block-image\"><figure class=\"aligncenter\"><img decoding=\"async\" width=\"300\" height=\"72\" src=\"https:\/\/blogs.uo.edu.cu\/vlir\/wp-content\/uploads\/sites\/50\/2020\/07\/26d58f7d9826bb6d2a6de1ac5c5fd549-300x72.jpg\" alt=\"\" class=\"wp-image-18\" srcset=\"https:\/\/blogs.uo.edu.cu\/vlir\/wp-content\/uploads\/sites\/50\/2020\/07\/26d58f7d9826bb6d2a6de1ac5c5fd549-300x72.jpg 300w, https:\/\/blogs.uo.edu.cu\/vlir\/wp-content\/uploads\/sites\/50\/2020\/07\/26d58f7d9826bb6d2a6de1ac5c5fd549-768x184.jpg 768w, https:\/\/blogs.uo.edu.cu\/vlir\/wp-content\/uploads\/sites\/50\/2020\/07\/26d58f7d9826bb6d2a6de1ac5c5fd549-1024x245.jpg 1024w, https:\/\/blogs.uo.edu.cu\/vlir\/wp-content\/uploads\/sites\/50\/2020\/07\/26d58f7d9826bb6d2a6de1ac5c5fd549-360x86.jpg 360w, https:\/\/blogs.uo.edu.cu\/vlir\/wp-content\/uploads\/sites\/50\/2020\/07\/26d58f7d9826bb6d2a6de1ac5c5fd549.jpg 1326w\" sizes=\"(max-width: 300px) 100vw, 300px\" \/><\/figure><\/div>\n\n\n\n<p style=\"text-align:center\"><strong>OBJETIVOS DE DESARROLLO<\/strong><\/p>\n\n\n\n<p>VALORIZACI\u00d3N  de los resultados de investigaci\u00f3n a trav\u00e9s de la  transferencia de  conocimientos y tecnolog\u00edas a las industrias y el  DESARROLLO de\u00a0 las  herramientas formativas a nivel institucional para  la formaci\u00f3n de  profesionales con capacidades para desarrollar  investigaciones enfocadas  en la innovaci\u00f3n tecnol\u00f3gica y la  interdisciplinariedad. <\/p>\n\n\n\n<p style=\"text-align:center\"><strong>OBJETIVO<\/strong> <strong>ACAD\u00c9MICO<\/strong><\/p>\n\n\n\n<p>La Universidad de Oriente forma profesionales con habilidades para realizar investigaciones de impacto con enfoque interdisciplinario y de innovaci\u00f3n tecnol\u00f3gica. <\/p>\n<!-- AddThis Advanced Settings generic via filter on the_content --><!-- AddThis Share Buttons generic via filter on the_content -->","protected":false},"excerpt":{"rendered":"<p>OBJETIVOS DE DESARROLLO VALORIZACI\u00d3N de los resultados de investigaci\u00f3n a trav\u00e9s de la transferencia de conocimientos y tecnolog\u00edas a las industrias y el DESARROLLO de\u00a0 las herramientas formativas a nivel institucional para la formaci\u00f3n de profesionales con capacidades para desarrollar investigaciones enfocadas en la innovaci\u00f3n tecnol\u00f3gica y la interdisciplinariedad. OBJETIVO ACAD\u00c9MICO La Universidad de Oriente [&hellip;]<!-- AddThis Advanced Settings generic via filter on get_the_excerpt --><!-- AddThis Share Buttons generic via filter on get_the_excerpt --><\/p>\n","protected":false},"author":958,"featured_media":0,"parent":0,"menu_order":0,"comment_status":"closed","ping_status":"closed","template":"","meta":{"ngg_post_thumbnail":0,"footnotes":""},"class_list":["post-15","page","type-page","status-publish","czr-hentry"],"_links":{"self":[{"href":"https:\/\/blogs.uo.edu.cu\/vlir\/wp-json\/wp\/v2\/pages\/15","targetHints":{"allow":["GET"]}}],"collection":[{"href":"https:\/\/blogs.uo.edu.cu\/vlir\/wp-json\/wp\/v2\/pages"}],"about":[{"href":"https:\/\/blogs.uo.edu.cu\/vlir\/wp-json\/wp\/v2\/types\/page"}],"author":[{"embeddable":true,"href":"https:\/\/blogs.uo.edu.cu\/vlir\/wp-json\/wp\/v2\/users\/958"}],"replies":[{"embeddable":true,"href":"https:\/\/blogs.uo.edu.cu\/vlir\/wp-json\/wp\/v2\/comments?post=15"}],"version-history":[{"count":3,"href":"https:\/\/blogs.uo.edu.cu\/vlir\/wp-json\/wp\/v2\/pages\/15\/revisions"}],"predecessor-version":[{"id":24,"href":"https:\/\/blogs.uo.edu.cu\/vlir\/wp-json\/wp\/v2\/pages\/15\/revisions\/24"}],"wp:attachment":[{"href":"https:\/\/blogs.uo.edu.cu\/vlir\/wp-json\/wp\/v2\/media?parent=15"}],"curies":[{"name":"wp","href":"https:\/\/api.w.org\/{rel}","templated":true}]}}