{"id":25,"date":"2020-07-16T16:15:06","date_gmt":"2020-07-16T14:15:06","guid":{"rendered":"http:\/\/blogs.uo.edu.cu\/vlir\/?page_id=25"},"modified":"2021-03-17T20:14:07","modified_gmt":"2021-03-17T19:14:07","slug":"resultados-intermedios","status":"publish","type":"page","link":"https:\/\/blogs.uo.edu.cu\/vlir\/resultados-intermedios\/","title":{"rendered":"Resultados Intermedios"},"content":{"rendered":"\n<p class=\"has-luminous-vivid-orange-color has-text-color\"><strong>Proyecto P1:<\/strong><\/p>\n\n\n\n<p>IR1. Incrementar el alcance del curr\u00edculo, las habilidades pr\u00e1cticas, investigativas y acad\u00e9micas en funci\u00f3n de la valorizaci\u00f3n. <\/p>\n\n\n\n<p>IR2. Se alcanza un sistema de comunicaci\u00f3n estructural entre los grupos de investigaci\u00f3n a nivel de la Universidad de Oriente y con las instituciones beneficiarias.<\/p>\n\n\n\n<p>IR3. Desarrollo de tecnolog\u00edas para mejorar los sistemas de producci\u00f3n agr\u00edcola sustentable. <\/p>\n\n\n\n<p>IR4. Desarrollo de protocolos para garantizar la conservaci\u00f3n de la biodiversidad y el manejo de los ecosistemas esenciales.<\/p>\n\n\n\n<p class=\"has-luminous-vivid-orange-color has-text-color\"><strong>Proyecto P2: <\/strong><\/p>\n\n\n\n<p>IR1. Fortalecimiento de las capacidades investigativas de los centros y departamentos de la Universidad de Oriente que participan en el programa. <\/p>\n\n\n\n<p>IR2. Desarrollo y puesta en pr\u00e1ctica  de nuevas herramientas cl\u00ednicas para la toma de decisiones para el diagn\u00f3stico y el tratamiento de enfermedades. <\/p>\n\n\n\n<p>IR3. Desarrollo y evaluaci\u00f3n de nuevos dispositivos m\u00e9dicos en estrecha colaboraci\u00f3n con las instituciones beneficiarias. <\/p>\n\n\n\n<p>IR4. Desarrollo y puesta en pr\u00e1ctica en hospitales seleccionados, de herramientas que garantizan el almacenamiento y transmisi\u00f3n de informaci\u00f3n cl\u00ednica. <\/p>\n\n\n\n<p>IR5. Fortalecimiento de las potencialidades para la valorizaci\u00f3n e implementaci\u00f3n de tecnolog\u00edas para la pr\u00e1ctica cl\u00ednica. <\/p>\n\n\n\n<p class=\"has-luminous-vivid-orange-color has-text-color\"><strong>Proyecto P3:<\/strong><\/p>\n\n\n\n<p>IR1. Fortalecimiento de las capacidades de investigaci\u00f3n en farmacolog\u00eda precl\u00ednica y toxicolog\u00eda de productos naturales, as\u00ed como los servicios farmac\u00e9uticos en hospitales. <\/p>\n\n\n\n<p>IR2. Implementaci\u00f3n de un Centro Precl\u00ednico para el cierre de ciclo en el dise\u00f1o de f\u00e1rmacos: Universidad de Oriente &#8211; TOXIMED &#8211; Centro Hospitalario.<\/p>\n\n\n\n<p>IR3.  Sistema de gesti\u00f3n de los servicios farmac\u00e9uticos en los hospitales Juan Bruno Zayas y Conrado Ben\u00edtez. <\/p>\n\n\n\n<p>IR4. Implementaci\u00f3n de los procedimientos est\u00e1ndar operacionales (PNO). <\/p>\n\n\n\n<p>IR5. Plataforma integradora para brindar estudios farmacol\u00f3gicos y toxicol\u00f3gicos a terceros desde el hospital.<\/p>\n\n\n\n<p>IR6. Mejoras en los niveles acad\u00e9micos de profesores y programas del curr\u00edculo en pre y posgrado. <\/p>\n\n\n\n<p class=\"has-luminous-vivid-orange-color has-text-color\"><strong>Proyecto P4:<\/strong><\/p>\n\n\n\n<p>IR1. Fortalecimiento de las capacidades de investigaci\u00f3n sobre patrimonio cultural a nivel de las facultades de la Universidad de Oriente. <\/p>\n\n\n\n<p>IR2. Sostenibilidad del programa de doctorado interdisciplinar sobre Patrimonio Cultural.<\/p>\n\n\n\n<p>IR3. Puesta en marcha de la plataforma digital para la gesti\u00f3n del patrimonio en la Universidad de Oriente. <\/p>\n\n\n\n<p>IR4. Puesta en funcionamiento de un instrumento integral para la gesti\u00f3n del patrimonio cultural.<\/p>\n\n\n\n<p>IR5. Desarrollo de programas acad\u00e9micos innovadores sobre patrimonio cultural para los beneficiarios externos.  <\/p>\n\n\n\n<p class=\"has-luminous-vivid-orange-color has-text-color\"><strong>Proyecto P5:<\/strong><\/p>\n\n\n\n<p>IR1. An\u00e1lisis y caracterizaci\u00f3n de residuales s\u00f3lidos y l\u00edquidos, carb\u00f3n, compositos y carb\u00f3n activado. <\/p>\n\n\n\n<p>IR2. Nuevos m\u00e9todos para el an\u00e1lisis de procesos industriales se ponen en marcha y se utilizan en las industrias y los hospitales. <\/p>\n\n\n\n<p>IR3. Las t\u00e9cnicas desarrolladas se ponen en pr\u00e1ctica a nivel de industrias y hospitales y se enfocan en la mejora de los procesos. <\/p>\n\n\n\n<p>IR4. Se implementan condiciones para la transferencia de tecnolog\u00edas a la industria y los hospitales que participan en el proyecto. <\/p>\n\n\n\n<p>IR5. Entrenamiento a los especialistas de las industrias y los hospitales en idioma Ingl\u00e9s, m\u00e9todos de caracterizaci\u00f3n y sus aplicaciones en los procesos y servicios.  <\/p>\n\n\n\n<p class=\"has-luminous-vivid-orange-color has-text-color\"><strong>Proyecto Transversal:<\/strong><\/p>\n\n\n\n<p>IR1. La OTRI es funcional en el soporte de la innovaci\u00f3n, la valorizaci\u00f3n y la interface con la sociedad y los actores econ\u00f3micos. <\/p>\n\n\n\n<p>IR2. Fortalecimiento de la investigaci\u00f3n interdisciplinar, los programas de doctorado y entrenamientos en la Universidad de Oriente. <\/p>\n\n\n\n<p>IR3. Automatizaci\u00f3n y digitalizaci\u00f3n de los procesos de gesti\u00f3n Universitarios.<\/p>\n\n\n\n<p>IR4. Uso robusto y adecuado de los servicios del Centro de Datos (IaaS, SaaS, HPC, hosting, storage, bibliometria,\u2026) <\/p>\n\n\n\n<p>IR5. Perfeccionamiento de la ense\u00f1aza del idioma Ingl\u00e9s para la comunicaci\u00f3n internacional y la investigaci\u00f3n. <\/p>\n<!-- AddThis Advanced Settings generic via filter on the_content --><!-- AddThis Share Buttons generic via filter on the_content -->","protected":false},"excerpt":{"rendered":"<p>Proyecto P1: IR1. Incrementar el alcance del curr\u00edculo, las habilidades pr\u00e1cticas, investigativas y acad\u00e9micas en funci\u00f3n de la valorizaci\u00f3n. IR2. Se alcanza un sistema de comunicaci\u00f3n estructural entre los grupos de investigaci\u00f3n a nivel de la Universidad de Oriente y con las instituciones beneficiarias. IR3. Desarrollo de tecnolog\u00edas para mejorar los sistemas de producci\u00f3n agr\u00edcola [&hellip;]<!-- AddThis Advanced Settings generic via filter on get_the_excerpt --><!-- AddThis Share Buttons generic via filter on get_the_excerpt --><\/p>\n","protected":false},"author":958,"featured_media":0,"parent":0,"menu_order":0,"comment_status":"closed","ping_status":"closed","template":"","meta":{"ngg_post_thumbnail":0,"footnotes":""},"class_list":["post-25","page","type-page","status-publish","czr-hentry"],"_links":{"self":[{"href":"https:\/\/blogs.uo.edu.cu\/vlir\/wp-json\/wp\/v2\/pages\/25","targetHints":{"allow":["GET"]}}],"collection":[{"href":"https:\/\/blogs.uo.edu.cu\/vlir\/wp-json\/wp\/v2\/pages"}],"about":[{"href":"https:\/\/blogs.uo.edu.cu\/vlir\/wp-json\/wp\/v2\/types\/page"}],"author":[{"embeddable":true,"href":"https:\/\/blogs.uo.edu.cu\/vlir\/wp-json\/wp\/v2\/users\/958"}],"replies":[{"embeddable":true,"href":"https:\/\/blogs.uo.edu.cu\/vlir\/wp-json\/wp\/v2\/comments?post=25"}],"version-history":[{"count":11,"href":"https:\/\/blogs.uo.edu.cu\/vlir\/wp-json\/wp\/v2\/pages\/25\/revisions"}],"predecessor-version":[{"id":391,"href":"https:\/\/blogs.uo.edu.cu\/vlir\/wp-json\/wp\/v2\/pages\/25\/revisions\/391"}],"wp:attachment":[{"href":"https:\/\/blogs.uo.edu.cu\/vlir\/wp-json\/wp\/v2\/media?parent=25"}],"curies":[{"name":"wp","href":"https:\/\/api.w.org\/{rel}","templated":true}]}}