{"id":27,"date":"2020-07-16T16:17:06","date_gmt":"2020-07-16T14:17:06","guid":{"rendered":"http:\/\/blogs.uo.edu.cu\/vlir\/?page_id=27"},"modified":"2021-03-25T18:41:15","modified_gmt":"2021-03-25T17:41:15","slug":"historia","status":"publish","type":"page","link":"https:\/\/blogs.uo.edu.cu\/vlir\/historia\/","title":{"rendered":"Historia"},"content":{"rendered":"\n<pre id=\"tw-target-text\" class=\"wp-block-preformatted\"><\/pre>\n\n\n\n<div class=\"wp-block-image\"><figure class=\"alignleft size-large is-resized\"><img fetchpriority=\"high\" decoding=\"async\" src=\"https:\/\/blogs.uo.edu.cu\/vlir\/wp-content\/uploads\/sites\/50\/2021\/03\/IMG_4149-1024x683.jpg\" alt=\"\" class=\"wp-image-445\" width=\"462\" height=\"308\" srcset=\"https:\/\/blogs.uo.edu.cu\/vlir\/wp-content\/uploads\/sites\/50\/2021\/03\/IMG_4149-1024x683.jpg 1024w, https:\/\/blogs.uo.edu.cu\/vlir\/wp-content\/uploads\/sites\/50\/2021\/03\/IMG_4149-300x200.jpg 300w, https:\/\/blogs.uo.edu.cu\/vlir\/wp-content\/uploads\/sites\/50\/2021\/03\/IMG_4149-768x512.jpg 768w, https:\/\/blogs.uo.edu.cu\/vlir\/wp-content\/uploads\/sites\/50\/2021\/03\/IMG_4149-1536x1024.jpg 1536w, https:\/\/blogs.uo.edu.cu\/vlir\/wp-content\/uploads\/sites\/50\/2021\/03\/IMG_4149-2048x1365.jpg 2048w\" sizes=\"(max-width: 462px) 100vw, 462px\" \/><\/figure><\/div>\n\n\n\n<p><\/p>\n\n\n\n<p>El proyecto Fortalecimiento institucional de la Universidad de Oriente para el desarrollo sostenible en la regi\u00f3n oriental de Cuba, es un programa de colaboraci\u00f3n interuniversitario financiado por el Consejo Interuniversitario Flamenco (VLIR-UOS). En el mismo, participan cinco universidades belgas que son: la Universidad Libre de Bruselas, la cual es adem\u00e1s la contraparte del programa y las Universidades de Amberes, Hasselt, Gante y Cat\u00f3lica de Lovaina. En Cuba, el programa ha contribuido a la formaci\u00f3n de doctores en la Universidad de Oriente, as\u00ed como en otras Instituciones de Educaci\u00f3n Superior tales como el Instituto Superior Minero-metal\u00fargico de Moa y las Universidades de Camag\u00fcey y Las Tunas. El programa se ejecuta desde el a\u00f1o 2012 y se integra por  un conjunto de proyectos cient\u00edficos y transversales, los cuales abordan tem\u00e1ticas tales como: <\/p>\n\n\n\n<ul class=\"wp-block-list\"><li>Protecci\u00f3n al medio ambiente, enfrentamiento al cambio clim\u00e1tico y la producci\u00f3n sostenible de alimentos.<\/li><li>Las tecnolog\u00edas, dispositivos m\u00e9dicos para el diagn\u00f3stico y mejoramiento de la salud humana.<\/li><li>Biotecnolog\u00eda, productos naturales y servicios farmac\u00e9uticos.<\/li><li>Gesti\u00f3n del patrimonio cultural con enfoque a la preservaci\u00f3n y la valorizaci\u00f3n a trav\u00e9s del uso de las nuevas tecnolog\u00edas.<\/li><li>Las ciencias b\u00e1sicas y su aplicaci\u00f3n en la caracterizaci\u00f3n de nuevos materiales para la industria.<\/li><li>Fortalecimiento de la infraestructura tecnol\u00f3gica y la gesti\u00f3n de servicios inform\u00e1ticos. &nbsp;<\/li><li>La ense\u00f1anza del idioma Ingl\u00e9s.<\/li><li>La formaci\u00f3n doctoral con enfoque a la investigaci\u00f3n multidisciplinar y la innovaci\u00f3n tecnol\u00f3gica.<\/li><\/ul>\n\n\n\n<p>El programa se estructura en dos fases; la primera fase se extendi\u00f3 desde 2013 \u2013 2018 y tuvo como principal objetivo la formaci\u00f3n de capacidades y el fortalecimiento de la infraestructura de laboratorio. La segunda fase comenz\u00f3 en 2019 y se extiende hasta el 2023, con objetivos dirigidos a la valorizaci\u00f3n de los resultados cient\u00edficos y la transferencia de tecnolog\u00edas. &nbsp;<br><\/p>\n\n\n\n<p>Las principales salidas de la primera etapa que conforman la l\u00ednea base de la segunda fase se relacionan a continuaci\u00f3n: <\/p>\n\n\n\n<ul class=\"wp-block-list\"><li>Las capacidades humanas formadas en t\u00e9rminos de nuevos doctores, m\u00e1steres y l\u00edderes de ciencia.  <\/li><li>Resultados y principales salidas de investigaci\u00f3n alcazadas, tales como publicaciones cient\u00edficas en revistas de impacto, participaci\u00f3n en eventos cient\u00edficos internacionales, premios, patentes y registros de propiedad intelectual. <\/li><li>El fortalecimiento de la infraestructura de laboratorio para la investigaci\u00f3n cient\u00edfica, formaci\u00f3n acad\u00e9mica, prestaci\u00f3n de servicios, la informatizaci\u00f3n y la ense\u00f1aza de idioma Ingl\u00e9s. <\/li><li>La creaci\u00f3n de Programas de Doctorado interdisciplinares de medio ambiente, biotecnolog\u00eda, tecnolog\u00edas biom\u00e9dicas, patrimonio y ciencias b\u00e1sicas.  <\/li><li>La creaci\u00f3n de la Oficina de Transferencia de Tecnolog\u00eda (OTRI) como interfaz institucional entre la Universidad y los colaboradores para la introducci\u00f3n de los resultados de investigaci\u00f3n en la pr\u00e1ctica socioecon\u00f3mica y productiva. <\/li><\/ul>\n\n\n\n<p><\/p>\n<!-- AddThis Advanced Settings generic via filter on the_content --><!-- AddThis Share Buttons generic via filter on the_content -->","protected":false},"excerpt":{"rendered":"<p>El proyecto Fortalecimiento institucional de la Universidad de Oriente para el desarrollo sostenible en la regi\u00f3n oriental de Cuba, es un programa de colaboraci\u00f3n interuniversitario financiado por el Consejo Interuniversitario Flamenco (VLIR-UOS). En el mismo, participan cinco universidades belgas que son: la Universidad Libre de Bruselas, la cual es adem\u00e1s la contraparte del programa y [&hellip;]<!-- AddThis Advanced Settings generic via filter on get_the_excerpt --><!-- AddThis Share Buttons generic via filter on get_the_excerpt --><\/p>\n","protected":false},"author":958,"featured_media":0,"parent":0,"menu_order":0,"comment_status":"closed","ping_status":"closed","template":"","meta":{"ngg_post_thumbnail":0,"footnotes":""},"class_list":["post-27","page","type-page","status-publish","czr-hentry"],"_links":{"self":[{"href":"https:\/\/blogs.uo.edu.cu\/vlir\/wp-json\/wp\/v2\/pages\/27","targetHints":{"allow":["GET"]}}],"collection":[{"href":"https:\/\/blogs.uo.edu.cu\/vlir\/wp-json\/wp\/v2\/pages"}],"about":[{"href":"https:\/\/blogs.uo.edu.cu\/vlir\/wp-json\/wp\/v2\/types\/page"}],"author":[{"embeddable":true,"href":"https:\/\/blogs.uo.edu.cu\/vlir\/wp-json\/wp\/v2\/users\/958"}],"replies":[{"embeddable":true,"href":"https:\/\/blogs.uo.edu.cu\/vlir\/wp-json\/wp\/v2\/comments?post=27"}],"version-history":[{"count":15,"href":"https:\/\/blogs.uo.edu.cu\/vlir\/wp-json\/wp\/v2\/pages\/27\/revisions"}],"predecessor-version":[{"id":466,"href":"https:\/\/blogs.uo.edu.cu\/vlir\/wp-json\/wp\/v2\/pages\/27\/revisions\/466"}],"wp:attachment":[{"href":"https:\/\/blogs.uo.edu.cu\/vlir\/wp-json\/wp\/v2\/media?parent=27"}],"curies":[{"name":"wp","href":"https:\/\/api.w.org\/{rel}","templated":true}]}}