{"id":39,"date":"2020-07-16T16:22:23","date_gmt":"2020-07-16T14:22:23","guid":{"rendered":"http:\/\/blogs.uo.edu.cu\/vlir\/?page_id=39"},"modified":"2021-03-23T13:03:45","modified_gmt":"2021-03-23T12:03:45","slug":"p1-medio-ambiente-y-cambio-climatico","status":"publish","type":"page","link":"https:\/\/blogs.uo.edu.cu\/vlir\/p1-medio-ambiente-y-cambio-climatico\/","title":{"rendered":"P1 Medio ambiente y cambio clim\u00e1tico"},"content":{"rendered":"\n<h1 class=\"wp-block-heading\">Plan\n de manejo de la biodiversidad y la producci\u00f3n de alimentos en el \nenfrentamiento al cambio clim\u00e1tico en la regi\u00f3n este de Cuba. \n\n\n\n<\/h1>\n\n\n\n<p><strong>Objetivo  general: <\/strong><\/p>\n\n\n\n<p>Reforzar y ampliar los servicios cient\u00edficos y las tecnolog\u00edas de la fase 1 para apoyar una gesti\u00f3n sostenible integrada de la biodiversidad y la producci\u00f3n de alimentos para enfrentar el cambio clim\u00e1tico y otros estresores ambientales en la regi\u00f3n oriental de Cuba.<\/p>\n\n\n\n<p>La atenci\u00f3n se centrar\u00e1 en la conservaci\u00f3n de la biodiversidad, la calidad del agua y el ecoturismo por un lado y la producci\u00f3n de cultivos utilizando sistemas agroecol\u00f3gicos por el otro.<\/p>\n\n\n\n<div class=\"wp-block-columns is-layout-flex wp-container-core-columns-is-layout-9d6595d7 wp-block-columns-is-layout-flex\">\n<div class=\"wp-block-column is-layout-flow wp-block-column-is-layout-flow\" style=\"flex-basis:100%\">\n<div class=\"wp-block-media-text alignwide is-stacked-on-mobile\" style=\"grid-template-columns:18% auto\"><figure class=\"wp-block-media-text__media\"><img fetchpriority=\"high\" decoding=\"async\" width=\"306\" height=\"282\" src=\"https:\/\/blogs.uo.edu.cu\/vlir\/wp-content\/uploads\/sites\/50\/2021\/03\/2.png\" alt=\"\" class=\"wp-image-334 size-full\" srcset=\"https:\/\/blogs.uo.edu.cu\/vlir\/wp-content\/uploads\/sites\/50\/2021\/03\/2.png 306w, https:\/\/blogs.uo.edu.cu\/vlir\/wp-content\/uploads\/sites\/50\/2021\/03\/2-300x276.png 300w, https:\/\/blogs.uo.edu.cu\/vlir\/wp-content\/uploads\/sites\/50\/2021\/03\/2-270x250.png 270w\" sizes=\"(max-width: 306px) 100vw, 306px\" \/><\/figure><div class=\"wp-block-media-text__content\">\n<p class=\"has-small-font-size\"><strong>Jefe de Proyecto Belga:&nbsp;<\/strong>Ann Cuypers, PhD|&nbsp;<strong>E-mail:<\/strong><a href=\"mailto:ann.cuypers@uhasselt.be\">ann.cuypers@uhasselt.be<\/a><\/p>\n<\/div><\/div>\n\n\n\n<p><\/p>\n<\/div>\n<\/div>\n\n\n\n<div class=\"wp-block-media-text alignwide is-stacked-on-mobile\" style=\"grid-template-columns:19% auto\"><figure class=\"wp-block-media-text__media\"><img decoding=\"async\" width=\"251\" height=\"231\" src=\"http:\/\/blogs.uo.edu.cu\/vlir\/wp-content\/uploads\/sites\/50\/2021\/03\/1.png\" alt=\"\" class=\"wp-image-335 size-full\" \/><\/figure><div class=\"wp-block-media-text__content\">\n<p class=\"has-small-font-size\"><strong>Jefe de Proyecto Cubano: <\/strong>Elizabeth Issac Aleman, PhD |&nbsp;<strong>E-mail:<\/strong><a href=\"mailto:senvuo@vlir.uo.edu.cu\">elizabetha<\/a><a href=\"mailto:orbera@uo.edu.cu\">@uo.edu.cu<\/a><\/p>\n<\/div><\/div>\n\n\n\n<p><\/p>\n\n\n\n<p><strong><strong>Objetivos espec\u00edficos:<\/strong><\/strong> <\/p>\n\n\n\n<p>Se actualizan las pr\u00e1cticas de investigaci\u00f3n para contribuir a la evaluaci\u00f3n de los efectos del cambio clim\u00e1tico en la regi\u00f3n oriental de Cuba.<\/p>\n\n\n\n<p> Las tecnolog\u00edas innovadoras y sostenibles para la producci\u00f3n de cultivos se desarrollan e implementan por las contrapartes seleccionadas con el objetivo de mejorar la calidad de los alimentos y enfrentar los efectos del cambio clim\u00e1tico en la regi\u00f3n oriental de Cuba.<\/p>\n\n\n\n<p><strong>Resultados esperados:<\/strong><\/p>\n\n\n\n<ul class=\"wp-block-list\"><li>Claustro m\u00e1s calificado y con desempe\u00f1o  de excelencia sobre la base de acciones de colaboraci\u00f3n conjunta con  profesionales de reconocido prestigio en universidades flamencas.<\/li><li>Fomento de acciones conjuntas de  postgrado: Doctorado de doble titulaci\u00f3n con Universidades belgas que  promueva acciones conjuntas de investigaci\u00f3n con las contrapartes;  Maestr\u00eda conjunta en manejo integrado de agua, postdoctorados y cursos.<\/li><li>Servicios funcionales de apoyo a la  investigaci\u00f3n en el campo de las ciencias ambientales con beneficios  para el oriente de Cuba.<\/li><li>Publicaciones conjuntas en revistas de prestigio en tem\u00e1ticas relacionadas con las ciencias ambientales.<\/li><li>Aumento del n\u00famero de doctores en \u00e1reas tem\u00e1ticas afines a las ciencias ambientales y agrarias.<\/li><li>Fortalecimiento de las investigaciones  ecotoxicol\u00f3gicas en el oriente de Cuba, con mejoras a nivel social sobre  la percepci\u00f3n del riesgo ambiental, con \u00e9nfasis en calidad del agua y  del suelo.<\/li><li>Avalado impacto social en el oriente de Cuba.<\/li><li>Observatorio ambiental con informaci\u00f3n  ambiental \u00fatil en lo concerniente al desarrollo agr\u00edcola y el  enfrentamiento al cambio clim\u00e1tico.<\/li><li>Fortalecimiento del v\u00ednculo  universidad-sociedad a trav\u00e9s de acciones concretas de capacitaci\u00f3n,  investigaci\u00f3n, generalizaci\u00f3n de resultados y\/o extensi\u00f3n.<\/li><li>Fomento de espacios para el di\u00e1logo cient\u00edfico: talleres, conferencias, eventos.<\/li><\/ul>\n\n\n\n<p><strong>MIEMBROS DEL EQUIPO POR LA PARTE NORTE<\/strong>:<\/p>\n\n\n\n<figure class=\"wp-block-table\"><table><tbody><tr><td>Beenaerts, Natalie<\/td><td>Hasselt University (UHasselt, CMK)<\/td><\/tr><tr><td>Sahli, Hichem<\/td><td>Free University of Brussels (VUB)<\/td><\/tr><tr><td>Koedam, Nico<\/td><td>Free University of Brussels (VUB)<\/td><\/tr><tr><td>Artois, Tom<\/td><td>Hasselt University (UHasselt, CMK)<\/td><\/tr><tr><td>Muylaert, Koenraad<\/td><td>Catholic University of Leuven (KUL)<\/td><\/tr><tr><td>Backeljau, Thierry<\/td><td>Royal Belgian Institute of Natural Sciences<\/td><\/tr><tr><td>Vandamme, Dries<\/td><td>Hasselt University (UHa<\/td><\/tr><\/tbody><\/table><\/figure>\n\n\n\n<p><strong>MIEMBROS DEL EQUIPO POR LA PARTE SUR<\/strong>: <\/p>\n\n\n\n<figure class=\"wp-block-table is-style-regular\"><table><tbody><tr><td>Diez, Yander <\/td><td>Universidad de Oriente<\/td><\/tr><tr><td>Reyes Tur, Bernardo<\/td><td>Universidad de Oriente<\/td><\/tr><tr><td>Perez Montero, Ofelia<\/td><td>CEMZOC, Universidad de Oriente<\/td><\/tr><tr><td>Fung Boix, Yilan<\/td><td>CNEA, Universidad de Oriente<\/td><\/tr><tr><td>Vargas Rodriguez, Pavel<\/td><td>Universidad de Oriente<\/td><\/tr><tr><td>Ferrer Dubois, Albys Esther<\/td><td>CNEA, Universidad de Oriente<\/td><\/tr><tr><td>Torres Cambas, Yusdiel<\/td><td>Universidad de Oriente<\/td><\/tr><tr><td>Gomez Luna, Liliana Maria<\/td><td>CNEA, Universidad de Oriente<\/td><\/tr><tr><td>Vel\u00e1zquez Labrada, Yunior<\/td><td>CEMZOC, Universidad de Oriente<\/td><\/tr><tr><td>Rodriguez Tito, Jose Carlos<\/td><td>Universidad de Oriente<\/td><\/tr><tr><td>Bosh Diaz, Camila<\/td><td>Universidad de Oriente<\/td><\/tr><tr><td>Gordillo Perez, Mario<\/td><td>Universidad de Oriente<\/td><\/tr><tr><td>San Juan, Claudia<\/td><td>Universidad de Oriente<\/td><\/tr><tr><td>Cintra Hern\u00e1ndez, Rebeca<\/td><td>Universidad de Oriente<\/td><\/tr><tr><td>Cruz Portorreal, Yanet<\/td><td>CEMZOC, Universidad de Oriente<\/td><\/tr><tr><td>Pe\u00f1a L\u00f3pez, Javier<\/td><td>Universidad de Oriente<\/td><\/tr><tr><td>Jover Capote, Abdiel<\/td><td>Universidad de Oriente<\/td><\/tr><tr><td>Ortega Diaz, Yadenis<\/td><td>CNEA, Universidad de Oriente<\/td><\/tr><tr><td>Dorta Armaniag, Abel<\/td><td>Universidad de Oriente<\/td><\/tr><tr><td>Pacheco Moya, Rafael Miguel<\/td><td>Universidad de Oriente<\/td><\/tr><tr><td>Salazar Salina, Juan Carlos<\/td><td>Universidad de Oriente<\/td><\/tr><tr><td>M\u00e9ndez Hern\u00e1ndez, Abelardo <\/td><td>Eastern Center for Ecosystems and Biodiversity \u2013 (BIOECO)<\/td><\/tr><tr><td>Hernandez Hern\u00e1ndez, Norvis<\/td><td>National Park \u00a8Alejandro de Humboldt\u00a8<\/td><\/tr><tr><td>Mustelier Valenciaga, Irene<\/td><td>In vitro Plant Manufacture<\/td><\/tr><tr><td>Zapata Balanque, Jose A.<\/td><td>Environmental Unit \u2013 CITMA, Santiago de Cuba<\/td><\/tr><tr><td>Figueredo Cardona, Luz Margarita<\/td><td>Eastern Center for Ecosystems and Biodiversity \u2013 (BIOECO)<\/td><\/tr><tr><td>Rivera Queralta, Yoira<\/td><td>Eastern Center for Ecosystems and Biodiversity \u2013 (BIOECO)<\/td><\/tr><\/tbody><\/table><\/figure>\n<!-- AddThis Advanced Settings generic via filter on the_content --><!-- AddThis Share Buttons generic via filter on the_content -->","protected":false},"excerpt":{"rendered":"<p>Plan de manejo de la biodiversidad y la producci\u00f3n de alimentos en el enfrentamiento al cambio clim\u00e1tico en la regi\u00f3n este de Cuba. Objetivo general: Reforzar y ampliar los servicios cient\u00edficos y las tecnolog\u00edas de la fase 1 para apoyar una gesti\u00f3n sostenible integrada de la biodiversidad y la producci\u00f3n de alimentos para enfrentar el [&hellip;]<!-- AddThis Advanced Settings generic via filter on get_the_excerpt --><!-- AddThis Share Buttons generic via filter on get_the_excerpt --><\/p>\n","protected":false},"author":958,"featured_media":0,"parent":0,"menu_order":0,"comment_status":"closed","ping_status":"closed","template":"","meta":{"ngg_post_thumbnail":0,"footnotes":""},"class_list":["post-39","page","type-page","status-publish","czr-hentry"],"_links":{"self":[{"href":"https:\/\/blogs.uo.edu.cu\/vlir\/wp-json\/wp\/v2\/pages\/39","targetHints":{"allow":["GET"]}}],"collection":[{"href":"https:\/\/blogs.uo.edu.cu\/vlir\/wp-json\/wp\/v2\/pages"}],"about":[{"href":"https:\/\/blogs.uo.edu.cu\/vlir\/wp-json\/wp\/v2\/types\/page"}],"author":[{"embeddable":true,"href":"https:\/\/blogs.uo.edu.cu\/vlir\/wp-json\/wp\/v2\/users\/958"}],"replies":[{"embeddable":true,"href":"https:\/\/blogs.uo.edu.cu\/vlir\/wp-json\/wp\/v2\/comments?post=39"}],"version-history":[{"count":16,"href":"https:\/\/blogs.uo.edu.cu\/vlir\/wp-json\/wp\/v2\/pages\/39\/revisions"}],"predecessor-version":[{"id":461,"href":"https:\/\/blogs.uo.edu.cu\/vlir\/wp-json\/wp\/v2\/pages\/39\/revisions\/461"}],"wp:attachment":[{"href":"https:\/\/blogs.uo.edu.cu\/vlir\/wp-json\/wp\/v2\/media?parent=39"}],"curies":[{"name":"wp","href":"https:\/\/api.w.org\/{rel}","templated":true}]}}