{"id":41,"date":"2020-07-16T16:22:50","date_gmt":"2020-07-16T14:22:50","guid":{"rendered":"http:\/\/blogs.uo.edu.cu\/vlir\/?page_id=41"},"modified":"2021-03-17T18:00:04","modified_gmt":"2021-03-17T17:00:04","slug":"p3-biotecnologia-y-productos-naturales","status":"publish","type":"page","link":"https:\/\/blogs.uo.edu.cu\/vlir\/p3-biotecnologia-y-productos-naturales\/","title":{"rendered":"P3 Biotecnolog\u00eda y productos naturales"},"content":{"rendered":"\n<h1 class=\"wp-block-heading\">Productos  naturales y servicios farmac\u00e9uticos para mejorar la calidad de vida del  paciente en hospitales de la regi\u00f3n este de Cuba.<\/h1>\n\n\n\n<p><strong>Objetivo general: <\/strong>Crear facilidades en el campo acad\u00e9mico y  cient\u00edfico para desarrollar investigaciones sobre obtenci\u00f3n de productos  biofarmac\u00e9uticos a partir de productos naturales; as\u00ed como, elevar la  competencia profesional de investigadores incorporados a este tema en el  oriente del pa\u00eds.<\/p>\n\n\n\n<div class=\"wp-block-media-text alignwide is-stacked-on-mobile\" style=\"grid-template-columns:22% auto\"><figure class=\"wp-block-media-text__media\"><img decoding=\"async\" width=\"206\" height=\"206\" src=\"https:\/\/blogs.uo.edu.cu\/vlir\/wp-content\/uploads\/sites\/50\/2021\/03\/5.png\" alt=\"\" class=\"wp-image-352 size-full\" srcset=\"https:\/\/blogs.uo.edu.cu\/vlir\/wp-content\/uploads\/sites\/50\/2021\/03\/5.png 206w, https:\/\/blogs.uo.edu.cu\/vlir\/wp-content\/uploads\/sites\/50\/2021\/03\/5-150x150.png 150w\" sizes=\"(max-width: 206px) 100vw, 206px\" \/><\/figure><div class=\"wp-block-media-text__content\">\n<p class=\"has-small-font-size\"><strong>Jefe Proyecto Belga:\u00a0<\/strong>Paul Cos, PhD |<strong>\u00a0Email:\u00a0<\/strong><a href=\"mailto:paul.cos@ua.ac.be\">paul.cos@ua.ac.be<\/a><\/p>\n<\/div><\/div>\n\n\n\n<div class=\"wp-block-media-text alignwide is-stacked-on-mobile\" style=\"grid-template-columns:21% auto\"><figure class=\"wp-block-media-text__media\"><img fetchpriority=\"high\" decoding=\"async\" width=\"512\" height=\"512\" src=\"https:\/\/blogs.uo.edu.cu\/vlir\/wp-content\/uploads\/sites\/50\/2021\/03\/6.png\" alt=\"\" class=\"wp-image-354 size-full\" srcset=\"https:\/\/blogs.uo.edu.cu\/vlir\/wp-content\/uploads\/sites\/50\/2021\/03\/6.png 512w, https:\/\/blogs.uo.edu.cu\/vlir\/wp-content\/uploads\/sites\/50\/2021\/03\/6-300x300.png 300w, https:\/\/blogs.uo.edu.cu\/vlir\/wp-content\/uploads\/sites\/50\/2021\/03\/6-150x150.png 150w, https:\/\/blogs.uo.edu.cu\/vlir\/wp-content\/uploads\/sites\/50\/2021\/03\/6-510x510.png 510w\" sizes=\"(max-width: 512px) 100vw, 512px\" \/><\/figure><div class=\"wp-block-media-text__content\">\n<p class=\"has-small-font-size\"><strong>Jefe Proyecto Cubano:<\/strong>\u00a0Julio C\u00e9sar Escalona Arranz, PhD|\u00a0<strong>E-mail:<\/strong><a href=\"mailto:sbnpuo@vlir.uo.edu.cu\">j<\/a><a href=\"mailto:cea@uo.edu.cu\">cea@uo.edu.cu<\/a><\/p>\n<\/div><\/div>\n\n\n\n<p><\/p>\n\n\n\n<p><strong>Objetivos espec\u00edficos:<\/strong><\/p>\n\n\n\n<ul class=\"wp-block-list\"><li>Instalar  laboratorios con equipamiento actualizado para desarrollar   investigaciones sobre productos biotecnol\u00f3gicos y farmac\u00e9uticas. <\/li><li>Crear un programa de doctorado para incrementar la formaci\u00f3n de j\u00f3venes doctores en el campo de la ciencia. <\/li><li>Incrementar la  integraci\u00f3n de la investigaci\u00f3n en la educaci\u00f3n durante  la formaci\u00f3n de  los estudiantes de la Facultad de Ciencias Naturales. <\/li><\/ul>\n\n\n\n<p><strong><strong>Resultados esperados:<\/strong><\/strong><\/p>\n\n\n\n<ul class=\"wp-block-list\"><li>La formaci\u00f3n de j\u00f3venes l\u00edderes cient\u00edficos en la tem\u00e1tica de inter\u00e9s, con nivel doctoral.<\/li><li>Un laboratorio dotado con equipos \nmodernos que respondan al desarrollo de investigaciones en el desarrollo\n de productos biotecnol\u00f3gicos a partir de productos naturales.<\/li><li>Un sistema de ense\u00f1anza postgraduada que \nvincule programas acad\u00e9micos (Diplomados, Maestr\u00edas y Doctorados) que \nfaciliten la continuidad de estudios a investigadores relacionados con \nel tema de la biotecnolog\u00eda, la medicina complementaria, y los productos\n naturales y que respondan a las solicitudes de capacitaci\u00f3n del \nterritorio.<\/li><li>Un aula especializada para el postgrado \nque soporte la actividad de promoci\u00f3n cient\u00edfica y de capacitaci\u00f3n que \nse desarrolla en la Facultad.<\/li><\/ul>\n\n\n\n<p><strong>MIEMBROS DEL EQUIPO POR LA PARTE NORTE<\/strong><\/p>\n\n\n\n<figure class=\"wp-block-table\"><table><tbody><tr><td>Vanden Berghe, Wim<\/td><td>UA &#8211; Antwerp University<\/td><td>Academic \/ Epigenetics<\/td><\/tr><tr><td>Vandamme Peter<\/td><td>UG &#8211; Ghent University<\/td><td>Academic \/ Molecular bacteriology<\/td><\/tr><tr><td>Pieters, Luc<\/td><td>UA &#8211; Antwerp University<\/td><td>Academic \/ Chemistry &amp; natural products<\/td><\/tr><tr><td>Jorens, Philippe<\/td><td>UZA &#8211; Antwerp University Hospital<\/td><td>Academic \/ Intensive care unit<\/td><\/tr><tr><td>De Meyer, Guido<\/td><td>UA &#8211; Antwerp University<\/td><td>Academic \/ Pharmacology, Pharmaceutical care<\/td><\/tr><tr><td>De Loof, Hans<\/td><td>UA \u2013 Antwerp University<\/td><td>Academic \/ Pharmacology, Pharmaceutical care<\/td><\/tr><tr><td>Lebeer, Sarah<\/td><td>UA \u2013 Antwerp University<\/td><td>Academic \/ Probiotics<\/td><\/tr><tr><td>Rogiers, Vera<\/td><td>VUB &#8211; Free University Brussels<\/td><td>Academic \/ Toxicology<\/td><\/tr><tr><td>Cuypers, Ann<\/td><td>UH &#8211; Hasselt University<\/td><td>Academic \/ Ecotoxicology<\/td><\/tr><tr><td>Covaci, Adrian<\/td><td>UA \u2013 Antwerp University<\/td><td>Academic \/ Toxicology<\/td><\/tr><tr><td>Yperman, Jan<\/td><td>UH \u2013 Hasselt University<\/td><td>Academic \/ Energy<\/td><\/tr><tr><td>Beenaerts, Natalie<\/td><td>UH \u2013 Hasselt University<\/td><td>Academic \/ Biodiversity<\/td><\/tr><\/tbody><\/table><\/figure>\n\n\n\n<p><strong>MIEMBROS DEL EQUIPO POR LA PARTE SUR<\/strong><\/p>\n\n\n\n<figure class=\"wp-block-table\"><table><tbody><tr><td>Llaurad\u00f3 Maury, Gabriel; PhD.<\/td><td>Industrial Biotechnology Centre. CEBI. Universidad de Oriente<\/td><td>Pharmacology and Toxicology of Natural Products<\/td><\/tr><tr><td>Morris Quevedo, Humberto J.; PhD.<\/td><td>Industrial Biotechnology Centre. CEBI. Universidad de Oriente<\/td><td>Pharmacology and Toxicology of Natural Products<\/td><\/tr><tr><td>Garc\u00eda Oduardo, Nora; PhD.<\/td><td>Industrial Biotechnology Centre. CEBI. Universidad de Oriente<\/td><td>Biotechnology of Natural Products. Chemical Engenering<\/td><\/tr><tr><td>Camacho Pozo, Miladis I.; MSc.<\/td><td>Industrial Biotechnology Centre. CEBI. Universidad de Oriente<\/td><td>Microbiology, antibiotics<\/td><\/tr><tr><td>Ochoa Pacheco, Ania; PhD.<\/td><td>Pharmacy Department. Universidad de Oriente<\/td><td>Chemistry and pharmacology on natural products<\/td><\/tr><tr><td>Chil N\u00fa\u00f1ez, Idelsy; PhD.<\/td><td>Pharmacy Department. Universidad de Oriente<\/td><td>Natural products design and development<\/td><\/tr><tr><td>Garc\u00eda D\u00edaz, Jes\u00fas; MSc.<\/td><td>Pharmacy Department. Universidad de Oriente<\/td><td>Chemistry and pharmacology on natural products<\/td><\/tr><tr><td>Heredia D\u00edaz, Yamil\u00e9; MSc.<\/td><td>Pharmacy Department. Universidad de Oriente<\/td><td>Chemistry and pharmacology on natural products<\/td><\/tr><tr><td>Megret Despaigne, Rosario; MSc.<\/td><td>Pharmacy Department. Universidad de Oriente<\/td><td>Pharmacology and Toxicology of Natural Products<\/td><\/tr><tr><td>Rodr\u00edgez P\u00e9rez, Suy\u00e9n; PhD.<\/td><td>Experimental Biomodel Laboratories (LABEX-CIM)<\/td><td>Biotechnology of Natural Products<\/td><\/tr><tr><td>\u00c1lvarez Fontanet, Ernesto; MSc.<\/td><td>Toxicology and Biomedicine Centre (TOXIMED). Medical University of Santiago de Cuba.<\/td><td>Pharmacology and Toxicology of Natural Products<\/td><\/tr><tr><td>Fong Lores, Onel; BSc.<\/td><td>Toxicology and Biomedicine Centre (TOXIMED). Medical University of Santiago de Cuba.<\/td><td>Pharmacology and Toxicology of Natural Products<\/td><\/tr><tr><td>Batista Corbal, Pedro L.; MSc.<\/td><td>Toxicology and Biomedicine Centre (TOXIMED). Medical University of Santiago de Cuba.<\/td><td>Pharmacology and Toxicology of Natural Products<\/td><\/tr><tr><td>Puente Zapata, Edgar; MSc<\/td><td>Toxicology and Biomedicine Centre (TOXIMED). Medical University of Santiago de Cuba.<\/td><td>Pharmacology and Toxicology of Natural Products<\/td><\/tr><tr><td>Gonz\u00e1lez Fern\u00e1ndez, Rosalia; MSc<\/td><td>Toxicology and Biomedicine Centre (TOXIMED). Medical University of Santiago de Cuba.<\/td><td>Pharmacology and Toxicology of Natural Products<\/td><\/tr><tr><td>Mac\u00edas Peacok, Beatriz; MSc.<\/td><td>Toxicology and Biomedicine Centre (TOXIMED). Medical University of Santiago de Cuba.<\/td><td>Pharmacology and Toxicology of Natural Products<\/td><\/tr><tr><td>Reiners Miravet, Arnold E.; MSc<\/td><td>Toxicology and Biomedicine Centre (TOXIMED), Medical University of Santiago de Cuba.<\/td><td>Toxicologist of Natural Products<\/td><\/tr><tr><td>Ramirez L\u00f3pez, Mar\u00eda C.; Dra.<\/td><td>Group for Food Supply General Hospital \u201cJuan Bruno Zayas\u201d<\/td><td>Nutritionist, head of the nutritional service at Hospital<\/td><\/tr><tr><td>Hechavarr\u00eda Lafargue, Sandra; MSc.<\/td><td>Eastern Pharmaceutical Laboratories (LBF). BioCubaFarma<\/td><td>Natural products design and development<\/td><\/tr><tr><td>Salgueiro Blanco, Zelene; MSc.<\/td><td>Eastern Pharmaceutical Laboratories (LBF). BioCubaFarma<\/td><td>Natural products design and development<\/td><\/tr><tr><td>Costa Acosta, Jainer; MSc.<\/td><td>Eastern Centre of Eco-system and Biodiversity (BIOECO)<\/td><td>Ethno-botanic, biodiversity<\/td><\/tr><tr><td>Polanco Dur\u00e1n, Gustavo; PhD.<\/td><td>Eastern Centre of Eco-system and Biodiversity (BIOECO)<\/td><td>Ethno-botanic, biodiversity<\/td><\/tr><tr><td>Beltr\u00e1n Delgado, Yaixa; MSc.<\/td><td>Study Centre in Industrial Biotechnology. CEBI Universidad de Oriente<\/td><td>Biotechnology of Natural Products<\/td><\/tr><tr><td>Arias Ramos, Dayli; BSc.<\/td><td>Pharmacy Department. Universidad de Oriente<\/td><td>Natural Products and Drug development<\/td><\/tr><tr><td>Berenguer Rivas, Clara; MSc<\/td><td>Pharmacy Department. Universidad de Oriente<\/td><td>Pharmacological activities of Natural products<\/td><\/tr><tr><td>Molina Beltr\u00e1n, Silvia; MSc.<\/td><td>Pharmacy Department. Universidad de Oriente<\/td><td>Pharmacological activities of Natural products<\/td><\/tr><tr><td>Gil Fr\u00f3meta, Susana; BSc.<\/td><td>Biology Department. Universidad de Oriente<\/td><td>Pharmacological activities of Natural products<\/td><\/tr><tr><td>Lebeque P\u00e9rez, Yamila; MSc.<\/td><td>Industrial Biotechnology Centre. CEBI. Universidad de Oriente<\/td><td>Biotechnology of Natural Products<\/td><\/tr><tr><td>Rodr\u00edguez Ferreiro, Annarli O.; MSc.<\/td><td>Biomedical Engineer Department. Universidad de Oriente<\/td><td>Pharmacological activities of Natural products<\/td><\/tr><tr><td>Clap\u00e9 Laffita, Oneida ; MSc.<\/td><td>National Coordinator Centre for Clinical Trials (CENCEC), Territorial Coordinator Group, Medical University of Santiago de Cuba.<\/td><td>Pharmacist, Clinical trials<\/td><\/tr><tr><td>Pupo Pereira, Mae M.; BSc.<\/td><td>Pharmacist. General Hospital \u201cJuan Bruno Zayas\u201d<\/td><td>Pharmaceutical Services<\/td><\/tr><tr><td>Alonso Corrales, Yarina; MSc.<\/td><td>Pharmacist. General Hospital \u201cJuan Bruno Zayas\u201d<\/td><td>Pharmaceutical Services<\/td><\/tr><tr><td>Zayas Sillas, Arnaldo; MSc.<\/td><td>Microbiologist. General Hospital \u201cJuan Bruno Zayas\u201d<\/td><td>Microbiologist. Antibiotic resistance. Bacteriology<\/td><\/tr><tr><td>Rodr\u00edguez Alfaro, Maryenis; MSc.<\/td><td>Pharmacist. Oncologic Hospital \u201cConrado Benitez\u201d<\/td><td>Pharmaceutical Services<\/td><\/tr><tr><td>Perrant Gonz\u00e1lez, Maria V.; MSc.<\/td><td>Pharmacist. Oncologic Hospital \u201cConrado Benitez\u201d<\/td><td>Pharmaceutical Services<\/td><\/tr><tr><td>Morales Gonzalez, Maraelis; PhD.<\/td><td>Pharmacy Department. Universidad de Oriente<\/td><td>Pharmaceutical Services<\/td><\/tr><tr><td>Rojas Vargas, Evelin; MSc.<\/td><td>Pharmacy Department. Universidad de Oriente<\/td><td>Pharmaceutical Services<\/td><\/tr><tr><td>Lavadi\u00e9 Gonz\u00e1lez, Carlos, MSc.<\/td><td>Chemistry Department. Universidad de Oriente<\/td><td>Drug Design, Chemistry on Natural Products. Biotechnology<\/td><\/tr><tr><td>Mendez Rodr\u00edguez, Daniel, MSc.<\/td><td>Chemistry Department. Universidad de Camaguey<\/td><td>Chemistry on Natural Products. Biotechnology<\/td><\/tr><tr><td>Monzote Fidalgo, Lianet. PhD.<\/td><td>Pedro Kour\u00ed Institute of Tropical Medicine (IPK). Ciudad Habana.<\/td><td>Parasitology, Microbiology.<\/td><\/tr><tr><td>Sierra Delgado, Beatriz. PhD.<\/td><td>Pedro Kour\u00ed Institute of Tropical Medicine (IPK). Ciudad Habana.<\/td><td>Molecular Biology. Virology.<\/td><\/tr><tr><td>Gil del Valle, Lizette PhD.<\/td><td>Pedro Kour\u00ed Institute of Tropical Medicine (IPK). Ciudad Habana.<\/td><td>Natural Product Pharmacology and Toxicology.<\/td><\/tr><\/tbody><\/table><\/figure>\n<!-- AddThis Advanced Settings generic via filter on the_content --><!-- AddThis Share Buttons generic via filter on the_content -->","protected":false},"excerpt":{"rendered":"<p>Productos naturales y servicios farmac\u00e9uticos para mejorar la calidad de vida del paciente en hospitales de la regi\u00f3n este de Cuba. Objetivo general: Crear facilidades en el campo acad\u00e9mico y cient\u00edfico para desarrollar investigaciones sobre obtenci\u00f3n de productos biofarmac\u00e9uticos a partir de productos naturales; as\u00ed como, elevar la competencia profesional de investigadores incorporados a este [&hellip;]<!-- AddThis Advanced Settings generic via filter on get_the_excerpt --><!-- AddThis Share Buttons generic via filter on get_the_excerpt --><\/p>\n","protected":false},"author":958,"featured_media":0,"parent":0,"menu_order":0,"comment_status":"closed","ping_status":"closed","template":"","meta":{"ngg_post_thumbnail":0,"footnotes":""},"class_list":["post-41","page","type-page","status-publish","czr-hentry"],"_links":{"self":[{"href":"https:\/\/blogs.uo.edu.cu\/vlir\/wp-json\/wp\/v2\/pages\/41","targetHints":{"allow":["GET"]}}],"collection":[{"href":"https:\/\/blogs.uo.edu.cu\/vlir\/wp-json\/wp\/v2\/pages"}],"about":[{"href":"https:\/\/blogs.uo.edu.cu\/vlir\/wp-json\/wp\/v2\/types\/page"}],"author":[{"embeddable":true,"href":"https:\/\/blogs.uo.edu.cu\/vlir\/wp-json\/wp\/v2\/users\/958"}],"replies":[{"embeddable":true,"href":"https:\/\/blogs.uo.edu.cu\/vlir\/wp-json\/wp\/v2\/comments?post=41"}],"version-history":[{"count":4,"href":"https:\/\/blogs.uo.edu.cu\/vlir\/wp-json\/wp\/v2\/pages\/41\/revisions"}],"predecessor-version":[{"id":357,"href":"https:\/\/blogs.uo.edu.cu\/vlir\/wp-json\/wp\/v2\/pages\/41\/revisions\/357"}],"wp:attachment":[{"href":"https:\/\/blogs.uo.edu.cu\/vlir\/wp-json\/wp\/v2\/media?parent=41"}],"curies":[{"name":"wp","href":"https:\/\/api.w.org\/{rel}","templated":true}]}}